{"id":383,"date":"2024-10-10T22:48:45","date_gmt":"2024-10-10T22:48:45","guid":{"rendered":"https:\/\/hitexoticsdistro.com\/?post_type=product&#038;p=383"},"modified":"2024-10-26T22:51:37","modified_gmt":"2024-10-26T22:51:37","slug":"kup-purple-nurple-weed-online-europa","status":"publish","type":"product","link":"https:\/\/hitexoticsdistro.eu\/en\/product\/kup-purple-nurple-weed-online-europa\/","title":{"rendered":"Purple Nurple"},"content":{"rendered":"<h2>Kup Purple Nurple Weed Online Europa<\/h2>\n<p>Purple Nurple, znana r\u00f3wnie\u017c jako Mendocino Purps, The Purps lub po prostu Nurps, to wysoko ceniona odmiana marihuany, pochodz\u0105ca z s\u0142ynnego hrabstwa Mendocino w Kalifornii, po\u0142o\u017conego na po\u0142udnie od legendarnego Humboldt County. Ta odmiana zdoby\u0142a serca mi\u0142o\u015bnik\u00f3w konopi na ca\u0142ym \u015bwiecie, w tym r\u00f3wnie\u017c w Europie, dzi\u0119ki swoim pot\u0119\u017cnym efektom i wyrazistemu profilowi smakowemu. Je\u015bli szukasz, gdzie kupi\u0107 Purple Nurple weed online w Europie, trafi\u0142e\u015b idealnie! Ta odmiana oferuje zr\u00f3wnowa\u017cony haj, idealny zar\u00f3wno do rekreacyjnego, jak i leczniczego u\u017cytku.<\/p>\n<h3>Dlaczego warto kupi\u0107 Purple Nurple Weed Online w Europie?<\/h3>\n<p><a href=\"https:\/\/hitexoticsdistro.eu\/en\/product-category\/gdzie-moge-kupic-marihuane\/\">Kupuj\u0105c konopie online<\/a>, szczeg\u00f3lnie tak popularn\u0105 odmian\u0119 jak Purple Nurple, kluczowe jest znalezienie zaufanych dostawc\u00f3w, kt\u00f3rzy oferuj\u0105 produkty wysokiej jako\u015bci. Kupuj\u0105c Purple Nurple weed online w Europie od renomowanego dostawcy, takiego jak HitExoticsDistro, masz pewno\u015b\u0107, \u017ce otrzymasz \u015bwie\u017ce, mocne i bezpieczne konopie, a wszystko to z wygod\u0105 dyskretnej i bezpiecznej wysy\u0142ki prosto do twojego domu.<\/p>\n<p>W Hit Exotics Distro stawiamy na satysfakcj\u0119 klient\u00f3w, oferuj\u0105c wy\u0142\u0105cznie najwy\u017cszej jako\u015bci Purple Nurple, pozyskiwane od najlepszych hodowc\u00f3w z hrabstwa Mendocino. Niezale\u017cnie od tego, czy jeste\u015b u\u017cytkownikiem rekreacyjnym, czy szukasz ulgi medycznej, kupuj\u0105c t\u0119 odmian\u0119 online, masz gwarancj\u0119 autentycznego do\u015bwiadczenia z Purple Nurple.<\/p>\n<h3>Efekty Purple Nurple<\/h3>\n<p>Purple Nurple jest znane z dostarczania g\u0142\u0119bokiego relaksu, co czyni j\u0105 doskona\u0142\u0105 opcj\u0105 na wiecz\u00f3r lub noc. Po pierwszym wdechu u\u017cytkownicy do\u015bwiadczaj\u0105 euforii i szcz\u0119\u015bcia, a nast\u0119pnie uspokajaj\u0105cej fali relaksu, kt\u00f3ra rozchodzi si\u0119 po ca\u0142ym ciele. W\u0142a\u015bciwo\u015bci uspokajaj\u0105ce Purple Nurple sprawiaj\u0105, \u017ce jest idealna dla os\u00f3b borykaj\u0105cych si\u0119 z bezsenno\u015bci\u0105 lub przewlek\u0142ym b\u00f3lem.<\/p>\n<p>Najcz\u0119\u015bciej zg\u0142aszane efekty to:<\/p>\n<ul>\n<li><strong>Euforia<\/strong>: Umys\u0142owe uniesienie, kt\u00f3re pomaga z\u0142agodzi\u0107 stres i poprawi\u0107 nastr\u00f3j.<\/li>\n<li><strong>Relaksacja<\/strong>: Relaks ca\u0142ego cia\u0142a, kt\u00f3ry \u0142agodzi napi\u0119cie i stres.<\/li>\n<li><strong>Senno\u015b\u0107<\/strong>: Idealna odmiana dla os\u00f3b cierpi\u0105cych na bezsenno\u015b\u0107 lub problemy z zasypianiem.<\/li>\n<\/ul>\n<p>Te efekty sprawiaj\u0105, \u017ce Purple Nurple to doskona\u0142y wyb\u00f3r do relaksu po d\u0142ugim dniu lub przygotowania si\u0119 do spokojnej nocy.<\/p>\n<h3>Korzy\u015bci Terapeutyczne Purple Nurple<\/h3>\n<p>Dla os\u00f3b szukaj\u0105cych korzy\u015bci medycznych, Purple Nurple oferuje szeroki wachlarz zastosowa\u0144 terapeutycznych. Dzi\u0119ki mieszance kannabinoid\u00f3w i terpen\u00f3w, w tym wysokiej zawarto\u015bci Myrcenu i \u015bladowych ilo\u015bci <a href=\"https:\/\/biohemp.pl\/pl\/olejki-ekstrakty-cbd-cbg\/\" rel=\"nofollow noopener\" target=\"_blank\">CBD<\/a>, ta odmiana jest doskona\u0142ym naturalnym lekarstwem na wiele dolegliwo\u015bci:<\/p>\n<ul>\n<li><strong>L\u0119ki<\/strong>: Relaksuj\u0105ce i euforyczne efekty pomagaj\u0105 uspokoi\u0107 gonitw\u0119 my\u015bli i zmniejszy\u0107 niepok\u00f3j.<\/li>\n<li><strong>Artretyzm<\/strong>: W\u0142a\u015bciwo\u015bci relaksuj\u0105ce cia\u0142o pomagaj\u0105 z\u0142agodzi\u0107 stany zapalne i b\u00f3le staw\u00f3w.<\/li>\n<li><strong>B\u00f3le g\u0142owy i migreny<\/strong>: Purple Nurple pomaga zredukowa\u0107 napi\u0119cie i szybko z\u0142agodzi\u0107 b\u00f3le g\u0142owy.<\/li>\n<li><strong>Bezsenno\u015b\u0107<\/strong>: Jako silna odmiana uspokajaj\u0105ca, pomaga u\u017cytkownikom szybciej zasn\u0105\u0107 i cieszy\u0107 si\u0119 g\u0142\u0119bokim snem.<\/li>\n<li><strong>Przewlek\u0142y b\u00f3l<\/strong>: Niezale\u017cnie od tego, czy to b\u00f3l zwi\u0105zany z artretyzmem, skurczami mi\u0119\u015bni czy innymi dolegliwo\u015bciami, odmiana ta oferuje siln\u0105 ulg\u0119 w b\u00f3lu.<\/li>\n<\/ul>\n<h3>Smak i Aromat: Owocowa Uczta<\/h3>\n<p>Jedn\u0105 z wyr\u00f3\u017cniaj\u0105cych si\u0119 cech Purple Nurple jest jej wyrazisty smak i aromat. Odmiana ta oferuje <strong>s\u0142odki, owocowy<\/strong> bukiet, zdominowany przez bogat\u0105 esencj\u0119 <strong>winogron<\/strong> i <strong>jag\u00f3d<\/strong>, z subtelnymi nutami tropikalnych owoc\u00f3w, takich jak <strong>mandarynka<\/strong> i <strong>pomara\u0144cza<\/strong>. Te owocowe smaki uzupe\u0142nia skunkowy aromat, co tworzy z\u0142o\u017cone i przyjemne doznanie sensoryczne.<\/p>\n<p>Kupuj\u0105c Purple Nurple weed online w Europie, otrzymujesz odmian\u0119, kt\u00f3ra nie tylko dostarcza pot\u0119\u017cnych efekt\u00f3w, ale r\u00f3wnie\u017c zapewnia bogaty i smaczny dym. Po\u0142\u0105czenie s\u0142odkich, tropikalnych i ziemistych aromat\u00f3w na pewno zostanie zapami\u0119tane, co czyni j\u0105 ulubion\u0105 odmian\u0105 dla tych, kt\u00f3rzy ceni\u0105 sobie z\u0142o\u017cony profil smakowy.<\/p>\n<h3>Wygl\u0105d: Purpurowa i Zielona Krasa<\/h3>\n<p>Purple Nurple to r\u00f3wnie\u017c wizualnie uderzaj\u0105ca odmiana, z jej g\u0119stymi p\u0105kami o g\u0142\u0119bokich <strong>purpurowych i ciemnozielonych odcieniach<\/strong>, cz\u0119sto podkre\u015blonych jasnymi <strong>pomara\u0144czowymi s\u0142upkami<\/strong> i grub\u0105 warstw\u0105 mro\u017anych trichom\u00f3w. Ta \u017cywa kolorystyka jest \u015bwiadectwem jej rodowodu Mendocino Purple i czyni j\u0105 jedn\u0105 z bardziej estetycznych odmian marihuany. Kupuj\u0105c Purple Nurple online, b\u0119dziesz pod wra\u017ceniem wysokiej jako\u015bci i osza\u0142amiaj\u0105cego wygl\u0105du tych p\u0105k\u00f3w.<\/p>\n<h3>Dlaczego warto wybra\u0107 Purple Nurple?<\/h3>\n<ul>\n<li><strong>G\u0142\u0119boki relaks<\/strong>: Idealna dla os\u00f3b potrzebuj\u0105cych odmiany, kt\u00f3ra pomo\u017ce im si\u0119 zrelaksowa\u0107 i z\u0142agodzi\u0107 napi\u0119cie pod koniec dnia.<\/li>\n<li><strong>Korzy\u015bci terapeutyczne<\/strong>: Oferuje ulg\u0119 w szerokim zakresie dolegliwo\u015bci, w tym przewlek\u0142y b\u00f3l, bezsenno\u015b\u0107, l\u0119ki i migreny.<\/li>\n<li><strong>S\u0142odki, owocowy smak<\/strong>: Jej przyjemna mieszanka winogron, jag\u00f3d i tropikalnych owoc\u00f3w sprawia, \u017ce jest rozkosz\u0105 do palenia.<\/li>\n<li><strong>Atrakcyjny wygl\u0105d<\/strong>: G\u0142\u0119bokie purpurowo-zielone p\u0105ki s\u0105 prawdziw\u0105 uczt\u0105 dla oczu, odzwierciedlaj\u0105c\u0105 wysok\u0105 jako\u015b\u0107 tej odmiany.<\/li>\n<\/ul>\n<h3>Kup Purple Nurple Weed Online w Europie Ju\u017c Teraz!<\/h3>\n<p>Je\u015bli jeste\u015b gotowy, aby do\u015bwiadczy\u0107 jednej z najlepszych purpurowych odmian, <strong>kup Purple Nurple weed online w Europie<\/strong> w Hit Exotics Distro i ciesz si\u0119 tym premium produktem dostarczonym prosto do twojego domu. Gwarantujemy, \u017ce nasze produkty s\u0105 \u015bwie\u017ce, mocne i odpowiednio przechowywane, aby\u015b m\u00f3g\u0142 cieszy\u0107 si\u0119 najwy\u017cszej jako\u015bci doznaniami z marihuan\u0105.<\/p>\n<p>Purple Nurple to idealna odmiana zar\u00f3wno dla u\u017cytkownik\u00f3w rekreacyjnych, szukaj\u0105cych relaksuj\u0105cego, euforycznego haju, jak i dla u\u017cytkownik\u00f3w medycznych, szukaj\u0105cych ulgi w b\u00f3lu, stresie czy bezsenno\u015bci. Nie czekaj \u2013 zam\u00f3w Purple Nurple ju\u017c dzi\u015b i rozkoszuj si\u0119 wspania\u0142ymi efektami i smakami tej wyj\u0105tkowej odmiany.<\/p>\n<h3>Cz\u0119sto zadawane pytania o Purple Nurple Weed<\/h3>\n<p><strong>1. Czy Purple Nurple jest dobre na sen?<\/strong><br \/>\nTak, Purple Nurple to doskona\u0142a odmiana dla os\u00f3b maj\u0105cych problemy z bezsenno\u015bci\u0105, poniewa\u017c indukuje g\u0142\u0119boki relaks i pomaga szybciej zasn\u0105\u0107.<\/p>\n<p><strong>2. Jak smakuje Purple Nurple?<\/strong><br \/>\nPurple Nurple ma s\u0142odki, owocowy smak, z nutami winogron, jag\u00f3d i tropikalnych owoc\u00f3w, uzupe\u0142niony skunkowym, ziemistym aromatem.<\/p>\n<p><strong>3. Jakie s\u0105 medyczne korzy\u015bci Purple Nurple?<\/strong><br \/>\nTa odmiana jest cz\u0119sto stosowana w leczeniu przewlek\u0142ego b\u00f3lu, l\u0119k\u00f3w, bezsenno\u015bci, artretyzmu i migren, dzi\u0119ki swoim relaksuj\u0105cym i uspokajaj\u0105cym w\u0142a\u015bciwo\u015bciom.<\/p>\n<p><strong>4. Czy bezpiecznie jest kupi\u0107 Purple Nurple weed online w Europie?<\/strong><br \/>\nTak, kupuj\u0105c u zaufanych dostawc\u00f3w, takich jak Hit Exotics Distro, mo\u017cesz by\u0107 pewien, \u017ce otrzymujesz wysokiej jako\u015bci, bezpieczny produkt z dyskretn\u0105 dostaw\u0105 prosto do twoich drzwi.<\/p>\n<h3>Podsumowanie<\/h3>\n<p>Purple Nurple to idealny wyb\u00f3r dla mi\u0142o\u015bnik\u00f3w marihuany, kt\u00f3rzy szukaj\u0105 smakowego, relaksuj\u0105cego i terapeutycznego do\u015bwiadczenia. Niezale\u017cnie od tego, czy chcesz si\u0119 zrelaksowa\u0107 po d\u0142ugim dniu, czy szukasz ulgi w dolegliwo\u015bciach medycznych, ta odmiana spe\u0142nia wszystkie oczekiwania. Kup Purple Nurple weed online w Europie ju\u017c dzi\u015b w Hit Exotics Distro i przekonaj si\u0119, dlaczego ta odmiana jest uwielbiana przez u\u017cytkownik\u00f3w na ca\u0142ym \u015bwiecie.<\/p>\n<p>&nbsp;<\/p>\n<p><img loading=\"lazy\" decoding=\"async\" class=\"alignnone size-medium wp-image-1149\" src=\"https:\/\/hitexoticsdistro.eu\/wp-content\/uploads\/2024\/10\/WhatsApp-Image-2024-10-02-at-3.50.03-PM-2-300x300.jpeg\" alt=\"Gdzie bezpiecznie kupi\u0107 marihuan\u0119 online?\" width=\"300\" height=\"300\" srcset=\"https:\/\/hitexoticsdistro.eu\/wp-content\/uploads\/2024\/10\/WhatsApp-Image-2024-10-02-at-3.50.03-PM-2-300x300.jpeg 300w, https:\/\/hitexoticsdistro.eu\/wp-content\/uploads\/2024\/10\/WhatsApp-Image-2024-10-02-at-3.50.03-PM-2-150x150.jpeg 150w, https:\/\/hitexoticsdistro.eu\/wp-content\/uploads\/2024\/10\/WhatsApp-Image-2024-10-02-at-3.50.03-PM-2-600x600.jpeg 600w, https:\/\/hitexoticsdistro.eu\/wp-content\/uploads\/2024\/10\/WhatsApp-Image-2024-10-02-at-3.50.03-PM-2-100x100.jpeg 100w, https:\/\/hitexoticsdistro.eu\/wp-content\/uploads\/2024\/10\/WhatsApp-Image-2024-10-02-at-3.50.03-PM-2.jpeg 640w\" sizes=\"auto, (max-width: 300px) 100vw, 300px\" \/><\/p>","protected":false},"excerpt":{"rendered":"<table class=\"woocommerce-product-attributes shop_attributes\">\n<tbody>\n<tr class=\"woocommerce-product-attributes-item woocommerce-product-attributes-item--attribute_pa_strain\">\n<th class=\"woocommerce-product-attributes-item__label\">Odmiana<\/th>\n<td class=\"woocommerce-product-attributes-item__value\">Indica Dominuj\u0105ca hybryda<\/td>\n<\/tr>\n<tr class=\"woocommerce-product-attributes-item woocommerce-product-attributes-item--attribute_pa_effects\">\n<th class=\"woocommerce-product-attributes-item__label\">Efekty<\/th>\n<td class=\"woocommerce-product-attributes-item__value\">Euforia,\u00a0Szcz\u0119\u015bliwy,\u00a0Relaksuj\u0105cy,\u00a0Senny<\/td>\n<\/tr>\n<tr class=\"woocommerce-product-attributes-item woocommerce-product-attributes-item--attribute_pa_may-relieve\">\n<th class=\"woocommerce-product-attributes-item__label\">Mo\u017ce \u0142agodzi\u0107<\/th>\n<td class=\"woocommerce-product-attributes-item__value\">L\u0119k,\u00a0zapalenie staw\u00f3w,\u00a0b\u00f3le g\u0142owy,\u00a0bezsenno\u015b\u0107,\u00a0migreny<\/td>\n<\/tr>\n<tr class=\"woocommerce-product-attributes-item woocommerce-product-attributes-item--attribute_pa_flavors\">\n<th class=\"woocommerce-product-attributes-item__label\">Smaki<\/th>\n<td class=\"woocommerce-product-attributes-item__value\">Jagoda, winogrono, s\u0142odki<\/td>\n<\/tr>\n<tr class=\"woocommerce-product-attributes-item woocommerce-product-attributes-item--attribute_pa_aromas\">\n<th class=\"woocommerce-product-attributes-item__label\">Aromaty<\/th>\n<td class=\"woocommerce-product-attributes-item__value\">Owocowy, Skunky, S\u0142odki, Tropikalny<\/td>\n<\/tr>\n<\/tbody>\n<\/table>","protected":false},"featured_media":443,"comment_status":"closed","ping_status":"closed","template":"","meta":{"_surecart_dashboard_logo_width":"180px","_surecart_dashboard_show_logo":true,"_surecart_dashboard_navigation_orders":true,"_surecart_dashboard_navigation_invoices":true,"_surecart_dashboard_navigation_subscriptions":true,"_surecart_dashboard_navigation_downloads":true,"_surecart_dashboard_navigation_billing":true,"_surecart_dashboard_navigation_account":true,"_uag_custom_page_level_css":"","site-sidebar-layout":"default","site-content-layout":"","ast-site-content-layout":"default","site-content-style":"default","site-sidebar-style":"default","ast-global-header-display":"","ast-banner-title-visibility":"","ast-main-header-display":"","ast-hfb-above-header-display":"","ast-hfb-below-header-display":"","ast-hfb-mobile-header-display":"","site-post-title":"","ast-breadcrumbs-content":"","ast-featured-img":"","footer-sml-layout":"","ast-disable-related-posts":"","theme-transparent-header-meta":"default","adv-header-id-meta":"","stick-header-meta":"","header-above-stick-meta":"","header-main-stick-meta":"","header-below-stick-meta":"","astra-migrate-meta-layouts":"set","ast-page-background-enabled":"default","ast-page-background-meta":{"desktop":{"background-color":"var(--ast-global-color-5)","background-image":"","background-repeat":"repeat","background-position":"center center","background-size":"auto","background-attachment":"scroll","background-type":"","background-media":"","overlay-type":"","overlay-color":"","overlay-opacity":"","overlay-gradient":""},"tablet":{"background-color":"","background-image":"","background-repeat":"repeat","background-position":"center center","background-size":"auto","background-attachment":"scroll","background-type":"","background-media":"","overlay-type":"","overlay-color":"","overlay-opacity":"","overlay-gradient":""},"mobile":{"background-color":"","background-image":"","background-repeat":"repeat","background-position":"center center","background-size":"auto","background-attachment":"scroll","background-type":"","background-media":"","overlay-type":"","overlay-color":"","overlay-opacity":"","overlay-gradient":""}},"ast-content-background-meta":{"desktop":{"background-color":"var(--ast-global-color-4)","background-image":"","background-repeat":"repeat","background-position":"center center","background-size":"auto","background-attachment":"scroll","background-type":"","background-media":"","overlay-type":"","overlay-color":"","overlay-opacity":"","overlay-gradient":""},"tablet":{"background-color":"var(--ast-global-color-4)","background-image":"","background-repeat":"repeat","background-position":"center center","background-size":"auto","background-attachment":"scroll","background-type":"","background-media":"","overlay-type":"","overlay-color":"","overlay-opacity":"","overlay-gradient":""},"mobile":{"background-color":"var(--ast-global-color-4)","background-image":"","background-repeat":"repeat","background-position":"center center","background-size":"auto","background-attachment":"scroll","background-type":"","background-media":"","overlay-type":"","overlay-color":"","overlay-opacity":"","overlay-gradient":""}}},"product_brand":[],"product_cat":[56,62],"product_tag":[102],"class_list":{"0":"post-383","1":"product","2":"type-product","3":"status-publish","4":"has-post-thumbnail","6":"product_cat-gdzie-moge-kupic-marihuane","7":"product_cat-kup-konopie-indyjskie-indica-online","8":"product_tag-order-purple-nurple-weed-strain-europe","9":"desktop-align-left","10":"tablet-align-left","11":"mobile-align-left","13":"first","14":"instock","15":"shipping-taxable","16":"purchasable","17":"product-type-variable"},"uagb_featured_image_src":{"full":["https:\/\/hitexoticsdistro.eu\/wp-content\/uploads\/2024\/10\/Purple-Nurple-Weed-Strain.webp",2560,1920,false],"thumbnail":["https:\/\/hitexoticsdistro.eu\/wp-content\/uploads\/2024\/10\/Purple-Nurple-Weed-Strain-150x150.webp",150,150,true],"medium":["https:\/\/hitexoticsdistro.eu\/wp-content\/uploads\/2024\/10\/Purple-Nurple-Weed-Strain-300x225.webp",300,225,true],"medium_large":["https:\/\/hitexoticsdistro.eu\/wp-content\/uploads\/2024\/10\/Purple-Nurple-Weed-Strain-768x576.webp",768,576,true],"large":["https:\/\/hitexoticsdistro.eu\/wp-content\/uploads\/2024\/10\/Purple-Nurple-Weed-Strain-1024x768.webp",1024,768,true],"1536x1536":["https:\/\/hitexoticsdistro.eu\/wp-content\/uploads\/2024\/10\/Purple-Nurple-Weed-Strain-1536x1152.webp",1536,1152,true],"2048x2048":["https:\/\/hitexoticsdistro.eu\/wp-content\/uploads\/2024\/10\/Purple-Nurple-Weed-Strain-2048x1536.webp",2048,1536,true],"trp-custom-language-flag":["https:\/\/hitexoticsdistro.eu\/wp-content\/uploads\/2024\/10\/Purple-Nurple-Weed-Strain.webp",16,12,false],"woocommerce_thumbnail":["https:\/\/hitexoticsdistro.eu\/wp-content\/uploads\/2024\/10\/Purple-Nurple-Weed-Strain-300x300.webp",300,300,true],"woocommerce_single":["https:\/\/hitexoticsdistro.eu\/wp-content\/uploads\/2024\/10\/Purple-Nurple-Weed-Strain-600x450.webp",600,450,true],"woocommerce_gallery_thumbnail":["https:\/\/hitexoticsdistro.eu\/wp-content\/uploads\/2024\/10\/Purple-Nurple-Weed-Strain-100x100.webp",100,100,true]},"uagb_author_info":{"display_name":"","author_link":"https:\/\/hitexoticsdistro.eu\/en\/author\/"},"uagb_comment_info":0,"uagb_excerpt":"Odmiana Indica Dominuj\u0105ca hybryda Efekty Euforia,\u00a0Szcz\u0119\u015bliwy,\u00a0Relaksuj\u0105cy,\u00a0Senny Mo\u017ce \u0142agodzi\u0107 L\u0119k,\u00a0zapalenie staw\u00f3w,\u00a0b\u00f3le g\u0142owy,\u00a0bezsenno\u015b\u0107,\u00a0migreny Smaki Jagoda, winogrono, s\u0142odki Aromaty Owocowy, Skunky, S\u0142odki, Tropikalny","_links":{"self":[{"href":"https:\/\/hitexoticsdistro.eu\/en\/wp-json\/wp\/v2\/product\/383","targetHints":{"allow":["GET"]}}],"collection":[{"href":"https:\/\/hitexoticsdistro.eu\/en\/wp-json\/wp\/v2\/product"}],"about":[{"href":"https:\/\/hitexoticsdistro.eu\/en\/wp-json\/wp\/v2\/types\/product"}],"replies":[{"embeddable":true,"href":"https:\/\/hitexoticsdistro.eu\/en\/wp-json\/wp\/v2\/comments?post=383"}],"wp:featuredmedia":[{"embeddable":true,"href":"https:\/\/hitexoticsdistro.eu\/en\/wp-json\/wp\/v2\/media\/443"}],"wp:attachment":[{"href":"https:\/\/hitexoticsdistro.eu\/en\/wp-json\/wp\/v2\/media?parent=383"}],"wp:term":[{"taxonomy":"product_brand","embeddable":true,"href":"https:\/\/hitexoticsdistro.eu\/en\/wp-json\/wp\/v2\/product_brand?post=383"},{"taxonomy":"product_cat","embeddable":true,"href":"https:\/\/hitexoticsdistro.eu\/en\/wp-json\/wp\/v2\/product_cat?post=383"},{"taxonomy":"product_tag","embeddable":true,"href":"https:\/\/hitexoticsdistro.eu\/en\/wp-json\/wp\/v2\/product_tag?post=383"}],"curies":[{"name":"wp","href":"https:\/\/api.w.org\/{rel}","templated":true}]}}