{"id":362,"date":"2024-10-10T22:48:18","date_gmt":"2024-10-10T22:48:18","guid":{"rendered":"https:\/\/hitexoticsdistro.com\/?post_type=product&#038;p=362"},"modified":"2024-10-27T00:15:47","modified_gmt":"2024-10-27T00:15:47","slug":"jak-kupic-glueberry-og-online","status":"publish","type":"product","link":"https:\/\/hitexoticsdistro.eu\/en\/product\/jak-kupic-glueberry-og-online\/","title":{"rendered":"Glueberry OG"},"content":{"rendered":"<h2>Jak kupi\u0107 Glueberry OG Online<\/h2>\n<p>Glueberry OG to rzadko spotykana, zbalansowana hybryda (50% indica \/ 50% sativa), \u0142\u0105cz\u0105ca najlepsze cechy swoich legendarnych rodzic\u00f3w: <em>Gorilla Glue<\/em>, <em>OG Kush<\/em> i <em>Blueberry<\/em>. Znana z pot\u0119\u017cnych efekt\u00f3w i wspania\u0142ego smaku, Glueberry OG jest doskona\u0142ym wyborem zar\u00f3wno dla u\u017cytkownik\u00f3w rekreacyjnych, jak i medycznych, kt\u00f3rzy szukaj\u0105 zr\u00f3wnowa\u017conego do\u015bwiadczenia. Z poziomem <a href=\"https:\/\/hitexoticsdistro.eu\/en\/product-category\/gdzie-moge-kupic-marihuane\/\">THC<\/a> w granicach 15-20%, ta odmiana dostarcza intensywnego haju, kt\u00f3ry doceni ka\u017cdy mi\u0142o\u015bnik konopi.<\/p>\n<h4>Dlaczego warto kupi\u0107 Glueberry OG Online?<\/h4>\n<p>Kupuj\u0105c Glueberry OG online, zyskujesz dost\u0119p do wysokiej jako\u015bci produkt\u00f3w z konopi pochodz\u0105cych od zaufanych dostawc\u00f3w. Sklepy internetowe, takie jak <em>Hit Exotics Distro<\/em>, oferuj\u0105 wygod\u0119 dyskretnej wysy\u0142ki, co oznacza, \u017ce mo\u017cesz otrzyma\u0107 swoje Glueberry OG bez wychodzenia z domu. Zakupy online pozwalaj\u0105 r\u00f3wnie\u017c por\u00f3wna\u0107 produkty, przeczyta\u0107 opinie i wybra\u0107 najlepsze opcje dostosowane do Twoich potrzeb.<\/p>\n<h4>Efekty i korzy\u015bci terapeutyczne Glueberry OG<\/h4>\n<p>Glueberry OG jest znana ze swoich <strong>euforycznych<\/strong> i <strong>relaksuj\u0105cych<\/strong> efekt\u00f3w, co czyni j\u0105 idealn\u0105 do odpr\u0119\u017cenia po d\u0142ugim dniu. Haj zaczyna si\u0119 \u0142agodnym przyp\u0142ywem energii, kt\u00f3ry wype\u0142nia umys\u0142 skupieniem i kreatywno\u015bci\u0105. Gdy efekty umys\u0142owe narastaj\u0105, odmiana dostarcza <strong>mocnego fizycznego haju<\/strong>, kt\u00f3ry pozostawia cia\u0142o g\u0142\u0119boko zrelaksowane na wiele godzin, bez wywo\u0142ywania nadmiernej senno\u015bci. Dzi\u0119ki temu Glueberry OG nadaje si\u0119 zar\u00f3wno do u\u017cytku dziennego, jak i nocnego.<\/p>\n<p>Wysoki poziom THC (15-20%) sprawia, \u017ce Glueberry OG przynosi ulg\u0119 w r\u00f3\u017cnych schorzeniach, w tym:<\/p>\n<ul>\n<li><strong>Przewlek\u0142y stres i PTSD<\/strong>: Koj\u0105ce, podnosz\u0105ce na duchu efekty pomagaj\u0105 \u0142agodzi\u0107 napi\u0119cie psychiczne i emocjonalne wywo\u0142ane stresem i PTSD.<\/li>\n<li><strong>Depresja<\/strong>: Euforyczne w\u0142a\u015bciwo\u015bci odmiany poprawiaj\u0105 nastr\u00f3j, co czyni j\u0105 \u015bwietnym wyborem dla os\u00f3b walcz\u0105cych z depresj\u0105.<\/li>\n<li><strong>Migreny i b\u00f3le g\u0142owy<\/strong>: Glueberry OG pomaga w \u0142agodzeniu b\u00f3lu, w tym b\u00f3lu g\u0142owy i migren, dzi\u0119ki swoim g\u0142\u0119boko relaksuj\u0105cym w\u0142a\u015bciwo\u015bciom.<\/li>\n<\/ul>\n<h4>Smak i aromat: Wyj\u0105tkowe do\u015bwiadczenie sensoryczne<\/h4>\n<p>Glueberry OG zachwyca unikaln\u0105 mieszank\u0105 smak\u00f3w i aromat\u00f3w. Odmiana oferuje bogat\u0105 kombinacj\u0119 nut <strong>jagody, diesla, sosny, s\u0142odkich<\/strong> i <strong>drewnianych<\/strong> ton\u00f3w, kt\u00f3re przyci\u0105gaj\u0105 u\u017cytkownik\u00f3w za ka\u017cdym razem. Je\u015bli chodzi o aromat, Glueberry OG dostarcza zapach <strong>cytrusowy<\/strong> i <strong>dieslowy<\/strong>, z nutami <strong>owocowymi<\/strong>, <strong>ostrymi<\/strong> i <strong>kwa\u015bnymi<\/strong>, wype\u0142niaj\u0105c powietrze kusz\u0105cym zapachem.<\/p>\n<h4>Wygl\u0105d p\u0105k\u00f3w Glueberry OG<\/h4>\n<p>Pod wzgl\u0119dem wizualnym Glueberry <a href=\"https:\/\/biohemp.pl\/pl\/olejki-ekstrakty-cbd-cbg\/\" rel=\"nofollow noopener\" target=\"_blank\">OG<\/a> robi ogromne wra\u017cenie. P\u0105ki s\u0105 <strong>puszyste, w kszta\u0142cie \u0142opaty, zw\u0119\u017caj\u0105ce si\u0119<\/strong>, o jaskrawo neonowo-zielonym kolorze. P\u0105ki ozdobione s\u0105 <strong>\u017cywymi pomara\u0144czowymi w\u0142oskami<\/strong> i pokryte warstw\u0105 <strong>mro\u017anych bia\u0142ych kryszta\u0142owych trichom\u00f3w<\/strong>, co nadaje im oszroniony wygl\u0105d.<\/p>\n<h3>Jak kupi\u0107 Glueberry OG Online: Krok po kroku<\/h3>\n<ol>\n<li><strong>Znajd\u017a zaufane sklepy online<\/strong>: Wyszukaj renomowane sklepy, takie jak <em>Hit Exotics Distro<\/em>, kt\u00f3re oferuj\u0105 wysokiej jako\u015bci produkty Glueberry OG.<\/li>\n<li><strong>Por\u00f3wnaj opinie i ceny<\/strong>: Przeczytaj recenzje u\u017cytkownik\u00f3w i por\u00f3wnaj ceny, aby znale\u017a\u0107 najlepsz\u0105 ofert\u0119.<\/li>\n<li><strong>Z\u0142\u00f3\u017c zam\u00f3wienie<\/strong>: Wybierz odpowiedni\u0105 ilo\u015b\u0107 i bezpiecznie z\u0142\u00f3\u017c zam\u00f3wienie online.<\/li>\n<li><strong>Ciesz si\u0119 dyskretn\u0105 dostaw\u0105<\/strong>: Twoje Glueberry OG zostanie dostarczone pod drzwi w dyskretnym opakowaniu, zapewniaj\u0105c prywatno\u015b\u0107.<\/li>\n<\/ol>\n<h3>Indica, Sativa i st\u0119\u017cenie THC<\/h3>\n<p>Glueberry OG to zbalansowana hybryda, kt\u00f3ra \u0142\u0105czy efekty zar\u00f3wno <a href=\"https:\/\/hitexoticsdistro.eu\/en\/product-category\/kup-konopie-indyjskie-indica-online\/\"><strong>indica<\/strong><\/a>, jak i <a href=\"https:\/\/hitexoticsdistro.eu\/en\/product-category\/kup-marihuane-sativa-online-polska\/\"><strong>sativa<\/strong><\/a>. Dzi\u0119ki r\u00f3wnym proporcjom (50% indica, 50% sativa) odmiana ta zapewnia idealne po\u0142\u0105czenie <strong>jasno\u015bci umys\u0142u<\/strong> i <strong>euforii<\/strong> wynikaj\u0105cej z genetyki sativa oraz <strong>relaksu<\/strong> i <strong>odpr\u0119\u017cenia<\/strong> pochodz\u0105cego od indica. St\u0119\u017cenie <strong>THC<\/strong>, kt\u00f3re wynosi od 15% do 20%, zapewnia silny, ale \u0142atwy do kontrolowania haj dla u\u017cytkownik\u00f3w na r\u00f3\u017cnych poziomach do\u015bwiadczenia.<\/p>\n<h3>Cz\u0119sto zadawane pytania<\/h3>\n<h4>Jakie s\u0105 g\u0142\u00f3wne efekty Glueberry OG?<\/h4>\n<p>Glueberry OG zapewnia euforyczny haj, kt\u00f3ry zaczyna si\u0119 w g\u0142owie, a nast\u0119pnie przekszta\u0142ca si\u0119 w g\u0142\u0119boki relaks cia\u0142a, bez wywo\u0142ywania nadmiernej senno\u015bci.<\/p>\n<h4>Jak mocna jest Glueberry OG?<\/h4>\n<p>Z poziomem THC wynosz\u0105cym od 15% do 20%, Glueberry OG dostarcza mocnego haju, kt\u00f3ry jest idealny zar\u00f3wno do u\u017cytku rekreacyjnego, jak i medycznego.<\/p>\n<h4>Jakie smaki i aromaty ma Glueberry OG?<\/h4>\n<p>Glueberry OG oferuje s\u0142odki, jagodowy smak z nutami diesla, sosny i drewna, a jej aromat to mieszanka cytrus\u00f3w, owoc\u00f3w i kwa\u015bnych ton\u00f3w.<\/p>\n<h4>Czy Glueberry OG nadaje si\u0119 do u\u017cytku medycznego?<\/h4>\n<p>Tak, Glueberry OG cz\u0119sto stosuje si\u0119 w leczeniu przewlek\u0142ego stresu, PTSD, depresji, migren i b\u00f3l\u00f3w g\u0142owy.<\/p>\n<h4>Jak mog\u0119 kupi\u0107 Glueberry OG online?<\/h4>\n<p>Mo\u017cesz kupi\u0107 Glueberry OG online w zaufanych sklepach, takich jak <em>Hit Exotics Distro<\/em>, kt\u00f3re oferuj\u0105 dyskretn\u0105 dostaw\u0119 i produkty najwy\u017cszej jako\u015bci.<\/p>\n<h3>Podsumowanie<\/h3>\n<p>Glueberry OG to wyj\u0105tkowa odmiana, kt\u00f3ra idealnie \u0142\u0105czy efekty indica i sativa. Niezale\u017cnie od tego, czy szukasz kreatywnego impulsu, czy g\u0142\u0119bokiego relaksu, ta odmiana spe\u0142ni Twoje oczekiwania. Dzi\u0119ki szerokiemu wachlarzowi korzy\u015bci terapeutycznych, wspania\u0142emu smakowi i atrakcyjnemu wygl\u0105dowi, <strong>kupno Glueberry OG online<\/strong> od renomowanego sprzedawcy, takiego jak <em>Hit Exotics Distro<\/em>, zapewnia najwy\u017csz\u0105 jako\u015b\u0107.<\/p>\n<p>Nie przegap okazji, aby spr\u00f3bowa\u0107 tej rzadkiej i pot\u0119\u017cnej odmiany \u2014 <strong>kup Glueberry OG online<\/strong> ju\u017c dzi\u015b i do\u015bwiadcz perfekcyjnej hybrydy, o kt\u00f3rej m\u00f3wi ca\u0142y \u015bwiat.<\/p>\n<p>&nbsp;<\/p>\n<p><img loading=\"lazy\" decoding=\"async\" class=\"alignnone size-medium wp-image-1149\" src=\"https:\/\/hitexoticsdistro.eu\/wp-content\/uploads\/2024\/10\/WhatsApp-Image-2024-10-02-at-3.50.03-PM-2-300x300.jpeg\" alt=\"Gdzie bezpiecznie kupi\u0107 marihuan\u0119 online?\" width=\"300\" height=\"300\" srcset=\"https:\/\/hitexoticsdistro.eu\/wp-content\/uploads\/2024\/10\/WhatsApp-Image-2024-10-02-at-3.50.03-PM-2-300x300.jpeg 300w, https:\/\/hitexoticsdistro.eu\/wp-content\/uploads\/2024\/10\/WhatsApp-Image-2024-10-02-at-3.50.03-PM-2-150x150.jpeg 150w, https:\/\/hitexoticsdistro.eu\/wp-content\/uploads\/2024\/10\/WhatsApp-Image-2024-10-02-at-3.50.03-PM-2-600x600.jpeg 600w, https:\/\/hitexoticsdistro.eu\/wp-content\/uploads\/2024\/10\/WhatsApp-Image-2024-10-02-at-3.50.03-PM-2-100x100.jpeg 100w, https:\/\/hitexoticsdistro.eu\/wp-content\/uploads\/2024\/10\/WhatsApp-Image-2024-10-02-at-3.50.03-PM-2.jpeg 640w\" sizes=\"auto, (max-width: 300px) 100vw, 300px\" \/><\/p>","protected":false},"excerpt":{"rendered":"<p>Jak kupi\u0107 Glueberry OG Online Glueberry OG to rzadko spotykana, zbalansowana hybryda (50% indica \/ 50% sativa), \u0142\u0105cz\u0105ca najlepsze cechy [&hellip;]<\/p>\n","protected":false},"featured_media":417,"comment_status":"closed","ping_status":"closed","template":"","meta":{"_surecart_dashboard_logo_width":"180px","_surecart_dashboard_show_logo":true,"_surecart_dashboard_navigation_orders":true,"_surecart_dashboard_navigation_invoices":true,"_surecart_dashboard_navigation_subscriptions":true,"_surecart_dashboard_navigation_downloads":true,"_surecart_dashboard_navigation_billing":true,"_surecart_dashboard_navigation_account":true,"_uag_custom_page_level_css":"","site-sidebar-layout":"default","site-content-layout":"","ast-site-content-layout":"default","site-content-style":"default","site-sidebar-style":"default","ast-global-header-display":"","ast-banner-title-visibility":"","ast-main-header-display":"","ast-hfb-above-header-display":"","ast-hfb-below-header-display":"","ast-hfb-mobile-header-display":"","site-post-title":"","ast-breadcrumbs-content":"","ast-featured-img":"","footer-sml-layout":"","theme-transparent-header-meta":"default","adv-header-id-meta":"","stick-header-meta":"","header-above-stick-meta":"","header-main-stick-meta":"","header-below-stick-meta":"","astra-migrate-meta-layouts":"set","ast-page-background-enabled":"default","ast-page-background-meta":{"desktop":{"background-color":"var(--ast-global-color-4)","background-image":"","background-repeat":"repeat","background-position":"center center","background-size":"auto","background-attachment":"scroll","background-type":"","background-media":"","overlay-type":"","overlay-color":"","overlay-opacity":"","overlay-gradient":""},"tablet":{"background-color":"","background-image":"","background-repeat":"repeat","background-position":"center center","background-size":"auto","background-attachment":"scroll","background-type":"","background-media":"","overlay-type":"","overlay-color":"","overlay-opacity":"","overlay-gradient":""},"mobile":{"background-color":"","background-image":"","background-repeat":"repeat","background-position":"center center","background-size":"auto","background-attachment":"scroll","background-type":"","background-media":"","overlay-type":"","overlay-color":"","overlay-opacity":"","overlay-gradient":""}},"ast-content-background-meta":{"desktop":{"background-color":"var(--ast-global-color-5)","background-image":"","background-repeat":"repeat","background-position":"center center","background-size":"auto","background-attachment":"scroll","background-type":"","background-media":"","overlay-type":"","overlay-color":"","overlay-opacity":"","overlay-gradient":""},"tablet":{"background-color":"var(--ast-global-color-5)","background-image":"","background-repeat":"repeat","background-position":"center center","background-size":"auto","background-attachment":"scroll","background-type":"","background-media":"","overlay-type":"","overlay-color":"","overlay-opacity":"","overlay-gradient":""},"mobile":{"background-color":"var(--ast-global-color-5)","background-image":"","background-repeat":"repeat","background-position":"center center","background-size":"auto","background-attachment":"scroll","background-type":"","background-media":"","overlay-type":"","overlay-color":"","overlay-opacity":"","overlay-gradient":""}}},"product_brand":[],"product_cat":[61,56],"product_tag":[91,696,692,688,697,695,693,694,698,212],"class_list":{"0":"post-362","1":"product","2":"type-product","3":"status-publish","4":"has-post-thumbnail","6":"product_cat-hybrydowe-odmiany-marihuany-online","7":"product_cat-gdzie-moge-kupic-marihuane","8":"product_tag-buy-glueberry-og-strain-hybrid-europe","9":"product_tag-glueberry","10":"product_tag-glueberryog","11":"product_tag-hybrydakonopi","12":"product_tag-indica","13":"product_tag-konopieonline","14":"product_tag-kupglueberryog","15":"product_tag-kupglueberryogonline","16":"product_tag-sativa","17":"product_tag-thc","18":"desktop-align-left","19":"tablet-align-left","20":"mobile-align-left","22":"first","23":"instock","24":"shipping-taxable","25":"purchasable","26":"product-type-variable"},"uagb_featured_image_src":{"full":["https:\/\/hitexoticsdistro.eu\/wp-content\/uploads\/2024\/10\/Glueberry-OG-Strain-\u2013-Hybrid.jpg",2560,1707,false],"thumbnail":["https:\/\/hitexoticsdistro.eu\/wp-content\/uploads\/2024\/10\/Glueberry-OG-Strain-\u2013-Hybrid-150x150.jpg",150,150,true],"medium":["https:\/\/hitexoticsdistro.eu\/wp-content\/uploads\/2024\/10\/Glueberry-OG-Strain-\u2013-Hybrid-300x200.jpg",300,200,true],"medium_large":["https:\/\/hitexoticsdistro.eu\/wp-content\/uploads\/2024\/10\/Glueberry-OG-Strain-\u2013-Hybrid-768x512.jpg",768,512,true],"large":["https:\/\/hitexoticsdistro.eu\/wp-content\/uploads\/2024\/10\/Glueberry-OG-Strain-\u2013-Hybrid-1024x683.jpg",1024,683,true],"1536x1536":["https:\/\/hitexoticsdistro.eu\/wp-content\/uploads\/2024\/10\/Glueberry-OG-Strain-\u2013-Hybrid-1536x1024.jpg",1536,1024,true],"2048x2048":["https:\/\/hitexoticsdistro.eu\/wp-content\/uploads\/2024\/10\/Glueberry-OG-Strain-\u2013-Hybrid-2048x1366.jpg",2048,1366,true],"trp-custom-language-flag":["https:\/\/hitexoticsdistro.eu\/wp-content\/uploads\/2024\/10\/Glueberry-OG-Strain-\u2013-Hybrid.jpg",18,12,false],"woocommerce_thumbnail":["https:\/\/hitexoticsdistro.eu\/wp-content\/uploads\/2024\/10\/Glueberry-OG-Strain-\u2013-Hybrid-300x300.jpg",300,300,true],"woocommerce_single":["https:\/\/hitexoticsdistro.eu\/wp-content\/uploads\/2024\/10\/Glueberry-OG-Strain-\u2013-Hybrid-600x400.jpg",600,400,true],"woocommerce_gallery_thumbnail":["https:\/\/hitexoticsdistro.eu\/wp-content\/uploads\/2024\/10\/Glueberry-OG-Strain-\u2013-Hybrid-100x100.jpg",100,100,true]},"uagb_author_info":{"display_name":"","author_link":"https:\/\/hitexoticsdistro.eu\/en\/author\/"},"uagb_comment_info":0,"uagb_excerpt":"Jak kupi\u0107 Glueberry OG Online Glueberry OG to rzadko spotykana, zbalansowana hybryda (50% indica \/ 50% sativa), \u0142\u0105cz\u0105ca najlepsze cechy [&hellip;]","_links":{"self":[{"href":"https:\/\/hitexoticsdistro.eu\/en\/wp-json\/wp\/v2\/product\/362","targetHints":{"allow":["GET"]}}],"collection":[{"href":"https:\/\/hitexoticsdistro.eu\/en\/wp-json\/wp\/v2\/product"}],"about":[{"href":"https:\/\/hitexoticsdistro.eu\/en\/wp-json\/wp\/v2\/types\/product"}],"replies":[{"embeddable":true,"href":"https:\/\/hitexoticsdistro.eu\/en\/wp-json\/wp\/v2\/comments?post=362"}],"wp:featuredmedia":[{"embeddable":true,"href":"https:\/\/hitexoticsdistro.eu\/en\/wp-json\/wp\/v2\/media\/417"}],"wp:attachment":[{"href":"https:\/\/hitexoticsdistro.eu\/en\/wp-json\/wp\/v2\/media?parent=362"}],"wp:term":[{"taxonomy":"product_brand","embeddable":true,"href":"https:\/\/hitexoticsdistro.eu\/en\/wp-json\/wp\/v2\/product_brand?post=362"},{"taxonomy":"product_cat","embeddable":true,"href":"https:\/\/hitexoticsdistro.eu\/en\/wp-json\/wp\/v2\/product_cat?post=362"},{"taxonomy":"product_tag","embeddable":true,"href":"https:\/\/hitexoticsdistro.eu\/en\/wp-json\/wp\/v2\/product_tag?post=362"}],"curies":[{"name":"wp","href":"https:\/\/api.w.org\/{rel}","templated":true}]}}