{"id":355,"date":"2024-10-10T22:48:17","date_gmt":"2024-10-10T22:48:17","guid":{"rendered":"https:\/\/hitexoticsdistro.com\/?post_type=product&#038;p=355"},"modified":"2024-10-27T00:17:28","modified_gmt":"2024-10-27T00:17:28","slug":"kup-gorilla-butter-ziolo-online","status":"publish","type":"product","link":"https:\/\/hitexoticsdistro.eu\/en\/product\/kup-gorilla-butter-ziolo-online\/","title":{"rendered":"Gorilla Butter"},"content":{"rendered":"<div class=\"flex max-w-full flex-col flex-grow\">\n<div class=\"min-h-8 text-message flex w-full flex-col items-end gap-2 whitespace-normal break-words [.text-message+&amp;]:mt-5\" dir=\"auto\" data-message-author-role=\"assistant\" data-message-id=\"14a07030-4ef7-4b80-886e-7febda4bee78\" data-message-model-slug=\"gpt-4o\">\n<div class=\"flex w-full flex-col gap-1 empty:hidden first:pt-[3px]\">\n<div class=\"markdown prose w-full break-words dark:prose-invert light\">\n<h2>Kup Gorilla Butter Zio\u0142o Online<\/h2>\n<p>Gorilla Butter, znana r\u00f3wnie\u017c jako \u201eGorilla Butter F2\u201d lub \u201eGorilla Butter F2 #12,\u201d to <a href=\"https:\/\/hitexoticsdistro.eu\/product-category\/hybrydowe-odmiany-marihuany-online\/\">hybrydowa odmiana marihuany<\/a>, kt\u00f3ra \u0142\u0105czy najlepsze cechy indiki i sativy. Z genetycznym profilem wynosz\u0105cym 50% indica i 50% sativa, ta odmiana zosta\u0142a stworzona z po\u0142\u0105czenia dw\u00f3ch renomowanych szczep\u00f3w: <em>Peanut Butter Breath<\/em> i <em>Gorilla Glue #4<\/em>. Jest to aromatyczna i mocna odmiana, idealna dla os\u00f3b szukaj\u0105cych zar\u00f3wno mentalnej stymulacji, jak i fizycznego relaksu.<\/p>\n<h3>Dlaczego warto kupi\u0107 Gorilla Butter Zio\u0142o Online?<\/h3>\n<p>Kupowanie Gorilla Butter zio\u0142o online to wygodny i dyskretny spos\u00f3b na cieszenie si\u0119 t\u0105 unikaln\u0105 odmian\u0105. Pozyskiwana od wysokiej jako\u015bci hodowc\u00f3w i dostarczana prosto do twojego domu, daje pewno\u015b\u0107, \u017ce otrzymujesz \u015bwie\u017cy, mocny produkt. Niezale\u017cnie od tego, czy jeste\u015b do\u015bwiadczonym entuzjast\u0105 konopi, czy pocz\u0105tkuj\u0105cym, kupowanie Gorilla Butter online to doskona\u0142e rozwi\u0105zanie.<\/p>\n<h3>Zawarto\u015b\u0107 THC i Efekty Hybrydowe<\/h3>\n<p>Gorilla Butter oferuje <strong>zawarto\u015b\u0107 THC na poziomie od 15% do 23%<\/strong>, co czyni j\u0105 wszechstronn\u0105 odmian\u0105 dla r\u00f3\u017cnych u\u017cytkownik\u00f3w. Im wy\u017csze st\u0119\u017cenie THC, tym silniejsze efekty psychoaktywne, natomiast ni\u017csze poziomy zapewniaj\u0105 bardziej subtelne do\u015bwiadczenia dla pocz\u0105tkuj\u0105cych.<\/p>\n<ul>\n<li><strong><a href=\"https:\/\/hitexoticsdistro.eu\/product-category\/kup-konopie-indyjskie-indica-online\/\">Indica<\/a> (50%)<\/strong>: Zapewnia relaksuj\u0105cy efekt na cia\u0142o, pomagaj\u0105c z\u0142agodzi\u0107 napi\u0119cie i b\u00f3l mi\u0119\u015bni bez nadmiernego uspokojenia.<\/li>\n<li><strong><a href=\"https:\/\/hitexoticsdistro.eu\/product-category\/kup-marihuane-sativa-online-polska\/\">Sativa<\/a> (50%)<\/strong>: Dostarcza podnosz\u0105ce na duchu, euforyczne efekty, poprawiaj\u0105c nastr\u00f3j i kreatywno\u015b\u0107.<\/li>\n<\/ul>\n<p>Hybrydowa natura Gorilla Butter sprawia, \u017ce nadaje si\u0119 do u\u017cytku zar\u00f3wno w ci\u0105gu dnia, jak i wieczorem, w zale\u017cno\u015bci od poziomu THC i tolerancji u\u017cytkownika.<\/p>\n<h3>Do\u015bwiadczenie z Gorilla Butter<\/h3>\n<p>Haj po Gorilla Butter zaczyna si\u0119 kilka minut po ostatnim wydechu. Zaczyna si\u0119 od uczucia mrowienia, kt\u00f3re rozchodzi si\u0119 po umy\u015ble, przynosz\u0105c natychmiastowe uczucie <strong>euforii<\/strong>. Ten podnosz\u0105cy na duchu efekt zwi\u0119ksza <strong>kreatywno\u015b\u0107<\/strong> i <strong>towarzysko\u015b\u0107<\/strong>, co czyni j\u0105 \u015bwietnym wyborem na spotkania towarzyskie lub projekty kreatywne.<\/p>\n<p>W miar\u0119 jak efekty umys\u0142owe opadaj\u0105, pojawia si\u0119 <strong>relaksuj\u0105cy haj na cia\u0142o<\/strong>, kt\u00f3ry pomaga z\u0142agodzi\u0107 b\u00f3l mi\u0119\u015bni i staw\u00f3w bez nadmiernego uspokojenia. U\u017cytkownicy mog\u0105 cieszy\u0107 si\u0119 najlepszymi cechami obu \u015bwiat\u00f3w \u2013 stymulacj\u0105 mentaln\u0105 i relaksem fizycznym \u2013 bez uczucia przyt\u0142oczenia.<\/p>\n<h3>Korzy\u015bci Terapeutyczne Gorilla Butter<\/h3>\n<p>Dzi\u0119ki poziomom THC i zr\u00f3wnowa\u017conym efektom, Gorilla Butter to doskona\u0142y wyb\u00f3r dla os\u00f3b szukaj\u0105cych ulgi w r\u00f3\u017cnych dolegliwo\u015bciach. <a href=\"https:\/\/hitexoticsdistro.eu\/product-category\/gdzie-moge-kupic-marihuane\/\">Odmiana<\/a> ta mo\u017ce pom\u00f3c w \u0142agodzeniu:<\/p>\n<ul>\n<li><strong>Przewlek\u0142y b\u00f3l<\/strong>: Koj\u0105ce efekty na cia\u0142o sprawiaj\u0105, \u017ce jest to doskona\u0142y wyb\u00f3r na \u0142agodzenie b\u00f3lu, zw\u0142aszcza w mi\u0119\u015bniach i stawach.<\/li>\n<li><strong>Stres i l\u0119k<\/strong>: Podnosz\u0105cy na duchu efekt sativy pomaga zmniejszy\u0107 stres i l\u0119k, promuj\u0105c spokojny stan umys\u0142u.<\/li>\n<li><strong>Depresja<\/strong>: W\u0142a\u015bciwo\u015bci poprawiaj\u0105ce nastr\u00f3j Gorilla Butter sprawiaj\u0105, \u017ce jest ona skuteczna w leczeniu depresji i waha\u0144 nastroju.<\/li>\n<li><strong>B\u00f3le g\u0142owy i migreny<\/strong>: Jej zdolno\u015b\u0107 do rozlu\u017aniania napi\u0119cia i \u0142agodzenia b\u00f3lu sprawia, \u017ce jest skuteczna w leczeniu b\u00f3l\u00f3w g\u0142owy i migren.<\/li>\n<\/ul>\n<h3>Smaki i Aromaty: Orzechowa Rozkosz<\/h3>\n<p>Profil smakowy Gorilla <a href=\"https:\/\/biohemp.pl\/pl\/olejki-ekstrakty-cbd-cbg\/\" rel=\"nofollow noopener\" target=\"_blank\">Butter<\/a> jest r\u00f3wnie fascynuj\u0105cy, co jej efekty. Podczas inhalacji u\u017cytkownicy mog\u0105 cieszy\u0107 si\u0119 <strong>kremowymi, owocowymi i orzechowymi<\/strong> smakami, kt\u00f3re s\u0105 uzupe\u0142nione subtelnymi nutami <strong>pieprzu i przypraw<\/strong>. Na wydechu pojawia si\u0119 delikatna <strong>kwasowo\u015b\u0107<\/strong>, co czyni j\u0105 doskonale zbalansowan\u0105 i pe\u0142n\u0105 smaku odmian\u0105.<\/p>\n<p>Pod wzgl\u0119dem aromatu Gorilla Butter ma <strong>kremowy, dieslowy zapach<\/strong>, po\u0142\u0105czony z <strong>ziemistymi, zio\u0142owymi i przyprawowymi<\/strong> tonami. Bogaty aromat dodatkowo wzmacnia og\u00f3lne wra\u017cenie, sprawiaj\u0105c, \u017ce ka\u017cda inhalacja jest przyjemno\u015bci\u0105 od pocz\u0105tku do ko\u0144ca.<\/p>\n<h3>Kup Gorilla Butter Zio\u0142o Online Ju\u017c Teraz!<\/h3>\n<p>Je\u015bli szukasz zr\u00f3wnowa\u017conej odmiany, kt\u00f3ra dostarcza zar\u00f3wno euforycznych efekt\u00f3w umys\u0142owych, jak i relaksu fizycznego, czas <strong>kupi\u0107 Gorilla Butter zio\u0142o online<\/strong>. Niezale\u017cnie od tego, czy jest to do u\u017cytku medycznego, czy rekreacyjnego, Gorilla Butter jest idealna do r\u00f3\u017cnorodnych do\u015bwiadcze\u0144. Zakupy online zapewniaj\u0105 dost\u0119p do wysokiej jako\u015bci konopi dostarczanych bezpo\u015brednio do twoich drzwi, z wygod\u0105 bezpiecznej i dyskretnej wysy\u0142ki.<\/p>\n<p>Nie przegap tej pe\u0142nej smaku i mocy odmiany \u2013 zam\u00f3w ju\u017c dzi\u015b i odkryj, dlaczego Gorilla Butter staje si\u0119 ulubie\u0144cem u\u017cytkownik\u00f3w na ca\u0142ym \u015bwiecie.<\/p>\n<h3>Cz\u0119sto Zadawane Pytania<\/h3>\n<h4>Jaka jest zawarto\u015b\u0107 THC w Gorilla Butter?<\/h4>\n<p>Gorilla Butter ma zawarto\u015b\u0107 THC w zakresie <strong>15% do 23%<\/strong>, co sprawia, \u017ce jest wszechstronn\u0105 odmian\u0105 zar\u00f3wno dla pocz\u0105tkuj\u0105cych, jak i do\u015bwiadczonych u\u017cytkownik\u00f3w.<\/p>\n<h4>Jakie s\u0105 g\u0142\u00f3wne efekty Gorilla Butter?<\/h4>\n<p>Gorilla Butter oferuje <strong>euforyczny haj umys\u0142owy<\/strong>, kt\u00f3ry poprawia nastr\u00f3j i kreatywno\u015b\u0107, a nast\u0119pnie <strong>relaksuj\u0105ce dzia\u0142anie na cia\u0142o<\/strong>, kt\u00f3re \u0142agodzi b\u00f3l i napi\u0119cie bez nadmiernego uspokojenia.<\/p>\n<h4>Czy Gorilla Butter nadaje si\u0119 dla pocz\u0105tkuj\u0105cych?<\/h4>\n<p>Tak, Gorilla Butter mo\u017ce by\u0107 odpowiednia dla pocz\u0105tkuj\u0105cych, zw\u0142aszcza przy ni\u017cszym st\u0119\u017ceniu THC. Jej zr\u00f3wnowa\u017cone efekty sprawiaj\u0105, \u017ce jest \u0142atwa do zarz\u0105dzania dla wi\u0119kszo\u015bci u\u017cytkownik\u00f3w.<\/p>\n<h4>Jakie s\u0105 korzy\u015bci medyczne Gorilla Butter?<\/h4>\n<p>Gorilla Butter jest cz\u0119sto stosowana w leczeniu <strong>przewlek\u0142ego b\u00f3lu, stresu, depresji oraz b\u00f3l\u00f3w g\u0142owy i migren<\/strong>.<\/p>\n<h4>Jak smakuje Gorilla Butter?<\/h4>\n<p>Gorilla Butter ma <strong>kremowy, owocowy i orzechowy<\/strong> profil smakowy, z nutami <strong>pieprzu, przypraw i kwasowo\u015bci<\/strong>.<\/p>\n<h3>Podsumowanie<\/h3>\n<p>Gorilla Butter to zr\u00f3wnowa\u017cona hybryda, kt\u00f3ra \u0142\u0105czy najlepsze cechy zar\u00f3wno indiki, jak i sativy. Jej wszechstronny poziom THC i szeroki wachlarz efekt\u00f3w sprawiaj\u0105, \u017ce jest doskona\u0142ym wyborem dla os\u00f3b szukaj\u0105cych ulgi w b\u00f3lu, stresie lub chc\u0105cych cieszy\u0107 si\u0119 smacznym, euforycznym hajem. Nie czekaj \u2013 <strong>kup Gorilla Butter zio\u0142o online<\/strong> ju\u017c dzi\u015b i podnie\u015b swoje do\u015bwiadczenie z konopiami na nowy poziom!<\/p>\n<\/div>\n<\/div>\n<\/div>\n<\/div>\n<p>&nbsp;<\/p>\n<p><img loading=\"lazy\" decoding=\"async\" class=\"alignnone size-medium wp-image-1149\" src=\"https:\/\/hitexoticsdistro.eu\/wp-content\/uploads\/2024\/10\/WhatsApp-Image-2024-10-02-at-3.50.03-PM-2-300x300.jpeg\" alt=\"Gdzie bezpiecznie kupi\u0107 marihuan\u0119 online?\" width=\"300\" height=\"300\" srcset=\"https:\/\/hitexoticsdistro.eu\/wp-content\/uploads\/2024\/10\/WhatsApp-Image-2024-10-02-at-3.50.03-PM-2-300x300.jpeg 300w, https:\/\/hitexoticsdistro.eu\/wp-content\/uploads\/2024\/10\/WhatsApp-Image-2024-10-02-at-3.50.03-PM-2-150x150.jpeg 150w, https:\/\/hitexoticsdistro.eu\/wp-content\/uploads\/2024\/10\/WhatsApp-Image-2024-10-02-at-3.50.03-PM-2-600x600.jpeg 600w, https:\/\/hitexoticsdistro.eu\/wp-content\/uploads\/2024\/10\/WhatsApp-Image-2024-10-02-at-3.50.03-PM-2-100x100.jpeg 100w, https:\/\/hitexoticsdistro.eu\/wp-content\/uploads\/2024\/10\/WhatsApp-Image-2024-10-02-at-3.50.03-PM-2.jpeg 640w\" sizes=\"auto, (max-width: 300px) 100vw, 300px\" \/><\/p>\n","protected":false},"excerpt":{"rendered":"<p>Kup Gorilla Butter Zio\u0142o Online Gorilla Butter, znana r\u00f3wnie\u017c jako \u201eGorilla Butter F2\u201d lub \u201eGorilla Butter F2 #12,\u201d to hybrydowa [&hellip;]<\/p>\n","protected":false},"featured_media":406,"comment_status":"closed","ping_status":"closed","template":"","meta":{"_surecart_dashboard_logo_width":"180px","_surecart_dashboard_show_logo":true,"_surecart_dashboard_navigation_orders":true,"_surecart_dashboard_navigation_invoices":true,"_surecart_dashboard_navigation_subscriptions":true,"_surecart_dashboard_navigation_downloads":true,"_surecart_dashboard_navigation_billing":true,"_surecart_dashboard_navigation_account":true,"_uag_custom_page_level_css":"","site-sidebar-layout":"default","site-content-layout":"","ast-site-content-layout":"default","site-content-style":"default","site-sidebar-style":"default","ast-global-header-display":"","ast-banner-title-visibility":"","ast-main-header-display":"","ast-hfb-above-header-display":"","ast-hfb-below-header-display":"","ast-hfb-mobile-header-display":"","site-post-title":"","ast-breadcrumbs-content":"","ast-featured-img":"","footer-sml-layout":"","ast-disable-related-posts":"","theme-transparent-header-meta":"default","adv-header-id-meta":"","stick-header-meta":"","header-above-stick-meta":"","header-main-stick-meta":"","header-below-stick-meta":"","astra-migrate-meta-layouts":"set","ast-page-background-enabled":"default","ast-page-background-meta":{"desktop":{"background-color":"var(--ast-global-color-5)","background-image":"","background-repeat":"repeat","background-position":"center center","background-size":"auto","background-attachment":"scroll","background-type":"","background-media":"","overlay-type":"","overlay-color":"","overlay-opacity":"","overlay-gradient":""},"tablet":{"background-color":"","background-image":"","background-repeat":"repeat","background-position":"center center","background-size":"auto","background-attachment":"scroll","background-type":"","background-media":"","overlay-type":"","overlay-color":"","overlay-opacity":"","overlay-gradient":""},"mobile":{"background-color":"","background-image":"","background-repeat":"repeat","background-position":"center center","background-size":"auto","background-attachment":"scroll","background-type":"","background-media":"","overlay-type":"","overlay-color":"","overlay-opacity":"","overlay-gradient":""}},"ast-content-background-meta":{"desktop":{"background-color":"var(--ast-global-color-4)","background-image":"","background-repeat":"repeat","background-position":"center center","background-size":"auto","background-attachment":"scroll","background-type":"","background-media":"","overlay-type":"","overlay-color":"","overlay-opacity":"","overlay-gradient":""},"tablet":{"background-color":"var(--ast-global-color-4)","background-image":"","background-repeat":"repeat","background-position":"center center","background-size":"auto","background-attachment":"scroll","background-type":"","background-media":"","overlay-type":"","overlay-color":"","overlay-opacity":"","overlay-gradient":""},"mobile":{"background-color":"var(--ast-global-color-4)","background-image":"","background-repeat":"repeat","background-position":"center center","background-size":"auto","background-attachment":"scroll","background-type":"","background-media":"","overlay-type":"","overlay-color":"","overlay-opacity":"","overlay-gradient":""}}},"product_brand":[],"product_cat":[61,56],"product_tag":[84],"class_list":{"0":"post-355","1":"product","2":"type-product","3":"status-publish","4":"has-post-thumbnail","6":"product_cat-hybrydowe-odmiany-marihuany-online","7":"product_cat-gdzie-moge-kupic-marihuane","8":"product_tag-gorilla-butter-hybrid-weed-strain-for-sale-europe","9":"desktop-align-left","10":"tablet-align-left","11":"mobile-align-left","13":"first","14":"instock","15":"shipping-taxable","16":"purchasable","17":"product-type-variable"},"uagb_featured_image_src":{"full":["https:\/\/hitexoticsdistro.eu\/wp-content\/uploads\/2024\/10\/Gorilla-Butter-Hybrid-Weed-Strain.webp",2048,1365,false],"thumbnail":["https:\/\/hitexoticsdistro.eu\/wp-content\/uploads\/2024\/10\/Gorilla-Butter-Hybrid-Weed-Strain-150x150.webp",150,150,true],"medium":["https:\/\/hitexoticsdistro.eu\/wp-content\/uploads\/2024\/10\/Gorilla-Butter-Hybrid-Weed-Strain-300x200.webp",300,200,true],"medium_large":["https:\/\/hitexoticsdistro.eu\/wp-content\/uploads\/2024\/10\/Gorilla-Butter-Hybrid-Weed-Strain-768x512.webp",768,512,true],"large":["https:\/\/hitexoticsdistro.eu\/wp-content\/uploads\/2024\/10\/Gorilla-Butter-Hybrid-Weed-Strain-1024x683.webp",1024,683,true],"1536x1536":["https:\/\/hitexoticsdistro.eu\/wp-content\/uploads\/2024\/10\/Gorilla-Butter-Hybrid-Weed-Strain-1536x1024.webp",1536,1024,true],"2048x2048":["https:\/\/hitexoticsdistro.eu\/wp-content\/uploads\/2024\/10\/Gorilla-Butter-Hybrid-Weed-Strain.webp",2048,1365,false],"trp-custom-language-flag":["https:\/\/hitexoticsdistro.eu\/wp-content\/uploads\/2024\/10\/Gorilla-Butter-Hybrid-Weed-Strain.webp",18,12,false],"woocommerce_thumbnail":["https:\/\/hitexoticsdistro.eu\/wp-content\/uploads\/2024\/10\/Gorilla-Butter-Hybrid-Weed-Strain-300x300.webp",300,300,true],"woocommerce_single":["https:\/\/hitexoticsdistro.eu\/wp-content\/uploads\/2024\/10\/Gorilla-Butter-Hybrid-Weed-Strain-600x400.webp",600,400,true],"woocommerce_gallery_thumbnail":["https:\/\/hitexoticsdistro.eu\/wp-content\/uploads\/2024\/10\/Gorilla-Butter-Hybrid-Weed-Strain-100x100.webp",100,100,true]},"uagb_author_info":{"display_name":"","author_link":"https:\/\/hitexoticsdistro.eu\/en\/author\/"},"uagb_comment_info":0,"uagb_excerpt":"Kup Gorilla Butter Zio\u0142o Online Gorilla Butter, znana r\u00f3wnie\u017c jako \u201eGorilla Butter F2\u201d lub \u201eGorilla Butter F2 #12,\u201d to hybrydowa [&hellip;]","_links":{"self":[{"href":"https:\/\/hitexoticsdistro.eu\/en\/wp-json\/wp\/v2\/product\/355","targetHints":{"allow":["GET"]}}],"collection":[{"href":"https:\/\/hitexoticsdistro.eu\/en\/wp-json\/wp\/v2\/product"}],"about":[{"href":"https:\/\/hitexoticsdistro.eu\/en\/wp-json\/wp\/v2\/types\/product"}],"replies":[{"embeddable":true,"href":"https:\/\/hitexoticsdistro.eu\/en\/wp-json\/wp\/v2\/comments?post=355"}],"wp:featuredmedia":[{"embeddable":true,"href":"https:\/\/hitexoticsdistro.eu\/en\/wp-json\/wp\/v2\/media\/406"}],"wp:attachment":[{"href":"https:\/\/hitexoticsdistro.eu\/en\/wp-json\/wp\/v2\/media?parent=355"}],"wp:term":[{"taxonomy":"product_brand","embeddable":true,"href":"https:\/\/hitexoticsdistro.eu\/en\/wp-json\/wp\/v2\/product_brand?post=355"},{"taxonomy":"product_cat","embeddable":true,"href":"https:\/\/hitexoticsdistro.eu\/en\/wp-json\/wp\/v2\/product_cat?post=355"},{"taxonomy":"product_tag","embeddable":true,"href":"https:\/\/hitexoticsdistro.eu\/en\/wp-json\/wp\/v2\/product_tag?post=355"}],"curies":[{"name":"wp","href":"https:\/\/api.w.org\/{rel}","templated":true}]}}