{"id":352,"date":"2024-10-10T22:48:17","date_gmt":"2024-10-10T22:48:17","guid":{"rendered":"https:\/\/hitexoticsdistro.com\/?post_type=product&#038;p=352"},"modified":"2024-10-26T23:47:47","modified_gmt":"2024-10-26T23:47:47","slug":"kup-blue-dream-ziolo-w-europie","status":"publish","type":"product","link":"https:\/\/hitexoticsdistro.eu\/en\/product\/kup-blue-dream-ziolo-w-europie\/","title":{"rendered":"Blue Dream Zio\u0142o"},"content":{"rendered":"<h2>Kup Blue Dream Zio\u0142o w Europie<\/h2>\n<p><em>Blue Dream<\/em> to jedna z najpopularniejszych i najbardziej lubianych <a href=\"https:\/\/hitexoticsdistro.eu\/en\/product-category\/gdzie-moge-kupic-marihuane\/\">odmian konopi<\/a>, a to nie bez powodu. Ta lekko sativa-dominuj\u0105ca hybryda jest silnym skrzy\u017cowaniem s\u0142ynnych odmian <em>Blueberry<\/em> i <em>Haze<\/em>, oferuj\u0105c unikalne po\u0142\u0105czenie stymulacji umys\u0142owej i pe\u0142nego relaksu cia\u0142a. Je\u015bli szukasz odmiany, kt\u00f3ra \u0142\u0105czy to, co najlepsze z obu \u015bwiat\u00f3w, <strong>Blue Dream<\/strong> jest idealnym wyborem.<\/p>\n<h3>Dlaczego warto kupi\u0107 Blue Dream Zio\u0142o w Europie?<\/h3>\n<p>Kiedy kupujesz premium konopie w Europie, <em>Blue Dream<\/em> wyr\u00f3\u017cnia si\u0119 jako jeden z najlepszych wybor\u00f3w zar\u00f3wno dla u\u017cytkownik\u00f3w rekreacyjnych, jak i medycznych. Jej zr\u00f3wnowa\u017cone efekty sprawiaj\u0105, \u017ce nadaje si\u0119 do stosowania w ci\u0105gu dnia, a jednocze\u015bnie oferuje ulg\u0119 w r\u00f3\u017cnych dolegliwo\u015bciach fizycznych i psychicznych. Kupuj\u0105c <strong>Blue Dream Zio\u0142o w Europie<\/strong> od zaufanego dostawcy, jak <em>Hit Exotics Distro<\/em>, masz pewno\u015b\u0107, \u017ce otrzymujesz produkt najwy\u017cszej jako\u015bci, \u015bwie\u017cy i dyskretnie dostarczony.<\/p>\n<h3>Kluczowe Efekty Blue Dream<\/h3>\n<p><em>Blue Dream<\/em> jest znana z dostarczania pobudzaj\u0105cego i kreatywnego haju umys\u0142owego, jednocze\u015bnie zapewniaj\u0105c koj\u0105ce, pe\u0142ne rozlu\u017anienie cia\u0142a. Kluczowe efekty to:<\/p>\n<ul>\n<li><strong>Kreatywno\u015b\u0107<\/strong>: Doskona\u0142a do uwalniania potencja\u0142u tw\u00f3rczego podczas dzia\u0142a\u0144 artystycznych lub burzy m\u00f3zg\u00f3w.<\/li>\n<li><strong>Energizowanie<\/strong>: W przeciwie\u0144stwie do ci\u0119\u017ckich <a href=\"https:\/\/hitexoticsdistro.eu\/en\/product-category\/kup-konopie-indyjskie-indica-online\/\">odmian indica<\/a>, Blue Dream dodaje energii, co sprawia, \u017ce nadaje si\u0119 do stosowania w ci\u0105gu dnia.<\/li>\n<li><strong>Euforia<\/strong>: Ciesz si\u0119 lekkim, radosnym nastrojem, kt\u00f3ry usuwa stres i negatywne my\u015bli.<\/li>\n<li><strong>Rado\u015b\u0107<\/strong>: Odmiana ta poprawia nastr\u00f3j, czyni\u0105c j\u0105 doskona\u0142\u0105 na spotkania towarzyskie.<\/li>\n<\/ul>\n<h3>Korzy\u015bci Medyczne Blue Dream<\/h3>\n<p><em>Blue Dream<\/em> to nie tylko odmiana rekreacyjna \u2013 jest r\u00f3wnie\u017c szeroko stosowana ze wzgl\u0119du na swoje w\u0142a\u015bciwo\u015bci terapeutyczne. Niezale\u017cnie od tego, czy cierpisz na przewlek\u0142y b\u00f3l, czy emocjonalny stres, ta odmiana mo\u017ce przynie\u015b\u0107 ulg\u0119. Blue Dream mo\u017ce pom\u00f3c w leczeniu nast\u0119puj\u0105cych schorze\u0144:<\/p>\n<ul>\n<li><strong>ADD\/ADHD<\/strong>: Pomaga w skupieniu i klarowno\u015bci umys\u0142u.<\/li>\n<li><strong>L\u0119k<\/strong>: Koj\u0105ce efekty \u0142agodz\u0105 uczucie niepokoju.<\/li>\n<li><strong>Autyzm<\/strong>: Przynosi ulg\u0119 w hu\u015btawkach nastroju i problemach sensorycznych.<\/li>\n<li><strong>Choroba dwubiegunowa<\/strong>: Stabilizuje emocje i r\u00f3wnowa\u017cy nastr\u00f3j.<\/li>\n<li><strong>Przewlek\u0142y b\u00f3l<\/strong>: Zapewnia ulg\u0119 w ca\u0142ym ciele, szczeg\u00f3lnie w b\u00f3lu spowodowanym urazami lub chorobami.<\/li>\n<li><strong>Depresja<\/strong>: Podnosz\u0105ce na duchu efekty przeciwdzia\u0142aj\u0105 uczuciom smutku lub beznadziei.<\/li>\n<li><strong>B\u00f3le g\u0142owy<\/strong>: Redukuje napi\u0119cie i b\u00f3l zwi\u0105zany z migrenami i b\u00f3lami g\u0142owy.<\/li>\n<li><strong>Zapalenie<\/strong>: \u0141agodzi b\u00f3l mi\u0119\u015bni i zmniejsza stany zapalne.<\/li>\n<li><strong>Nudno\u015bci<\/strong>: Doskona\u0142a dla pacjent\u00f3w cierpi\u0105cych na nudno\u015bci, szczeg\u00f3lnie podczas chemioterapii.<\/li>\n<li><strong>PTSD<\/strong>: \u0141agodzi objawy, takie jak retrospekcje i l\u0119k.<\/li>\n<li><strong>Stres<\/strong>: Zapewnia relaks umys\u0142owy, pomagaj\u0105c si\u0119 odpr\u0119\u017cy\u0107 po trudnym dniu.<\/li>\n<\/ul>\n<h3>Smaki i Aromaty Blue Dream<\/h3>\n<p>Jedn\u0105 z najlepszych cech <em>Blue Dream<\/em> jest jej <strong>profil smakowy<\/strong>, kt\u00f3ry jest r\u00f3wnie przyjemny, co jej efekty. <a href=\"https:\/\/bestbud.nl\/pl\/\" rel=\"nofollow noopener\" target=\"_blank\">Odmiana<\/a> oferuje s\u0142odk\u0105 i owocow\u0105 mieszank\u0119 smak\u00f3w, w tym <strong>jagodowe<\/strong>, <strong>bor\u00f3wkowe<\/strong> i <strong>waniliowe<\/strong> nuty. Podczas palenia pozostawia na j\u0119zyku smak <strong>s\u0142odkich bor\u00f3wek<\/strong>, podobny do \u015bwie\u017co upieczonego ciasta jagodowego. Jej <strong>aromat<\/strong> jest r\u00f3wnie zachwycaj\u0105cy, \u0142\u0105cz\u0105c <strong>owocowe<\/strong>, <strong>s\u0142odkie<\/strong> i <strong>ziemiste<\/strong> nuty, kt\u00f3re wype\u0142niaj\u0105 pomieszczenie przyjemnym, zach\u0119caj\u0105cym zapachem.<\/p>\n<h3>Dlaczego wybra\u0107 Blue Dream?<\/h3>\n<ul>\n<li><strong>Zr\u00f3wnowa\u017cone efekty<\/strong>: Oferuje idealne po\u0142\u0105czenie efekt\u00f3w umys\u0142owych i fizycznych, co czyni j\u0105 odpowiedni\u0105 na ka\u017cd\u0105 por\u0119 dnia.<\/li>\n<li><strong>Wszechstronno\u015b\u0107<\/strong>: Blue Dream jest idealna zar\u00f3wno dla u\u017cytkownik\u00f3w rekreacyjnych, jak i medycznych, oferuj\u0105c ulg\u0119 bez nadmiernej sedacji.<\/li>\n<li><strong>Bogaty smak<\/strong>: Dzi\u0119ki pysznej mieszance jag\u00f3d i wanilii, Blue Dream to jedna z najsmaczniejszych odmian na rynku.<\/li>\n<li><strong>Korzy\u015bci terapeutyczne<\/strong>: Niezale\u017cnie od tego, czy potrzebujesz ulgi w b\u00f3lu, l\u0119ku, czy bezsenno\u015bci, Blue Dream mo\u017ce pom\u00f3c.<\/li>\n<\/ul>\n<h3>Kup Blue Dream Zio\u0142o w Europie Ju\u017c Teraz!<\/h3>\n<p>Je\u015bli szukasz odmiany konopi, kt\u00f3ra oferuje idealn\u0105 r\u00f3wnowag\u0119 mi\u0119dzy kreatywno\u015bci\u0105 a relaksem, <strong>kup Blue Dream Zio\u0142o w Europie<\/strong> ju\u017c dzi\u015b! W <em>Hit Exotics Distro<\/em> dbamy o to, aby\u015b otrzyma\u0142 tylko najwy\u017cszej jako\u015bci kwiat Blue Dream, dostarczony bezpiecznie i dyskretnie prosto pod Twoje drzwi. Nie przegap okazji, aby spr\u00f3bowa\u0107 jednej z najpopularniejszych odmian na \u015bwiecie.<\/p>\n<h3>Cz\u0119sto Zadawane Pytania (FAQs) o Blue Dream<\/h3>\n<h4>Jaka jest zawarto\u015b\u0107 THC w Blue Dream?<\/h4>\n<p>Blue Dream zazwyczaj ma zawarto\u015b\u0107 THC w przedziale od 17% do 24%, co czyni j\u0105 siln\u0105, ale zno\u015bn\u0105 dla wi\u0119kszo\u015bci u\u017cytkownik\u00f3w.<\/p>\n<h4>Czy mog\u0119 u\u017cywa\u0107 Blue Dream w ci\u0105gu dnia?<\/h4>\n<p>Tak, pobudzaj\u0105ce i energetyzuj\u0105ce efekty Blue Dream sprawiaj\u0105, \u017ce jest to doskona\u0142a odmiana do u\u017cytku w ci\u0105gu dnia, zapewniaj\u0105c jasno\u015b\u0107 umys\u0142u i skupienie bez uczucia ospa\u0142o\u015bci.<\/p>\n<h4>Jak d\u0142ugo trwaj\u0105 efekty Blue Dream?<\/h4>\n<p>Efekty Blue Dream zazwyczaj trwaj\u0105 od 2 do 3 godzin, z \u0142agodnym zej\u015bciem, kt\u00f3re pozostawia uczucie relaksu.<\/p>\n<h4>Czy Blue Dream nadaje si\u0119 do cel\u00f3w medycznych?<\/h4>\n<p>Zdecydowanie! Blue Dream jest szeroko stosowana do leczenia r\u00f3\u017cnych schorze\u0144, w tym l\u0119ku, przewlek\u0142ego b\u00f3lu, depresji i bezsenno\u015bci.<\/p>\n<h4>Jak smakuje Blue Dream?<\/h4>\n<p>Blue Dream ma s\u0142odki i owocowy profil smakowy, z wyra\u017anymi nutami <strong>jagodowymi<\/strong>, <strong>bor\u00f3wkowymi<\/strong> i <strong>waniliowymi<\/strong>. Znana jest z pysznego posmaku <strong>ciasta jagodowego<\/strong>.<\/p>\n<h3>Podsumowanie<\/h3>\n<p><em>Blue Dream<\/em> to kultowa odmiana konopi, kt\u00f3ra oferuje wszechstronne i przyjemne do\u015bwiadczenie zar\u00f3wno dla u\u017cytkownik\u00f3w rekreacyjnych, jak i medycznych. Jej pyszne smaki, zr\u00f3wnowa\u017cone efekty i szeroki wachlarz korzy\u015bci terapeutycznych czyni\u0105 j\u0105 jednym z najlepszych wybor\u00f3w dost\u0119pnych na rynku. Nie czekaj \u2013 <strong>kup Blue Dream Zio\u0142o w Europie<\/strong> ju\u017c dzi\u015b i ciesz si\u0119 idealnym po\u0142\u0105czeniem kreatywno\u015bci, euforii i relaksu, jakie oferuje ta odmiana!<\/p>\n<p>&nbsp;<\/p>\n<p><img loading=\"lazy\" decoding=\"async\" class=\"alignnone size-medium wp-image-1149\" src=\"https:\/\/hitexoticsdistro.eu\/wp-content\/uploads\/2024\/10\/WhatsApp-Image-2024-10-02-at-3.50.03-PM-2-300x300.jpeg\" alt=\"Gdzie bezpiecznie kupi\u0107 marihuan\u0119 online?\" width=\"300\" height=\"300\" srcset=\"https:\/\/hitexoticsdistro.eu\/wp-content\/uploads\/2024\/10\/WhatsApp-Image-2024-10-02-at-3.50.03-PM-2-300x300.jpeg 300w, https:\/\/hitexoticsdistro.eu\/wp-content\/uploads\/2024\/10\/WhatsApp-Image-2024-10-02-at-3.50.03-PM-2-150x150.jpeg 150w, https:\/\/hitexoticsdistro.eu\/wp-content\/uploads\/2024\/10\/WhatsApp-Image-2024-10-02-at-3.50.03-PM-2-600x600.jpeg 600w, https:\/\/hitexoticsdistro.eu\/wp-content\/uploads\/2024\/10\/WhatsApp-Image-2024-10-02-at-3.50.03-PM-2-100x100.jpeg 100w, https:\/\/hitexoticsdistro.eu\/wp-content\/uploads\/2024\/10\/WhatsApp-Image-2024-10-02-at-3.50.03-PM-2.jpeg 640w\" sizes=\"auto, (max-width: 300px) 100vw, 300px\" \/><\/p>","protected":false},"excerpt":{"rendered":"<p>Kup Blue Dream Zio\u0142o w Europie Blue Dream to jedna z najpopularniejszych i najbardziej lubianych odmian konopi, a to nie [&hellip;]<\/p>\n","protected":false},"featured_media":396,"comment_status":"closed","ping_status":"closed","template":"","meta":{"_surecart_dashboard_logo_width":"180px","_surecart_dashboard_show_logo":true,"_surecart_dashboard_navigation_orders":true,"_surecart_dashboard_navigation_invoices":true,"_surecart_dashboard_navigation_subscriptions":true,"_surecart_dashboard_navigation_downloads":true,"_surecart_dashboard_navigation_billing":true,"_surecart_dashboard_navigation_account":true,"_uag_custom_page_level_css":"","site-sidebar-layout":"default","site-content-layout":"","ast-site-content-layout":"default","site-content-style":"default","site-sidebar-style":"default","ast-global-header-display":"","ast-banner-title-visibility":"","ast-main-header-display":"","ast-hfb-above-header-display":"","ast-hfb-below-header-display":"","ast-hfb-mobile-header-display":"","site-post-title":"","ast-breadcrumbs-content":"","ast-featured-img":"","footer-sml-layout":"","theme-transparent-header-meta":"default","adv-header-id-meta":"","stick-header-meta":"","header-above-stick-meta":"","header-main-stick-meta":"","header-below-stick-meta":"","astra-migrate-meta-layouts":"set","ast-page-background-enabled":"default","ast-page-background-meta":{"desktop":{"background-color":"var(--ast-global-color-4)","background-image":"","background-repeat":"repeat","background-position":"center center","background-size":"auto","background-attachment":"scroll","background-type":"","background-media":"","overlay-type":"","overlay-color":"","overlay-opacity":"","overlay-gradient":""},"tablet":{"background-color":"","background-image":"","background-repeat":"repeat","background-position":"center center","background-size":"auto","background-attachment":"scroll","background-type":"","background-media":"","overlay-type":"","overlay-color":"","overlay-opacity":"","overlay-gradient":""},"mobile":{"background-color":"","background-image":"","background-repeat":"repeat","background-position":"center center","background-size":"auto","background-attachment":"scroll","background-type":"","background-media":"","overlay-type":"","overlay-color":"","overlay-opacity":"","overlay-gradient":""}},"ast-content-background-meta":{"desktop":{"background-color":"var(--ast-global-color-5)","background-image":"","background-repeat":"repeat","background-position":"center center","background-size":"auto","background-attachment":"scroll","background-type":"","background-media":"","overlay-type":"","overlay-color":"","overlay-opacity":"","overlay-gradient":""},"tablet":{"background-color":"var(--ast-global-color-5)","background-image":"","background-repeat":"repeat","background-position":"center center","background-size":"auto","background-attachment":"scroll","background-type":"","background-media":"","overlay-type":"","overlay-color":"","overlay-opacity":"","overlay-gradient":""},"mobile":{"background-color":"var(--ast-global-color-5)","background-image":"","background-repeat":"repeat","background-position":"center center","background-size":"auto","background-attachment":"scroll","background-type":"","background-media":"","overlay-type":"","overlay-color":"","overlay-opacity":"","overlay-gradient":""}}},"product_brand":[],"product_cat":[56,57],"product_tag":[81,610,614,613,551,611,609,573,615,616,612],"class_list":{"0":"post-352","1":"product","2":"type-product","3":"status-publish","4":"has-post-thumbnail","6":"product_cat-gdzie-moge-kupic-marihuane","7":"product_cat-kup-marihuane-sativa-online-polska","8":"product_tag-blue-dream-sativa-weed-strain-for-sale-europe","9":"product_tag-bluedreamkonopie","10":"product_tag-bluedreamweuropie","11":"product_tag-efektybluedream","12":"product_tag-hitexoticsdistro","13":"product_tag-konopieweuropie","14":"product_tag-kupbluedreamziolo","15":"product_tag-kupkonopieonline","16":"product_tag-medycznekonopie","17":"product_tag-najlepszaodmianahybrydowa","18":"product_tag-odmianahybrydowa","19":"desktop-align-left","20":"tablet-align-left","21":"mobile-align-left","23":"first","24":"instock","25":"shipping-taxable","26":"purchasable","27":"product-type-variable"},"uagb_featured_image_src":{"full":["https:\/\/hitexoticsdistro.eu\/wp-content\/uploads\/2024\/10\/Blue-Dream-Sativa-Weed-Strain.webp",570,464,false],"thumbnail":["https:\/\/hitexoticsdistro.eu\/wp-content\/uploads\/2024\/10\/Blue-Dream-Sativa-Weed-Strain-150x150.webp",150,150,true],"medium":["https:\/\/hitexoticsdistro.eu\/wp-content\/uploads\/2024\/10\/Blue-Dream-Sativa-Weed-Strain-300x244.webp",300,244,true],"medium_large":["https:\/\/hitexoticsdistro.eu\/wp-content\/uploads\/2024\/10\/Blue-Dream-Sativa-Weed-Strain.webp",570,464,false],"large":["https:\/\/hitexoticsdistro.eu\/wp-content\/uploads\/2024\/10\/Blue-Dream-Sativa-Weed-Strain.webp",570,464,false],"1536x1536":["https:\/\/hitexoticsdistro.eu\/wp-content\/uploads\/2024\/10\/Blue-Dream-Sativa-Weed-Strain.webp",570,464,false],"2048x2048":["https:\/\/hitexoticsdistro.eu\/wp-content\/uploads\/2024\/10\/Blue-Dream-Sativa-Weed-Strain.webp",570,464,false],"trp-custom-language-flag":["https:\/\/hitexoticsdistro.eu\/wp-content\/uploads\/2024\/10\/Blue-Dream-Sativa-Weed-Strain.webp",15,12,false],"woocommerce_thumbnail":["https:\/\/hitexoticsdistro.eu\/wp-content\/uploads\/2024\/10\/Blue-Dream-Sativa-Weed-Strain-300x300.webp",300,300,true],"woocommerce_single":["https:\/\/hitexoticsdistro.eu\/wp-content\/uploads\/2024\/10\/Blue-Dream-Sativa-Weed-Strain.webp",570,464,false],"woocommerce_gallery_thumbnail":["https:\/\/hitexoticsdistro.eu\/wp-content\/uploads\/2024\/10\/Blue-Dream-Sativa-Weed-Strain-100x100.webp",100,100,true]},"uagb_author_info":{"display_name":"","author_link":"https:\/\/hitexoticsdistro.eu\/en\/author\/"},"uagb_comment_info":0,"uagb_excerpt":"Kup Blue Dream Zio\u0142o w Europie Blue Dream to jedna z najpopularniejszych i najbardziej lubianych odmian konopi, a to nie [&hellip;]","_links":{"self":[{"href":"https:\/\/hitexoticsdistro.eu\/en\/wp-json\/wp\/v2\/product\/352","targetHints":{"allow":["GET"]}}],"collection":[{"href":"https:\/\/hitexoticsdistro.eu\/en\/wp-json\/wp\/v2\/product"}],"about":[{"href":"https:\/\/hitexoticsdistro.eu\/en\/wp-json\/wp\/v2\/types\/product"}],"replies":[{"embeddable":true,"href":"https:\/\/hitexoticsdistro.eu\/en\/wp-json\/wp\/v2\/comments?post=352"}],"wp:featuredmedia":[{"embeddable":true,"href":"https:\/\/hitexoticsdistro.eu\/en\/wp-json\/wp\/v2\/media\/396"}],"wp:attachment":[{"href":"https:\/\/hitexoticsdistro.eu\/en\/wp-json\/wp\/v2\/media?parent=352"}],"wp:term":[{"taxonomy":"product_brand","embeddable":true,"href":"https:\/\/hitexoticsdistro.eu\/en\/wp-json\/wp\/v2\/product_brand?post=352"},{"taxonomy":"product_cat","embeddable":true,"href":"https:\/\/hitexoticsdistro.eu\/en\/wp-json\/wp\/v2\/product_cat?post=352"},{"taxonomy":"product_tag","embeddable":true,"href":"https:\/\/hitexoticsdistro.eu\/en\/wp-json\/wp\/v2\/product_tag?post=352"}],"curies":[{"name":"wp","href":"https:\/\/api.w.org\/{rel}","templated":true}]}}