{"id":351,"date":"2024-10-10T22:48:17","date_gmt":"2024-10-10T22:48:17","guid":{"rendered":"https:\/\/hitexoticsdistro.com\/?post_type=product&#038;p=351"},"modified":"2024-10-27T00:16:39","modified_gmt":"2024-10-27T00:16:39","slug":"gdzie-zamowic-marihuane-ewok","status":"publish","type":"product","link":"https:\/\/hitexoticsdistro.eu\/en\/product\/gdzie-zamowic-marihuane-ewok\/","title":{"rendered":"Ewok"},"content":{"rendered":"<h2>Gdzie zam\u00f3wi\u0107 marihuan\u0119 Ewok<\/h2>\n<p>Ewok to hybrydowa odmiana konopi, kt\u00f3ra \u0142\u0105czy ekscytuj\u0105c\u0105 mieszank\u0119 smak\u00f3w i efekt\u00f3w. Ta mocna odmiana powsta\u0142a z po\u0142\u0105czenia starannie dobranych sk\u0142adnik\u00f3w, takich jak Kush, cytrusy, orzechy, haszysz i mi\u0119ta, oferuj\u0105c wyj\u0105tkowe doznania dla entuzjast\u00f3w <a href=\"https:\/\/hitexoticsdistro.eu\/en\/product-category\/gdzie-moge-kupic-marihuane\/\">marihuany<\/a>. Dzi\u0119ki <strong>cytrusowemu, owocowemu<\/strong> smakowi i intensywnemu <strong>aromatowi przypominaj\u0105cemu Kush<\/strong>, Ewok wyr\u00f3\u017cnia si\u0119 w\u015br\u00f3d hybryd, staj\u0105c si\u0119 popularnym wyborem zar\u00f3wno dla u\u017cytkownik\u00f3w rekreacyjnych, jak i tych szukaj\u0105cych korzy\u015bci terapeutycznych.<\/p>\n<p>Kiedy szukasz <strong>gdzie zam\u00f3wi\u0107 marihuan\u0119 Ewok<\/strong>, kluczowe jest znalezienie zaufanego dostawcy, kt\u00f3ry oferuje najwy\u017cszej jako\u015bci produkty. W <em>Hit Exotics Distro<\/em> gwarantujemy, \u017ce otrzymasz \u015bwie\u017ce, mocne p\u0105ki z idealn\u0105 r\u00f3wnowag\u0105 relaksu i energii, z kt\u00f3rych Ewok s\u0142ynie.<\/p>\n<h3>Pochodzenie i Sk\u0142ad Marihuany Ewok<\/h3>\n<p>Ewok to hybrydowa odmiana o cechach zar\u00f3wno <strong><a href=\"https:\/\/hitexoticsdistro.eu\/en\/product-category\/kup-konopie-indyjskie-indica-online\/\">indica<\/a>, jak i <a href=\"https:\/\/hitexoticsdistro.eu\/en\/product-category\/kup-marihuane-sativa-online-polska\/\">sativa<\/a><\/strong>, z lekk\u0105 przewag\u0105 <strong>indica<\/strong>, co czyni j\u0105 idealn\u0105 dla u\u017cytkownik\u00f3w, kt\u00f3rzy chc\u0105 si\u0119 odpr\u0119\u017cy\u0107, ale nie czuj\u0105 si\u0119 zbyt uspokojeni. <strong>St\u0119\u017cenie THC<\/strong> w Ewoku zazwyczaj wynosi od <strong>17% do 23%<\/strong>, co zapewnia silny, zr\u00f3wnowa\u017cony haj, kt\u00f3ry jednocze\u015bnie stymuluje umys\u0142 i relaksuje cia\u0142o.<\/p>\n<p>Wygl\u0105d tej odmiany jest r\u00f3wnie imponuj\u0105cy co jej efekty. P\u0105ki Ewoka s\u0105 <strong>puszyste i kr\u00f3tkie<\/strong>, z <strong>czerwonymi w\u0142oskami<\/strong> i wyrazistym aromatem przypominaj\u0105cym mieszank\u0119 <strong>Kusha i mandarynek<\/strong>. Te cechy sprawiaj\u0105, \u017ce Ewok wyr\u00f3\u017cnia si\u0119 w ka\u017cdej kolekcji konopi, zar\u00f3wno wizualnie, jak i aromatycznie.<\/p>\n<h3>Efekty i Korzy\u015bci Marihuany Ewok<\/h3>\n<p>Ewok jest znany z wywo\u0142ywania pot\u0119\u017cnych, <strong>skoncentrowanych na umy\u015ble efekt\u00f3w<\/strong>, co czyni go doskona\u0142ym wyborem do zwi\u0119kszania <strong>kreatywno\u015bci<\/strong> i dawania poczucia <strong>euforii<\/strong>. Niezale\u017cnie od tego, czy bierzesz udzia\u0142 w kreatywnych projektach, spotkaniach towarzyskich, czy po prostu szukasz mentalnego uniesienia, Ewok zapewnia <strong>skoncentrowany, energetyzuj\u0105cy haj<\/strong>, kt\u00f3ry utrzymuje ci\u0119 w stanie gotowo\u015bci i inspiracji.<\/p>\n<h4>Efekty Ewok:<\/h4>\n<ul>\n<li><strong>Kreatywno\u015b\u0107<\/strong>: Idealny do wyzwalania artystycznych pomys\u0142\u00f3w.<\/li>\n<li><strong>Energia<\/strong>: Zapewnia zastrzyk energii przy zachowaniu klarowno\u015bci umys\u0142u.<\/li>\n<li><strong>Euforia<\/strong>: Wzmacnia szcz\u0119\u015bcie i og\u00f3lne poczucie dobrostanu.<\/li>\n<li><strong>Skupienie<\/strong>: Pomaga w utrzymaniu koncentracji, doskona\u0142y do zada\u0144 wymagaj\u0105cych klarowno\u015bci umys\u0142u.<\/li>\n<li><strong>Relaks<\/strong>: Z czasem efekt przechodzi w koj\u0105cy relaks cia\u0142a, idealny na odpr\u0119\u017cenie.<\/li>\n<\/ul>\n<h4>Korzy\u015bci Terapeutyczne:<\/h4>\n<p>Ewok to nie tylko odmiana rekreacyjna; oferuje r\u00f3wnie\u017c wiele <strong>korzy\u015bci terapeutycznych<\/strong>. Ze wzgl\u0119du na swoje w\u0142a\u015bciwo\u015bci <strong>indica<\/strong>, Ewok jest wysoce skuteczny w \u0142agodzeniu <strong>przewlek\u0142ego b\u00f3lu<\/strong>, redukcji <strong>stan\u00f3w zapalnych<\/strong> i poprawie <strong>jako\u015bci snu<\/strong>.<\/p>\n<ul>\n<li><strong>\u0141agodzi ADD\/ADHD<\/strong>: Efekty zwi\u0119kszaj\u0105ce skupienie pomagaj\u0105 u\u017cytkownikom w radzeniu sobie z zaburzeniami uwagi.<\/li>\n<li><strong>Leczy Przewlek\u0142y B\u00f3l<\/strong>: Przynosi ulg\u0119 w b\u00f3lach zwi\u0105zanych z artretyzmem, fibromialgi\u0105 i innymi schorzeniami.<\/li>\n<li><strong>\u0141agodzi Depresj\u0119 i Zm\u0119czenie<\/strong>: W\u0142a\u015bciwo\u015bci pobudzaj\u0105ce Ewok skutecznie zwalczaj\u0105 objawy depresji i zm\u0119czenia.<\/li>\n<li><strong>Zwi\u0119ksza Apetyt<\/strong>: Cz\u0119sto stosowana przez osoby cierpi\u0105ce na brak apetytu, Ewok stymuluje g\u0142\u00f3d.<\/li>\n<li><strong>\u0141agodzi Bezsenno\u015b\u0107<\/strong>: Relaksuj\u0105ce efekty indica sprawiaj\u0105, \u017ce Ewok jest doskona\u0142ym wyborem dla os\u00f3b zmagaj\u0105cych si\u0119 z zaburzeniami snu.<\/li>\n<\/ul>\n<h3>Smak i Aromat Ewok<\/h3>\n<p>Ewok oferuje <strong>z\u0142o\u017cony profil smakowy<\/strong>, kt\u00f3ry sprawia, \u017ce ka\u017cda sesja jest unikalnym do\u015bwiadczeniem zmys\u0142owym. Podczas wdychania u\u017cytkownicy zauwa\u017caj\u0105 wybuch <strong>cytrusowych i owocowych<\/strong> smak\u00f3w z dominuj\u0105cymi nutami <strong>cytryny<\/strong> i <a href=\"https:\/\/biohemp.pl\/pl\/olejki-ekstrakty-cbd-cbg\/\" rel=\"nofollow noopener\" target=\"_blank\"><strong>sosny<\/strong><\/a>. Smak utrzymuje si\u0119 na podniebieniu, pozostawiaj\u0105c <strong>\u015bwie\u017ce, orze\u017awiaj\u0105ce wyko\u0144czenie<\/strong>.<\/p>\n<p>Aromat Ewok jest r\u00f3wnie kusz\u0105cy. \u0141\u0105czy <strong>ziemiste<\/strong> i <strong>owocowe<\/strong> zapachy z intensywn\u0105 nut\u0105 <strong>cytryny<\/strong>, co daje o\u017cywczy zapach, kt\u00f3ry entuzja\u015bci konopi uwielbiaj\u0105.<\/p>\n<h4>Smaki:<\/h4>\n<ul>\n<li><strong>Cytrusy<\/strong><\/li>\n<li><strong>Owoce<\/strong><\/li>\n<li><strong>Cytryna<\/strong><\/li>\n<li><strong>Sosna<\/strong><\/li>\n<\/ul>\n<h4>Aromaty:<\/h4>\n<ul>\n<li><strong>Ziemisty<\/strong><\/li>\n<li><strong>Owocowy<\/strong><\/li>\n<li><strong>Cytrynowy<\/strong><\/li>\n<li><strong>Intensywny<\/strong><\/li>\n<\/ul>\n<h3>Dlaczego Warto Wybra\u0107 Marihuan\u0119 Ewok?<\/h3>\n<p>Marihuana Ewok to odmiana, kt\u00f3ra oferuje <strong>zr\u00f3wnowa\u017cone do\u015bwiadczenie<\/strong> dla u\u017cytkownik\u00f3w szukaj\u0105cych zar\u00f3wno mentalnego, jak i fizycznego relaksu. Jej umiarkowane poziomy THC sprawiaj\u0105, \u017ce jest dost\u0119pna dla szerokiej gamy u\u017cytkownik\u00f3w, a jej unikalna mieszanka efekt\u00f3w czyni j\u0105 idealn\u0105 na r\u00f3\u017cne okazje \u2014 od kreatywnego my\u015blenia po relaks po d\u0142ugim dniu.<\/p>\n<p><strong>Gdzie zam\u00f3wi\u0107 marihuan\u0119 Ewok?<\/strong> Szukaj nie dalej ni\u017c <em>Hit Exotics Distro<\/em>. Oferujemy najwy\u017cszej jako\u015bci, \u015bwie\u017ce p\u0105ki Ewok, kt\u00f3re spe\u0142ni\u0105 wszystkie twoje potrzeby zwi\u0105zane z konopiami. Niezale\u017cnie od tego, czy szukasz zastrzyku kreatywno\u015bci, czy sposobu na z\u0142agodzenie stresu i b\u00f3lu, zamawiaj\u0105c Ewok u nas, otrzymujesz najlepszy dost\u0119pny produkt.<\/p>\n<h3>Najcz\u0119\u015bciej Zadawane Pytania<\/h3>\n<h4>Jaki jest poziom THC w marihuanie Ewok?<\/h4>\n<p>Ewok zazwyczaj ma st\u0119\u017cenie THC wynosz\u0105ce <strong>17% do 23%<\/strong>, zapewniaj\u0105c silny, ale zr\u00f3wnowa\u017cony haj odpowiedni zar\u00f3wno dla u\u017cytkownik\u00f3w rekreacyjnych, jak i terapeutycznych.<\/p>\n<h4>Czy Ewok to bardziej indica czy sativa?<\/h4>\n<p>Ewok to <strong>odmiana hybrydowa<\/strong> z lekk\u0105 przewag\u0105 <strong>indica<\/strong>, oferuj\u0105c po\u0142\u0105czenie relaksu fizycznego i stymulacji umys\u0142owej.<\/p>\n<h4>Czy Ewok pomaga w \u0142agodzeniu b\u00f3lu?<\/h4>\n<p>Tak, Ewok jest wysoce skuteczny w leczeniu <strong>przewlek\u0142ego b\u00f3lu<\/strong>, <strong>stan\u00f3w zapalnych<\/strong> i <strong>skurcz\u00f3w mi\u0119\u015bni<\/strong>, co czyni go popularnym wyborem dla os\u00f3b szukaj\u0105cych ulgi w dolegliwo\u015bciach fizycznych.<\/p>\n<h4>Czy Ewok jest dobry na bezsenno\u015b\u0107?<\/h4>\n<p>Relaksuj\u0105ce efekty indica Ewok sprawiaj\u0105, \u017ce jest to doskona\u0142y wyb\u00f3r dla u\u017cytkownik\u00f3w cierpi\u0105cych na <strong>bezsenno\u015b\u0107<\/strong> lub tych, kt\u00f3rzy potrzebuj\u0105 pomocy w odpr\u0119\u017ceniu przed snem.<\/p>\n<h4>Jakie s\u0105 g\u0142\u00f3wne efekty marihuany Ewok?<\/h4>\n<p>Ewok wywo\u0142uje <strong>kreatywno\u015b\u0107<\/strong>, <strong>skupienie<\/strong> i poczucie <strong>euforii<\/strong>. W miar\u0119 post\u0119pu haju, efekty prowadz\u0105 do <strong>relaksu<\/strong>, co czyni t\u0119 odmian\u0119 idealn\u0105 na wieczorne u\u017cycie.<\/p>\n<h3>Podsumowanie<\/h3>\n<p>Marihuana Ewok to idealna hybryda dla tych, kt\u00f3rzy chc\u0105 czerpa\u0107 korzy\u015bci z obu \u015bwiat\u00f3w \u2013 kreatywno\u015bci i relaksu. Dzi\u0119ki swoim podnosz\u0105cym na duchu efektom oraz zdolno\u015bci do \u0142agodzenia stresu, b\u00f3lu i bezsenno\u015bci, Ewok jest wszechstronn\u0105 odmian\u0105, kt\u00f3ra sprawdza si\u0119 w r\u00f3\u017cnych sytuacjach. Je\u015bli szukasz <strong>gdzie zam\u00f3wi\u0107 marihuan\u0119 Ewok<\/strong>, <em>Hit Exotics Distro<\/em> jest twoim sprawdzonym \u017ar\u00f3d\u0142em najwy\u017cszej jako\u015bci produkt\u00f3w z konopi. Zam\u00f3w ju\u017c dzi\u015b i do\u015bwiadcz unikalnych efekt\u00f3w Ewok na w\u0142asnej sk\u00f3rze!<\/p>\n<p>&nbsp;<\/p>\n<p><img loading=\"lazy\" decoding=\"async\" class=\"alignnone size-medium wp-image-1149\" src=\"https:\/\/hitexoticsdistro.eu\/wp-content\/uploads\/2024\/10\/WhatsApp-Image-2024-10-02-at-3.50.03-PM-2-300x300.jpeg\" alt=\"Gdzie bezpiecznie kupi\u0107 marihuan\u0119 online?\" width=\"300\" height=\"300\" srcset=\"https:\/\/hitexoticsdistro.eu\/wp-content\/uploads\/2024\/10\/WhatsApp-Image-2024-10-02-at-3.50.03-PM-2-300x300.jpeg 300w, https:\/\/hitexoticsdistro.eu\/wp-content\/uploads\/2024\/10\/WhatsApp-Image-2024-10-02-at-3.50.03-PM-2-150x150.jpeg 150w, https:\/\/hitexoticsdistro.eu\/wp-content\/uploads\/2024\/10\/WhatsApp-Image-2024-10-02-at-3.50.03-PM-2-600x600.jpeg 600w, https:\/\/hitexoticsdistro.eu\/wp-content\/uploads\/2024\/10\/WhatsApp-Image-2024-10-02-at-3.50.03-PM-2-100x100.jpeg 100w, https:\/\/hitexoticsdistro.eu\/wp-content\/uploads\/2024\/10\/WhatsApp-Image-2024-10-02-at-3.50.03-PM-2.jpeg 640w\" sizes=\"auto, (max-width: 300px) 100vw, 300px\" \/><\/p>","protected":false},"excerpt":{"rendered":"<div class=\"product-short-description\">\n<p>Hybryda &#8211; 50% Sativa \/ 50% Indica<\/p>\n<\/div>","protected":false},"featured_media":395,"comment_status":"closed","ping_status":"closed","template":"","meta":{"_surecart_dashboard_logo_width":"180px","_surecart_dashboard_show_logo":true,"_surecart_dashboard_navigation_orders":true,"_surecart_dashboard_navigation_invoices":true,"_surecart_dashboard_navigation_subscriptions":true,"_surecart_dashboard_navigation_downloads":true,"_surecart_dashboard_navigation_billing":true,"_surecart_dashboard_navigation_account":true,"_uag_custom_page_level_css":"","site-sidebar-layout":"default","site-content-layout":"","ast-site-content-layout":"default","site-content-style":"default","site-sidebar-style":"default","ast-global-header-display":"","ast-banner-title-visibility":"","ast-main-header-display":"","ast-hfb-above-header-display":"","ast-hfb-below-header-display":"","ast-hfb-mobile-header-display":"","site-post-title":"","ast-breadcrumbs-content":"","ast-featured-img":"","footer-sml-layout":"","theme-transparent-header-meta":"default","adv-header-id-meta":"","stick-header-meta":"","header-above-stick-meta":"","header-main-stick-meta":"","header-below-stick-meta":"","astra-migrate-meta-layouts":"set","ast-page-background-enabled":"default","ast-page-background-meta":{"desktop":{"background-color":"var(--ast-global-color-4)","background-image":"","background-repeat":"repeat","background-position":"center center","background-size":"auto","background-attachment":"scroll","background-type":"","background-media":"","overlay-type":"","overlay-color":"","overlay-opacity":"","overlay-gradient":""},"tablet":{"background-color":"","background-image":"","background-repeat":"repeat","background-position":"center center","background-size":"auto","background-attachment":"scroll","background-type":"","background-media":"","overlay-type":"","overlay-color":"","overlay-opacity":"","overlay-gradient":""},"mobile":{"background-color":"","background-image":"","background-repeat":"repeat","background-position":"center center","background-size":"auto","background-attachment":"scroll","background-type":"","background-media":"","overlay-type":"","overlay-color":"","overlay-opacity":"","overlay-gradient":""}},"ast-content-background-meta":{"desktop":{"background-color":"var(--ast-global-color-5)","background-image":"","background-repeat":"repeat","background-position":"center center","background-size":"auto","background-attachment":"scroll","background-type":"","background-media":"","overlay-type":"","overlay-color":"","overlay-opacity":"","overlay-gradient":""},"tablet":{"background-color":"var(--ast-global-color-5)","background-image":"","background-repeat":"repeat","background-position":"center center","background-size":"auto","background-attachment":"scroll","background-type":"","background-media":"","overlay-type":"","overlay-color":"","overlay-opacity":"","overlay-gradient":""},"mobile":{"background-color":"var(--ast-global-color-5)","background-image":"","background-repeat":"repeat","background-position":"center center","background-size":"auto","background-attachment":"scroll","background-type":"","background-media":"","overlay-type":"","overlay-color":"","overlay-opacity":"","overlay-gradient":""}}},"product_brand":[],"product_cat":[61,56],"product_tag":[706,707,703,705,699,701,700,80,702,579,704],"class_list":{"0":"post-351","1":"product","2":"type-product","3":"status-publish","4":"has-post-thumbnail","6":"product_cat-hybrydowe-odmiany-marihuany-online","7":"product_cat-gdzie-moge-kupic-marihuane","8":"product_tag-bezsennosc","9":"product_tag-chronicznybol","10":"product_tag-efektyewok","11":"product_tag-ewokdlakreatywnosci","12":"product_tag-ewokmarijuana","13":"product_tag-hybrdyowekonopie","14":"product_tag-kupewokonline","15":"product_tag-order-ewok-strain-small-buds-hybrid-europe","16":"product_tag-thckoncentracja","17":"product_tag-ulgaodbolu","18":"product_tag-zamowewok","19":"desktop-align-left","20":"tablet-align-left","21":"mobile-align-left","23":"first","24":"instock","25":"shipping-taxable","26":"purchasable","27":"product-type-variable"},"uagb_featured_image_src":{"full":["https:\/\/hitexoticsdistro.eu\/wp-content\/uploads\/2024\/10\/Ewok-Strain-Small-Buds-\u2013-Hybrid.webp",2048,1365,false],"thumbnail":["https:\/\/hitexoticsdistro.eu\/wp-content\/uploads\/2024\/10\/Ewok-Strain-Small-Buds-\u2013-Hybrid-150x150.webp",150,150,true],"medium":["https:\/\/hitexoticsdistro.eu\/wp-content\/uploads\/2024\/10\/Ewok-Strain-Small-Buds-\u2013-Hybrid-300x200.webp",300,200,true],"medium_large":["https:\/\/hitexoticsdistro.eu\/wp-content\/uploads\/2024\/10\/Ewok-Strain-Small-Buds-\u2013-Hybrid-768x512.webp",768,512,true],"large":["https:\/\/hitexoticsdistro.eu\/wp-content\/uploads\/2024\/10\/Ewok-Strain-Small-Buds-\u2013-Hybrid-1024x683.webp",1024,683,true],"1536x1536":["https:\/\/hitexoticsdistro.eu\/wp-content\/uploads\/2024\/10\/Ewok-Strain-Small-Buds-\u2013-Hybrid-1536x1024.webp",1536,1024,true],"2048x2048":["https:\/\/hitexoticsdistro.eu\/wp-content\/uploads\/2024\/10\/Ewok-Strain-Small-Buds-\u2013-Hybrid.webp",2048,1365,false],"trp-custom-language-flag":["https:\/\/hitexoticsdistro.eu\/wp-content\/uploads\/2024\/10\/Ewok-Strain-Small-Buds-\u2013-Hybrid.webp",18,12,false],"woocommerce_thumbnail":["https:\/\/hitexoticsdistro.eu\/wp-content\/uploads\/2024\/10\/Ewok-Strain-Small-Buds-\u2013-Hybrid-300x300.webp",300,300,true],"woocommerce_single":["https:\/\/hitexoticsdistro.eu\/wp-content\/uploads\/2024\/10\/Ewok-Strain-Small-Buds-\u2013-Hybrid-600x400.webp",600,400,true],"woocommerce_gallery_thumbnail":["https:\/\/hitexoticsdistro.eu\/wp-content\/uploads\/2024\/10\/Ewok-Strain-Small-Buds-\u2013-Hybrid-100x100.webp",100,100,true]},"uagb_author_info":{"display_name":"","author_link":"https:\/\/hitexoticsdistro.eu\/en\/author\/"},"uagb_comment_info":0,"uagb_excerpt":"Hybryda - 50% Sativa \/ 50% Indica","_links":{"self":[{"href":"https:\/\/hitexoticsdistro.eu\/en\/wp-json\/wp\/v2\/product\/351","targetHints":{"allow":["GET"]}}],"collection":[{"href":"https:\/\/hitexoticsdistro.eu\/en\/wp-json\/wp\/v2\/product"}],"about":[{"href":"https:\/\/hitexoticsdistro.eu\/en\/wp-json\/wp\/v2\/types\/product"}],"replies":[{"embeddable":true,"href":"https:\/\/hitexoticsdistro.eu\/en\/wp-json\/wp\/v2\/comments?post=351"}],"wp:featuredmedia":[{"embeddable":true,"href":"https:\/\/hitexoticsdistro.eu\/en\/wp-json\/wp\/v2\/media\/395"}],"wp:attachment":[{"href":"https:\/\/hitexoticsdistro.eu\/en\/wp-json\/wp\/v2\/media?parent=351"}],"wp:term":[{"taxonomy":"product_brand","embeddable":true,"href":"https:\/\/hitexoticsdistro.eu\/en\/wp-json\/wp\/v2\/product_brand?post=351"},{"taxonomy":"product_cat","embeddable":true,"href":"https:\/\/hitexoticsdistro.eu\/en\/wp-json\/wp\/v2\/product_cat?post=351"},{"taxonomy":"product_tag","embeddable":true,"href":"https:\/\/hitexoticsdistro.eu\/en\/wp-json\/wp\/v2\/product_tag?post=351"}],"curies":[{"name":"wp","href":"https:\/\/api.w.org\/{rel}","templated":true}]}}