{"id":330,"date":"2024-10-10T22:47:54","date_gmt":"2024-10-10T22:47:54","guid":{"rendered":"https:\/\/hitexoticsdistro.com\/?post_type=product&#038;p=330"},"modified":"2024-10-26T23:50:06","modified_gmt":"2024-10-26T23:50:06","slug":"kup-treasure-island-cbd-strain-flower","status":"publish","type":"product","link":"https:\/\/hitexoticsdistro.eu\/en\/product\/kup-treasure-island-cbd-strain-flower\/","title":{"rendered":"Treasure Island CBD"},"content":{"rendered":"<h2>Kup Treasure Island CBD Strain Flower<\/h2>\n<p>Treasure Island CBD to sativa-dominuj\u0105ca hybryda, kt\u00f3ra \u0142\u0105czy pot\u0119\u017cne efekty odmian <em>Swiss Gold<\/em> i <em>Cannatonic<\/em>. Znana ze swojego wysokiego poziomu CBD i niskiego poziomu THC, Treasure Island CBD oferuje skarby terapeutycznych korzy\u015bci bez przyt\u0142aczaj\u0105cych psychoaktywnych efekt\u00f3w. Z proporcj\u0105 CBD<\/p>\n<div><\/div>\n<p>wynosz\u0105c\u0105 15:1, ta odmiana zwykle zawiera oko\u0142o 14-16% CBD i \u0142agodny poziom THC wynosz\u0105cy 0-2%, co czyni j\u0105 idealnym wyborem dla tych, kt\u00f3rzy szukaj\u0105 ulgi bez &#8222;haju&#8221; kojarzonego z innymi odmianami konopi.<\/p>\n<h3>Dlaczego warto kupi\u0107 Treasure Island CBD Strain Flower online?<\/h3>\n<p>Kupuj\u0105c Treasure Island CBD strain flower online, zyskujesz dost\u0119p do wysokiej jako\u015bci produktu, kt\u00f3ry oferuje doskona\u0142\u0105 r\u00f3wnowag\u0119 pomi\u0119dzy <strong>ul\u017ceniem w b\u00f3lu<\/strong> a <strong>relaksem<\/strong>. Kiedy kupujesz Treasure Island CBD strain flower w zaufanym sklepie, takim jak <a href=\"https:\/\/hitexoticsdistro.eu\/en\/\"><em>Hit Exotics Distro<\/em><\/a>, masz pewno\u015b\u0107, \u017ce otrzymujesz naj\u015bwie\u017csze i najwy\u017cszej jako\u015bci konopie, pochodz\u0105ce od ekspert\u00f3w w uprawie. Niezale\u017cnie od tego, czy szukasz ulgi w chronicznych dolegliwo\u015bciach, czy po prostu chcesz poprawi\u0107 swoje samopoczucie, Treasure Island CBD to niezawodny wyb\u00f3r dla u\u017cytkownik\u00f3w medycznych.<\/p>\n<h3>Efekty i Korzy\u015bci Treasure Island CBD<\/h3>\n<p>Treasure Island CBD s\u0142ynie ze swoich \u0142agodnych, terapeutycznych efekt\u00f3w, kt\u00f3re s\u0105 odpowiednie zar\u00f3wno dla pocz\u0105tkuj\u0105cych, jak i do\u015bwiadczonych u\u017cytkownik\u00f3w <a href=\"https:\/\/hitexoticsdistro.eu\/en\/product-category\/gdzie-moge-kupic-marihuane\/\">konopi<\/a>. W przeciwie\u0144stwie do innych odmian z wysokim poziomem THC, ten kwiat skupia si\u0119 na <strong>relaksie<\/strong> i <strong>koncentracji<\/strong>, nie wywo\u0142uj\u0105c paranoi ani l\u0119k\u00f3w. Delikatny zastrzyk energii oraz <strong>podnosz\u0105ce na duchu efekty<\/strong> czyni\u0105 Treasure Island idealnym wyborem na dzie\u0144, a jego koj\u0105ce w\u0142a\u015bciwo\u015bci sprawiaj\u0105, \u017ce pozostajesz zrelaksowany.<\/p>\n<p><strong>Najcz\u0119stsze efekty obejmuj\u0105<\/strong>:<\/p>\n<ul>\n<li><strong>Koncentracja<\/strong>: Wzmacnia skupienie, nie zaciemniaj\u0105c umys\u0142u.<\/li>\n<li><strong>Szcz\u0119\u015bcie<\/strong>: Poprawia nastr\u00f3j, promuj\u0105c poczucie dobrostanu.<\/li>\n<li><strong>Spok\u00f3j<\/strong>: Wprowadza w stan spokoju bez nadmiernego uspokojenia.<\/li>\n<li><strong>Relaks<\/strong>: \u0141agodzi napi\u0119cie psychiczne i fizyczne, co czyni go idealnym dla tych, kt\u00f3rzy szukaj\u0105 ulgi w stresie i b\u00f3lu.<\/li>\n<li><strong>Podnosz\u0105ce na duchu<\/strong>: Dodaje pozytywnej energii, pomagaj\u0105c utrzyma\u0107 produktywno\u015b\u0107 i motywacj\u0119.<\/li>\n<\/ul>\n<h3>Terapeutyczna Ulga z Treasure Island CBD Strain<\/h3>\n<p>Wysoka zawarto\u015b\u0107 CBD sprawia, \u017ce Treasure Island CBD jest idealna do leczenia r\u00f3\u017cnorodnych dolegliwo\u015bci fizycznych i psychicznych. Niezale\u017cnie od tego, czy cierpisz na przewlek\u0142y b\u00f3l, czy stres, ta odmiana zapewnia naturaln\u0105 alternatyw\u0119 dla farmaceutyk\u00f3w.<\/p>\n<p>Treasure Island CBD mo\u017ce pom\u00f3c w:<\/p>\n<ul>\n<li><strong>Artretyzm<\/strong>: Zmniejsza b\u00f3l staw\u00f3w i zapalenia, u\u0142atwiaj\u0105c ruch.<\/li>\n<li><strong>Przewlek\u0142y b\u00f3l<\/strong>: Zapewnia d\u0142ugotrwa\u0142\u0105 ulg\u0119 bez efekt\u00f3w psychoaktywnych.<\/li>\n<li><strong>Depresja<\/strong>: Poprawia nastr\u00f3j i \u0142agodzi uczucia smutku lub beznadziei.<\/li>\n<li><strong>B\u00f3le g\u0142owy<\/strong>: \u0141agodzi b\u00f3le g\u0142owy i migreny dzi\u0119ki swoim koj\u0105cym w\u0142a\u015bciwo\u015bciom.<\/li>\n<li><strong>Zapalenie<\/strong>: Redukuje stany zapalne w ca\u0142ym ciele, poprawiaj\u0105c og\u00f3lne zdrowie.<\/li>\n<li><strong>Stres<\/strong>: \u0141agodzi napi\u0119cie psychiczne, pozwalaj\u0105c na skupienie i zachowanie spokoju.<\/li>\n<\/ul>\n<h3>Profil Smakowy i Aromat Treasure Island CBD<\/h3>\n<p>Treasure Island CBD urzeka zmys\u0142y swoim <strong>zio\u0142owym<\/strong>, <strong>s\u0142odkim<\/strong> i <strong>drzewnym<\/strong> profilem smakowym. Ka\u017cdy wdech przynosi koj\u0105cy <strong>ziemisty<\/strong> i <strong>kwiatowy<\/strong> aromat z subtelnymi nutami <strong>lawendy<\/strong> i <strong>drzewnymi<\/strong> akcentami, co sprawia, \u017ce jest to przyjemne do\u015bwiadczenie od pocz\u0105tku do ko\u0144ca. Niezale\u017cnie od tego, czy waporyzujesz, czy palisz t\u0119 odmian\u0119, delikatny, s\u0142odki smak pozostaje na podniebieniu, zapewniaj\u0105c relaksuj\u0105ce doznania.<\/p>\n<h3>Kup Treasure Island CBD Strain Flower ju\u017c dzi\u015b!<\/h3>\n<p>Je\u015bli szukasz naturalnego sposobu na walk\u0119 z b\u00f3lem, zapaleniem, stresem lub l\u0119kiem bez przyt\u0142aczaj\u0105cych efekt\u00f3w THC, <strong>Kup Treasure Island CBD Strain Flower<\/strong> online ju\u017c dzi\u015b. W <em>Hit Exotics Distro<\/em> dbamy o najwy\u017csze standardy uprawy, zbioru i dostawy, dzi\u0119ki czemu mo\u017cesz mie\u0107 pewno\u015b\u0107, \u017ce ka\u017cdy kwiat jest pe\u0142en mocy i czysto\u015bci. Ciesz si\u0119 terapeutycznymi korzy\u015bciami konopi bogatych w CBD z komfortu swojego domu, z dyskretn\u0105 i niezawodn\u0105 dostaw\u0105.<\/p>\n<h3>Cz\u0119sto Zadawane Pytania<\/h3>\n<h4>Jaka jest zawarto\u015b\u0107 CBD w odmianie Treasure Island CBD?<\/h4>\n<p>Treasure Island CBD zawiera oko\u0142o 14-16% CBD, z niskim poziomem THC wynosz\u0105cym 0-2%, co czyni j\u0105 idealn\u0105 dla u\u017cytkownik\u00f3w poszukuj\u0105cych korzy\u015bci terapeutycznych bez psychoaktywnych efekt\u00f3w THC.<\/p>\n<h4>Czy Treasure Island CBD jest dobra na b\u00f3l?<\/h4>\n<p>Tak, Treasure Island CBD jest niezwykle skuteczna w leczeniu <strong>przewlek\u0142ego b\u00f3lu<\/strong>, <strong>artretyzmu<\/strong> i <strong>zapale\u0144<\/strong>. Jej wysoka zawarto\u015b\u0107 <a href=\"https:\/\/biohemp.pl\/pl\/olejki-ekstrakty-cbd-cbg\/\" rel=\"nofollow noopener\" target=\"_blank\">CBD<\/a> zapewnia d\u0142ugotrwa\u0142\u0105 ulg\u0119 bez uspokajania.<\/p>\n<h4>Czy mog\u0119 u\u017cywa\u0107 Treasure Island CBD w ci\u0105gu dnia?<\/h4>\n<p>Zdecydowanie! <strong>Podnosz\u0105ce na duchu<\/strong> i <strong>spokojne<\/strong> efekty Treasure Island CBD sprawiaj\u0105, \u017ce jest odpowiednia do u\u017cytku w ci\u0105gu dnia. Wspomaga koncentracj\u0119 i uczucie spokoju, pomagaj\u0105c pozosta\u0107 produktywnym, jednocze\u015bnie \u0142agodz\u0105c stres.<\/p>\n<h4>Jak smakuje Treasure Island CBD?<\/h4>\n<p>Treasure Island CBD ma przyjemny, <strong>zio\u0142owy<\/strong>, <strong>s\u0142odki<\/strong> i <strong>drzewny<\/strong> profil smakowy, z <strong>ziemistymi<\/strong> i <strong>kwiatowymi<\/strong> aromatami, kt\u00f3re koj\u0105 zmys\u0142y.<\/p>\n<h4>Gdzie mog\u0119 kupi\u0107 Treasure Island CBD strain flower?<\/h4>\n<p>Mo\u017cesz <strong>kupi\u0107 Treasure Island CBD strain flower<\/strong> w zaufanych sklepach internetowych, takich jak <em>Hit Exotics Distro<\/em>, gdzie znajdziesz najwy\u017cszej jako\u015bci kwiaty konopi bogatych w CBD, z szybk\u0105 i dyskretn\u0105 dostaw\u0105.<\/p>\n<h3>Podsumowanie<\/h3>\n<p>Treasure Island CBD to odmiana, kt\u00f3r\u0105 warto wypr\u00f3bowa\u0107, je\u015bli szukasz terapeutycznych korzy\u015bci p\u0142yn\u0105cych z konopi bez efekt\u00f3w psychoaktywnych. Jej zr\u00f3wnowa\u017cone efekty, delikatny zastrzyk energii i d\u0142ugotrwa\u0142a ulga w b\u00f3lu sprawiaj\u0105, \u017ce jest idealna na dzie\u0144, a jej wysoka zawarto\u015b\u0107 CBD oferuje znaczn\u0105 ulg\u0119 w wielu dolegliwo\u015bciach. Niezale\u017cnie od tego, czy walczysz z <strong>stresem<\/strong>, <strong>zapaleniem<\/strong>, czy <strong>przewlek\u0142ym b\u00f3lem<\/strong>, <strong>Kup Treasure Island CBD Strain Flower<\/strong> online ju\u017c dzi\u015b i odkryj cuda tej \u0142agodnej, ale pot\u0119\u017cnej odmiany konopi.<\/p>\n<p>&nbsp;<\/p>\n<p><img loading=\"lazy\" decoding=\"async\" class=\"alignnone size-medium wp-image-1149\" src=\"https:\/\/hitexoticsdistro.eu\/wp-content\/uploads\/2024\/10\/WhatsApp-Image-2024-10-02-at-3.50.03-PM-2-300x300.jpeg\" alt=\"Gdzie bezpiecznie kupi\u0107 marihuan\u0119 online?\" width=\"300\" height=\"300\" srcset=\"https:\/\/hitexoticsdistro.eu\/wp-content\/uploads\/2024\/10\/WhatsApp-Image-2024-10-02-at-3.50.03-PM-2-300x300.jpeg 300w, https:\/\/hitexoticsdistro.eu\/wp-content\/uploads\/2024\/10\/WhatsApp-Image-2024-10-02-at-3.50.03-PM-2-150x150.jpeg 150w, https:\/\/hitexoticsdistro.eu\/wp-content\/uploads\/2024\/10\/WhatsApp-Image-2024-10-02-at-3.50.03-PM-2-600x600.jpeg 600w, https:\/\/hitexoticsdistro.eu\/wp-content\/uploads\/2024\/10\/WhatsApp-Image-2024-10-02-at-3.50.03-PM-2-100x100.jpeg 100w, https:\/\/hitexoticsdistro.eu\/wp-content\/uploads\/2024\/10\/WhatsApp-Image-2024-10-02-at-3.50.03-PM-2.jpeg 640w\" sizes=\"auto, (max-width: 300px) 100vw, 300px\" \/><\/p>","protected":false},"excerpt":{"rendered":"<p>Kup Treasure Island CBD Strain Flower Treasure Island CBD to sativa-dominuj\u0105ca hybryda, kt\u00f3ra \u0142\u0105czy pot\u0119\u017cne efekty odmian Swiss Gold i [&hellip;]<\/p>\n","protected":false},"featured_media":374,"comment_status":"closed","ping_status":"closed","template":"","meta":{"_surecart_dashboard_logo_width":"180px","_surecart_dashboard_show_logo":true,"_surecart_dashboard_navigation_orders":true,"_surecart_dashboard_navigation_invoices":true,"_surecart_dashboard_navigation_subscriptions":true,"_surecart_dashboard_navigation_downloads":true,"_surecart_dashboard_navigation_billing":true,"_surecart_dashboard_navigation_account":true,"_uag_custom_page_level_css":"","site-sidebar-layout":"default","site-content-layout":"","ast-site-content-layout":"default","site-content-style":"default","site-sidebar-style":"default","ast-global-header-display":"","ast-banner-title-visibility":"","ast-main-header-display":"","ast-hfb-above-header-display":"","ast-hfb-below-header-display":"","ast-hfb-mobile-header-display":"","site-post-title":"","ast-breadcrumbs-content":"","ast-featured-img":"","footer-sml-layout":"","theme-transparent-header-meta":"default","adv-header-id-meta":"","stick-header-meta":"","header-above-stick-meta":"","header-main-stick-meta":"","header-below-stick-meta":"","astra-migrate-meta-layouts":"set","ast-page-background-enabled":"default","ast-page-background-meta":{"desktop":{"background-color":"var(--ast-global-color-4)","background-image":"","background-repeat":"repeat","background-position":"center center","background-size":"auto","background-attachment":"scroll","background-type":"","background-media":"","overlay-type":"","overlay-color":"","overlay-opacity":"","overlay-gradient":""},"tablet":{"background-color":"","background-image":"","background-repeat":"repeat","background-position":"center center","background-size":"auto","background-attachment":"scroll","background-type":"","background-media":"","overlay-type":"","overlay-color":"","overlay-opacity":"","overlay-gradient":""},"mobile":{"background-color":"","background-image":"","background-repeat":"repeat","background-position":"center center","background-size":"auto","background-attachment":"scroll","background-type":"","background-media":"","overlay-type":"","overlay-color":"","overlay-opacity":"","overlay-gradient":""}},"ast-content-background-meta":{"desktop":{"background-color":"var(--ast-global-color-5)","background-image":"","background-repeat":"repeat","background-position":"center center","background-size":"auto","background-attachment":"scroll","background-type":"","background-media":"","overlay-type":"","overlay-color":"","overlay-opacity":"","overlay-gradient":""},"tablet":{"background-color":"var(--ast-global-color-5)","background-image":"","background-repeat":"repeat","background-position":"center center","background-size":"auto","background-attachment":"scroll","background-type":"","background-media":"","overlay-type":"","overlay-color":"","overlay-opacity":"","overlay-gradient":""},"mobile":{"background-color":"var(--ast-global-color-5)","background-image":"","background-repeat":"repeat","background-position":"center center","background-size":"auto","background-attachment":"scroll","background-type":"","background-media":"","overlay-type":"","overlay-color":"","overlay-opacity":"","overlay-gradient":""}}},"product_brand":[],"product_cat":[56,57],"product_tag":[627,551,629,626,624,625,73,630,623,628],"class_list":{"0":"post-330","1":"product","2":"type-product","3":"status-publish","4":"has-post-thumbnail","6":"product_cat-gdzie-moge-kupic-marihuane","7":"product_cat-kup-marihuane-sativa-online-polska","8":"product_tag-cbdnabol","9":"product_tag-hitexoticsdistro","10":"product_tag-konopienastres","11":"product_tag-kupcbdflower","12":"product_tag-kuptreasureislandcbd","13":"product_tag-odmianycbd","14":"product_tag-order-treasure-island-cbd-strain-flower-sativa-europe","15":"product_tag-relaksujacecbd","16":"product_tag-treasureislandcbd","17":"product_tag-wysokipoziomcbd","18":"desktop-align-left","19":"tablet-align-left","20":"mobile-align-left","22":"first","23":"instock","24":"shipping-taxable","25":"purchasable","26":"product-type-variable"},"uagb_featured_image_src":{"full":["https:\/\/hitexoticsdistro.eu\/wp-content\/uploads\/2024\/10\/Treasure-Island-CBD-Strain-Flower-\u2013-Sativa.webp",2560,1707,false],"thumbnail":["https:\/\/hitexoticsdistro.eu\/wp-content\/uploads\/2024\/10\/Treasure-Island-CBD-Strain-Flower-\u2013-Sativa-150x150.webp",150,150,true],"medium":["https:\/\/hitexoticsdistro.eu\/wp-content\/uploads\/2024\/10\/Treasure-Island-CBD-Strain-Flower-\u2013-Sativa-300x200.webp",300,200,true],"medium_large":["https:\/\/hitexoticsdistro.eu\/wp-content\/uploads\/2024\/10\/Treasure-Island-CBD-Strain-Flower-\u2013-Sativa-768x512.webp",768,512,true],"large":["https:\/\/hitexoticsdistro.eu\/wp-content\/uploads\/2024\/10\/Treasure-Island-CBD-Strain-Flower-\u2013-Sativa-1024x683.webp",1024,683,true],"1536x1536":["https:\/\/hitexoticsdistro.eu\/wp-content\/uploads\/2024\/10\/Treasure-Island-CBD-Strain-Flower-\u2013-Sativa-1536x1024.webp",1536,1024,true],"2048x2048":["https:\/\/hitexoticsdistro.eu\/wp-content\/uploads\/2024\/10\/Treasure-Island-CBD-Strain-Flower-\u2013-Sativa-2048x1366.webp",2048,1366,true],"trp-custom-language-flag":["https:\/\/hitexoticsdistro.eu\/wp-content\/uploads\/2024\/10\/Treasure-Island-CBD-Strain-Flower-\u2013-Sativa.webp",18,12,false],"woocommerce_thumbnail":["https:\/\/hitexoticsdistro.eu\/wp-content\/uploads\/2024\/10\/Treasure-Island-CBD-Strain-Flower-\u2013-Sativa-300x300.webp",300,300,true],"woocommerce_single":["https:\/\/hitexoticsdistro.eu\/wp-content\/uploads\/2024\/10\/Treasure-Island-CBD-Strain-Flower-\u2013-Sativa-600x400.webp",600,400,true],"woocommerce_gallery_thumbnail":["https:\/\/hitexoticsdistro.eu\/wp-content\/uploads\/2024\/10\/Treasure-Island-CBD-Strain-Flower-\u2013-Sativa-100x100.webp",100,100,true]},"uagb_author_info":{"display_name":"","author_link":"https:\/\/hitexoticsdistro.eu\/en\/author\/"},"uagb_comment_info":0,"uagb_excerpt":"Kup Treasure Island CBD Strain Flower Treasure Island CBD to sativa-dominuj\u0105ca hybryda, kt\u00f3ra \u0142\u0105czy pot\u0119\u017cne efekty odmian Swiss Gold i [&hellip;]","_links":{"self":[{"href":"https:\/\/hitexoticsdistro.eu\/en\/wp-json\/wp\/v2\/product\/330","targetHints":{"allow":["GET"]}}],"collection":[{"href":"https:\/\/hitexoticsdistro.eu\/en\/wp-json\/wp\/v2\/product"}],"about":[{"href":"https:\/\/hitexoticsdistro.eu\/en\/wp-json\/wp\/v2\/types\/product"}],"replies":[{"embeddable":true,"href":"https:\/\/hitexoticsdistro.eu\/en\/wp-json\/wp\/v2\/comments?post=330"}],"wp:featuredmedia":[{"embeddable":true,"href":"https:\/\/hitexoticsdistro.eu\/en\/wp-json\/wp\/v2\/media\/374"}],"wp:attachment":[{"href":"https:\/\/hitexoticsdistro.eu\/en\/wp-json\/wp\/v2\/media?parent=330"}],"wp:term":[{"taxonomy":"product_brand","embeddable":true,"href":"https:\/\/hitexoticsdistro.eu\/en\/wp-json\/wp\/v2\/product_brand?post=330"},{"taxonomy":"product_cat","embeddable":true,"href":"https:\/\/hitexoticsdistro.eu\/en\/wp-json\/wp\/v2\/product_cat?post=330"},{"taxonomy":"product_tag","embeddable":true,"href":"https:\/\/hitexoticsdistro.eu\/en\/wp-json\/wp\/v2\/product_tag?post=330"}],"curies":[{"name":"wp","href":"https:\/\/api.w.org\/{rel}","templated":true}]}}