{"id":327,"date":"2024-10-10T22:47:54","date_gmt":"2024-10-10T22:47:54","guid":{"rendered":"https:\/\/hitexoticsdistro.com\/?post_type=product&#038;p=327"},"modified":"2024-10-27T00:22:06","modified_gmt":"2024-10-27T00:22:06","slug":"marihuana-ice-wreck-na-sprzedaz","status":"publish","type":"product","link":"https:\/\/hitexoticsdistro.eu\/en\/product\/marihuana-ice-wreck-na-sprzedaz\/","title":{"rendered":"Ice Wreck"},"content":{"rendered":"<h3>Marihuana Ice Wreck na sprzeda\u017c: Pot\u0119\u017cna Hybryda o Zr\u00f3wnowa\u017conym Efekcie<\/h3>\n<p>Ice Wreck to wyj\u0105tkowa <a href=\"https:\/\/hitexoticsdistro.eu\/en\/product-category\/hybrydowe-odmiany-marihuany-online\/\">hybryda<\/a>, kt\u00f3ra \u0142\u0105czy w sobie cechy zar\u00f3wno indica, jak i sativa w idealnych proporcjach 50\/50. Z zawarto\u015bci\u0105 THC si\u0119gaj\u0105c\u0105 27%, ta odmiana jest odpowiednia dla do\u015bwiadczonych u\u017cytkownik\u00f3w szukaj\u0105cych mocnych wra\u017ce\u0144 i g\u0142\u0119bokiego relaksu. Ice Wreck znana jest ze swojego powolnego, ale pot\u0119\u017cnego dzia\u0142ania, kt\u00f3re stopniowo obejmuje cia\u0142o i umys\u0142, oferuj\u0105c d\u0142ugotrwa\u0142y efekt.<\/p>\n<h3>Jakie s\u0105 efekty Marihuany Ice Wreck?<\/h3>\n<p><strong>Ice Wreck<\/strong> dzia\u0142a powoli, ale intensywnie. U\u017cytkownicy cz\u0119sto zauwa\u017caj\u0105, \u017ce haj zaczyna si\u0119 od subtelnej euforii, kt\u00f3ra powoli ogarnia umys\u0142, wprowadzaj\u0105c w stan relaksu i jasnych my\u015bli. Nast\u0119pnie pojawia si\u0119 uczucie ciep\u0142a i delikatnego mrowienia w ca\u0142ym ciele, kt\u00f3re ostatecznie prowadzi do g\u0142\u0119bokiego odpr\u0119\u017cenia.<\/p>\n<p>To cia\u0142o-relaksuj\u0105ce dzia\u0142anie jest jednym z g\u0142\u00f3wnych powod\u00f3w, dla kt\u00f3rych <strong>Ice Wreck<\/strong> jest tak popularna. W miar\u0119 jak haj post\u0119puje, u\u017cytkownicy cz\u0119sto do\u015bwiadczaj\u0105 stanu kanapowej blokady, a nadmierna konsumpcja mo\u017ce prowadzi\u0107 do senno\u015bci, co czyni t\u0119 odmian\u0119 idealn\u0105 na wiecz\u00f3r.<\/p>\n<h3>Jakie schorzenia mo\u017cna leczy\u0107 za pomoc\u0105 Ice Wreck?<\/h3>\n<p>Ice Wreck jest ch\u0119tnie stosowana przez osoby zmagaj\u0105ce si\u0119 z r\u00f3\u017cnymi dolegliwo\u015bciami fizycznymi i psychicznymi. Jej silne dzia\u0142anie sprawia, \u017ce mo\u017ce by\u0107 skuteczna w leczeniu:<\/p>\n<ul>\n<li><strong>Przewlek\u0142ego b\u00f3lu<\/strong>: Dzi\u0119ki g\u0142\u0119bokiemu efektowi odpr\u0119\u017cenia, Ice Wreck mo\u017ce pom\u00f3c w \u0142agodzeniu b\u00f3lu mi\u0119\u015bni, staw\u00f3w i innych dolegliwo\u015bci.<\/li>\n<li><strong>Stresu i napi\u0119cia<\/strong>: Euforyczne dzia\u0142anie Ice Wreck skutecznie \u0142agodzi stres i pozwala na uspokojenie umys\u0142u.<\/li>\n<li><strong>B\u00f3li g\u0142owy i migren<\/strong>: Relaksuj\u0105cy efekt na cia\u0142o mo\u017ce zmniejszy\u0107 intensywno\u015b\u0107 migren i napi\u0119ciowych b\u00f3l\u00f3w g\u0142owy.<\/li>\n<li><strong>Skurcz\u00f3w mi\u0119\u015bni<\/strong>: Dzia\u0142anie relaksuj\u0105ce mi\u0119\u015bnie sprawia, \u017ce Ice Wreck jest \u015bwietnym rozwi\u0105zaniem dla os\u00f3b cierpi\u0105cych na skurcze.<\/li>\n<\/ul>\n<h3>Jak smakuje i pachnie Marihuana Ice Wreck?<\/h3>\n<p>Smak i zapach <strong>Ice Wreck<\/strong> s\u0105 r\u00f3wnie intensywne, co jej dzia\u0142anie. Ta odmiana ma silny <strong>ziemisty, mi\u0119towy aromat<\/strong>, kt\u00f3ry \u0142\u0105czy si\u0119 z chemicznymi nutami i intensywnym zapachem skunksa. Je\u015bli chodzi o smak, Ice Wreck jest wyj\u0105tkowo ostra, co mo\u017ce przypa\u015b\u0107 <a href=\"https:\/\/biohemp.pl\/pl\/olejki-ekstrakty-cbd-cbg\/\" rel=\"nofollow noopener\" target=\"_blank\">do<\/a> gustu u\u017cytkownikom lubi\u0105cym mocne, charakterystyczne smaki.<\/p>\n<h3>Gdzie kupi\u0107 Marihuan\u0119 Ice Wreck na sprzeda\u017c?<\/h3>\n<p>Je\u015bli szukasz sprawdzonego miejsca, aby kupi\u0107 <strong>Marihuan\u0119 Ice Wreck na sprzeda\u017c<\/strong>, odwied\u017a <em>Hit Exotics Distro<\/em>. Oferujemy najwy\u017cszej jako\u015bci marihuan\u0119, kt\u00f3r\u0105 dostarczamy dyskretnie i bezpiecznie prosto do twoich drzwi. Zakupy online zapewniaj\u0105 wygod\u0119 i dost\u0119p do starannie wyselekcjonowanych produkt\u00f3w o wysokiej jako\u015bci.<\/p>\n<h3>THC, Indica i Sativa w Ice Wreck<\/h3>\n<p><strong>Ice Wreck<\/strong> zawiera imponuj\u0105ce 27% THC, co czyni j\u0105 jedn\u0105 z mocniejszych odmian na rynku. Dzi\u0119ki r\u00f3wnowadze pomi\u0119dzy indica i sativa, Ice Wreck oferuje wyj\u0105tkowy mix efekt\u00f3w: pocz\u0105tkowe pobudzenie umys\u0142owe i eufori\u0119 charakterystyczn\u0105 dla sativy oraz g\u0142\u0119boki relaks i uczucie uspokojenia, jakie daje indica.<\/p>\n<h3>Dlaczego warto wybra\u0107 Ice Wreck?<\/h3>\n<ul>\n<li><strong>Zr\u00f3wnowa\u017cony efekt<\/strong>: Dzi\u0119ki idealnej proporcji <a href=\"https:\/\/hitexoticsdistro.eu\/en\/product-category\/kup-konopie-indyjskie-indica-online\/\">indica<\/a>\/<a href=\"https:\/\/hitexoticsdistro.eu\/en\/product-category\/kup-marihuane-sativa-online-polska\/\">sativa<\/a>, Ice Wreck dostarcza pe\u0142ne spektrum do\u015bwiadcze\u0144 \u2013 od euforii po g\u0142\u0119boki relaks.<\/li>\n<li><strong>Wysoka zawarto\u015b\u0107 THC<\/strong>: Z 27% THC, Ice Wreck oferuje pot\u0119\u017cne dzia\u0142anie, kt\u00f3re zadowoli nawet najbardziej do\u015bwiadczonych u\u017cytkownik\u00f3w.<\/li>\n<li><strong>D\u0142ugotrwa\u0142e dzia\u0142anie<\/strong>: Efekt Ice Wreck mo\u017ce trwa\u0107 wiele godzin, co czyni j\u0105 idealn\u0105 na wieczorne sesje relaksacyjne.<\/li>\n<\/ul>\n<h3>Kup Marihuan\u0119 Ice Wreck na sprzeda\u017c Online Ju\u017c Teraz!<\/h3>\n<p>Je\u015bli jeste\u015b gotowy, aby do\u015bwiadczy\u0107 mocy Ice Wreck, odwied\u017a <em>Hit Exotics Distro<\/em> i kup <strong>Marihuan\u0119 Ice Wreck na sprzeda\u017c<\/strong> online. Gwarantujemy najwy\u017csz\u0105 jako\u015b\u0107 produktu oraz dyskretn\u0105 i bezpieczn\u0105 wysy\u0142k\u0119. Dzi\u0119ki naszej szerokiej ofercie marihuany, mo\u017cesz cieszy\u0107 si\u0119 moc\u0105 i wyj\u0105tkowymi efektami Ice Wreck w zaciszu w\u0142asnego domu.<\/p>\n<h3>Najcz\u0119\u015bciej Zadawane Pytania (FAQ)<\/h3>\n<h4>Czy Ice Wreck jest odpowiednia dla pocz\u0105tkuj\u0105cych?<\/h4>\n<p><strong>Ice Wreck<\/strong> jest odmian\u0105 o wysokiej zawarto\u015bci THC (27%), wi\u0119c mo\u017ce by\u0107 zbyt mocna dla pocz\u0105tkuj\u0105cych u\u017cytkownik\u00f3w. Zalecamy ostro\u017cno\u015b\u0107 i rozpocz\u0119cie od ma\u0142ych dawek.<\/p>\n<h4>Jak d\u0142ugo trwaj\u0105 efekty Ice Wreck?<\/h4>\n<p>Efekty Ice Wreck mog\u0105 trwa\u0107 od 2 do 4 godzin, w zale\u017cno\u015bci od tolerancji u\u017cytkownika oraz spo\u017cytej ilo\u015bci.<\/p>\n<h4>Czy Ice Wreck mo\u017ce pom\u00f3c w leczeniu bezsenno\u015bci?<\/h4>\n<p>Tak, dzi\u0119ki swojemu silnemu efektowi sedacyjnemu, Ice Wreck jest cz\u0119sto stosowana przez osoby cierpi\u0105ce na bezsenno\u015b\u0107.<\/p>\n<h4>Jaki jest smak i zapach Ice Wreck?<\/h4>\n<p>Ice Wreck ma intensywny, ziemisty aromat z mi\u0119towymi i chemicznymi nutami, kt\u00f3re s\u0105 uzupe\u0142nione ostrym, skunksowym smakiem.<\/p>\n<h3>Podsumowanie<\/h3>\n<p>Ice Wreck to niezwykle silna hybryda, kt\u00f3ra \u0142\u0105czy w sobie najlepsze cechy indica i sativa. Dzi\u0119ki wysokiemu poziomowi THC i zr\u00f3wnowa\u017conym efektom, jest idealnym wyborem zar\u00f3wno dla u\u017cytkownik\u00f3w rekreacyjnych, jak i tych, kt\u00f3rzy szukaj\u0105 naturalnej ulgi w b\u00f3lu, stresie czy migrenach. Kup <strong>Marihuan\u0119 Ice Wreck na sprzeda\u017c<\/strong> ju\u017c teraz w <em>Hit Exotics Distro<\/em> i ciesz si\u0119 pot\u0119\u017cnym, d\u0142ugotrwa\u0142ym dzia\u0142aniem tej wyj\u0105tkowej odmiany.<\/p>\n<p>&nbsp;<\/p>\n<p><img loading=\"lazy\" decoding=\"async\" class=\"alignnone size-medium wp-image-1149\" src=\"https:\/\/hitexoticsdistro.eu\/wp-content\/uploads\/2024\/10\/WhatsApp-Image-2024-10-02-at-3.50.03-PM-2-300x300.jpeg\" alt=\"Gdzie bezpiecznie kupi\u0107 marihuan\u0119 online?\" width=\"300\" height=\"300\" srcset=\"https:\/\/hitexoticsdistro.eu\/wp-content\/uploads\/2024\/10\/WhatsApp-Image-2024-10-02-at-3.50.03-PM-2-300x300.jpeg 300w, https:\/\/hitexoticsdistro.eu\/wp-content\/uploads\/2024\/10\/WhatsApp-Image-2024-10-02-at-3.50.03-PM-2-150x150.jpeg 150w, https:\/\/hitexoticsdistro.eu\/wp-content\/uploads\/2024\/10\/WhatsApp-Image-2024-10-02-at-3.50.03-PM-2-600x600.jpeg 600w, https:\/\/hitexoticsdistro.eu\/wp-content\/uploads\/2024\/10\/WhatsApp-Image-2024-10-02-at-3.50.03-PM-2-100x100.jpeg 100w, https:\/\/hitexoticsdistro.eu\/wp-content\/uploads\/2024\/10\/WhatsApp-Image-2024-10-02-at-3.50.03-PM-2.jpeg 640w\" sizes=\"auto, (max-width: 300px) 100vw, 300px\" \/><\/p>","protected":false},"excerpt":{"rendered":"<p><strong>Smak:<\/strong> Ziemisty| Diesel | Skunky | Woody<\/p>\n<p><strong>Zastosowanie medyczne:<\/strong> Przewlek\u0142y b\u00f3l | B\u00f3le g\u0142owy | Stres | Skurcze<\/p>\n<p><strong>Zawarto\u015b\u0107 THC:<\/strong> 27% Najwy\u017csza<\/p>","protected":false},"featured_media":371,"comment_status":"closed","ping_status":"closed","template":"","meta":{"_surecart_dashboard_logo_width":"180px","_surecart_dashboard_show_logo":true,"_surecart_dashboard_navigation_orders":true,"_surecart_dashboard_navigation_invoices":true,"_surecart_dashboard_navigation_subscriptions":true,"_surecart_dashboard_navigation_downloads":true,"_surecart_dashboard_navigation_billing":true,"_surecart_dashboard_navigation_account":true,"_uag_custom_page_level_css":"","site-sidebar-layout":"default","site-content-layout":"","ast-site-content-layout":"default","site-content-style":"default","site-sidebar-style":"default","ast-global-header-display":"","ast-banner-title-visibility":"","ast-main-header-display":"","ast-hfb-above-header-display":"","ast-hfb-below-header-display":"","ast-hfb-mobile-header-display":"","site-post-title":"","ast-breadcrumbs-content":"","ast-featured-img":"","footer-sml-layout":"","theme-transparent-header-meta":"default","adv-header-id-meta":"","stick-header-meta":"","header-above-stick-meta":"","header-main-stick-meta":"","header-below-stick-meta":"","astra-migrate-meta-layouts":"set","ast-page-background-enabled":"default","ast-page-background-meta":{"desktop":{"background-color":"var(--ast-global-color-4)","background-image":"","background-repeat":"repeat","background-position":"center center","background-size":"auto","background-attachment":"scroll","background-type":"","background-media":"","overlay-type":"","overlay-color":"","overlay-opacity":"","overlay-gradient":""},"tablet":{"background-color":"","background-image":"","background-repeat":"repeat","background-position":"center center","background-size":"auto","background-attachment":"scroll","background-type":"","background-media":"","overlay-type":"","overlay-color":"","overlay-opacity":"","overlay-gradient":""},"mobile":{"background-color":"","background-image":"","background-repeat":"repeat","background-position":"center center","background-size":"auto","background-attachment":"scroll","background-type":"","background-media":"","overlay-type":"","overlay-color":"","overlay-opacity":"","overlay-gradient":""}},"ast-content-background-meta":{"desktop":{"background-color":"var(--ast-global-color-5)","background-image":"","background-repeat":"repeat","background-position":"center center","background-size":"auto","background-attachment":"scroll","background-type":"","background-media":"","overlay-type":"","overlay-color":"","overlay-opacity":"","overlay-gradient":""},"tablet":{"background-color":"var(--ast-global-color-5)","background-image":"","background-repeat":"repeat","background-position":"center center","background-size":"auto","background-attachment":"scroll","background-type":"","background-media":"","overlay-type":"","overlay-color":"","overlay-opacity":"","overlay-gradient":""},"mobile":{"background-color":"var(--ast-global-color-5)","background-image":"","background-repeat":"repeat","background-position":"center center","background-size":"auto","background-attachment":"scroll","background-type":"","background-media":"","overlay-type":"","overlay-color":"","overlay-opacity":"","overlay-gradient":""}}},"product_brand":[],"product_cat":[61,56],"product_tag":[70,745,742,744,743,746],"class_list":{"0":"post-327","1":"product","2":"type-product","3":"status-publish","4":"has-post-thumbnail","6":"product_cat-hybrydowe-odmiany-marihuany-online","7":"product_cat-gdzie-moge-kupic-marihuane","8":"product_tag-buy-ice-wreck-sativa-weed-straineurope","9":"product_tag-hybydowamarihuana","10":"product_tag-icewreck","11":"product_tag-konopienasprzedaz","12":"product_tag-marihuanaicewreck","13":"product_tag-marihuanazthc","14":"desktop-align-left","15":"tablet-align-left","16":"mobile-align-left","18":"first","19":"instock","20":"shipping-taxable","21":"purchasable","22":"product-type-variable"},"uagb_featured_image_src":{"full":["https:\/\/hitexoticsdistro.eu\/wp-content\/uploads\/2024\/10\/Ice-Wreck-Sativa-Weed-Strain.png",916,953,false],"thumbnail":["https:\/\/hitexoticsdistro.eu\/wp-content\/uploads\/2024\/10\/Ice-Wreck-Sativa-Weed-Strain-150x150.png",150,150,true],"medium":["https:\/\/hitexoticsdistro.eu\/wp-content\/uploads\/2024\/10\/Ice-Wreck-Sativa-Weed-Strain-288x300.png",288,300,true],"medium_large":["https:\/\/hitexoticsdistro.eu\/wp-content\/uploads\/2024\/10\/Ice-Wreck-Sativa-Weed-Strain-768x799.png",768,799,true],"large":["https:\/\/hitexoticsdistro.eu\/wp-content\/uploads\/2024\/10\/Ice-Wreck-Sativa-Weed-Strain.png",916,953,false],"1536x1536":["https:\/\/hitexoticsdistro.eu\/wp-content\/uploads\/2024\/10\/Ice-Wreck-Sativa-Weed-Strain.png",916,953,false],"2048x2048":["https:\/\/hitexoticsdistro.eu\/wp-content\/uploads\/2024\/10\/Ice-Wreck-Sativa-Weed-Strain.png",916,953,false],"trp-custom-language-flag":["https:\/\/hitexoticsdistro.eu\/wp-content\/uploads\/2024\/10\/Ice-Wreck-Sativa-Weed-Strain.png",12,12,false],"woocommerce_thumbnail":["https:\/\/hitexoticsdistro.eu\/wp-content\/uploads\/2024\/10\/Ice-Wreck-Sativa-Weed-Strain-300x300.png",300,300,true],"woocommerce_single":["https:\/\/hitexoticsdistro.eu\/wp-content\/uploads\/2024\/10\/Ice-Wreck-Sativa-Weed-Strain-600x624.png",600,624,true],"woocommerce_gallery_thumbnail":["https:\/\/hitexoticsdistro.eu\/wp-content\/uploads\/2024\/10\/Ice-Wreck-Sativa-Weed-Strain-100x100.png",100,100,true]},"uagb_author_info":{"display_name":"","author_link":"https:\/\/hitexoticsdistro.eu\/en\/author\/"},"uagb_comment_info":0,"uagb_excerpt":"Smak: Ziemisty| Diesel | Skunky | Woody Zastosowanie medyczne: Przewlek\u0142y b\u00f3l | B\u00f3le g\u0142owy | Stres | Skurcze Zawarto\u015b\u0107 THC: 27% Najwy\u017csza","_links":{"self":[{"href":"https:\/\/hitexoticsdistro.eu\/en\/wp-json\/wp\/v2\/product\/327","targetHints":{"allow":["GET"]}}],"collection":[{"href":"https:\/\/hitexoticsdistro.eu\/en\/wp-json\/wp\/v2\/product"}],"about":[{"href":"https:\/\/hitexoticsdistro.eu\/en\/wp-json\/wp\/v2\/types\/product"}],"replies":[{"embeddable":true,"href":"https:\/\/hitexoticsdistro.eu\/en\/wp-json\/wp\/v2\/comments?post=327"}],"wp:featuredmedia":[{"embeddable":true,"href":"https:\/\/hitexoticsdistro.eu\/en\/wp-json\/wp\/v2\/media\/371"}],"wp:attachment":[{"href":"https:\/\/hitexoticsdistro.eu\/en\/wp-json\/wp\/v2\/media?parent=327"}],"wp:term":[{"taxonomy":"product_brand","embeddable":true,"href":"https:\/\/hitexoticsdistro.eu\/en\/wp-json\/wp\/v2\/product_brand?post=327"},{"taxonomy":"product_cat","embeddable":true,"href":"https:\/\/hitexoticsdistro.eu\/en\/wp-json\/wp\/v2\/product_cat?post=327"},{"taxonomy":"product_tag","embeddable":true,"href":"https:\/\/hitexoticsdistro.eu\/en\/wp-json\/wp\/v2\/product_tag?post=327"}],"curies":[{"name":"wp","href":"https:\/\/api.w.org\/{rel}","templated":true}]}}