{"id":322,"date":"2024-10-10T22:47:53","date_gmt":"2024-10-10T22:47:53","guid":{"rendered":"https:\/\/hitexoticsdistro.com\/?post_type=product&#038;p=322"},"modified":"2024-10-27T00:25:16","modified_gmt":"2024-10-27T00:25:16","slug":"kup-odmiane-marihuany-strawberry-rockstar","status":"publish","type":"product","link":"https:\/\/hitexoticsdistro.eu\/en\/product\/kup-odmiane-marihuany-strawberry-rockstar\/","title":{"rendered":"Strawberry Rockstar"},"content":{"rendered":"<h2>Kup odmian\u0119 marihuany Strawberry Rockstar Online: Idealny Wyb\u00f3r dla Relaksu i Leczenia<\/h2>\n<p>Strawberry Rockstar to wyj\u0105tkowa, <a href=\"https:\/\/hitexoticsdistro.eu\/en\/product-category\/kup-konopie-indyjskie-indica-online\/\">indica<\/a>-dominuj\u0105ca <a href=\"https:\/\/hitexoticsdistro.eu\/en\/product-category\/kup-marihuane-sativa-online-polska\/\">hybryda<\/a>, kt\u00f3ra powsta\u0142a z po\u0142\u0105czenia dw\u00f3ch legendarnych odmian: <em>Strawberry Cough<\/em> oraz <em>Rockstar<\/em>. Ta dynamiczna odmiana nie tylko zachwyca swoim bogatym profilem smakowym, ale tak\u017ce oferuje zr\u00f3wnowa\u017cone efekty, kt\u00f3re zadowol\u0105 zar\u00f3wno mi\u0142o\u015bnik\u00f3w rekreacyjnych sesji, jak i os\u00f3b szukaj\u0105cych terapeutycznych korzy\u015bci.<\/p>\n<h3>Jakie s\u0105 w\u0142a\u015bciwo\u015bci Strawberry Rockstar?<\/h3>\n<p><strong>Strawberry Rockstar<\/strong> oferuje niezapomniane doznania dzi\u0119ki swojej unikalnej mieszance smak\u00f3w i zapach\u00f3w. Wci\u0105gaj\u0105c pierwszy dym, poczujesz intensywn\u0105 s\u0142odycz truskawek, kt\u00f3ra szybko przechodzi w zadziorny, skunksowy posmak. Dym jest g\u0119sty i pe\u0142en aromat\u00f3w, co sprawia, \u017ce ka\u017cdy buch to przyjemno\u015b\u0107 dla podniebienia. Jednak to nie tylko smak i zapach sprawiaj\u0105, \u017ce Strawberry Rockstar zdobywa uznanie \u2013 jej efekty to prawdziwa podr\u00f3\u017c umys\u0142u i cia\u0142a.<\/p>\n<p>Po kilku minutach od zapalenia Strawberry Rockstar zaczynaj\u0105 dzia\u0142a\u0107 jej <strong>silne efekty psychiczne<\/strong>, kt\u00f3re przenosz\u0105 umys\u0142 w stan euforii, kreatywno\u015bci i skupienia. Ten haj mentalny \u0142\u0105czy si\u0119 z koj\u0105cym, <strong>relaksuj\u0105cym uczuciem w ciele<\/strong>, co sprawia, \u017ce ta odmiana jest idealna zar\u00f3wno na wieczorny relaks, jak i na spokojne chwile w ci\u0105gu dnia. Dzi\u0119ki dominacji indici, efekty fizyczne s\u0105 wyra\u017ane, ale nie przyt\u0142aczaj\u0105ce.<\/p>\n<h3>Dlaczego warto kupi\u0107 odmian\u0119 marihuany Strawberry Rockstar?<\/h3>\n<p>Kupuj\u0105c <strong>odmian\u0119 marihuany Strawberry Rockstar online<\/strong>, mo\u017cesz cieszy\u0107 si\u0119 wysokiej jako\u015bci produktem, kt\u00f3ry \u0142\u0105czy intensywn\u0105 s\u0142odycz z doskona\u0142ymi efektami relaksacyjnymi. Ta odmiana jest popularnym wyborem zar\u00f3wno dla os\u00f3b szukaj\u0105cych sposobu na odpr\u0119\u017cenie, jak i dla tych, kt\u00f3rzy potrzebuj\u0105 ulgi w r\u00f3\u017cnych dolegliwo\u015bciach zdrowotnych.<\/p>\n<h3>Co wyr\u00f3\u017cnia Strawberry Rockstar?<\/h3>\n<ul>\n<li><strong>Profil Indica\/<a href=\"https:\/\/hitexoticsdistro.eu\/en\/product-category\/kup-marihuane-sativa-online-polska\/\">Sativa<\/a><\/strong>: Strawberry Rockstar jest odmian\u0105 indica-dominuj\u0105c\u0105, co oznacza, \u017ce zapewnia g\u0142\u0119boki relaks fizyczny z delikatnymi efektami umys\u0142owymi. Idealnie nadaje si\u0119 do wieczornego u\u017cytku.<\/li>\n<li><strong>St\u0119\u017cenie THC<\/strong>: Zwykle zawiera oko\u0142o 20% THC, co czyni j\u0105 wystarczaj\u0105co mocn\u0105, aby dostarczy\u0107 silnych efekt\u00f3w, ale jednocze\u015bnie jest odpowiednia dla os\u00f3b o r\u00f3\u017cnym poziomie do\u015bwiadczenia.<\/li>\n<li><strong>Efekty<\/strong>: U\u017cytkownicy zg\u0142aszaj\u0105 uczucie euforii, g\u0142\u0119bokiego relaksu oraz wzrost kreatywno\u015bci. Efekty fizyczne obejmuj\u0105 ukojenie mi\u0119\u015bni i redukcj\u0119 b\u00f3lu, co czyni j\u0105 idealn\u0105 na wieczorne sesje.<\/li>\n<li><strong>Dzia\u0142anie terapeutyczne<\/strong>: Strawberry <a href=\"https:\/\/biohemp.pl\/pl\/olejki-ekstrakty-cbd-cbg\/\" rel=\"nofollow noopener\" target=\"_blank\">Rockstar<\/a> to nie tylko przyjemna odmiana rekreacyjna, ale r\u00f3wnie\u017c doskona\u0142y wyb\u00f3r dla os\u00f3b cierpi\u0105cych na <strong>depresj\u0119, l\u0119ki, bezsenno\u015b\u0107, przewlek\u0142y b\u00f3l<\/strong> i inne dolegliwo\u015bci zdrowotne.<\/li>\n<\/ul>\n<h3>Gdzie i jak kupi\u0107 Strawberry Rockstar Online?<\/h3>\n<p>Je\u015bli chcesz do\u015bwiadczy\u0107 niezapomnianych efekt\u00f3w Strawberry Rockstar, najlepszym sposobem jest zakup online w zaufanych sklepach takich jak <em>Hit Exotics Distro<\/em>. Kupuj\u0105c odmian\u0119 marihuany Strawberry Rockstar online, mo\u017cesz mie\u0107 pewno\u015b\u0107, \u017ce otrzymasz produkt najwy\u017cszej jako\u015bci, kt\u00f3ry zosta\u0142 starannie wyhodowany i odpowiednio przechowywany. Zakupy online s\u0105 wygodne, dyskretne i szybkie, a Ty mo\u017cesz cieszy\u0107 si\u0119 swoj\u0105 ulubion\u0105 odmian\u0105 bez wychodzenia z domu.<\/p>\n<h2>Frequently Asked Questions (FAQs)<\/h2>\n<h3>Czy Strawberry Rockstar jest odpowiednia dla pocz\u0105tkuj\u0105cych u\u017cytkownik\u00f3w?<\/h3>\n<p>Tak, dzi\u0119ki swoim zr\u00f3wnowa\u017conym efektom Strawberry Rockstar jest odpowiednia zar\u00f3wno dla pocz\u0105tkuj\u0105cych, jak i bardziej do\u015bwiadczonych u\u017cytkownik\u00f3w. Chocia\u017c jej poziom THC wynosi oko\u0142o 20%, efekty s\u0105 stopniowe i nie przyt\u0142aczaj\u0105ce, co czyni j\u0105 idealn\u0105 do umiarkowanego u\u017cytku.<\/p>\n<h3>Jakie s\u0105 g\u0142\u00f3wne efekty Strawberry Rockstar?<\/h3>\n<p>Strawberry Rockstar zapewnia po\u0142\u0105czenie efekt\u00f3w umys\u0142owych i fizycznych. U\u017cytkownicy cz\u0119sto odczuwaj\u0105 eufori\u0119, popraw\u0119 nastroju, a tak\u017ce fizyczny relaks i odpr\u0119\u017cenie. To doskona\u0142y wyb\u00f3r na relaks po ci\u0119\u017ckim dniu, jak r\u00f3wnie\u017c na pomoc w walce z b\u00f3lem i bezsenno\u015bci\u0105.<\/p>\n<h3>Czy Strawberry Rockstar pomaga na problemy zdrowotne?<\/h3>\n<p>Tak, ta odmiana jest cz\u0119sto wybierana przez osoby cierpi\u0105ce na <strong>depresj\u0119, l\u0119ki, stres, bezsenno\u015b\u0107<\/strong> i <strong>przewlek\u0142y b\u00f3l<\/strong>. Jej relaksuj\u0105ce w\u0142a\u015bciwo\u015bci mog\u0105 pom\u00f3c w poprawie jako\u015bci snu oraz z\u0142agodzeniu fizycznych dolegliwo\u015bci.<\/p>\n<h3>Jak d\u0142ugo trwaj\u0105 efekty Strawberry Rockstar?<\/h3>\n<p>Efekty Strawberry Rockstar mog\u0105 trwa\u0107 od 2 do 3 godzin, w zale\u017cno\u015bci od indywidualnych preferencji i tolerancji u\u017cytkownika. Haj umys\u0142owy zazwyczaj osi\u0105ga szczyt po oko\u0142o 30 minutach, a nast\u0119pnie stopniowo przechodzi w g\u0142\u0119boki, koj\u0105cy relaks fizyczny.<\/p>\n<h3>Jak smakuje i pachnie Strawberry Rockstar?<\/h3>\n<p>Strawberry Rockstar ma wyra\u017any, <strong>truskawkowy aromat<\/strong>, kt\u00f3ry \u0142\u0105czy si\u0119 z nutami skunksowymi i ziemistymi. Smak jest s\u0142odki, przypominaj\u0105cy \u015bwie\u017ce truskawki, z odrobin\u0105 ostrzejszych, skunkowych akcent\u00f3w.<\/p>\n<h3>Dlaczego warto kupi\u0107 odmian\u0119 marihuany Strawberry Rockstar?<\/h3>\n<ul>\n<li><strong>Relaks i ulga<\/strong>: Doskona\u0142a odmiana do wieczornego u\u017cytku, zapewnia g\u0142\u0119boki relaks i ulg\u0119 w b\u00f3lu.<\/li>\n<li><strong>Zr\u00f3wnowa\u017cone efekty<\/strong>: Po\u0142\u0105czenie euforii i koj\u0105cych efekt\u00f3w fizycznych czyni j\u0105 wszechstronn\u0105 odmian\u0105 zar\u00f3wno do u\u017cytku rekreacyjnego, jak i terapeutycznego.<\/li>\n<li><strong>Bogaty smak i aromat<\/strong>: Mi\u0142o\u015bnicy owocowych odmian b\u0119d\u0105 zachwyceni s\u0142odkimi, truskawkowymi nutami z odrobin\u0105 skunksowego zako\u0144czenia.<\/li>\n<\/ul>\n<p>Nie czekaj d\u0142u\u017cej \u2013 <strong>kup odmian\u0119 marihuany Strawberry Rockstar online<\/strong> i odkryj, dlaczego ta hybryda zyskuje coraz wi\u0119ksz\u0105 popularno\u015b\u0107. Idealna na relaksacyjne sesje, popraw\u0119 nastroju i ulg\u0119 w b\u00f3lu \u2013 to must-have dla ka\u017cdego konesera marihuany!<\/p>\n<p>&nbsp;<\/p>\n<p><img loading=\"lazy\" decoding=\"async\" class=\"alignnone size-medium wp-image-1149\" src=\"https:\/\/hitexoticsdistro.eu\/wp-content\/uploads\/2024\/10\/WhatsApp-Image-2024-10-02-at-3.50.03-PM-2-300x300.jpeg\" alt=\"Gdzie bezpiecznie kupi\u0107 marihuan\u0119 online?\" width=\"300\" height=\"300\" srcset=\"https:\/\/hitexoticsdistro.eu\/wp-content\/uploads\/2024\/10\/WhatsApp-Image-2024-10-02-at-3.50.03-PM-2-300x300.jpeg 300w, https:\/\/hitexoticsdistro.eu\/wp-content\/uploads\/2024\/10\/WhatsApp-Image-2024-10-02-at-3.50.03-PM-2-150x150.jpeg 150w, https:\/\/hitexoticsdistro.eu\/wp-content\/uploads\/2024\/10\/WhatsApp-Image-2024-10-02-at-3.50.03-PM-2-600x600.jpeg 600w, https:\/\/hitexoticsdistro.eu\/wp-content\/uploads\/2024\/10\/WhatsApp-Image-2024-10-02-at-3.50.03-PM-2-100x100.jpeg 100w, https:\/\/hitexoticsdistro.eu\/wp-content\/uploads\/2024\/10\/WhatsApp-Image-2024-10-02-at-3.50.03-PM-2.jpeg 640w\" sizes=\"auto, (max-width: 300px) 100vw, 300px\" \/><\/p>","protected":false},"excerpt":{"rendered":"<p><strong>Zastosowanie medyczne:<\/strong> Wahania nastroju | Depresja | L\u0119k | Bezsenno\u015b\u0107 | Brak apetytu<\/p>\n<p><strong>Zawarto\u015b\u0107 THC:<\/strong> 23% &#8211; 27% Najwy\u017csza<\/p>","protected":false},"featured_media":366,"comment_status":"closed","ping_status":"closed","template":"","meta":{"_surecart_dashboard_logo_width":"180px","_surecart_dashboard_show_logo":true,"_surecart_dashboard_navigation_orders":true,"_surecart_dashboard_navigation_invoices":true,"_surecart_dashboard_navigation_subscriptions":true,"_surecart_dashboard_navigation_downloads":true,"_surecart_dashboard_navigation_billing":true,"_surecart_dashboard_navigation_account":true,"_uag_custom_page_level_css":"","site-sidebar-layout":"default","site-content-layout":"","ast-site-content-layout":"default","site-content-style":"default","site-sidebar-style":"default","ast-global-header-display":"","ast-banner-title-visibility":"","ast-main-header-display":"","ast-hfb-above-header-display":"","ast-hfb-below-header-display":"","ast-hfb-mobile-header-display":"","site-post-title":"","ast-breadcrumbs-content":"","ast-featured-img":"","footer-sml-layout":"","theme-transparent-header-meta":"default","adv-header-id-meta":"","stick-header-meta":"","header-above-stick-meta":"","header-main-stick-meta":"","header-below-stick-meta":"","astra-migrate-meta-layouts":"set","ast-page-background-enabled":"default","ast-page-background-meta":{"desktop":{"background-color":"var(--ast-global-color-4)","background-image":"","background-repeat":"repeat","background-position":"center center","background-size":"auto","background-attachment":"scroll","background-type":"","background-media":"","overlay-type":"","overlay-color":"","overlay-opacity":"","overlay-gradient":""},"tablet":{"background-color":"","background-image":"","background-repeat":"repeat","background-position":"center center","background-size":"auto","background-attachment":"scroll","background-type":"","background-media":"","overlay-type":"","overlay-color":"","overlay-opacity":"","overlay-gradient":""},"mobile":{"background-color":"","background-image":"","background-repeat":"repeat","background-position":"center center","background-size":"auto","background-attachment":"scroll","background-type":"","background-media":"","overlay-type":"","overlay-color":"","overlay-opacity":"","overlay-gradient":""}},"ast-content-background-meta":{"desktop":{"background-color":"var(--ast-global-color-5)","background-image":"","background-repeat":"repeat","background-position":"center center","background-size":"auto","background-attachment":"scroll","background-type":"","background-media":"","overlay-type":"","overlay-color":"","overlay-opacity":"","overlay-gradient":""},"tablet":{"background-color":"var(--ast-global-color-5)","background-image":"","background-repeat":"repeat","background-position":"center center","background-size":"auto","background-attachment":"scroll","background-type":"","background-media":"","overlay-type":"","overlay-color":"","overlay-opacity":"","overlay-gradient":""},"mobile":{"background-color":"var(--ast-global-color-5)","background-image":"","background-repeat":"repeat","background-position":"center center","background-size":"auto","background-attachment":"scroll","background-type":"","background-media":"","overlay-type":"","overlay-color":"","overlay-opacity":"","overlay-gradient":""}}},"product_brand":[],"product_cat":[61,56],"product_tag":[65,755,756,754,753,758,759,757],"class_list":{"0":"post-322","1":"product","2":"type-product","3":"status-publish","4":"has-post-thumbnail","6":"product_cat-hybrydowe-odmiany-marihuany-online","7":"product_cat-gdzie-moge-kupic-marihuane","8":"product_tag-buy-strawberry-rockstar-weed-strain-spain","9":"product_tag-kup-treasure-island-cbd-strain-flower","10":"product_tag-kup-ziolo-online-2025","11":"product_tag-kupuj-marihuane-bezpiecznie","12":"product_tag-kupuj-ziolo-bezpiecznie","13":"product_tag-najlepszy-sklep-z-marihuana-online","14":"product_tag-odmiany","15":"product_tag-sklep-z-konopiami-online","16":"desktop-align-left","17":"tablet-align-left","18":"mobile-align-left","20":"first","21":"instock","22":"shipping-taxable","23":"purchasable","24":"product-type-variable"},"uagb_featured_image_src":{"full":["https:\/\/hitexoticsdistro.eu\/wp-content\/uploads\/2024\/10\/Strawberry-Rockstar-Weed-Strain.jpg",965,965,false],"thumbnail":["https:\/\/hitexoticsdistro.eu\/wp-content\/uploads\/2024\/10\/Strawberry-Rockstar-Weed-Strain-150x150.jpg",150,150,true],"medium":["https:\/\/hitexoticsdistro.eu\/wp-content\/uploads\/2024\/10\/Strawberry-Rockstar-Weed-Strain-300x300.jpg",300,300,true],"medium_large":["https:\/\/hitexoticsdistro.eu\/wp-content\/uploads\/2024\/10\/Strawberry-Rockstar-Weed-Strain-768x768.jpg",768,768,true],"large":["https:\/\/hitexoticsdistro.eu\/wp-content\/uploads\/2024\/10\/Strawberry-Rockstar-Weed-Strain.jpg",965,965,false],"1536x1536":["https:\/\/hitexoticsdistro.eu\/wp-content\/uploads\/2024\/10\/Strawberry-Rockstar-Weed-Strain.jpg",965,965,false],"2048x2048":["https:\/\/hitexoticsdistro.eu\/wp-content\/uploads\/2024\/10\/Strawberry-Rockstar-Weed-Strain.jpg",965,965,false],"trp-custom-language-flag":["https:\/\/hitexoticsdistro.eu\/wp-content\/uploads\/2024\/10\/Strawberry-Rockstar-Weed-Strain.jpg",12,12,false],"woocommerce_thumbnail":["https:\/\/hitexoticsdistro.eu\/wp-content\/uploads\/2024\/10\/Strawberry-Rockstar-Weed-Strain-300x300.jpg",300,300,true],"woocommerce_single":["https:\/\/hitexoticsdistro.eu\/wp-content\/uploads\/2024\/10\/Strawberry-Rockstar-Weed-Strain-600x600.jpg",600,600,true],"woocommerce_gallery_thumbnail":["https:\/\/hitexoticsdistro.eu\/wp-content\/uploads\/2024\/10\/Strawberry-Rockstar-Weed-Strain-100x100.jpg",100,100,true]},"uagb_author_info":{"display_name":"","author_link":"https:\/\/hitexoticsdistro.eu\/en\/author\/"},"uagb_comment_info":0,"uagb_excerpt":"Zastosowanie medyczne: Wahania nastroju | Depresja | L\u0119k | Bezsenno\u015b\u0107 | Brak apetytu Zawarto\u015b\u0107 THC: 23% - 27% Najwy\u017csza","_links":{"self":[{"href":"https:\/\/hitexoticsdistro.eu\/en\/wp-json\/wp\/v2\/product\/322","targetHints":{"allow":["GET"]}}],"collection":[{"href":"https:\/\/hitexoticsdistro.eu\/en\/wp-json\/wp\/v2\/product"}],"about":[{"href":"https:\/\/hitexoticsdistro.eu\/en\/wp-json\/wp\/v2\/types\/product"}],"replies":[{"embeddable":true,"href":"https:\/\/hitexoticsdistro.eu\/en\/wp-json\/wp\/v2\/comments?post=322"}],"wp:featuredmedia":[{"embeddable":true,"href":"https:\/\/hitexoticsdistro.eu\/en\/wp-json\/wp\/v2\/media\/366"}],"wp:attachment":[{"href":"https:\/\/hitexoticsdistro.eu\/en\/wp-json\/wp\/v2\/media?parent=322"}],"wp:term":[{"taxonomy":"product_brand","embeddable":true,"href":"https:\/\/hitexoticsdistro.eu\/en\/wp-json\/wp\/v2\/product_brand?post=322"},{"taxonomy":"product_cat","embeddable":true,"href":"https:\/\/hitexoticsdistro.eu\/en\/wp-json\/wp\/v2\/product_cat?post=322"},{"taxonomy":"product_tag","embeddable":true,"href":"https:\/\/hitexoticsdistro.eu\/en\/wp-json\/wp\/v2\/product_tag?post=322"}],"curies":[{"name":"wp","href":"https:\/\/api.w.org\/{rel}","templated":true}]}}