{"id":308,"date":"2024-10-10T22:47:53","date_gmt":"2024-10-10T22:47:53","guid":{"rendered":"https:\/\/hitexoticsdistro.com\/?post_type=product&#038;p=308"},"modified":"2024-10-22T03:27:59","modified_gmt":"2024-10-22T03:27:59","slug":"kup-olej-z-marihuany-super-lemon-haze","status":"publish","type":"product","link":"https:\/\/hitexoticsdistro.eu\/en\/product\/kup-olej-z-marihuany-super-lemon-haze\/","title":{"rendered":"Olej z konopi indyjskich Super Lemon Haze"},"content":{"rendered":"<h2>Kup olej z marihuany Super Lemon Haze<\/h2>\n<p>Olej z konopi indyjskich Super Lemon Haze to doskona\u0142a sativa-dominant hybryda, pochodz\u0105ca z krzy\u017c\u00f3wki <strong>Lemon Skunk<\/strong> oraz <strong>Super Silver Haze<\/strong>. Ten olej cieszy si\u0119 ogromnym uznaniem, czego dowodem jest dwukrotne zwyci\u0119stwo w <strong>Cannabis Cup<\/strong>. Jego popularno\u015b\u0107 w\u015br\u00f3d u\u017cytkownik\u00f3w wynika z unikalnych w\u0142a\u015bciwo\u015bci energetyzuj\u0105cych oraz charakterystycznego cytrynowego smaku i aromatu, kt\u00f3ry jest jedyny w swoim rodzaju.<\/p>\n<h3>Dlaczego warto kupi\u0107 olej z marihuany Super Lemon Haze?<\/h3>\n<p>Super Lemon Haze to idealny wyb\u00f3r dla os\u00f3b szukaj\u0105cych energetyzuj\u0105cych i podnosz\u0105cych na duchu efekt\u00f3w, kt\u00f3re idealnie nadaj\u0105 si\u0119 na dzie\u0144. Zawarto\u015b\u0107 <strong>88% THC<\/strong> i <strong>4,2% CBG<\/strong> gwarantuje mocne doznania, a sativa-dominant profil tego oleju sprawia, \u017ce u\u017cytkownicy mog\u0105 oczekiwa\u0107 wyra\u017anego pobudzenia psychicznego. Kup olej z marihuany Super Lemon Haze online, aby cieszy\u0107 si\u0119 moc\u0105, smakiem i korzy\u015bciami, jakie oferuje ta wyj\u0105tkowa odmiana.<\/p>\n<h3>Jakie s\u0105 efekty oleju Super Lemon Haze?<\/h3>\n<p>Super Lemon Haze wyr\u00f3\u017cnia si\u0119 nie tylko swoim smakiem i aromatem, ale przede wszystkim szerokim spektrum efekt\u00f3w. U\u017cytkownicy najcz\u0119\u015bciej do\u015bwiadczaj\u0105:<\/p>\n<ul>\n<li><strong>Szcz\u0119\u015bcia<\/strong>: U\u017cytkownicy czuj\u0105 wyra\u017an\u0105 popraw\u0119 nastroju.<\/li>\n<li><strong>Podniesienia na duchu<\/strong>: Super Lemon Haze daje poczucie lekko\u015bci i pozytywnego my\u015blenia.<\/li>\n<li><strong>Energetyzacji<\/strong>: To doskona\u0142y wyb\u00f3r dla os\u00f3b, kt\u00f3re szukaj\u0105 dodatkowej dawki energii w ci\u0105gu dnia.<\/li>\n<li><strong>Euforii<\/strong>: Zwi\u0119kszone poczucie zadowolenia i rado\u015bci.<\/li>\n<li><strong>Kreatywno\u015bci<\/strong>: Olej wspomaga tw\u00f3rcze my\u015blenie i inspiracj\u0119.<\/li>\n<\/ul>\n<h3>Jakie s\u0105 w\u0142a\u015bciwo\u015bci medyczne Super Lemon Haze?<\/h3>\n<p>Pacjenci wybieraj\u0105 olej z marihuany Super Lemon Haze, aby radzi\u0107 sobie z r\u00f3\u017cnymi dolegliwo\u015bciami. Najcz\u0119\u015bciej wymieniane zalety terapeutyczne obejmuj\u0105:<\/p>\n<ul>\n<li><strong>Stres<\/strong>: Olej ten doskonale redukuje napi\u0119cie psychiczne i pomaga si\u0119 zrelaksowa\u0107.<\/li>\n<li><strong>Depresja<\/strong>: Dzi\u0119ki swoim podnosz\u0105cym na duchu efektom, Super Lemon Haze skutecznie pomaga w walce z objawami depresji.<\/li>\n<li><strong>Zm\u0119czenie<\/strong>: Jest to doskona\u0142a opcja dla os\u00f3b cierpi\u0105cych na chroniczne zm\u0119czenie, daj\u0105c im zastrzyk energii.<\/li>\n<\/ul>\n<h3>Smak i aromat \u2013 Cytrusowa rozkosz<\/h3>\n<p>Jak sama nazwa wskazuje, <strong>Super Lemon Haze<\/strong> ma wyj\u0105tkowe cytrynowe nuty. Zapach jest <strong>rze\u015bki, cytrusowy<\/strong> i delikatnie s\u0142odki, co sprawia, \u017ce olej ten jest bardzo przyjemny w u\u017cyciu. Je\u015bli chodzi o smak, to olej ten przypomina <strong>cukierki Lemonheads<\/strong> \u2013 kwa\u015bny i s\u0142odki zarazem. Te cechy sprawiaj\u0105, \u017ce olej z marihuany Super Lemon Haze jest ulubie\u0144cem mi\u0142o\u015bnik\u00f3w \u015bwie\u017cych i owocowych dozna\u0144 smakowych.<\/p>\n<h3><a href=\"https:\/\/hitexoticsdistro.eu\/en\/product-category\/kup-konopie-indyjskie-indica-online\/\">Indica<\/a>, <a href=\"https:\/\/hitexoticsdistro.eu\/en\/product-category\/kup-marihuane-sativa-online-polska\/\">Sativa<\/a> i st\u0119\u017cenie THC<\/h3>\n<p>Super Lemon Haze to zdecydowanie <strong>sativa-dominant hybryda<\/strong>, co oznacza, \u017ce jej efekty s\u0105 g\u0142\u00f3wnie energetyzuj\u0105ce i euforyczne, idealne do dziennego u\u017cytku. Dzi\u0119ki wysokiej zawarto\u015bci THC na poziomie <strong>88%<\/strong>, jest to olej o du\u017cej mocy, przeznaczony dla bardziej do\u015bwiadczonych u\u017cytkownik\u00f3w lub tych, kt\u00f3rzy potrzebuj\u0105 silniejszej dawki. Dodatkowo, zawarto\u015b\u0107 <strong>4,2% CBG<\/strong> wzmacnia terapeutyczne dzia\u0142anie tego oleju, co sprawia, \u017ce jest idealny do walki ze stresem, depresj\u0105 oraz zm\u0119czeniem.<\/p>\n<h3>Gdzie kupi\u0107 olej z marihuany Super Lemon Haze?<\/h3>\n<p>Kup olej z marihuany Super Lemon Haze online na stronie <strong><a href=\"https:\/\/hitexoticsdistro.eu\/en\/\" target=\"_new\" rel=\"noopener\">hitexoticsdistro.com<\/a><\/strong>. Oferujemy wy\u0142\u0105cznie wysokiej jako\u015bci produkty, gwarantuj\u0105c \u015bwie\u017co\u015b\u0107 i moc ka\u017cdego oleju. Nasz sklep zapewnia wygodne zakupy online z dostaw\u0105 pod drzwi, dyskretn\u0105 obs\u0142ug\u0119 i pe\u0142n\u0105 satysfakcj\u0119 klienta.<\/p>\n<h3>Jak stosowa\u0107 olej z marihuany Super Lemon Haze?<\/h3>\n<p>Olej Super Lemon Haze najlepiej stosowa\u0107 w ci\u0105gu dnia, zw\u0142aszcza gdy potrzebujesz dodatkowej energii i motywacji. Dzi\u0119ki wysokiej zawarto\u015bci <a href=\"https:\/\/www.cristalcbd.pl\/\" target=\"_blank\" rel=\"nofollow noopener\">THC<\/a>, wystarczy niewielka dawka, aby poczu\u0107 pe\u0142ne efekty. Produkt ten mo\u017cna przyjmowa\u0107 doustnie lub stosowa\u0107 go do waporyzacji, zale\u017cnie od preferencji.<\/p>\n<h3>Kup olej z marihuany Super Lemon Haze \u2013 Najcz\u0119\u015bciej zadawane pytania<\/h3>\n<h4>1. <strong>Co to jest olej Super Lemon Haze?<\/strong><\/h4>\n<p>Olej Super Lemon Haze to sativa-dominant hybryda o wysokiej zawarto\u015bci THC, znana z cytrynowego smaku i energetyzuj\u0105cych efekt\u00f3w.<\/p>\n<h4>2. <strong>Czy Super Lemon Haze jest odpowiedni dla pocz\u0105tkuj\u0105cych?<\/strong><\/h4>\n<p>Z uwagi na wysokie st\u0119\u017cenie THC, ten olej jest zalecany raczej dla bardziej do\u015bwiadczonych u\u017cytkownik\u00f3w. Nowicjusze powinni zaczyna\u0107 od mniejszych dawek.<\/p>\n<h4>3. <strong>Jakie s\u0105 g\u0142\u00f3wne efekty oleju Super Lemon Haze?<\/strong><\/h4>\n<p>Olej ten daje efekty takie jak energia, euforia, podniesienie na duchu, szcz\u0119\u015bcie oraz kreatywno\u015b\u0107.<\/p>\n<h4>4. <strong>Czy Super Lemon Haze pomaga na stres i depresj\u0119?<\/strong><\/h4>\n<p>Tak, Super Lemon Haze jest skuteczny w \u0142agodzeniu objaw\u00f3w stresu, depresji oraz zm\u0119czenia, co czyni go doskona\u0142ym wyborem dla os\u00f3b z tymi dolegliwo\u015bciami.<\/p>\n<h4>5. <strong>Jakie s\u0105 najcz\u0119stsze zastosowania Super Lemon Haze?<\/strong><\/h4>\n<p>Najcz\u0119\u015bciej olej ten jest u\u017cywany do radzenia sobie z depresj\u0105, stresem, zm\u0119czeniem oraz popraw\u0105 nastroju i pobudzeniem kreatywno\u015bci.<\/p>\n<h3>Podsumowanie<\/h3>\n<p>Super Lemon Haze Cannabis Oil to doskona\u0142y wyb\u00f3r dla os\u00f3b szukaj\u0105cych energetyzuj\u0105cych, podnosz\u0105cych na duchu efekt\u00f3w, idealnych do dziennego u\u017cytku. Dzi\u0119ki wyra\u017anym nutom cytryny i unikalnym efektom, jest to produkt, kt\u00f3ry nie zawodzi. Kup olej z marihuany Super Lemon Haze online na <strong><a href=\"https:\/\/hitexoticsdistro.eu\/en\/\" target=\"_new\" rel=\"noopener\">hitexoticsdistro<\/a><\/strong>\u00a0i ciesz si\u0119 wyj\u0105tkowym doznaniem, kt\u00f3re oferuje ta nagradzana odmiana.<\/p>\n<p>&nbsp;<\/p>\n<p><img loading=\"lazy\" decoding=\"async\" class=\"alignnone size-medium wp-image-1330\" src=\"https:\/\/hitexoticsdistro.eu\/wp-content\/uploads\/2024\/10\/cropped-WhatsApp-Image-2024-10-02-at-3.50.03-PM-2-1-300x300.jpeg\" alt=\"Gdzie bezpiecznie kupi\u0107 marihuan\u0119 online?\" width=\"300\" height=\"300\" srcset=\"https:\/\/hitexoticsdistro.eu\/wp-content\/uploads\/2024\/10\/cropped-WhatsApp-Image-2024-10-02-at-3.50.03-PM-2-1-300x300.jpeg 300w, https:\/\/hitexoticsdistro.eu\/wp-content\/uploads\/2024\/10\/cropped-WhatsApp-Image-2024-10-02-at-3.50.03-PM-2-1-150x150.jpeg 150w, https:\/\/hitexoticsdistro.eu\/wp-content\/uploads\/2024\/10\/cropped-WhatsApp-Image-2024-10-02-at-3.50.03-PM-2-1-100x100.jpeg 100w, https:\/\/hitexoticsdistro.eu\/wp-content\/uploads\/2024\/10\/cropped-WhatsApp-Image-2024-10-02-at-3.50.03-PM-2-1-270x270.jpeg 270w, https:\/\/hitexoticsdistro.eu\/wp-content\/uploads\/2024\/10\/cropped-WhatsApp-Image-2024-10-02-at-3.50.03-PM-2-1-192x192.jpeg 192w, https:\/\/hitexoticsdistro.eu\/wp-content\/uploads\/2024\/10\/cropped-WhatsApp-Image-2024-10-02-at-3.50.03-PM-2-1-180x180.jpeg 180w, https:\/\/hitexoticsdistro.eu\/wp-content\/uploads\/2024\/10\/cropped-WhatsApp-Image-2024-10-02-at-3.50.03-PM-2-1-32x32.jpeg 32w, https:\/\/hitexoticsdistro.eu\/wp-content\/uploads\/2024\/10\/cropped-WhatsApp-Image-2024-10-02-at-3.50.03-PM-2-1.jpeg 512w\" sizes=\"auto, (max-width: 300px) 100vw, 300px\" \/><\/p>","protected":false},"excerpt":{"rendered":"<div class=\"woocommerce-product-details__short-description\">\n<h4><b>88% THC and 4.2% CBG<\/b><\/h4>\n<\/div>\n<form action=\"https:\/\/weedplaza-au.com\/product\/super-lemon-haze-thc-cannabis-oil-au\/\" enctype=\"multipart\/form-data\" method=\"post\">\n<div class=\"quantity\"><\/div>\n<\/form>","protected":false},"featured_media":338,"comment_status":"closed","ping_status":"closed","template":"","meta":{"_surecart_dashboard_logo_width":"180px","_surecart_dashboard_show_logo":true,"_surecart_dashboard_navigation_orders":true,"_surecart_dashboard_navigation_invoices":true,"_surecart_dashboard_navigation_subscriptions":true,"_surecart_dashboard_navigation_downloads":true,"_surecart_dashboard_navigation_billing":true,"_surecart_dashboard_navigation_account":true,"_uag_custom_page_level_css":"","site-sidebar-layout":"default","site-content-layout":"","ast-site-content-layout":"default","site-content-style":"default","site-sidebar-style":"default","ast-global-header-display":"","ast-banner-title-visibility":"","ast-main-header-display":"","ast-hfb-above-header-display":"","ast-hfb-below-header-display":"","ast-hfb-mobile-header-display":"","site-post-title":"","ast-breadcrumbs-content":"","ast-featured-img":"","footer-sml-layout":"","theme-transparent-header-meta":"default","adv-header-id-meta":"","stick-header-meta":"","header-above-stick-meta":"","header-main-stick-meta":"","header-below-stick-meta":"","astra-migrate-meta-layouts":"set","ast-page-background-enabled":"default","ast-page-background-meta":{"desktop":{"background-color":"var(--ast-global-color-4)","background-image":"","background-repeat":"repeat","background-position":"center center","background-size":"auto","background-attachment":"scroll","background-type":"","background-media":"","overlay-type":"","overlay-color":"","overlay-opacity":"","overlay-gradient":""},"tablet":{"background-color":"","background-image":"","background-repeat":"repeat","background-position":"center center","background-size":"auto","background-attachment":"scroll","background-type":"","background-media":"","overlay-type":"","overlay-color":"","overlay-opacity":"","overlay-gradient":""},"mobile":{"background-color":"","background-image":"","background-repeat":"repeat","background-position":"center center","background-size":"auto","background-attachment":"scroll","background-type":"","background-media":"","overlay-type":"","overlay-color":"","overlay-opacity":"","overlay-gradient":""}},"ast-content-background-meta":{"desktop":{"background-color":"var(--ast-global-color-5)","background-image":"","background-repeat":"repeat","background-position":"center center","background-size":"auto","background-attachment":"scroll","background-type":"","background-media":"","overlay-type":"","overlay-color":"","overlay-opacity":"","overlay-gradient":""},"tablet":{"background-color":"var(--ast-global-color-5)","background-image":"","background-repeat":"repeat","background-position":"center center","background-size":"auto","background-attachment":"scroll","background-type":"","background-media":"","overlay-type":"","overlay-color":"","overlay-opacity":"","overlay-gradient":""},"mobile":{"background-color":"var(--ast-global-color-5)","background-image":"","background-repeat":"repeat","background-position":"center center","background-size":"auto","background-attachment":"scroll","background-type":"","background-media":"","overlay-type":"","overlay-color":"","overlay-opacity":"","overlay-gradient":""}}},"product_brand":[],"product_cat":[19],"product_tag":[38,948,567,551,950,949,947,633,772],"class_list":{"0":"post-308","1":"product","2":"type-product","3":"status-publish","4":"has-post-thumbnail","6":"product_cat-zamow-olej-thc-z-konopi-online","7":"product_tag-buy-super-lemon-haze-thc-cannabis-oil-europe","8":"product_tag-cannabisoil","9":"product_tag-energetyzujacamarihuana","10":"product_tag-hitexoticsdistro","11":"product_tag-kupcannabisoilonline","12":"product_tag-kupolejsuperlemonhaze","13":"product_tag-olejzmarihuany","14":"product_tag-sativadominant","15":"product_tag-superlemonhaze","16":"desktop-align-left","17":"tablet-align-left","18":"mobile-align-left","20":"first","21":"instock","22":"shipping-taxable","23":"purchasable","24":"product-type-simple"},"uagb_featured_image_src":{"full":["https:\/\/hitexoticsdistro.eu\/wp-content\/uploads\/2024\/10\/Super-Lemon-Haze-THC-Cannabis-Oil.jpg",348,348,false],"thumbnail":["https:\/\/hitexoticsdistro.eu\/wp-content\/uploads\/2024\/10\/Super-Lemon-Haze-THC-Cannabis-Oil-150x150.jpg",150,150,true],"medium":["https:\/\/hitexoticsdistro.eu\/wp-content\/uploads\/2024\/10\/Super-Lemon-Haze-THC-Cannabis-Oil-300x300.jpg",300,300,true],"medium_large":["https:\/\/hitexoticsdistro.eu\/wp-content\/uploads\/2024\/10\/Super-Lemon-Haze-THC-Cannabis-Oil.jpg",348,348,false],"large":["https:\/\/hitexoticsdistro.eu\/wp-content\/uploads\/2024\/10\/Super-Lemon-Haze-THC-Cannabis-Oil.jpg",348,348,false],"1536x1536":["https:\/\/hitexoticsdistro.eu\/wp-content\/uploads\/2024\/10\/Super-Lemon-Haze-THC-Cannabis-Oil.jpg",348,348,false],"2048x2048":["https:\/\/hitexoticsdistro.eu\/wp-content\/uploads\/2024\/10\/Super-Lemon-Haze-THC-Cannabis-Oil.jpg",348,348,false],"trp-custom-language-flag":["https:\/\/hitexoticsdistro.eu\/wp-content\/uploads\/2024\/10\/Super-Lemon-Haze-THC-Cannabis-Oil.jpg",12,12,false],"woocommerce_thumbnail":["https:\/\/hitexoticsdistro.eu\/wp-content\/uploads\/2024\/10\/Super-Lemon-Haze-THC-Cannabis-Oil-300x300.jpg",300,300,true],"woocommerce_single":["https:\/\/hitexoticsdistro.eu\/wp-content\/uploads\/2024\/10\/Super-Lemon-Haze-THC-Cannabis-Oil.jpg",348,348,false],"woocommerce_gallery_thumbnail":["https:\/\/hitexoticsdistro.eu\/wp-content\/uploads\/2024\/10\/Super-Lemon-Haze-THC-Cannabis-Oil-100x100.jpg",100,100,true]},"uagb_author_info":{"display_name":"","author_link":"https:\/\/hitexoticsdistro.eu\/en\/author\/"},"uagb_comment_info":0,"uagb_excerpt":"88% THC and 4.2% CBG","_links":{"self":[{"href":"https:\/\/hitexoticsdistro.eu\/en\/wp-json\/wp\/v2\/product\/308","targetHints":{"allow":["GET"]}}],"collection":[{"href":"https:\/\/hitexoticsdistro.eu\/en\/wp-json\/wp\/v2\/product"}],"about":[{"href":"https:\/\/hitexoticsdistro.eu\/en\/wp-json\/wp\/v2\/types\/product"}],"replies":[{"embeddable":true,"href":"https:\/\/hitexoticsdistro.eu\/en\/wp-json\/wp\/v2\/comments?post=308"}],"wp:featuredmedia":[{"embeddable":true,"href":"https:\/\/hitexoticsdistro.eu\/en\/wp-json\/wp\/v2\/media\/338"}],"wp:attachment":[{"href":"https:\/\/hitexoticsdistro.eu\/en\/wp-json\/wp\/v2\/media?parent=308"}],"wp:term":[{"taxonomy":"product_brand","embeddable":true,"href":"https:\/\/hitexoticsdistro.eu\/en\/wp-json\/wp\/v2\/product_brand?post=308"},{"taxonomy":"product_cat","embeddable":true,"href":"https:\/\/hitexoticsdistro.eu\/en\/wp-json\/wp\/v2\/product_cat?post=308"},{"taxonomy":"product_tag","embeddable":true,"href":"https:\/\/hitexoticsdistro.eu\/en\/wp-json\/wp\/v2\/product_tag?post=308"}],"curies":[{"name":"wp","href":"https:\/\/api.w.org\/{rel}","templated":true}]}}