{"id":946,"date":"2024-10-10T23:05:35","date_gmt":"2024-10-10T23:05:35","guid":{"rendered":"https:\/\/hitexoticsdistro.com\/?post_type=product&#038;p=946"},"modified":"2024-10-20T02:53:59","modified_gmt":"2024-10-20T02:53:59","slug":"kup-online-marihuane-weeding-cake","status":"publish","type":"product","link":"https:\/\/hitexoticsdistro.eu\/de\/product\/kup-online-marihuane-weeding-cake\/","title":{"rendered":"Wedding Cake"},"content":{"rendered":"<h2>Kup Online Marihuan\u0119 Weeding Cake \u2013 Potentny Kwiat THCa dla Twojego Relaksu<\/h2>\n<p>Wedding Cake THCa to hybrydowa odmiana indica, kt\u00f3ra zyska\u0142a ogromn\u0105 popularno\u015b\u0107 dzi\u0119ki swoim silnym, relaksuj\u0105cym w\u0142a\u015bciwo\u015bciom oraz euforycznym efektom. Zawarto\u015b\u0107 THCa w tej odmianie si\u0119ga imponuj\u0105cych 27,39%, co czyni j\u0105 jedn\u0105 z bardziej mocnych opcji dost\u0119pnych dla mi\u0142o\u015bnik\u00f3w marihuany. Dzi\u0119ki minimalnej zawarto\u015bci innych kannabinoid\u00f3w, takich jak \u03949-THC, THCV, CBDa, CBGa, CBG i CBC, Wedding Cake dostarcza czystego, g\u0142adkiego do\u015bwiadczenia zar\u00f3wno dla pocz\u0105tkuj\u0105cych, jak i do\u015bwiadczonych u\u017cytkownik\u00f3w.<\/p>\n<h3>Jakie efekty oferuje Wedding Cake THCa?<\/h3>\n<p>Kupuj\u0105c online marihuan\u0119 Wedding Cake, zyskujesz dost\u0119p do szczepu, kt\u00f3ry zapewnia g\u0142\u0119boki relaks i uczucie euforii. To idealny wyb\u00f3r po d\u0142ugim, stresuj\u0105cym dniu. Jej w\u0142a\u015bciwo\u015bci pomagaj\u0105 r\u00f3wnie\u017c w \u0142agodzeniu b\u00f3lu, problemach z bezsenno\u015bci\u0105 oraz utracie apetytu. Wedding Cake to odmiana, kt\u00f3ra nie tylko odpr\u0119\u017ca cia\u0142o, ale r\u00f3wnie\u017c poprawia nastr\u00f3j, usuwaj\u0105c napi\u0119cie i stres.<\/p>\n<h3>Kup online marihuan\u0119 Wedding Cake \u2013 Dlaczego warto?<\/h3>\n<h4>Wysoka zawarto\u015b\u0107 THCa<\/h4>\n<p>Wedding Cake wyr\u00f3\u017cnia si\u0119 wysok\u0105 zawarto\u015bci\u0105 THCa, kt\u00f3ra wynosi a\u017c 27.39%. To idealny wyb\u00f3r dla os\u00f3b poszukuj\u0105cych silnych dozna\u0144 oraz mi\u0142o\u015bnik\u00f3w kannabinoid\u00f3w, kt\u00f3rzy chc\u0105 maksymalizowa\u0107 efekty bez intensywnych psychodelicznych prze\u017cy\u0107 zwi\u0105zanych z \u03949-THC.<\/p>\n<h4>Zr\u00f3wnowa\u017cone Efekty Indica-Hybrydy<\/h4>\n<p>Wedding Cake to dominuj\u0105ca indica-hybryda, kt\u00f3ra \u0142\u0105czy efekty zar\u00f3wno <a href=\"https:\/\/hitexoticsdistro.eu\/de\/product-category\/kup-konopie-indyjskie-indica-online\/\">indica<\/a>, jak i sativa, co sprawia, \u017ce jest idealna na wieczorny relaks. Oferuje zbalansowan\u0105 mieszank\u0119 odpr\u0119\u017cenia cia\u0142a (typowe dla indica) oraz lekkiej euforii umys\u0142owej (charakterystyczne dla sativa).<\/p>\n<h4>Idealna na b\u00f3l i bezsenno\u015b\u0107<\/h4>\n<p>Ta odmiana marihuany jest doskona\u0142ym wyborem dla os\u00f3b zmagaj\u0105cych si\u0119 z przewlek\u0142ym b\u00f3lem, stresem czy bezsenno\u015bci\u0105. Efekty s\u0105 koj\u0105ce, u\u0142atwiaj\u0105 zasypianie i eliminuj\u0105 napi\u0119cia mi\u0119\u015bniowe, co czyni j\u0105 ulubionym wyborem dla u\u017cytkownik\u00f3w medycznych.<\/p>\n<h3>Jak kupi\u0107 marihuan\u0119 Wedding Cake online?<\/h3>\n<p>Kupno marihuany Wedding Cake online to prosty i wygodny spos\u00f3b na dost\u0119p do tej niezwyk\u0142ej odmiany. Na stronie <em>Hit Exotics Distro<\/em> mo\u017cesz znale\u017a\u0107 wysokiej jako\u015bci produkty THCa z szybk\u0105, dyskretn\u0105 dostaw\u0105 prosto pod drzwi. Dzi\u0119ki naszemu szerokiemu asortymentowi, znajdziesz idealny produkt, kt\u00f3ry odpowiada Twoim potrzebom.<\/p>\n<h3>Dlaczego Wedding Cake jest tak popularny?<\/h3>\n<p>Wedding Cake zdoby\u0142 <a href=\"https:\/\/pl.wikipedia.org\/wiki\/Konopie_indyjskie\" rel=\"nofollow noopener\" target=\"_blank\">popularno\u015b\u0107<\/a> dzi\u0119ki swojej zdolno\u015bci do oferowania zr\u00f3wnowa\u017conego do\u015bwiadczenia. U\u017cytkownicy doceniaj\u0105 zar\u00f3wno jego smak, jak i efekty. Aromat tej odmiany jest tropikalny i s\u0142odki, z delikatnymi nutami wanilii i przypraw, kt\u00f3re rozbudzaj\u0105 zmys\u0142y przy ka\u017cdym buchu. Smak to mieszanka owocowej s\u0142odyczy i ziemistych ton\u00f3w, kt\u00f3re sprawiaj\u0105, \u017ce ka\u017cdy wdech to prawdziwa rozkosz.<\/p>\n<h3>Cz\u0119sto zadawane pytania (FAQ)<\/h3>\n<h4>Jakie s\u0105 g\u0142\u00f3wne efekty marihuany Wedding Cake THCa?<\/h4>\n<p>Wedding Cake oferuje kombinacj\u0119 g\u0142\u0119bokiego relaksu, euforii i ulgi od b\u00f3lu. Jest idealna na wieczorne sesje, kiedy chcesz si\u0119 wyciszy\u0107 i odstresowa\u0107.<\/p>\n<h4>Czy Wedding Cake nadaje si\u0119 dla pocz\u0105tkuj\u0105cych?<\/h4>\n<p>Tak, pomimo wysokiej zawarto\u015bci THCa, Wedding Cake ma zbalansowane efekty, co czyni j\u0105 odpowiedni\u0105 r\u00f3wnie\u017c dla pocz\u0105tkuj\u0105cych u\u017cytkownik\u00f3w.<\/p>\n<h4>Gdzie mog\u0119 kupi\u0107 marihuan\u0119 Wedding Cake online?<\/h4>\n<p>Marihuan\u0119 Wedding Cake mo\u017cna kupi\u0107 online na stronie <em>Hit Exotics Distro<\/em>, kt\u00f3ra oferuje szybkie i dyskretne dostawy najwy\u017cszej jako\u015bci produkt\u00f3w THCa.<\/p>\n<h4>Jakie jest st\u0119\u017cenie THCa w Wedding Cake?<\/h4>\n<p>Wedding Cake zawiera oko\u0142o 27,39% THCa, co czyni j\u0105 jedn\u0105 z bardziej mocnych opcji dost\u0119pnych na rynku.<\/p>\n<h4>Czy Wedding Cake to indica czy sativa?<\/h4>\n<p>Wedding Cake to dominuj\u0105ca hybryda indica, kt\u00f3ra \u0142\u0105czy relaksuj\u0105ce efekty indica z lekkim pobudzeniem umys\u0142owym typowym dla sativa.<\/p>\n<h3>Podsumowanie<\/h3>\n<p>Kup online marihuan\u0119 Wedding Cake i do\u015bwiadcz wyj\u0105tkowego po\u0142\u0105czenia relaksu oraz euforii. Ta potentna odmiana o wysokiej zawarto\u015bci THCa to idealny wyb\u00f3r dla os\u00f3b poszukuj\u0105cych zar\u00f3wno rekreacyjnych, jak i medycznych korzy\u015bci z konopi. Dzi\u0119ki swojemu bogatemu profilowi smakowemu i zr\u00f3wnowa\u017conym efektom, Wedding Cake pozostaje jednym z najpopularniejszych wybor\u00f3w na rynku.<\/p>\n<p>Nie czekaj \u2013 <strong>kup online marihuan\u0119 Wedding Cake<\/strong> na <em>Hit Exotics Distro<\/em> ju\u017c dzi\u015b i ciesz si\u0119 bezpieczn\u0105, dyskretn\u0105 dostaw\u0105 prosto do domu!<\/p>\n<p>&nbsp;<\/p>\n<p><img loading=\"lazy\" decoding=\"async\" class=\"alignnone size-medium wp-image-1149\" src=\"https:\/\/hitexoticsdistro.eu\/wp-content\/uploads\/2024\/10\/WhatsApp-Image-2024-10-02-at-3.50.03-PM-2-300x300.jpeg\" alt=\"Gdzie bezpiecznie kupi\u0107 marihuan\u0119 online?\" width=\"300\" height=\"300\" srcset=\"https:\/\/hitexoticsdistro.eu\/wp-content\/uploads\/2024\/10\/WhatsApp-Image-2024-10-02-at-3.50.03-PM-2-300x300.jpeg 300w, https:\/\/hitexoticsdistro.eu\/wp-content\/uploads\/2024\/10\/WhatsApp-Image-2024-10-02-at-3.50.03-PM-2-150x150.jpeg 150w, https:\/\/hitexoticsdistro.eu\/wp-content\/uploads\/2024\/10\/WhatsApp-Image-2024-10-02-at-3.50.03-PM-2-600x600.jpeg 600w, https:\/\/hitexoticsdistro.eu\/wp-content\/uploads\/2024\/10\/WhatsApp-Image-2024-10-02-at-3.50.03-PM-2-100x100.jpeg 100w, https:\/\/hitexoticsdistro.eu\/wp-content\/uploads\/2024\/10\/WhatsApp-Image-2024-10-02-at-3.50.03-PM-2.jpeg 640w\" sizes=\"auto, (max-width: 300px) 100vw, 300px\" \/><\/p>","protected":false},"excerpt":{"rendered":"<p>Kup Online Marihuan\u0119 Weeding Cake \u2013 Potentny Kwiat THCa dla Twojego Relaksu Wedding Cake THCa to hybrydowa odmiana indica, kt\u00f3ra [&hellip;]<\/p>\n","protected":false},"featured_media":966,"comment_status":"closed","ping_status":"closed","template":"","meta":{"_surecart_dashboard_logo_width":"180px","_surecart_dashboard_show_logo":true,"_surecart_dashboard_navigation_orders":true,"_surecart_dashboard_navigation_invoices":true,"_surecart_dashboard_navigation_subscriptions":true,"_surecart_dashboard_navigation_downloads":true,"_surecart_dashboard_navigation_billing":true,"_surecart_dashboard_navigation_account":true,"_uag_custom_page_level_css":"","site-sidebar-layout":"default","site-content-layout":"","ast-site-content-layout":"default","site-content-style":"default","site-sidebar-style":"default","ast-global-header-display":"","ast-banner-title-visibility":"","ast-main-header-display":"","ast-hfb-above-header-display":"","ast-hfb-below-header-display":"","ast-hfb-mobile-header-display":"","site-post-title":"","ast-breadcrumbs-content":"","ast-featured-img":"","footer-sml-layout":"","theme-transparent-header-meta":"default","adv-header-id-meta":"","stick-header-meta":"","header-above-stick-meta":"","header-main-stick-meta":"","header-below-stick-meta":"","astra-migrate-meta-layouts":"set","ast-page-background-enabled":"default","ast-page-background-meta":{"desktop":{"background-color":"var(--ast-global-color-4)","background-image":"","background-repeat":"repeat","background-position":"center center","background-size":"auto","background-attachment":"scroll","background-type":"","background-media":"","overlay-type":"","overlay-color":"","overlay-opacity":"","overlay-gradient":""},"tablet":{"background-color":"","background-image":"","background-repeat":"repeat","background-position":"center center","background-size":"auto","background-attachment":"scroll","background-type":"","background-media":"","overlay-type":"","overlay-color":"","overlay-opacity":"","overlay-gradient":""},"mobile":{"background-color":"","background-image":"","background-repeat":"repeat","background-position":"center center","background-size":"auto","background-attachment":"scroll","background-type":"","background-media":"","overlay-type":"","overlay-color":"","overlay-opacity":"","overlay-gradient":""}},"ast-content-background-meta":{"desktop":{"background-color":"var(--ast-global-color-5)","background-image":"","background-repeat":"repeat","background-position":"center center","background-size":"auto","background-attachment":"scroll","background-type":"","background-media":"","overlay-type":"","overlay-color":"","overlay-opacity":"","overlay-gradient":""},"tablet":{"background-color":"var(--ast-global-color-5)","background-image":"","background-repeat":"repeat","background-position":"center center","background-size":"auto","background-attachment":"scroll","background-type":"","background-media":"","overlay-type":"","overlay-color":"","overlay-opacity":"","overlay-gradient":""},"mobile":{"background-color":"var(--ast-global-color-5)","background-image":"","background-repeat":"repeat","background-position":"center center","background-size":"auto","background-attachment":"scroll","background-type":"","background-media":"","overlay-type":"","overlay-color":"","overlay-opacity":"","overlay-gradient":""}}},"product_brand":[],"product_cat":[454,453],"product_tag":[794,792,790,551,789,788,798,796,456,663,797,793,799,774,795,791,787],"class_list":{"0":"post-946","1":"product","2":"type-product","3":"status-publish","4":"has-post-thumbnail","6":"product_cat-sklep-z-marihuana-thca","7":"product_cat-sklep-z-marihuana-premium-thca","8":"product_tag-buycannabisonline","9":"product_tag-cannabisforsale","10":"product_tag-cannabisstrain","11":"product_tag-hitexoticsdistro","12":"product_tag-indicahybrid","13":"product_tag-jakmogekupicziolonatortweselny","14":"product_tag-konopieindica","15":"product_tag-kupmarihuane","16":"product_tag-mail-order-wedding-cake-thca-cannabis-strain-greece","17":"product_tag-marihuanaonline","18":"product_tag-relakszmarihuana","19":"product_tag-relaxation","20":"product_tag-thcacannabis","21":"product_tag-thcaflower","22":"product_tag-thcakwiat","23":"product_tag-thcastrains","24":"product_tag-weddingcakethca","25":"desktop-align-left","26":"tablet-align-left","27":"mobile-align-left","29":"first","30":"instock","31":"shipping-taxable","32":"purchasable","33":"product-type-simple"},"uagb_featured_image_src":{"full":["https:\/\/hitexoticsdistro.eu\/wp-content\/uploads\/2024\/10\/Wedding-Cake-THCa-Cannabis-Strain.webp",1800,1800,false],"thumbnail":["https:\/\/hitexoticsdistro.eu\/wp-content\/uploads\/2024\/10\/Wedding-Cake-THCa-Cannabis-Strain-150x150.webp",150,150,true],"medium":["https:\/\/hitexoticsdistro.eu\/wp-content\/uploads\/2024\/10\/Wedding-Cake-THCa-Cannabis-Strain-300x300.webp",300,300,true],"medium_large":["https:\/\/hitexoticsdistro.eu\/wp-content\/uploads\/2024\/10\/Wedding-Cake-THCa-Cannabis-Strain-768x768.webp",768,768,true],"large":["https:\/\/hitexoticsdistro.eu\/wp-content\/uploads\/2024\/10\/Wedding-Cake-THCa-Cannabis-Strain-1024x1024.webp",1024,1024,true],"1536x1536":["https:\/\/hitexoticsdistro.eu\/wp-content\/uploads\/2024\/10\/Wedding-Cake-THCa-Cannabis-Strain-1536x1536.webp",1536,1536,true],"2048x2048":["https:\/\/hitexoticsdistro.eu\/wp-content\/uploads\/2024\/10\/Wedding-Cake-THCa-Cannabis-Strain.webp",1800,1800,false],"trp-custom-language-flag":["https:\/\/hitexoticsdistro.eu\/wp-content\/uploads\/2024\/10\/Wedding-Cake-THCa-Cannabis-Strain.webp",12,12,false],"woocommerce_thumbnail":["https:\/\/hitexoticsdistro.eu\/wp-content\/uploads\/2024\/10\/Wedding-Cake-THCa-Cannabis-Strain-300x300.webp",300,300,true],"woocommerce_single":["https:\/\/hitexoticsdistro.eu\/wp-content\/uploads\/2024\/10\/Wedding-Cake-THCa-Cannabis-Strain-600x600.webp",600,600,true],"woocommerce_gallery_thumbnail":["https:\/\/hitexoticsdistro.eu\/wp-content\/uploads\/2024\/10\/Wedding-Cake-THCa-Cannabis-Strain-100x100.webp",100,100,true]},"uagb_author_info":{"display_name":"","author_link":"https:\/\/hitexoticsdistro.eu\/de\/author\/"},"uagb_comment_info":0,"uagb_excerpt":"Kup Online Marihuan\u0119 Weeding Cake \u2013 Potentny Kwiat THCa dla Twojego Relaksu Wedding Cake THCa to hybrydowa odmiana indica, kt\u00f3ra [&hellip;]","_links":{"self":[{"href":"https:\/\/hitexoticsdistro.eu\/de\/wp-json\/wp\/v2\/product\/946","targetHints":{"allow":["GET"]}}],"collection":[{"href":"https:\/\/hitexoticsdistro.eu\/de\/wp-json\/wp\/v2\/product"}],"about":[{"href":"https:\/\/hitexoticsdistro.eu\/de\/wp-json\/wp\/v2\/types\/product"}],"replies":[{"embeddable":true,"href":"https:\/\/hitexoticsdistro.eu\/de\/wp-json\/wp\/v2\/comments?post=946"}],"wp:featuredmedia":[{"embeddable":true,"href":"https:\/\/hitexoticsdistro.eu\/de\/wp-json\/wp\/v2\/media\/966"}],"wp:attachment":[{"href":"https:\/\/hitexoticsdistro.eu\/de\/wp-json\/wp\/v2\/media?parent=946"}],"wp:term":[{"taxonomy":"product_brand","embeddable":true,"href":"https:\/\/hitexoticsdistro.eu\/de\/wp-json\/wp\/v2\/product_brand?post=946"},{"taxonomy":"product_cat","embeddable":true,"href":"https:\/\/hitexoticsdistro.eu\/de\/wp-json\/wp\/v2\/product_cat?post=946"},{"taxonomy":"product_tag","embeddable":true,"href":"https:\/\/hitexoticsdistro.eu\/de\/wp-json\/wp\/v2\/product_tag?post=946"}],"curies":[{"name":"wp","href":"https:\/\/api.w.org\/{rel}","templated":true}]}}