{"id":841,"date":"2024-10-10T23:04:27","date_gmt":"2024-10-10T23:04:27","guid":{"rendered":"https:\/\/hitexoticsdistro.com\/?post_type=product&#038;p=841"},"modified":"2025-08-18T07:52:40","modified_gmt":"2025-08-18T07:52:40","slug":"kup-maslo-osla-firmy-tegridy-farms","status":"publish","type":"product","link":"https:\/\/hitexoticsdistro.eu\/de\/product\/kup-maslo-osla-firmy-tegridy-farms\/","title":{"rendered":"Hash z mas\u0142em os\u0142a"},"content":{"rendered":"<h1 data-pm-slice=\"1 1 []\">Kup Mas\u0142o O\u015bla firmy Tegridy Farms Online \u2013 Ekskluzywne Koncentraty z Konopi dla Koneser\u00f3w<\/h1>\n<p><strong>Wyj\u0105tkowy Produkt: Mas\u0142o O\u015bla od Tegridy Farms<\/strong><\/p>\n<p>Je\u015bli szukasz najwy\u017cszej jako\u015bci koncentrat\u00f3w z konopi, Mas\u0142o O\u015bla firmy Tegridy Farms to propozycja, kt\u00f3ra zadowoli nawet najbardziej wymagaj\u0105cych mi\u0142o\u015bnik\u00f3w hash marihuany. Ten unikalny produkt jest idealnym przyk\u0142adem rzemie\u015blniczego podej\u015bcia do produkcji hashy, oferuj\u0105c bogaty profil smakowy, intensywny aromat oraz niezr\u00f3wnane efekty.<\/p>\n<p><strong>Kup Mas\u0142o O\u015bla firmy Tegridy Farms Online<\/strong> \u2013 najwy\u017cszej jako\u015bci hash marihuany dost\u0119pny w Europie! Odkryj wyj\u0105tkowy produkt, kt\u00f3ry \u0142\u0105czy tradycyjne metody produkcji z nowoczesnymi standardami. Mas\u0142o O\u015bla firmy Tegridy Farms to doskona\u0142y wyb\u00f3r dla mi\u0142o\u015bnik\u00f3w <a href=\"https:\/\/hitexoticsdistro.eu\/de\/product-category\/kup-koncentraty-konopi-indyjskich-online\/\"><strong>koncentrat\u00f3w z konopi<\/strong><\/a>, szukaj\u0105cych intensywnych dozna\u0144 i pe\u0142nego spektrum kannabinoid\u00f3w.<\/p>\n<p>Nasz produkt wyr\u00f3\u017cnia si\u0119 czysto\u015bci\u0105 i moc\u0105, idealny zar\u00f3wno do relaksu, jak i wsparcia w codziennych wyzwaniach. Zam\u00f3w online w zaufanym sklepie i ciesz si\u0119 dyskretn\u0105 dostaw\u0105 na terenie ca\u0142ej Europy. Wybierz jako\u015b\u0107, kt\u00f3rej mo\u017cesz zaufa\u0107, i do\u0142\u0105cz do grona zadowolonych klient\u00f3w. Nie przegap okazji \u2013 <strong>kup Mas\u0142o O\u015bla firmy Tegridy Farms ju\u017c dzi\u015b<\/strong> i przekonaj si\u0119, dlaczego jest to najlepszy wyb\u00f3r w\u015br\u00f3d produkt\u00f3w konopnych!<\/p>\n<h3>Dlaczego warto wybra\u0107 Mas\u0142o O\u015bla od Tegridy Farms?<\/h3>\n<p><strong>1. Rzemie\u015blnicza jako\u015b\u0107:<\/strong> Ka\u017cda partia Mas\u0142a O\u015blego jest wytwarzana w ma\u0142ych seriach, co pozwala na pe\u0142n\u0105 kontrol\u0119 jako\u015bci i zachowanie naturalnych w\u0142a\u015bciwo\u015bci ro\u015bliny. Produkt pochodzi z najlepszych upraw w Kolumbii Brytyjskiej, znanej z doskona\u0142ych warunk\u00f3w do uprawy konopi.<\/p>\n<p><strong>2. Intensywny aromat i smak:<\/strong> Mas\u0142o O\u015bla charakteryzuje si\u0119 unikalnym profilem terpenowym. Smak jest pikantny, z nutami skunka, ziemistej sosny oraz zi\u00f3\u0142. Aromat jest r\u00f3wnie intensywny, z wyra\u017anym akcentem diesla i bogatym zapachem skunka.<\/p>\n<p><strong>3. Wyj\u0105tkowe efekty:<\/strong> Idealny dla mi\u0142o\u015bnik\u00f3w odmian indica, Mas\u0142o O\u015bla zapewnia podnosz\u0105ce na duchu i euforyczne doznania, kt\u00f3re doskonale sprawdzaj\u0105 si\u0119 podczas relaksuj\u0105cych wieczor\u00f3w. Efekty obejmuj\u0105 g\u0142\u0119bokie odpr\u0119\u017cenie cia\u0142a i umys\u0142u, co czyni go idealnym wyborem na koniec dnia.<\/p>\n<h3>Hash Marihuany i Koncentraty z Konopi \u2013 Co warto wiedzie\u0107?<\/h3>\n<p><a href=\"https:\/\/hitexoticsdistro.eu\/de\/product-category\/jak-bezpiecznie-zamawiac-wysokiej-jakosci-haszysz-thc-online\/\"><strong>Hash marihuany<\/strong><\/a> to jeden z najstarszych i najbardziej cenionych koncentrat\u00f3w z konopi. Powstaje poprzez oddzielenie trichom\u00f3w od kwiat\u00f3w konopi, co pozwala na uzyskanie produktu o wysokim st\u0119\u017ceniu kannabinoid\u00f3w i terpen\u00f3w. Hash marihuany, taki jak Mas\u0142o O\u015bla, jest ceniony za intensywno\u015b\u0107 dzia\u0142ania i bogaty smak.<\/p>\n<p><strong>Koncentraty z konopi<\/strong> obejmuj\u0105 szerok\u0105 gam\u0119 produkt\u00f3w, w tym oleje, woski, shattery i hashe. Mas\u0142o O\u015bla firmy Tegridy Farms wyr\u00f3\u017cnia si\u0119 w tej kategorii jako produkt rzemie\u015blniczy, kt\u00f3ry zachowuje naturalne w\u0142a\u015bciwo\u015bci ro\u015bliny, jednocze\u015bnie oferuj\u0105c wysok\u0105 jako\u015b\u0107 i unikalny profil smakowy.<\/p>\n<h3>Jak u\u017cywa\u0107 Mas\u0142a O\u015blego od Tegridy Farms?<\/h3>\n<p><strong>1. Tradycyjne palenie:<\/strong> Mas\u0142o O\u015bla mo\u017cna u\u017cywa\u0107 w tradycyjny spos\u00f3b, mieszaj\u0105c je z suszem <strong><a href=\"https:\/\/hitexoticsdistro.eu\/de\/product-category\/gdzie-moge-kupic-marihuane\/\">marihuany<\/a><\/strong> i pal\u0105c w fajce lub jointach. To klasyczna metoda, kt\u00f3ra pozwala w pe\u0142ni doceni\u0107 bogaty smak i aromat.<\/p>\n<p><strong>2. Vaporization:<\/strong> Dla bardziej nowoczesnego podej\u015bcia, Mas\u0142o O\u015bla doskonale sprawdza si\u0119 w waporyzatorach. Waporyzacja pozwala na zachowanie terpen\u00f3w i kannabinoid\u00f3w, oferuj\u0105c czysty smak i efektywne dzia\u0142anie.<\/p>\n<p><strong>3. Edibles:<\/strong> Mas\u0142o O\u015bla mo\u017cna r\u00f3wnie\u017c dodawa\u0107 do potraw, tworz\u0105c w\u0142asne edibles. Pami\u0119taj jednak o odpowiednim dawkowaniu, poniewa\u017c <a href=\"https:\/\/hemplo.pl\/poradnik\/strefa-relaksu\/haszysz-i-marihuana-roznice\/\" rel=\"nofollow noopener\" target=\"_blank\">hash<\/a> marihuany ma wysokie st\u0119\u017cenie THC.<\/p>\n<h3>Kup Mas\u0142o O\u015bla firmy Tegridy Farms Online w Europie<\/h3>\n<p>Zakup Mas\u0142a O\u015blego online jest teraz \u0142atwiejszy ni\u017c kiedykolwiek. Nasza platforma oferuje szybki dost\u0119p do najwy\u017cszej jako\u015bci koncentrat\u00f3w z konopi, w tym unikalnych produkt\u00f3w od Tegridy Farms. Kupuj\u0105c u nas, masz pewno\u015b\u0107, \u017ce otrzymujesz oryginalny produkt, kt\u00f3ry spe\u0142nia najwy\u017csze standardy.<\/p>\n<p><strong>Dlaczego warto kupi\u0107 u nas?<\/strong><\/p>\n<ol start=\"1\" data-spread=\"false\">\n<li><strong>Szybka dostawa:<\/strong> Dostarczamy na terenie ca\u0142ej Europy w mo\u017cliwie najkr\u00f3tszym czasie.<\/li>\n<li><strong>Gwarancja jako\u015bci:<\/strong> Wszystkie nasze produkty s\u0105 testowane pod k\u0105tem jako\u015bci i czysto\u015bci.<\/li>\n<li><strong>Bezpieczne p\u0142atno\u015bci:<\/strong> Oferujemy r\u00f3\u017cne metody p\u0142atno\u015bci, aby zakupy by\u0142y wygodne i bezpieczne.<\/li>\n<\/ol>\n<h3>Porady dotycz\u0105ce przechowywania<\/h3>\n<p>Aby zachowa\u0107 \u015bwie\u017co\u015b\u0107 i jako\u015b\u0107 Mas\u0142a O\u015blego, przechowuj je w ch\u0142odnym, suchym miejscu, z dala od \u015bwiat\u0142a s\u0142onecznego. Mo\u017cesz r\u00f3wnie\u017c u\u017cywa\u0107 szczelnych pojemnik\u00f3w, aby unikn\u0105\u0107 utraty aromatu i smaku.<\/p>\n<h3>Podsumowanie<\/h3>\n<p>Mas\u0142o O\u015bla firmy Tegridy Farms to wyj\u0105tkowy produkt, kt\u00f3ry \u0142\u0105czy tradycj\u0119 z nowoczesnym podej\u015bciem do produkcji hashy. Dzi\u0119ki intensywnemu smakowi, bogatemu aromatowi i niezr\u00f3wnanym efektom, jest to obowi\u0105zkowy wyb\u00f3r dla ka\u017cdego mi\u0142o\u015bnika hash marihuany i koncentrat\u00f3w z konopi. Kup Mas\u0142o O\u015bla firmy Tegridy Farms Online i do\u015bwiadcz wyj\u0105tkowej jako\u015bci, jak\u0105 oferuje ten rzemie\u015blniczy produkt.<\/p>\n<p>&nbsp;<\/p>\n<p>&nbsp;<\/p>\n<p><img loading=\"lazy\" decoding=\"async\" class=\"alignnone size-medium wp-image-1174\" src=\"https:\/\/hitexoticsdistro.eu\/wp-content\/uploads\/2024\/10\/WhatsApp-Image-2024-10-02-at-3.49.57-PM-1-225x300.jpeg\" alt=\"Kup\u00a0Chwast\u00a0Online\" width=\"225\" height=\"300\" srcset=\"https:\/\/hitexoticsdistro.eu\/wp-content\/uploads\/2024\/10\/WhatsApp-Image-2024-10-02-at-3.49.57-PM-1-225x300.jpeg 225w, https:\/\/hitexoticsdistro.eu\/wp-content\/uploads\/2024\/10\/WhatsApp-Image-2024-10-02-at-3.49.57-PM-1-768x1024.jpeg 768w, https:\/\/hitexoticsdistro.eu\/wp-content\/uploads\/2024\/10\/WhatsApp-Image-2024-10-02-at-3.49.57-PM-1-600x800.jpeg 600w, https:\/\/hitexoticsdistro.eu\/wp-content\/uploads\/2024\/10\/WhatsApp-Image-2024-10-02-at-3.49.57-PM-1.jpeg 960w\" sizes=\"auto, (max-width: 225px) 100vw, 225px\" \/> <img loading=\"lazy\" decoding=\"async\" class=\"alignnone size-medium wp-image-1149\" src=\"https:\/\/hitexoticsdistro.eu\/wp-content\/uploads\/2024\/10\/WhatsApp-Image-2024-10-02-at-3.50.03-PM-2-300x300.jpeg\" alt=\"Gdzie bezpiecznie kupi\u0107 marihuan\u0119 online?\" width=\"300\" height=\"300\" srcset=\"https:\/\/hitexoticsdistro.eu\/wp-content\/uploads\/2024\/10\/WhatsApp-Image-2024-10-02-at-3.50.03-PM-2-300x300.jpeg 300w, https:\/\/hitexoticsdistro.eu\/wp-content\/uploads\/2024\/10\/WhatsApp-Image-2024-10-02-at-3.50.03-PM-2-150x150.jpeg 150w, https:\/\/hitexoticsdistro.eu\/wp-content\/uploads\/2024\/10\/WhatsApp-Image-2024-10-02-at-3.50.03-PM-2-600x600.jpeg 600w, https:\/\/hitexoticsdistro.eu\/wp-content\/uploads\/2024\/10\/WhatsApp-Image-2024-10-02-at-3.50.03-PM-2-100x100.jpeg 100w, https:\/\/hitexoticsdistro.eu\/wp-content\/uploads\/2024\/10\/WhatsApp-Image-2024-10-02-at-3.50.03-PM-2.jpeg 640w\" sizes=\"auto, (max-width: 300px) 100vw, 300px\" \/> <img loading=\"lazy\" decoding=\"async\" class=\"alignnone size-medium wp-image-1175\" src=\"https:\/\/hitexoticsdistro.eu\/wp-content\/uploads\/2024\/10\/WhatsApp-Image-2024-10-02-at-3.50.01-PM-2-225x300.jpeg\" alt=\"Kup marihuan\u0119 THC online\" width=\"225\" height=\"300\" srcset=\"https:\/\/hitexoticsdistro.eu\/wp-content\/uploads\/2024\/10\/WhatsApp-Image-2024-10-02-at-3.50.01-PM-2-225x300.jpeg 225w, https:\/\/hitexoticsdistro.eu\/wp-content\/uploads\/2024\/10\/WhatsApp-Image-2024-10-02-at-3.50.01-PM-2-768x1024.jpeg 768w, https:\/\/hitexoticsdistro.eu\/wp-content\/uploads\/2024\/10\/WhatsApp-Image-2024-10-02-at-3.50.01-PM-2-600x800.jpeg 600w, https:\/\/hitexoticsdistro.eu\/wp-content\/uploads\/2024\/10\/WhatsApp-Image-2024-10-02-at-3.50.01-PM-2.jpeg 960w\" sizes=\"auto, (max-width: 225px) 100vw, 225px\" \/><\/p>","protected":false},"excerpt":{"rendered":"<p>Kup Mas\u0142o O\u015bla firmy Tegridy Farms Online \u2013 Ekskluzywne Koncentraty z Konopi dla Koneser\u00f3w Wyj\u0105tkowy Produkt: Mas\u0142o O\u015bla od Tegridy [&hellip;]<\/p>\n","protected":false},"featured_media":885,"comment_status":"closed","ping_status":"closed","template":"","meta":{"_surecart_dashboard_logo_width":"180px","_surecart_dashboard_show_logo":true,"_surecart_dashboard_navigation_orders":true,"_surecart_dashboard_navigation_invoices":true,"_surecart_dashboard_navigation_subscriptions":true,"_surecart_dashboard_navigation_downloads":true,"_surecart_dashboard_navigation_billing":true,"_surecart_dashboard_navigation_account":true,"_uag_custom_page_level_css":"","site-sidebar-layout":"default","site-content-layout":"","ast-site-content-layout":"default","site-content-style":"default","site-sidebar-style":"default","ast-global-header-display":"","ast-banner-title-visibility":"","ast-main-header-display":"","ast-hfb-above-header-display":"","ast-hfb-below-header-display":"","ast-hfb-mobile-header-display":"","site-post-title":"","ast-breadcrumbs-content":"","ast-featured-img":"","footer-sml-layout":"","theme-transparent-header-meta":"default","adv-header-id-meta":"","stick-header-meta":"","header-above-stick-meta":"","header-main-stick-meta":"","header-below-stick-meta":"","astra-migrate-meta-layouts":"set","ast-page-background-enabled":"default","ast-page-background-meta":{"desktop":{"background-color":"var(--ast-global-color-4)","background-image":"","background-repeat":"repeat","background-position":"center center","background-size":"auto","background-attachment":"scroll","background-type":"","background-media":"","overlay-type":"","overlay-color":"","overlay-opacity":"","overlay-gradient":""},"tablet":{"background-color":"","background-image":"","background-repeat":"repeat","background-position":"center center","background-size":"auto","background-attachment":"scroll","background-type":"","background-media":"","overlay-type":"","overlay-color":"","overlay-opacity":"","overlay-gradient":""},"mobile":{"background-color":"","background-image":"","background-repeat":"repeat","background-position":"center center","background-size":"auto","background-attachment":"scroll","background-type":"","background-media":"","overlay-type":"","overlay-color":"","overlay-opacity":"","overlay-gradient":""}},"ast-content-background-meta":{"desktop":{"background-color":"var(--ast-global-color-5)","background-image":"","background-repeat":"repeat","background-position":"center center","background-size":"auto","background-attachment":"scroll","background-type":"","background-media":"","overlay-type":"","overlay-color":"","overlay-opacity":"","overlay-gradient":""},"tablet":{"background-color":"var(--ast-global-color-5)","background-image":"","background-repeat":"repeat","background-position":"center center","background-size":"auto","background-attachment":"scroll","background-type":"","background-media":"","overlay-type":"","overlay-color":"","overlay-opacity":"","overlay-gradient":""},"mobile":{"background-color":"var(--ast-global-color-5)","background-image":"","background-repeat":"repeat","background-position":"center center","background-size":"auto","background-attachment":"scroll","background-type":"","background-media":"","overlay-type":"","overlay-color":"","overlay-opacity":"","overlay-gradient":""}}},"product_brand":[],"product_cat":[400,53],"product_tag":[1470,1232,1270,1553,847,1555,1556,1554,1557],"class_list":{"0":"post-841","1":"product","2":"type-product","3":"status-publish","4":"has-post-thumbnail","6":"product_cat-jak-bezpiecznie-zamawiac-wysokiej-jakosci-haszysz-thc-online","7":"product_cat-kup-koncentraty-konopi-indyjskich-online","8":"product_tag-hashmarihuany","9":"product_tag-koncentratyzkonopi","10":"product_tag-konopieeurope","11":"product_tag-kupmasloosla","12":"product_tag-kuponline","13":"product_tag-masloosla","14":"product_tag-maslooslaonline","15":"product_tag-tegridyfarms","16":"product_tag-tegridyfarmshash","17":"desktop-align-left","18":"tablet-align-left","19":"mobile-align-left","21":"first","22":"instock","23":"shipping-taxable","24":"purchasable","25":"product-type-variable"},"uagb_featured_image_src":{"full":["https:\/\/hitexoticsdistro.eu\/wp-content\/uploads\/2024\/10\/Donkey-Butter-by-Tegridy-Farms.jpg",1000,1000,false],"thumbnail":["https:\/\/hitexoticsdistro.eu\/wp-content\/uploads\/2024\/10\/Donkey-Butter-by-Tegridy-Farms-150x150.jpg",150,150,true],"medium":["https:\/\/hitexoticsdistro.eu\/wp-content\/uploads\/2024\/10\/Donkey-Butter-by-Tegridy-Farms-300x300.jpg",300,300,true],"medium_large":["https:\/\/hitexoticsdistro.eu\/wp-content\/uploads\/2024\/10\/Donkey-Butter-by-Tegridy-Farms-768x768.jpg",768,768,true],"large":["https:\/\/hitexoticsdistro.eu\/wp-content\/uploads\/2024\/10\/Donkey-Butter-by-Tegridy-Farms.jpg",1000,1000,false],"1536x1536":["https:\/\/hitexoticsdistro.eu\/wp-content\/uploads\/2024\/10\/Donkey-Butter-by-Tegridy-Farms.jpg",1000,1000,false],"2048x2048":["https:\/\/hitexoticsdistro.eu\/wp-content\/uploads\/2024\/10\/Donkey-Butter-by-Tegridy-Farms.jpg",1000,1000,false],"trp-custom-language-flag":["https:\/\/hitexoticsdistro.eu\/wp-content\/uploads\/2024\/10\/Donkey-Butter-by-Tegridy-Farms.jpg",12,12,false],"woocommerce_thumbnail":["https:\/\/hitexoticsdistro.eu\/wp-content\/uploads\/2024\/10\/Donkey-Butter-by-Tegridy-Farms-300x300.jpg",300,300,true],"woocommerce_single":["https:\/\/hitexoticsdistro.eu\/wp-content\/uploads\/2024\/10\/Donkey-Butter-by-Tegridy-Farms-600x600.jpg",600,600,true],"woocommerce_gallery_thumbnail":["https:\/\/hitexoticsdistro.eu\/wp-content\/uploads\/2024\/10\/Donkey-Butter-by-Tegridy-Farms-100x100.jpg",100,100,true]},"uagb_author_info":{"display_name":"","author_link":"https:\/\/hitexoticsdistro.eu\/de\/author\/"},"uagb_comment_info":0,"uagb_excerpt":"Kup Mas\u0142o O\u015bla firmy Tegridy Farms Online \u2013 Ekskluzywne Koncentraty z Konopi dla Koneser\u00f3w Wyj\u0105tkowy Produkt: Mas\u0142o O\u015bla od Tegridy [&hellip;]","_links":{"self":[{"href":"https:\/\/hitexoticsdistro.eu\/de\/wp-json\/wp\/v2\/product\/841","targetHints":{"allow":["GET"]}}],"collection":[{"href":"https:\/\/hitexoticsdistro.eu\/de\/wp-json\/wp\/v2\/product"}],"about":[{"href":"https:\/\/hitexoticsdistro.eu\/de\/wp-json\/wp\/v2\/types\/product"}],"replies":[{"embeddable":true,"href":"https:\/\/hitexoticsdistro.eu\/de\/wp-json\/wp\/v2\/comments?post=841"}],"wp:featuredmedia":[{"embeddable":true,"href":"https:\/\/hitexoticsdistro.eu\/de\/wp-json\/wp\/v2\/media\/885"}],"wp:attachment":[{"href":"https:\/\/hitexoticsdistro.eu\/de\/wp-json\/wp\/v2\/media?parent=841"}],"wp:term":[{"taxonomy":"product_brand","embeddable":true,"href":"https:\/\/hitexoticsdistro.eu\/de\/wp-json\/wp\/v2\/product_brand?post=841"},{"taxonomy":"product_cat","embeddable":true,"href":"https:\/\/hitexoticsdistro.eu\/de\/wp-json\/wp\/v2\/product_cat?post=841"},{"taxonomy":"product_tag","embeddable":true,"href":"https:\/\/hitexoticsdistro.eu\/de\/wp-json\/wp\/v2\/product_tag?post=841"}],"curies":[{"name":"wp","href":"https:\/\/api.w.org\/{rel}","templated":true}]}}