{"id":513,"date":"2024-10-10T22:53:39","date_gmt":"2024-10-10T22:53:39","guid":{"rendered":"https:\/\/hitexoticsdistro.com\/?post_type=product&#038;p=513"},"modified":"2025-09-02T11:57:41","modified_gmt":"2025-09-02T11:57:41","slug":"kup-tuna-kush-cannabis-kief-europe","status":"publish","type":"product","link":"https:\/\/hitexoticsdistro.eu\/de\/product\/kup-tuna-kush-cannabis-kief-europe\/","title":{"rendered":"Tuna Kush Kief"},"content":{"rendered":"<h2 data-pm-slice=\"1 1 []\">Kup Tuna Kush Cannabis Kief Europe \u2013 Najlepszy Wybor dla Mi\u0142o\u015bnik\u00f3w Koncentrat\u00f3w z Konopi<\/h2>\n<p><strong>Moc i Wszechstronno\u015b\u0107: Tuna Kush Cannabis Kief<\/strong><\/p>\n<p>Kupowanie wysokiej jako\u015bci koncentrat\u00f3w z konopi, takich jak marihuany Kief, to najlepszy spos\u00f3b na do\u015bwiadczenie pot\u0119\u017cnych efekt\u00f3w marihuany. Tuna Kush Cannabis Kief jest jednym z najbardziej cenionych produkt\u00f3w na rynku, znanym ze swojej niesamowitej mocy i wszechstronnych zastosowa\u0144. Kup Tuna Kush Cannabis Kief Europe, aby zanurzy\u0107 si\u0119 w \u015bwiecie premium <strong><a href=\"https:\/\/hitexoticsdistro.eu\/de\/product-category\/kup-koncentraty-konopi-indyjskich-online\/\">koncentrat\u00f3w z konopi<\/a><\/strong>.<\/p>\n<h3>Co to jest Tuna Kush Cannabis Kief?<\/h3>\n<p>Kief, znany r\u00f3wnie\u017c jako sucha sitowa \u017cywica, to drobne kryszta\u0142ki kannabinoid\u00f3w i terpen\u00f3w oddzielone od kwiat\u00f3w konopi. Tuna Kush Cannabis Kief pochodzi z legendarnej odmiany Tuna Kush, kt\u00f3ra jest bardzo ceniona za swoje w\u0142a\u015bciwo\u015bci terapeutyczne i silne efekty. Odmiana ta charakteryzuje si\u0119 wysok\u0105 zawarto\u015bci\u0105 THC, osi\u0105gaj\u0105c\u0105 nawet 27%, co czyni j\u0105 idealn\u0105 dla do\u015bwiadczonych u\u017cytkownik\u00f3w <strong><a href=\"https:\/\/hitexoticsdistro.eu\/de\/product-category\/gdzie-moge-kupic-marihuane\/\">marihuany<\/a><\/strong>.<\/p>\n<h3>Pochodzenie Tuna Kush<\/h3>\n<p>Chocia\u017c dok\u0142adne pochodzenie Tuna Kush pozostaje nieznane, wielu uwa\u017ca, \u017ce jest to fenotyp lub backcross Hindu Kush \u2013 znanej z wysokiej mocy odmiany o intensywnym aromacie. To genetyczne dziedzictwo sprawia, \u017ce Tuna Kush wyr\u00f3\u017cnia si\u0119 w\u015br\u00f3d innych odmian, oferuj\u0105c unikaln\u0105 kombinacj\u0119 silnych efekt\u00f3w relaksacyjnych i terapeutycznych.<\/p>\n<h3>W\u0142a\u015bciwo\u015bci i Efekty Tuna Kush Cannabis Kief<\/h3>\n<p>Tuna Kush to hybryda z przewag\u0105 gen\u00f3w indica (70% indica, 30% sativa), kt\u00f3ra oferuje:<\/p>\n<ol start=\"1\" data-spread=\"true\">\n<li><strong>Intensywny relaks:<\/strong>\n<ul data-spread=\"false\">\n<li>Tuna Kush zapewnia g\u0142\u0119boki, uspokajaj\u0105cy efekt cia\u0142a, kt\u00f3ry cz\u0119sto prowadzi do efektu &#8222;couch-lock.&#8221;<\/li>\n<li>Idealna dla os\u00f3b zmagaj\u0105cych si\u0119 z bezsenno\u015bci\u0105 lub chronicznym stresem.<\/li>\n<\/ul>\n<\/li>\n<li><strong>Delikatna stymulacja umys\u0142u:<\/strong>\n<ul data-spread=\"false\">\n<li>Dzi\u0119ki zawarto\u015bci gen\u00f3w sativa, Tuna Kush mo\u017ce poprawi\u0107 nastr\u00f3j i wywo\u0142a\u0107 uczucie euforii.<\/li>\n<li>U do\u015bwiadczonych u\u017cytkownik\u00f3w mo\u017ce wspom\u00f3c koncentracj\u0119 i kreatywno\u015b\u0107.<\/li>\n<\/ul>\n<\/li>\n<li><strong>Efekty medyczne:<\/strong> Tuna Kush Cannabis Kief to r\u00f3wnie\u017c doskona\u0142y wyb\u00f3r dla pacjent\u00f3w medycznych. Mo\u017cna go stosowa\u0107 do leczenia:\n<ul data-spread=\"false\">\n<li>Chronicznego b\u00f3lu<\/li>\n<li>Ci\u0119\u017ckiej depresji<\/li>\n<li>Nudno\u015bci<\/li>\n<li>Zm\u0119czenia<\/li>\n<li>Zaburze\u0144 snu<\/li>\n<\/ul>\n<\/li>\n<li><strong>Munchies:<\/strong> Przygotuj si\u0119 na wzmo\u017cony apetyt, gdy\u017c ten produkt cz\u0119sto powoduje ch\u0119\u0107 na przek\u0105ski.<\/li>\n<\/ol>\n<h3>Jak stosowa\u0107 Tuna Kush Cannabis Kief?<\/h3>\n<p>Kief jest niezwykle wszechstronny i mo\u017cna go stosowa\u0107 na kilka sposob\u00f3w:<\/p>\n<ol start=\"1\" data-spread=\"true\">\n<li><strong>Dodatek do jointa:<\/strong> Posyp kiefem swojego jointa lub blunt, aby zwi\u0119kszy\u0107 moc.<\/li>\n<li><strong>U\u017cycie w waporyzatorze:<\/strong> Kief mo\u017cna stosowa\u0107 w waporyzatorach kompatybilnych z koncentratami, co zapewnia czysty i intensywny smak.<\/li>\n<li><strong>Tworzenie domowych produkt\u00f3w:<\/strong> Dodaj kief do mas\u0142a konopnego, aby przygotowa\u0107 w\u0142asne edibles.<\/li>\n<\/ol>\n<h3>Dlaczego warto kupi\u0107 Tuna Kush Cannabis Kief w Europie?<\/h3>\n<p>Kupowanie <strong><a href=\"https:\/\/hitexoticsdistro.eu\/de\/product-category\/kup-koncentraty-konopi-indyjskich-online\/\">koncentrat\u00f3w z konopi online<\/a><\/strong> sta\u0142o si\u0119 \u0142atwiejsze ni\u017c kiedykolwiek. Kup Tuna Kush Cannabis Kief Europe i skorzystaj z:<\/p>\n<ul data-spread=\"true\">\n<li><strong>Gwarancji jako\u015bci:<\/strong> Wszystkie nasze produkty s\u0105 testowane laboratoryjnie, aby zapewni\u0107 najwy\u017csz\u0105 jako\u015b\u0107 i czysto\u015b\u0107.<\/li>\n<li><strong>Szybkiej dostawy:<\/strong> Dostarczamy na terenie ca\u0142ej Europy w szybkim tempie, aby\u015b m\u00f3g\u0142 cieszy\u0107 si\u0119 swoimi produktami bez op\u00f3\u017anie\u0144.<\/li>\n<li><strong>Dyskrecji:<\/strong> Nasze paczki s\u0105 starannie zapakowane, aby zapewni\u0107 pe\u0142n\u0105 prywatno\u015b\u0107.<\/li>\n<\/ul>\n<h3>Jak zam\u00f3wi\u0107 Tuna Kush Cannabis Kief?<\/h3>\n<p>Proces zakupu w naszym sklepie <a href=\"https:\/\/allegro.pl\/listing?string=marihuana%20thc&amp;srsltid=AfmBOopDThThtDc56zuMJDDnKhuDtZO2Isv4sWnhLP_oWE4x0owmHfft\" rel=\"nofollow noopener\" target=\"_blank\">online<\/a> jest prosty i szybki:<\/p>\n<ol start=\"1\" data-spread=\"false\">\n<li>Przejd\u017a na nasz\u0105 stron\u0119 internetow\u0105.<\/li>\n<li>Wyszukaj &#8222;Kup Tuna Kush Cannabis Kief Europe.&#8221;<\/li>\n<li>Dodaj produkt do koszyka.<\/li>\n<li>Wybierz preferowan\u0105 metod\u0119 p\u0142atno\u015bci i sfinalizuj zam\u00f3wienie.<\/li>\n<\/ol>\n<h3>Bezpiecze\u0144stwo i Legalno\u015b\u0107<\/h3>\n<p>Produkty zawieraj\u0105ce konopie, w tym Tuna Kush Cannabis Kief, s\u0105 legalne w wielu krajach europejskich, o ile przestrzegaj\u0105 regulacji dotycz\u0105cych poziomu THC. Przed zakupem upewnij si\u0119, \u017ce zapozna\u0142e\u015b si\u0119 z lokalnymi przepisami.<\/p>\n<h3>Dlaczego marihuany Kief zyskuje na popularno\u015bci?<\/h3>\n<p>Marihuany Kief to esencja wszystkiego, co najlepsze w konopiach. Zawiera wysokie st\u0119\u017cenie kannabinoid\u00f3w i terpen\u00f3w, oferuj\u0105c pot\u0119\u017cne efekty przy niewielkich ilo\u015bciach. To idealny produkt dla tych, kt\u00f3rzy chc\u0105 cieszy\u0107 si\u0119 maksymalnymi korzy\u015bciami z marihuany w kompaktowej formie.<\/p>\n<h3>Podsumowanie<\/h3>\n<p>Tuna Kush Cannabis Kief to idealny wyb\u00f3r dla ka\u017cdego mi\u0142o\u015bnika <strong><a href=\"https:\/\/hitexoticsdistro.eu\/de\/product-category\/gdzie-moge-kupic-marihuane\/\">marihuany<\/a><\/strong>, niezale\u017cnie od poziomu do\u015bwiadczenia. Oferuje nie tylko mocne efekty rekreacyjne, ale tak\u017ce szerokie zastosowanie medyczne. Kup Tuna Kush Cannabis Kief Europe ju\u017c dzi\u015b i odkryj, dlaczego ten produkt zyska\u0142 miano legendy w \u015bwiecie koncentrat\u00f3w z konopi.<\/p>\n<p>&nbsp;<\/p>\n<div><\/div>\n<div><img loading=\"lazy\" decoding=\"async\" class=\"alignnone size-medium wp-image-1237\" src=\"https:\/\/hitexoticsdistro.eu\/wp-content\/uploads\/2024\/10\/WhatsApp-Image-2024-10-02-at-3.50.06-PM-1-1-225x300.jpeg\" alt=\"Zasady zwrotu pieni\u0119dzy za zam\u00f3wienie marihuany\" width=\"225\" height=\"300\" srcset=\"https:\/\/hitexoticsdistro.eu\/wp-content\/uploads\/2024\/10\/WhatsApp-Image-2024-10-02-at-3.50.06-PM-1-1-225x300.jpeg 225w, https:\/\/hitexoticsdistro.eu\/wp-content\/uploads\/2024\/10\/WhatsApp-Image-2024-10-02-at-3.50.06-PM-1-1-768x1024.jpeg 768w, https:\/\/hitexoticsdistro.eu\/wp-content\/uploads\/2024\/10\/WhatsApp-Image-2024-10-02-at-3.50.06-PM-1-1-600x800.jpeg 600w, https:\/\/hitexoticsdistro.eu\/wp-content\/uploads\/2024\/10\/WhatsApp-Image-2024-10-02-at-3.50.06-PM-1-1.jpeg 960w\" sizes=\"auto, (max-width: 225px) 100vw, 225px\" \/> <img loading=\"lazy\" decoding=\"async\" class=\"alignnone size-medium wp-image-1234\" src=\"https:\/\/hitexoticsdistro.eu\/wp-content\/uploads\/2024\/10\/WhatsApp-Image-2024-10-02-at-3.50.05-PM-1-1-225x300.jpeg\" alt=\"Dyskretna wysy\u0142ka marihuany online\" width=\"225\" height=\"300\" srcset=\"https:\/\/hitexoticsdistro.eu\/wp-content\/uploads\/2024\/10\/WhatsApp-Image-2024-10-02-at-3.50.05-PM-1-1-225x300.jpeg 225w, https:\/\/hitexoticsdistro.eu\/wp-content\/uploads\/2024\/10\/WhatsApp-Image-2024-10-02-at-3.50.05-PM-1-1-768x1024.jpeg 768w, https:\/\/hitexoticsdistro.eu\/wp-content\/uploads\/2024\/10\/WhatsApp-Image-2024-10-02-at-3.50.05-PM-1-1-600x800.jpeg 600w, https:\/\/hitexoticsdistro.eu\/wp-content\/uploads\/2024\/10\/WhatsApp-Image-2024-10-02-at-3.50.05-PM-1-1.jpeg 960w\" sizes=\"auto, (max-width: 225px) 100vw, 225px\" \/> <img loading=\"lazy\" decoding=\"async\" class=\"alignnone size-medium wp-image-1230\" src=\"https:\/\/hitexoticsdistro.eu\/wp-content\/uploads\/2024\/10\/WhatsApp-Image-2024-10-02-at-3.50.08-PM-3-225x300.jpeg\" alt=\"Jak zam\u00f3wi\u0107 marihuan\u0119 online\" width=\"225\" height=\"300\" srcset=\"https:\/\/hitexoticsdistro.eu\/wp-content\/uploads\/2024\/10\/WhatsApp-Image-2024-10-02-at-3.50.08-PM-3-225x300.jpeg 225w, https:\/\/hitexoticsdistro.eu\/wp-content\/uploads\/2024\/10\/WhatsApp-Image-2024-10-02-at-3.50.08-PM-3-768x1024.jpeg 768w, https:\/\/hitexoticsdistro.eu\/wp-content\/uploads\/2024\/10\/WhatsApp-Image-2024-10-02-at-3.50.08-PM-3-600x800.jpeg 600w, https:\/\/hitexoticsdistro.eu\/wp-content\/uploads\/2024\/10\/WhatsApp-Image-2024-10-02-at-3.50.08-PM-3.jpeg 960w\" sizes=\"auto, (max-width: 225px) 100vw, 225px\" \/><\/div>","protected":false},"excerpt":{"rendered":"<p>Kup Tuna Kush Cannabis Kief Europe \u2013 Najlepszy Wybor dla Mi\u0142o\u015bnik\u00f3w Koncentrat\u00f3w z Konopi Moc i Wszechstronno\u015b\u0107: Tuna Kush Cannabis [&hellip;]<\/p>\n","protected":false},"featured_media":563,"comment_status":"closed","ping_status":"closed","template":"","meta":{"_surecart_dashboard_logo_width":"180px","_surecart_dashboard_show_logo":true,"_surecart_dashboard_navigation_orders":true,"_surecart_dashboard_navigation_invoices":true,"_surecart_dashboard_navigation_subscriptions":true,"_surecart_dashboard_navigation_downloads":true,"_surecart_dashboard_navigation_billing":true,"_surecart_dashboard_navigation_account":true,"_uag_custom_page_level_css":"","site-sidebar-layout":"default","site-content-layout":"","ast-site-content-layout":"default","site-content-style":"default","site-sidebar-style":"default","ast-global-header-display":"","ast-banner-title-visibility":"","ast-main-header-display":"","ast-hfb-above-header-display":"","ast-hfb-below-header-display":"","ast-hfb-mobile-header-display":"","site-post-title":"","ast-breadcrumbs-content":"","ast-featured-img":"","footer-sml-layout":"","theme-transparent-header-meta":"default","adv-header-id-meta":"","stick-header-meta":"","header-above-stick-meta":"","header-main-stick-meta":"","header-below-stick-meta":"","astra-migrate-meta-layouts":"set","ast-page-background-enabled":"default","ast-page-background-meta":{"desktop":{"background-color":"var(--ast-global-color-4)","background-image":"","background-repeat":"repeat","background-position":"center center","background-size":"auto","background-attachment":"scroll","background-type":"","background-media":"","overlay-type":"","overlay-color":"","overlay-opacity":"","overlay-gradient":""},"tablet":{"background-color":"","background-image":"","background-repeat":"repeat","background-position":"center center","background-size":"auto","background-attachment":"scroll","background-type":"","background-media":"","overlay-type":"","overlay-color":"","overlay-opacity":"","overlay-gradient":""},"mobile":{"background-color":"","background-image":"","background-repeat":"repeat","background-position":"center center","background-size":"auto","background-attachment":"scroll","background-type":"","background-media":"","overlay-type":"","overlay-color":"","overlay-opacity":"","overlay-gradient":""}},"ast-content-background-meta":{"desktop":{"background-color":"var(--ast-global-color-5)","background-image":"","background-repeat":"repeat","background-position":"center center","background-size":"auto","background-attachment":"scroll","background-type":"","background-media":"","overlay-type":"","overlay-color":"","overlay-opacity":"","overlay-gradient":""},"tablet":{"background-color":"var(--ast-global-color-5)","background-image":"","background-repeat":"repeat","background-position":"center center","background-size":"auto","background-attachment":"scroll","background-type":"","background-media":"","overlay-type":"","overlay-color":"","overlay-opacity":"","overlay-gradient":""},"mobile":{"background-color":"var(--ast-global-color-5)","background-image":"","background-repeat":"repeat","background-position":"center center","background-size":"auto","background-attachment":"scroll","background-type":"","background-media":"","overlay-type":"","overlay-color":"","overlay-opacity":"","overlay-gradient":""}}},"product_brand":[],"product_cat":[53,177],"product_tag":[1232,798,850,1353,1319,1230,1354,1352],"class_list":{"0":"post-513","1":"product","2":"type-product","3":"status-publish","4":"has-post-thumbnail","6":"product_cat-kup-koncentraty-konopi-indyjskich-online","7":"product_cat-zakup-marihuany-kief-online","8":"product_tag-koncentratyzkonopi","9":"product_tag-konopieindica","10":"product_tag-konopiesativa","11":"product_tag-kuptunakusheurope","12":"product_tag-marihuanykief","13":"product_tag-olejekkonopny","14":"product_tag-tunakushcannabiskief","15":"product_tag-tunakushkief","16":"desktop-align-left","17":"tablet-align-left","18":"mobile-align-left","20":"first","21":"instock","22":"shipping-taxable","23":"purchasable","24":"product-type-variable"},"uagb_featured_image_src":{"full":["https:\/\/hitexoticsdistro.eu\/wp-content\/uploads\/2024\/10\/Tuna-Kush-Cannabis-Kief.jpg",768,768,false],"thumbnail":["https:\/\/hitexoticsdistro.eu\/wp-content\/uploads\/2024\/10\/Tuna-Kush-Cannabis-Kief-150x150.jpg",150,150,true],"medium":["https:\/\/hitexoticsdistro.eu\/wp-content\/uploads\/2024\/10\/Tuna-Kush-Cannabis-Kief-300x300.jpg",300,300,true],"medium_large":["https:\/\/hitexoticsdistro.eu\/wp-content\/uploads\/2024\/10\/Tuna-Kush-Cannabis-Kief.jpg",768,768,false],"large":["https:\/\/hitexoticsdistro.eu\/wp-content\/uploads\/2024\/10\/Tuna-Kush-Cannabis-Kief.jpg",768,768,false],"1536x1536":["https:\/\/hitexoticsdistro.eu\/wp-content\/uploads\/2024\/10\/Tuna-Kush-Cannabis-Kief.jpg",768,768,false],"2048x2048":["https:\/\/hitexoticsdistro.eu\/wp-content\/uploads\/2024\/10\/Tuna-Kush-Cannabis-Kief.jpg",768,768,false],"trp-custom-language-flag":["https:\/\/hitexoticsdistro.eu\/wp-content\/uploads\/2024\/10\/Tuna-Kush-Cannabis-Kief.jpg",12,12,false],"woocommerce_thumbnail":["https:\/\/hitexoticsdistro.eu\/wp-content\/uploads\/2024\/10\/Tuna-Kush-Cannabis-Kief-300x300.jpg",300,300,true],"woocommerce_single":["https:\/\/hitexoticsdistro.eu\/wp-content\/uploads\/2024\/10\/Tuna-Kush-Cannabis-Kief-600x600.jpg",600,600,true],"woocommerce_gallery_thumbnail":["https:\/\/hitexoticsdistro.eu\/wp-content\/uploads\/2024\/10\/Tuna-Kush-Cannabis-Kief-100x100.jpg",100,100,true]},"uagb_author_info":{"display_name":"","author_link":"https:\/\/hitexoticsdistro.eu\/de\/author\/"},"uagb_comment_info":0,"uagb_excerpt":"Kup Tuna Kush Cannabis Kief Europe \u2013 Najlepszy Wybor dla Mi\u0142o\u015bnik\u00f3w Koncentrat\u00f3w z Konopi Moc i Wszechstronno\u015b\u0107: Tuna Kush Cannabis [&hellip;]","_links":{"self":[{"href":"https:\/\/hitexoticsdistro.eu\/de\/wp-json\/wp\/v2\/product\/513","targetHints":{"allow":["GET"]}}],"collection":[{"href":"https:\/\/hitexoticsdistro.eu\/de\/wp-json\/wp\/v2\/product"}],"about":[{"href":"https:\/\/hitexoticsdistro.eu\/de\/wp-json\/wp\/v2\/types\/product"}],"replies":[{"embeddable":true,"href":"https:\/\/hitexoticsdistro.eu\/de\/wp-json\/wp\/v2\/comments?post=513"}],"wp:featuredmedia":[{"embeddable":true,"href":"https:\/\/hitexoticsdistro.eu\/de\/wp-json\/wp\/v2\/media\/563"}],"wp:attachment":[{"href":"https:\/\/hitexoticsdistro.eu\/de\/wp-json\/wp\/v2\/media?parent=513"}],"wp:term":[{"taxonomy":"product_brand","embeddable":true,"href":"https:\/\/hitexoticsdistro.eu\/de\/wp-json\/wp\/v2\/product_brand?post=513"},{"taxonomy":"product_cat","embeddable":true,"href":"https:\/\/hitexoticsdistro.eu\/de\/wp-json\/wp\/v2\/product_cat?post=513"},{"taxonomy":"product_tag","embeddable":true,"href":"https:\/\/hitexoticsdistro.eu\/de\/wp-json\/wp\/v2\/product_tag?post=513"}],"curies":[{"name":"wp","href":"https:\/\/api.w.org\/{rel}","templated":true}]}}