{"id":405,"date":"2024-10-10T22:49:33","date_gmt":"2024-10-10T22:49:33","guid":{"rendered":"https:\/\/hitexoticsdistro.com\/?post_type=product&#038;p=405"},"modified":"2024-10-27T00:12:36","modified_gmt":"2024-10-27T00:12:36","slug":"kup-holy-grail-odmiana-konopi-online","status":"publish","type":"product","link":"https:\/\/hitexoticsdistro.eu\/de\/product\/kup-holy-grail-odmiana-konopi-online\/","title":{"rendered":"Holy Grail"},"content":{"rendered":"<h2>Kup Holy Grail Odmiana Konopi Online<\/h2>\n<p><strong>Holy Grail<\/strong> to renomowana, wielokrotnie nagradzana <a href=\"https:\/\/hitexoticsdistro.eu\/de\/product-category\/hybrydowe-odmiany-marihuany-online\/\">hybryda<\/a>, kt\u00f3r\u0105 uwielbiaj\u0105 entuzja\u015bci konopi. Jest to duma wynikaj\u0105ca z po\u0142\u0105czenia s\u0142ynnych odmian <em>OG#18<\/em> i <em>Kosher Kush<\/em>, tworz\u0105c doskona\u0142\u0105 mieszank\u0119 relaksu i kreatywno\u015bci. Ta wyj\u0105tkowa odmiana jest popularna nie tylko do u\u017cytku rekreacyjnego, ale tak\u017ce ze wzgl\u0119du na swoje w\u0142a\u015bciwo\u015bci terapeutyczne. Je\u015bli szukasz wszechstronnej <a href=\"https:\/\/hitexoticsdistro.eu\/de\/product-category\/gdzie-moge-kupic-marihuane\/\">odmiany<\/a>, kt\u00f3ra r\u00f3wnowa\u017cy umys\u0142 i cia\u0142o, <strong>Kup Holy Grail Odmiana konopi Online<\/strong> i do\u015bwiadcz euforii, relaksu i ulgi w jednym.<\/p>\n<h3>Co sprawia, \u017ce Holy Grail jest wyj\u0105tkowa?<\/h3>\n<p>Holy Grail wyr\u00f3\u017cnia si\u0119 <strong>du\u017cymi, g\u0119stymi p\u0105kami<\/strong>, kt\u00f3re zwykle maj\u0105 <strong>jasnozielony odcie\u0144<\/strong> z <strong>niebieskaw\u0105 po\u015bwiat\u0105<\/strong> lub czasem nawet <strong>br\u0105zowym kolorem<\/strong>. Ro\u015blina sama w sobie ro\u015bnie do \u015bredniej wysoko\u015bci i ma niewielk\u0105 ilo\u015b\u0107 li\u015bci, co sprawia, \u017ce jest stosunkowo \u0142atwa w uprawie zar\u00f3wno dla pocz\u0105tkuj\u0105cych, jak i do\u015bwiadczonych hodowc\u00f3w. Jej mocne dzia\u0142anie, po\u0142\u0105czone z przyjemnym smakiem zio\u0142owym i sosnowym, czyni t\u0119 odmian\u0119 ulubie\u0144cem u\u017cytkownik\u00f3w poszukuj\u0105cych wszechstronnych do\u015bwiadcze\u0144.<\/p>\n<h4>Dlaczego warto kupi\u0107 Holy Grail Odmiana Konopi Online?<\/h4>\n<p>Zakup Holy Grail online od zaufanych dostawc\u00f3w, takich jak <em>Hit Exotics Distro<\/em>, gwarantuje nie tylko produkt najwy\u017cszej jako\u015bci, ale tak\u017ce bezpieczne, dyskretne i wygodne zakupy. Kiedy <strong>Kupujesz Holy Grail Odmiana konopi Online<\/strong>, mo\u017cesz cieszy\u0107 si\u0119 nast\u0119puj\u0105cymi korzy\u015bciami:<\/p>\n<ul>\n<li><strong>Produkt Wysokiej Jako\u015bci<\/strong>: Nasza odmiana Holy Grail jest uprawiana w kontrolowanych warunkach, co zapewnia, \u017ce ka\u017cda partia jest najwy\u017cszej jako\u015bci, \u015bwie\u017ca i mocna.<\/li>\n<li><strong>Bezpieczna Dostawa<\/strong>: Szybka i bezpieczna dostawa prosto do twoich drzwi, z pe\u0142n\u0105 dyskrecj\u0105, pozwalaj\u0105c ci cieszy\u0107 si\u0119 tym fantastycznym produktem bez problem\u00f3w.<\/li>\n<li><strong>Zaufana Obs\u0142uga Klienta<\/strong>: Priorytetem jest zadowolenie klienta, oferujemy pomoc na ka\u017cdym etapie zakup\u00f3w.<\/li>\n<\/ul>\n<h3>Efekty i Korzy\u015bci Holy Grail<\/h3>\n<p>Holy Grail oferuje <strong>\u0142agodny, relaksuj\u0105cy haj<\/strong>, kt\u00f3ry \u0142\u0105czy ulg\u0119 fizyczn\u0105 z <strong>szcz\u0119\u015bliwym, podnosz\u0105cym na duchu i kreatywnym stanem umys\u0142u<\/strong>. Jest to idealna odmiana dla u\u017cytkownik\u00f3w, kt\u00f3rzy chc\u0105 poprawi\u0107 nastr\u00f3j, jednocze\u015bnie odpr\u0119\u017caj\u0105c si\u0119 po d\u0142ugim dniu. Oto niekt\u00f3re z efekt\u00f3w i korzy\u015bci, kt\u00f3re mo\u017cesz oczekiwa\u0107 od tej odmiany:<\/p>\n<ul>\n<li><strong>Kreatywno\u015b\u0107<\/strong>: Idealna do tw\u00f3rczych projekt\u00f3w i sesji burzy m\u00f3zg\u00f3w.<\/li>\n<li><strong>Euforia<\/strong>: Pomaga podnie\u015b\u0107 nastr\u00f3j, przynosz\u0105c poczucie rado\u015bci i zadowolenia.<\/li>\n<li><strong>Relaksacja<\/strong>: \u0141agodzi cia\u0142o i rozlu\u017ania napi\u0119cie, doskona\u0142a na koniec dnia.<\/li>\n<li><strong>Podniesienie na Duchu<\/strong>: Pozostawia uczucie orze\u017awienia i gotowo\u015bci do dzia\u0142ania, idealna na spotkania towarzyskie lub kreatywne zaj\u0119cia.<\/li>\n<\/ul>\n<h3>Zastosowania Terapeutyczne Holy Grail<\/h3>\n<p>W\u0142a\u015bciwo\u015bci terapeutyczne Holy Grail sprawiaj\u0105, \u017ce jest ona ceniona w medycznej spo\u0142eczno\u015bci konopnej. Niezale\u017cnie od tego, czy szukasz ulgi w stresie psychicznym, czy fizycznym dyskomforcie, ta <a href=\"https:\/\/bestbud.nl\/pl\/\" rel=\"nofollow noopener\" target=\"_blank\">hybryda<\/a> ma wiele do zaoferowania:<\/p>\n<ul>\n<li><strong>Przewlek\u0142y B\u00f3l<\/strong>: Wysoka moc zapewnia skuteczn\u0105 ulg\u0119 w przewlek\u0142ym b\u00f3lu.<\/li>\n<li><strong>Depresja<\/strong>: Podnosz\u0105ce na duchu i euforyczne efekty pomagaj\u0105 zwalcza\u0107 objawy depresji.<\/li>\n<li><strong>Bezsenno\u015b\u0107<\/strong>: Relaksuj\u0105ce w\u0142a\u015bciwo\u015bci czyni\u0105 j\u0105 idealnym wyborem dla os\u00f3b borykaj\u0105cych si\u0119 z problemami ze snem.<\/li>\n<li><strong>Nudno\u015bci<\/strong>: Holy Grail jest znana z \u0142agodzenia nudno\u015bci, co czyni j\u0105 doskona\u0142ym wyborem dla os\u00f3b poddawanych terapiom powoduj\u0105cym problemy trawienne.<\/li>\n<li><strong>Stres<\/strong>: Jej uspokajaj\u0105ce efekty pomagaj\u0105 rozpu\u015bci\u0107 stres i napi\u0119cie.<\/li>\n<\/ul>\n<h3>Smaki i Aromaty Holy Grail<\/h3>\n<p>Holy Grail oferuje <strong>zio\u0142owy i sosnowy smak<\/strong> z subtelnymi nutami przypraw, tworz\u0105c od\u015bwie\u017caj\u0105ce, a jednocze\u015bnie nieco ostre doznania podczas palenia. Kiedy jest palona lub waporyzowana, odmiana ta dostarcza bogaty <strong>ziemisty aromat<\/strong> z mieszank\u0105 <strong>zio\u0142owych, sosnowych i drzewnych akcent\u00f3w<\/strong>, pozostawiaj\u0105c trwa\u0142e wra\u017cenie. <strong>Ostre i intensywne<\/strong> nuty sprawiaj\u0105, \u017ce jest to pami\u0119tna odmiana, kt\u00f3ra zachwyci mi\u0142o\u015bnik\u00f3w konopi, kt\u00f3rzy ceni\u0105 sobie g\u0142\u0119bi\u0119 i z\u0142o\u017cono\u015b\u0107 smaku.<\/p>\n<h3>Kup Holy Grail Odmiana Konopi Online Ju\u017c Teraz!<\/h3>\n<p>Gotowy, aby do\u015bwiadczy\u0107 idealnej r\u00f3wnowagi relaksu, kreatywno\u015bci i terapeutycznej ulgi? <strong>Kup Holy Grail Odmiana konopi Online<\/strong> ju\u017c dzi\u015b w <em>Hit Exotics Distro<\/em> i skorzystaj z naszych odmian najwy\u017cszej jako\u015bci, szybkiej dostawy oraz niezawodnej obs\u0142ugi klienta. Nie czekaj, aby odkry\u0107 wyj\u0105tkowe efekty tej wielokrotnie nagradzanej hybrydy.<\/p>\n<hr \/>\n<h3>Cz\u0119sto Zadawane Pytania (FAQ)<\/h3>\n<h4>Jaki jest poziom THC w Holy Grail?<\/h4>\n<p>Holy Grail zazwyczaj ma poziom THC w zakresie od 18% do 22%, co czyni j\u0105 mocn\u0105 odmian\u0105 odpowiedni\u0105 zar\u00f3wno do u\u017cytku rekreacyjnego, jak i medycznego.<\/p>\n<h4>Jakie s\u0105 g\u0142\u00f3wne efekty Holy Grail?<\/h4>\n<p>Holy Grail zapewnia mieszank\u0119 <strong>euforii<\/strong>, <strong>kreatywno\u015bci<\/strong>, <strong>szcz\u0119\u015bcia<\/strong> i <strong>relaksu<\/strong>, z podnosz\u0105cymi na duchu efektami, kt\u00f3re s\u0105 idealne do zarz\u0105dzania stresem, poprawy nastroju i stymulowania kreatywno\u015bci.<\/p>\n<h4>Czy Holy Grail nadaje si\u0119 dla pocz\u0105tkuj\u0105cych?<\/h4>\n<p>Tak, mimo wysokiego poziomu THC, zr\u00f3wnowa\u017cone efekty Holy Grail sprawiaj\u0105, \u017ce jest to odmiana przyjazna dla pocz\u0105tkuj\u0105cych, kt\u00f3rzy szukaj\u0105 r\u00f3wnowagi mi\u0119dzy relaksem a jasno\u015bci\u0105 umys\u0142u.<\/p>\n<h4>Czy Holy Grail pomaga w zaburzeniach snu?<\/h4>\n<p>Tak, Holy Grail jest cz\u0119sto u\u017cywana do leczenia <strong>bezsenno\u015bci<\/strong> dzi\u0119ki swoim uspokajaj\u0105cym i relaksuj\u0105cym w\u0142a\u015bciwo\u015bciom, kt\u00f3re mog\u0105 pom\u00f3c w zapadni\u0119ciu w spokojny sen.<\/p>\n<h4>Jak smakuje i pachnie Holy Grail?<\/h4>\n<p>Holy Grail ma <strong>zio\u0142owy i sosnowy smak<\/strong> z subtelnymi nutami przypraw. Jej aromat jest <strong>ziemisty i intensywny<\/strong>, z drzewnymi podtonami, kt\u00f3re wzbogacaj\u0105 ca\u0142e doznanie.<\/p>\n<h3>Podsumowanie<\/h3>\n<p>Holy Grail to ostateczna hybryda, kt\u00f3ra dostarcza wyj\u0105tkow\u0105 kombinacj\u0119 efekt\u00f3w, smak\u00f3w i korzy\u015bci terapeutycznych. Niezale\u017cnie od tego, czy szukasz relaksu, kreatywno\u015bci, czy ulgi w przewlek\u0142ym b\u00f3lu, ta odmiana ma co\u015b do zaoferowania. Nie wahaj si\u0119 <strong>kupi\u0107 Holy Grail Odmiana konopi Online<\/strong> i odkry\u0107 unikaln\u0105 mieszank\u0119 relaksu i euforii, kt\u00f3ra sprawi\u0142a, \u017ce ta odmiana sta\u0142a si\u0119 ulubie\u0144cem mi\u0142o\u015bnik\u00f3w konopi na ca\u0142ym \u015bwiecie.<\/p>\n<p>&nbsp;<\/p>\n<p><img loading=\"lazy\" decoding=\"async\" class=\"alignnone size-medium wp-image-1149\" src=\"https:\/\/hitexoticsdistro.eu\/wp-content\/uploads\/2024\/10\/WhatsApp-Image-2024-10-02-at-3.50.03-PM-2-300x300.jpeg\" alt=\"Gdzie bezpiecznie kupi\u0107 marihuan\u0119 online?\" width=\"300\" height=\"300\" srcset=\"https:\/\/hitexoticsdistro.eu\/wp-content\/uploads\/2024\/10\/WhatsApp-Image-2024-10-02-at-3.50.03-PM-2-300x300.jpeg 300w, https:\/\/hitexoticsdistro.eu\/wp-content\/uploads\/2024\/10\/WhatsApp-Image-2024-10-02-at-3.50.03-PM-2-150x150.jpeg 150w, https:\/\/hitexoticsdistro.eu\/wp-content\/uploads\/2024\/10\/WhatsApp-Image-2024-10-02-at-3.50.03-PM-2-600x600.jpeg 600w, https:\/\/hitexoticsdistro.eu\/wp-content\/uploads\/2024\/10\/WhatsApp-Image-2024-10-02-at-3.50.03-PM-2-100x100.jpeg 100w, https:\/\/hitexoticsdistro.eu\/wp-content\/uploads\/2024\/10\/WhatsApp-Image-2024-10-02-at-3.50.03-PM-2.jpeg 640w\" sizes=\"auto, (max-width: 300px) 100vw, 300px\" \/><\/p>","protected":false},"excerpt":{"rendered":"<p>Kup Holy Grail Odmiana Konopi Online Holy Grail to renomowana, wielokrotnie nagradzana hybryda, kt\u00f3r\u0105 uwielbiaj\u0105 entuzja\u015bci konopi. Jest to duma [&hellip;]<\/p>\n","protected":false},"featured_media":465,"comment_status":"closed","ping_status":"closed","template":"","meta":{"_surecart_dashboard_logo_width":"180px","_surecart_dashboard_show_logo":true,"_surecart_dashboard_navigation_orders":true,"_surecart_dashboard_navigation_invoices":true,"_surecart_dashboard_navigation_subscriptions":true,"_surecart_dashboard_navigation_downloads":true,"_surecart_dashboard_navigation_billing":true,"_surecart_dashboard_navigation_account":true,"_uag_custom_page_level_css":"","site-sidebar-layout":"default","site-content-layout":"","ast-site-content-layout":"default","site-content-style":"default","site-sidebar-style":"default","ast-global-header-display":"","ast-banner-title-visibility":"","ast-main-header-display":"","ast-hfb-above-header-display":"","ast-hfb-below-header-display":"","ast-hfb-mobile-header-display":"","site-post-title":"","ast-breadcrumbs-content":"","ast-featured-img":"","footer-sml-layout":"","ast-disable-related-posts":"","theme-transparent-header-meta":"default","adv-header-id-meta":"","stick-header-meta":"","header-above-stick-meta":"","header-main-stick-meta":"","header-below-stick-meta":"","astra-migrate-meta-layouts":"set","ast-page-background-enabled":"default","ast-page-background-meta":{"desktop":{"background-color":"var(--ast-global-color-5)","background-image":"","background-repeat":"repeat","background-position":"center center","background-size":"auto","background-attachment":"scroll","background-type":"","background-media":"","overlay-type":"","overlay-color":"","overlay-opacity":"","overlay-gradient":""},"tablet":{"background-color":"","background-image":"","background-repeat":"repeat","background-position":"center center","background-size":"auto","background-attachment":"scroll","background-type":"","background-media":"","overlay-type":"","overlay-color":"","overlay-opacity":"","overlay-gradient":""},"mobile":{"background-color":"","background-image":"","background-repeat":"repeat","background-position":"center center","background-size":"auto","background-attachment":"scroll","background-type":"","background-media":"","overlay-type":"","overlay-color":"","overlay-opacity":"","overlay-gradient":""}},"ast-content-background-meta":{"desktop":{"background-color":"var(--ast-global-color-4)","background-image":"","background-repeat":"repeat","background-position":"center center","background-size":"auto","background-attachment":"scroll","background-type":"","background-media":"","overlay-type":"","overlay-color":"","overlay-opacity":"","overlay-gradient":""},"tablet":{"background-color":"var(--ast-global-color-4)","background-image":"","background-repeat":"repeat","background-position":"center center","background-size":"auto","background-attachment":"scroll","background-type":"","background-media":"","overlay-type":"","overlay-color":"","overlay-opacity":"","overlay-gradient":""},"mobile":{"background-color":"var(--ast-global-color-4)","background-image":"","background-repeat":"repeat","background-position":"center center","background-size":"auto","background-attachment":"scroll","background-type":"","background-media":"","overlay-type":"","overlay-color":"","overlay-opacity":"","overlay-gradient":""}}},"product_brand":[],"product_cat":[61,56],"product_tag":[113],"class_list":{"0":"post-405","1":"product","2":"type-product","3":"status-publish","4":"has-post-thumbnail","6":"product_cat-hybrydowe-odmiany-marihuany-online","7":"product_cat-gdzie-moge-kupic-marihuane","8":"product_tag-buy-holy-grail-cannabis-strain-online-europe","9":"desktop-align-left","10":"tablet-align-left","11":"mobile-align-left","13":"first","14":"instock","15":"shipping-taxable","16":"purchasable","17":"product-type-variable"},"uagb_featured_image_src":{"full":["https:\/\/hitexoticsdistro.eu\/wp-content\/uploads\/2024\/10\/Holy-Grail-Cannabis-Strain.jpg",2560,1707,false],"thumbnail":["https:\/\/hitexoticsdistro.eu\/wp-content\/uploads\/2024\/10\/Holy-Grail-Cannabis-Strain-150x150.jpg",150,150,true],"medium":["https:\/\/hitexoticsdistro.eu\/wp-content\/uploads\/2024\/10\/Holy-Grail-Cannabis-Strain-300x200.jpg",300,200,true],"medium_large":["https:\/\/hitexoticsdistro.eu\/wp-content\/uploads\/2024\/10\/Holy-Grail-Cannabis-Strain-768x512.jpg",768,512,true],"large":["https:\/\/hitexoticsdistro.eu\/wp-content\/uploads\/2024\/10\/Holy-Grail-Cannabis-Strain-1024x683.jpg",1024,683,true],"1536x1536":["https:\/\/hitexoticsdistro.eu\/wp-content\/uploads\/2024\/10\/Holy-Grail-Cannabis-Strain-1536x1024.jpg",1536,1024,true],"2048x2048":["https:\/\/hitexoticsdistro.eu\/wp-content\/uploads\/2024\/10\/Holy-Grail-Cannabis-Strain-2048x1366.jpg",2048,1366,true],"trp-custom-language-flag":["https:\/\/hitexoticsdistro.eu\/wp-content\/uploads\/2024\/10\/Holy-Grail-Cannabis-Strain.jpg",18,12,false],"woocommerce_thumbnail":["https:\/\/hitexoticsdistro.eu\/wp-content\/uploads\/2024\/10\/Holy-Grail-Cannabis-Strain-300x300.jpg",300,300,true],"woocommerce_single":["https:\/\/hitexoticsdistro.eu\/wp-content\/uploads\/2024\/10\/Holy-Grail-Cannabis-Strain-600x400.jpg",600,400,true],"woocommerce_gallery_thumbnail":["https:\/\/hitexoticsdistro.eu\/wp-content\/uploads\/2024\/10\/Holy-Grail-Cannabis-Strain-100x100.jpg",100,100,true]},"uagb_author_info":{"display_name":"","author_link":"https:\/\/hitexoticsdistro.eu\/de\/author\/"},"uagb_comment_info":0,"uagb_excerpt":"Kup Holy Grail Odmiana Konopi Online Holy Grail to renomowana, wielokrotnie nagradzana hybryda, kt\u00f3r\u0105 uwielbiaj\u0105 entuzja\u015bci konopi. Jest to duma [&hellip;]","_links":{"self":[{"href":"https:\/\/hitexoticsdistro.eu\/de\/wp-json\/wp\/v2\/product\/405","targetHints":{"allow":["GET"]}}],"collection":[{"href":"https:\/\/hitexoticsdistro.eu\/de\/wp-json\/wp\/v2\/product"}],"about":[{"href":"https:\/\/hitexoticsdistro.eu\/de\/wp-json\/wp\/v2\/types\/product"}],"replies":[{"embeddable":true,"href":"https:\/\/hitexoticsdistro.eu\/de\/wp-json\/wp\/v2\/comments?post=405"}],"wp:featuredmedia":[{"embeddable":true,"href":"https:\/\/hitexoticsdistro.eu\/de\/wp-json\/wp\/v2\/media\/465"}],"wp:attachment":[{"href":"https:\/\/hitexoticsdistro.eu\/de\/wp-json\/wp\/v2\/media?parent=405"}],"wp:term":[{"taxonomy":"product_brand","embeddable":true,"href":"https:\/\/hitexoticsdistro.eu\/de\/wp-json\/wp\/v2\/product_brand?post=405"},{"taxonomy":"product_cat","embeddable":true,"href":"https:\/\/hitexoticsdistro.eu\/de\/wp-json\/wp\/v2\/product_cat?post=405"},{"taxonomy":"product_tag","embeddable":true,"href":"https:\/\/hitexoticsdistro.eu\/de\/wp-json\/wp\/v2\/product_tag?post=405"}],"curies":[{"name":"wp","href":"https:\/\/api.w.org\/{rel}","templated":true}]}}