{"id":390,"date":"2024-10-10T22:49:08","date_gmt":"2024-10-10T22:49:08","guid":{"rendered":"https:\/\/hitexoticsdistro.com\/?post_type=product&#038;p=390"},"modified":"2024-10-26T22:46:18","modified_gmt":"2024-10-26T22:46:18","slug":"kup-berry-white-ziolo-online","status":"publish","type":"product","link":"https:\/\/hitexoticsdistro.eu\/de\/product\/kup-berry-white-ziolo-online\/","title":{"rendered":"Berry White"},"content":{"rendered":"<h2>Kup Berry White Zio\u0142o Online<\/h2>\n<p>Berry White, znana r\u00f3wnie\u017c jako \u201eWhite Berry,\u201d to ulubiona odmiana indica-dominant <a href=\"https:\/\/hitexoticsdistro.eu\/de\/product-category\/hybrydowe-odmiany-marihuany-online\/\">hybryda<\/a>, kt\u00f3ra zdoby\u0142a serca entuzjast\u00f3w marihuany. Jest to wynik po\u0142\u0105czenia kultowych odmian <em>Blueberry<\/em> i <em>White Widow<\/em>, co sprawia, \u017ce Berry White \u0142\u0105czy najlepsze cechy obu \u015bwiat\u00f3w, oferuj\u0105c unikaln\u0105 mieszank\u0119 efekt\u00f3w indica i sativa. Ta celebrycka odmiana jest ceniona za zr\u00f3wnowa\u017cone efekty, bogaty profil smakowy i terapeutyczne korzy\u015bci, co czyni j\u0105 doskona\u0142ym wyborem dla tych, kt\u00f3rzy szukaj\u0105 relaksu bez przyt\u0142aczaj\u0105cego uspokojenia.<\/p>\n<h3>Dlaczego warto kupi\u0107 Berry White Zio\u0142o Online?<\/h3>\n<p>Kupuj\u0105c Berry White Zio\u0142o online, szukasz jako\u015bci, mocy i niezawodno\u015bci. Niezale\u017cnie od tego, czy jeste\u015b do\u015bwiadczonym u\u017cytkownikiem, czy nowicjuszem, Berry White oferuje przyst\u0119pne do\u015bwiadczenie, kt\u00f3re \u0142\u0105czy fizyczny relaks z umys\u0142ow\u0105 stymulacj\u0105. Kupuj\u0105c t\u0119 odmian\u0119 online, masz dost\u0119p do zaufanych dostawc\u00f3w, kt\u00f3rzy zapewniaj\u0105, \u017ce produkt jest \u015bwie\u017cy, odpowiednio przechowywany i mocny, a wszystko to z wygod\u0105 dyskretnej dostawy prosto do twojego domu.<\/p>\n<h3>Zr\u00f3wnowa\u017cone efekty Berry White<\/h3>\n<p>Chocia\u017c dominuje w niej <a href=\"https:\/\/hitexoticsdistro.eu\/de\/product-category\/kup-konopie-indyjskie-indica-online\/\">indica<\/a>, Berry White wykazuje harmonijn\u0105 mieszank\u0119 cech zar\u00f3wno indica, jak i sativa, co czyni j\u0105 wszechstronn\u0105 odmian\u0105 na r\u00f3\u017cne pory dnia. Ju\u017c po pierwszym buchu u\u017cytkownicy cz\u0119sto odczuwaj\u0105 szybko uderzaj\u0105ce uczucie euforii i relaksu. Efekty umys\u0142owe s\u0105 podnosz\u0105ce na duchu, pobudzaj\u0105ce kreatywno\u015b\u0107 i og\u00f3lne poczucie szcz\u0119\u015bcia. W miar\u0119 jak haj post\u0119puje, bardziej widoczne staj\u0105 si\u0119 efekty fizyczne, prowadz\u0105ce do g\u0142\u0119bokiego relaksu, co czyni j\u0105 idealn\u0105 do odpr\u0119\u017cenia po d\u0142ugim dniu. Subtelna kanapowa blokada i napad g\u0142odu mog\u0105 si\u0119 pojawi\u0107, co doskonale nadaje si\u0119 na ogl\u0105danie seriali lub delektowanie si\u0119 smako\u0142ykami.<\/p>\n<h3>Korzy\u015bci terapeutyczne Berry White Zio\u0142o<\/h3>\n<p>Wielu u\u017cytkownik\u00f3w kupuje Berry White Zio\u0142o online ze wzgl\u0119du na jej szeroki zakres korzy\u015bci terapeutycznych. Dzi\u0119ki zr\u00f3wnowa\u017conej naturze mo\u017ce pom\u00f3c w leczeniu zar\u00f3wno dolegliwo\u015bci fizycznych, jak i psychicznych, bez nadmiernego przyt\u0142aczania. Najcz\u0119stsze schorzenia, kt\u00f3re Berry White mo\u017ce z\u0142agodzi\u0107, to:<\/p>\n<ul>\n<li><strong>Przewlek\u0142y b\u00f3l<\/strong>: Cechy indica tej odmiany zapewniaj\u0105 silne dzia\u0142anie przeciwb\u00f3lowe, \u0142agodz\u0105c mi\u0119\u015bnie i napi\u0119cia.<\/li>\n<li><strong>L\u0119k i stres<\/strong>: Dzi\u0119ki euforycznym efektom umys\u0142owym Berry White pomaga rozpu\u015bci\u0107 stres i niepok\u00f3j, co czyni j\u0105 \u015bwietnym wyborem do uspokojenia umys\u0142u.<\/li>\n<li><strong>Depresja<\/strong>: Podnosz\u0105ca na duchu natura Berry White poprawia nastr\u00f3j, umo\u017cliwiaj\u0105c przep\u0142yw pozytywnych my\u015bli i redukcj\u0119 uczucia depresji.<\/li>\n<li><strong>Bezsenno\u015b\u0107<\/strong>: Chocia\u017c haj zaczyna si\u0119 od umys\u0142u, efekty indica pomagaj\u0105 u\u017cytkownikom w prowadzeniu do spokojnego snu, co czyni j\u0105 doskona\u0142ym wyborem na nocne u\u017cycie.<\/li>\n<li><strong>B\u00f3le g\u0142owy i migreny<\/strong>: Zdolno\u015b\u0107 odmiany do \u0142agodzenia napi\u0119\u0107 mo\u017ce pom\u00f3c w radzeniu sobie z b\u00f3lami g\u0142owy i migrenami, zapewniaj\u0105c upragnion\u0105 ulg\u0119.<\/li>\n<\/ul>\n<h3>Smaki i Aromaty: Jagodowa Rozkosz<\/h3>\n<p>Profil smakowy Berry White jest r\u00f3wnie zachwycaj\u0105cy, co jej efekty. Po inhalacji u\u017cytkownicy do\u015bwiadczaj\u0105 bogatego wybuchu <strong>s\u0142odkich jag\u00f3d<\/strong>, uzupe\u0142nionego ziemistymi podtonami z nut\u0105 sosny i przypraw. Na wydechu smak pog\u0142\u0119bia si\u0119 w <strong>s\u0142odkie ciasto jagodowe<\/strong>, co jest ho\u0142dem dla jej rodowodu Blueberry.<\/p>\n<p>Je\u015bli chodzi o aromat, Berry White oferuje kusz\u0105c\u0105 mieszank\u0119 <strong>cierpkiej jagody<\/strong> i <strong>ziemistych<\/strong> nut, z odrobin\u0105 kwasowo\u015bci, kt\u00f3ra pobudza zmys\u0142y. Niezale\u017cnie od tego, czy jeste\u015b smakoszem, czy po prostu szukasz przyjemnych dozna\u0144 podczas palenia, Berry White dostarcza.<\/p>\n<h3>Wygl\u0105d: Wizualny Ho\u0142d dla White Widow<\/h3>\n<p>Berry White wyr\u00f3\u017cnia si\u0119 tak\u017ce swoim wygl\u0105dem. Jej p\u0105ki s\u0105 \u015bredniej wielko\u015bci, g\u0119ste i pokryte warstw\u0105 mro\u017anych bia\u0142ych trichom\u00f3w, przypominaj\u0105cych jej rodzica <em>White Widow<\/em>. Te krystalicznie pokryte p\u0105ki s\u0105 przyozdobione cienkimi ciemnozielonymi w\u0142oskami, co jeszcze bardziej podkre\u015bla jej wizualn\u0105 atrakcyjno\u015b\u0107. Kupuj\u0105c Berry White weed online, mo\u017cesz by\u0107 pewien, \u017ce otrzymujesz produkt najwy\u017cszej jako\u015bci, kt\u00f3ry wygl\u0105da tak dobrze, jak smakuje.<\/p>\n<h3>Dlaczego wybra\u0107 Berry White?<\/h3>\n<ul>\n<li><strong>Idealna r\u00f3wnowaga<\/strong>: Hybrydowy charakter Berry White sprawia, \u017ce nadaje si\u0119 zar\u00f3wno na dzie\u0144, jak i na wiecz\u00f3r, zapewniaj\u0105c relaks bez ca\u0142kowitej kanapowej blokady.<\/li>\n<li><strong>Bogaty smak<\/strong>: Jej z\u0142o\u017cony profil smakowy, pe\u0142en s\u0142odkich i ziemistych ton\u00f3w, sprawia, \u017ce ka\u017cdy buch to przyjemno\u015b\u0107.<\/li>\n<li><strong>Ulga terapeutyczna<\/strong>: Niezale\u017cnie od tego, czy walczysz z b\u00f3lem, stresem, czy po prostu chcesz si\u0119 zrelaksowa\u0107, Berry White oferuje ulg\u0119 z jasnym, szcz\u0119\u015bliwym umys\u0142em.<\/li>\n<\/ul>\n<h3>Kup Berry White Zio\u0142o Online Ju\u017c Teraz!<\/h3>\n<p>Je\u015bli jeste\u015b gotowy, aby do\u015bwiadczy\u0107 doskona\u0142ej kombinacji relaksu i euforii, czas kupi\u0107 Berry White <a href=\"https:\/\/biohemp.pl\/pl\/olejki-ekstrakty-cbd-cbg\/\" rel=\"nofollow noopener\" target=\"_blank\">Zio\u0142o<\/a> online. Zaufani dostawcy oferuj\u0105 t\u0119 pot\u0119\u017cn\u0105 odmian\u0119, zapewniaj\u0105c, \u017ce otrzymasz naj\u015bwie\u017cszy produkt przy ka\u017cdym zam\u00f3wieniu. Dyskretnie, wygodnie i bezproblemowo \u2013 zakup Berry White online to najlepszy spos\u00f3b na cieszenie si\u0119 t\u0105 legendarn\u0105 odmian\u0105 z wygody swojego domu.<\/p>\n<p>Dzi\u0119ki zr\u00f3wnowa\u017conym efektom, terapeutycznym korzy\u015bciom i przepysznym smakom, Berry White pozostaje najlepszym wyborem dla entuzjast\u00f3w marihuany. Wi\u0119c na co czekasz? <strong>Kup Berry White Zio\u0142o online ju\u017c dzi\u015b<\/strong> i rozkoszuj si\u0119 relaksuj\u0105cymi, euforycznymi efektami tej celebryckiej hybrydy.<\/p>\n<h3>Cz\u0119sto zadawane pytania o Berry White Zio\u0142o<\/h3>\n<p><strong>1. Jakie s\u0105 g\u0142\u00f3wne efekty Berry White?<\/strong><br \/>\nBerry White oferuje kombinacj\u0119 euforii, kreatywno\u015bci i g\u0142\u0119bokiego relaksu, co sprawia, \u017ce nadaje si\u0119 zar\u00f3wno do rekreacyjnego, jak i terapeutycznego u\u017cytku.<\/p>\n<p><strong>2. Czy Berry White nadaje si\u0119 dla pocz\u0105tkuj\u0105cych?<\/strong><br \/>\nTak, dzi\u0119ki swoim zr\u00f3wnowa\u017conym efektom, Berry White to doskona\u0142y wyb\u00f3r zar\u00f3wno dla nowych, jak i do\u015bwiadczonych u\u017cytkownik\u00f3w, oferuj\u0105c \u0142agodny, ale skuteczny haj.<\/p>\n<p><strong>3. Jak d\u0142ugo trwaj\u0105 efekty Berry White?<\/strong><br \/>\nEfekty Berry White zazwyczaj trwaj\u0105 oko\u0142o 2-3 godzin, z szczytem oko\u0142o 1 godziny po spo\u017cyciu.<\/p>\n<p><strong>4. Czy Berry White jest dobry na bezsenno\u015b\u0107?<\/strong><br \/>\nTak, efekty indica Berry White sprawiaj\u0105, \u017ce jest doskona\u0142ym wyborem dla os\u00f3b borykaj\u0105cych si\u0119 z bezsenno\u015bci\u0105 lub problemami ze snem.<\/p>\n<h3>Podsumowanie<\/h3>\n<p>Berry White oferuje wszechstronne do\u015bwiadczenie z marihuan\u0105, \u0142\u0105cz\u0105c najlepsze cechy <em>Blueberry<\/em> i <em>White Widow<\/em>. Niezale\u017cnie od tego, czy szukasz ulgi w b\u00f3lu, stresie, czy po prostu chcesz si\u0119 odpr\u0119\u017cy\u0107, ta odmiana jest idealnym wyborem. Kup Berry White Zio\u0142o online i przekonaj si\u0119, dlaczego ta odmiana jest uwielbiana przez entuzjast\u00f3w marihuany na ca\u0142ym \u015bwiecie.<\/p>\n<p>&nbsp;<\/p>\n<p><img loading=\"lazy\" decoding=\"async\" class=\"alignnone size-medium wp-image-1149\" src=\"https:\/\/hitexoticsdistro.eu\/wp-content\/uploads\/2024\/10\/WhatsApp-Image-2024-10-02-at-3.50.03-PM-2-300x300.jpeg\" alt=\"Gdzie bezpiecznie kupi\u0107 marihuan\u0119 online?\" width=\"300\" height=\"300\" srcset=\"https:\/\/hitexoticsdistro.eu\/wp-content\/uploads\/2024\/10\/WhatsApp-Image-2024-10-02-at-3.50.03-PM-2-300x300.jpeg 300w, https:\/\/hitexoticsdistro.eu\/wp-content\/uploads\/2024\/10\/WhatsApp-Image-2024-10-02-at-3.50.03-PM-2-150x150.jpeg 150w, https:\/\/hitexoticsdistro.eu\/wp-content\/uploads\/2024\/10\/WhatsApp-Image-2024-10-02-at-3.50.03-PM-2-600x600.jpeg 600w, https:\/\/hitexoticsdistro.eu\/wp-content\/uploads\/2024\/10\/WhatsApp-Image-2024-10-02-at-3.50.03-PM-2-100x100.jpeg 100w, https:\/\/hitexoticsdistro.eu\/wp-content\/uploads\/2024\/10\/WhatsApp-Image-2024-10-02-at-3.50.03-PM-2.jpeg 640w\" sizes=\"auto, (max-width: 300px) 100vw, 300px\" \/><\/p>","protected":false},"excerpt":{"rendered":"<p>Kup Berry White Zio\u0142o Online Berry White, znana r\u00f3wnie\u017c jako \u201eWhite Berry,\u201d to ulubiona odmiana indica-dominant hybryda, kt\u00f3ra zdoby\u0142a serca [&hellip;]<\/p>\n","protected":false},"featured_media":451,"comment_status":"closed","ping_status":"closed","template":"","meta":{"_surecart_dashboard_logo_width":"180px","_surecart_dashboard_show_logo":true,"_surecart_dashboard_navigation_orders":true,"_surecart_dashboard_navigation_invoices":true,"_surecart_dashboard_navigation_subscriptions":true,"_surecart_dashboard_navigation_downloads":true,"_surecart_dashboard_navigation_billing":true,"_surecart_dashboard_navigation_account":true,"_uag_custom_page_level_css":"","site-sidebar-layout":"default","site-content-layout":"","ast-site-content-layout":"default","site-content-style":"default","site-sidebar-style":"default","ast-global-header-display":"","ast-banner-title-visibility":"","ast-main-header-display":"","ast-hfb-above-header-display":"","ast-hfb-below-header-display":"","ast-hfb-mobile-header-display":"","site-post-title":"","ast-breadcrumbs-content":"","ast-featured-img":"","footer-sml-layout":"","ast-disable-related-posts":"","theme-transparent-header-meta":"default","adv-header-id-meta":"","stick-header-meta":"","header-above-stick-meta":"","header-main-stick-meta":"","header-below-stick-meta":"","astra-migrate-meta-layouts":"set","ast-page-background-enabled":"default","ast-page-background-meta":{"desktop":{"background-color":"var(--ast-global-color-5)","background-image":"","background-repeat":"repeat","background-position":"center center","background-size":"auto","background-attachment":"scroll","background-type":"","background-media":"","overlay-type":"","overlay-color":"","overlay-opacity":"","overlay-gradient":""},"tablet":{"background-color":"","background-image":"","background-repeat":"repeat","background-position":"center center","background-size":"auto","background-attachment":"scroll","background-type":"","background-media":"","overlay-type":"","overlay-color":"","overlay-opacity":"","overlay-gradient":""},"mobile":{"background-color":"","background-image":"","background-repeat":"repeat","background-position":"center center","background-size":"auto","background-attachment":"scroll","background-type":"","background-media":"","overlay-type":"","overlay-color":"","overlay-opacity":"","overlay-gradient":""}},"ast-content-background-meta":{"desktop":{"background-color":"var(--ast-global-color-4)","background-image":"","background-repeat":"repeat","background-position":"center center","background-size":"auto","background-attachment":"scroll","background-type":"","background-media":"","overlay-type":"","overlay-color":"","overlay-opacity":"","overlay-gradient":""},"tablet":{"background-color":"var(--ast-global-color-4)","background-image":"","background-repeat":"repeat","background-position":"center center","background-size":"auto","background-attachment":"scroll","background-type":"","background-media":"","overlay-type":"","overlay-color":"","overlay-opacity":"","overlay-gradient":""},"mobile":{"background-color":"var(--ast-global-color-4)","background-image":"","background-repeat":"repeat","background-position":"center center","background-size":"auto","background-attachment":"scroll","background-type":"","background-media":"","overlay-type":"","overlay-color":"","overlay-opacity":"","overlay-gradient":""}}},"product_brand":[],"product_cat":[56,62],"product_tag":[105],"class_list":{"0":"post-390","1":"product","2":"type-product","3":"status-publish","4":"has-post-thumbnail","6":"product_cat-gdzie-moge-kupic-marihuane","7":"product_cat-kup-konopie-indyjskie-indica-online","8":"product_tag-order-berry-white-weed-strain-europe","9":"desktop-align-left","10":"tablet-align-left","11":"mobile-align-left","13":"first","14":"instock","15":"shipping-taxable","16":"purchasable","17":"product-type-variable"},"uagb_featured_image_src":{"full":["https:\/\/hitexoticsdistro.eu\/wp-content\/uploads\/2024\/10\/Berry-White-Weed-Strain.webp",2048,1365,false],"thumbnail":["https:\/\/hitexoticsdistro.eu\/wp-content\/uploads\/2024\/10\/Berry-White-Weed-Strain-150x150.webp",150,150,true],"medium":["https:\/\/hitexoticsdistro.eu\/wp-content\/uploads\/2024\/10\/Berry-White-Weed-Strain-300x200.webp",300,200,true],"medium_large":["https:\/\/hitexoticsdistro.eu\/wp-content\/uploads\/2024\/10\/Berry-White-Weed-Strain-768x512.webp",768,512,true],"large":["https:\/\/hitexoticsdistro.eu\/wp-content\/uploads\/2024\/10\/Berry-White-Weed-Strain-1024x683.webp",1024,683,true],"1536x1536":["https:\/\/hitexoticsdistro.eu\/wp-content\/uploads\/2024\/10\/Berry-White-Weed-Strain-1536x1024.webp",1536,1024,true],"2048x2048":["https:\/\/hitexoticsdistro.eu\/wp-content\/uploads\/2024\/10\/Berry-White-Weed-Strain.webp",2048,1365,false],"trp-custom-language-flag":["https:\/\/hitexoticsdistro.eu\/wp-content\/uploads\/2024\/10\/Berry-White-Weed-Strain.webp",18,12,false],"woocommerce_thumbnail":["https:\/\/hitexoticsdistro.eu\/wp-content\/uploads\/2024\/10\/Berry-White-Weed-Strain-300x300.webp",300,300,true],"woocommerce_single":["https:\/\/hitexoticsdistro.eu\/wp-content\/uploads\/2024\/10\/Berry-White-Weed-Strain-600x400.webp",600,400,true],"woocommerce_gallery_thumbnail":["https:\/\/hitexoticsdistro.eu\/wp-content\/uploads\/2024\/10\/Berry-White-Weed-Strain-100x100.webp",100,100,true]},"uagb_author_info":{"display_name":"","author_link":"https:\/\/hitexoticsdistro.eu\/de\/author\/"},"uagb_comment_info":0,"uagb_excerpt":"Kup Berry White Zio\u0142o Online Berry White, znana r\u00f3wnie\u017c jako \u201eWhite Berry,\u201d to ulubiona odmiana indica-dominant hybryda, kt\u00f3ra zdoby\u0142a serca [&hellip;]","_links":{"self":[{"href":"https:\/\/hitexoticsdistro.eu\/de\/wp-json\/wp\/v2\/product\/390","targetHints":{"allow":["GET"]}}],"collection":[{"href":"https:\/\/hitexoticsdistro.eu\/de\/wp-json\/wp\/v2\/product"}],"about":[{"href":"https:\/\/hitexoticsdistro.eu\/de\/wp-json\/wp\/v2\/types\/product"}],"replies":[{"embeddable":true,"href":"https:\/\/hitexoticsdistro.eu\/de\/wp-json\/wp\/v2\/comments?post=390"}],"wp:featuredmedia":[{"embeddable":true,"href":"https:\/\/hitexoticsdistro.eu\/de\/wp-json\/wp\/v2\/media\/451"}],"wp:attachment":[{"href":"https:\/\/hitexoticsdistro.eu\/de\/wp-json\/wp\/v2\/media?parent=390"}],"wp:term":[{"taxonomy":"product_brand","embeddable":true,"href":"https:\/\/hitexoticsdistro.eu\/de\/wp-json\/wp\/v2\/product_brand?post=390"},{"taxonomy":"product_cat","embeddable":true,"href":"https:\/\/hitexoticsdistro.eu\/de\/wp-json\/wp\/v2\/product_cat?post=390"},{"taxonomy":"product_tag","embeddable":true,"href":"https:\/\/hitexoticsdistro.eu\/de\/wp-json\/wp\/v2\/product_tag?post=390"}],"curies":[{"name":"wp","href":"https:\/\/api.w.org\/{rel}","templated":true}]}}