{"id":380,"date":"2024-10-10T22:48:45","date_gmt":"2024-10-10T22:48:45","guid":{"rendered":"https:\/\/hitexoticsdistro.com\/?post_type=product&#038;p=380"},"modified":"2024-10-26T22:49:37","modified_gmt":"2024-10-26T22:49:37","slug":"zamow-gushers-konopie-online","status":"publish","type":"product","link":"https:\/\/hitexoticsdistro.eu\/de\/product\/zamow-gushers-konopie-online\/","title":{"rendered":"Gusher"},"content":{"rendered":"<h2><strong>Zam\u00f3w Gushers Konopie Online<\/strong><\/h2>\n<p>Gushers to wyj\u0105tkowa <a href=\"https:\/\/hitexoticsdistro.eu\/de\/product-category\/hybrydowe-odmiany-marihuany-online\/\">hybryda<\/a> z dominacj\u0105 <a href=\"https:\/\/hitexoticsdistro.eu\/de\/product-category\/kup-konopie-indyjskie-indica-online\/\">indici<\/a>, b\u0119d\u0105ca wynikiem skrzy\u017cowania dw\u00f3ch ikonicznych odmian, <em>Gelato #41<\/em> i <em>Triangle Kush<\/em>. Znana ze swoich silnych efekt\u00f3w i unikalnego profilu smakowego, Gushers zdoby\u0142a serca mi\u0142o\u015bnik\u00f3w marihuany, oferuj\u0105c relaksuj\u0105ce, a jednocze\u015bnie euforyczne doznania. Niezale\u017cnie od tego, czy szukasz ulgi w stresie, czy po prostu chcesz si\u0119 zrelaksowa\u0107, Gushers to idealny wyb\u00f3r.<\/p>\n<h3>Dlaczego warto zam\u00f3wi\u0107 Gushers Konopie Online?<\/h3>\n<p>Zamawiaj\u0105c Gushers Konopie online ze sprawdzonych sklep\u00f3w, takich jak <a href=\"https:\/\/hitexoticsdistro.eu\/de\/\" target=\"_new\" rel=\"noopener\">HitExoticsDistro<\/a>, masz pewno\u015b\u0107, \u017ce otrzymujesz wysokiej jako\u015bci, dobrze przechowywane kwiaty, kt\u00f3re zostan\u0105 dyskretnie dostarczone pod tw\u00f3j adres. Zakupy online oferuj\u0105 wygod\u0119, dost\u0119p do zweryfikowanych dostawc\u00f3w oraz mo\u017cliwo\u015b\u0107 zapoznania si\u0119 ze szczeg\u00f3\u0142owymi informacjami o produkcie, co gwarantuje, \u017ce otrzymasz produkt najwy\u017cszej jako\u015bci.<\/p>\n<h3>Gushers: Haj Jak \u017baden Inny<\/h3>\n<p>Haj Gushers zaczyna si\u0119 od <strong>mrowi\u0105cej euforii<\/strong>, kt\u00f3ra rozprzestrzenia si\u0119 od ty\u0142u g\u0142owy na ca\u0142e cia\u0142o. To uczucie mrowienia poprawia nastr\u00f3j, sprawiaj\u0105c, \u017ce czujesz si\u0119 l\u017cejszy i bardziej odpr\u0119\u017cony. Ta odmiana oferuje unikaln\u0105 r\u00f3wnowag\u0119: <strong>relaksuje<\/strong>, nie wywo\u0142uj\u0105c senno\u015bci, co czyni j\u0105 idealn\u0105 dla tych, kt\u00f3rzy chc\u0105 pozosta\u0107 klarowni umys\u0142owo, ale jednocze\u015bnie g\u0142\u0119boko zrelaksowani.<\/p>\n<p>Haj obejmuje zar\u00f3wno efekty fizyczne, jak i umys\u0142owe, sprawiaj\u0105c, \u017ce u\u017cytkownicy czuj\u0105 si\u0119 <strong>uniesieni<\/strong> i <strong>rozlu\u017anieni<\/strong>, a jednocze\u015bnie pomaga roz\u0142adowa\u0107 napi\u0119cie mi\u0119\u015bniowe i stres. Niezale\u017cnie od tego, czy odpoczywasz po ci\u0119\u017ckim dniu, czy szukasz kreatywnej inspiracji, Gushers ma wszechstronno\u015b\u0107, kt\u00f3ra zaspokoi r\u00f3\u017cne potrzeby. Jej euforyczne w\u0142a\u015bciwo\u015bci sprawiaj\u0105, \u017ce jest \u015bwietna zar\u00f3wno na spotkania towarzyskie, jak i na spokojne, osobiste chwile refleksji.<\/p>\n<h3>Korzy\u015bci terapeutyczne Gushers<\/h3>\n<p>Gushers jest dobrze znana ze swoich terapeutycznych w\u0142a\u015bciwo\u015bci, co czyni j\u0105 popularnym wyborem dla os\u00f3b szukaj\u0105cych ulgi w r\u00f3\u017cnych dolegliwo\u015bciach. Oto niekt\u00f3re z warunk\u00f3w, w kt\u00f3rych Gushers mo\u017ce pom\u00f3c:<\/p>\n<ul>\n<li><strong>Przewlek\u0142y stres<\/strong>: Relaksuj\u0105cy efekt na cia\u0142o pomaga rozpu\u015bci\u0107 napi\u0119cia i stres, pozwalaj\u0105c ci poczu\u0107 spok\u00f3j i r\u00f3wnowag\u0119.<\/li>\n<li><strong>L\u0119k<\/strong>: Euforyczne efekty umys\u0142owe podnosz\u0105 nastr\u00f3j i \u0142agodz\u0105 l\u0119kowe my\u015bli, czyni\u0105c j\u0105 \u015bwietnym wyborem dla os\u00f3b cierpi\u0105cych na zaburzenia l\u0119kowe.<\/li>\n<li><strong>Depresja<\/strong>: Unosz\u0105ce na duchu efekty Gushers s\u0105 naturalnym antydepresantem, przynosz\u0105c ulg\u0119 osobom walcz\u0105cym z depresj\u0105.<\/li>\n<li><strong>Przewlek\u0142y b\u00f3l<\/strong>: Fizyczne rozlu\u017anienie pomaga z\u0142agodzi\u0107 b\u00f3le cia\u0142a, w tym b\u00f3le mi\u0119\u015bni i staw\u00f3w.<\/li>\n<\/ul>\n<h3>Smak i Aromat: Tropikalna Rozkosz<\/h3>\n<p>Gushers wyr\u00f3\u017cnia si\u0119 <strong>tropikalnym<\/strong> i <strong>owocowym<\/strong> profilem smakowym, co sprawia, \u017ce ka\u017cde zaci\u0105gni\u0119cie si\u0119 jest przyjemnym do\u015bwiadczeniem. U\u017cytkownicy cz\u0119sto opisuj\u0105 jej smak jako s\u0142odk\u0105 mieszank\u0119 <strong>jag\u00f3d<\/strong>, <strong>winogron<\/strong> i <strong>tropikalnych owoc\u00f3w<\/strong>, z kwa\u015bnym podtonem, kt\u00f3ry dodaje g\u0142\u0119bi. Dzi\u0119ki temu Gushers to prawdziwa uczta nie tylko dla cia\u0142a i umys\u0142u, ale tak\u017ce dla kubk\u00f3w smakowych.<\/p>\n<p>Je\u015bli chodzi o aromat, Gushers oferuje intensywny zapach <strong>owoc\u00f3w<\/strong> i <strong>winogron<\/strong>, z ziemistymi i <strong>zio\u0142owymi<\/strong> nutami. Po\u0142\u0105czenie tropikalnych i kwa\u015bnych nut w smaku i zapachu sprawia, \u017ce Gushers jest kusz\u0105c\u0105 odmian\u0105, kt\u00f3ra przyci\u0105ga szerokie grono u\u017cytkownik\u00f3w.<\/p>\n<h3>Wygl\u0105d: Wizualna Rozkosz<\/h3>\n<p>Zamawiaj\u0105c Gushers cannabis online, mo\u017cesz spodziewa\u0107 si\u0119 pi\u0119knie ukszta\u0142towanych kwiat\u00f3w. P\u0105ki Gushers s\u0105 <strong>wyd\u0142u\u017cone<\/strong> i <strong>oliwkowo-zielone<\/strong>, z jasnymi zielonymi li\u015b\u0107mi. P\u0105ki s\u0105 ozdobione <strong>cienkimi bursztynowymi w\u0142oskami<\/strong> i pokryte grub\u0105 warstw\u0105 drobnych bursztynowych trichom\u00f3w, nadaj\u0105cych im mro\u017any, \u017cywiczny wygl\u0105d. Ten zachwycaj\u0105cy wygl\u0105d jest \u015bwiadectwem wysokiej zawarto\u015bci THC i mocnych efekt\u00f3w.<\/p>\n<h3>Dlaczego wybra\u0107 Gushers?<\/h3>\n<ul>\n<li><strong>Silne efekty<\/strong>: Gushers oferuje pot\u0119\u017cn\u0105 r\u00f3wnowag\u0119 euforii i fizycznego relaksu, nie powoduj\u0105c senno\u015bci.<\/li>\n<li><strong>W\u0142a\u015bciwo\u015bci terapeutyczne<\/strong>: Skutecznie pomaga w leczeniu stresu, l\u0119ku, przewlek\u0142ego b\u00f3lu i depresji.<\/li>\n<li><strong>Pyszny smak<\/strong>: Tropikalny, s\u0142odki i kwa\u015bny profil smakowy sprawia, \u017ce jest to odmiana idealna dla u\u017cytkownik\u00f3w, kt\u00f3rzy doceniaj\u0105 bogate, owocowe doznania.<\/li>\n<li><strong>Wysokiej jako\u015bci kwiaty<\/strong>: Zamawiaj\u0105c Gushers cannabis online, otrzymujesz najwy\u017cszej jako\u015bci p\u0105ki, bogate w trichomy i o wysokiej mocy.<\/li>\n<\/ul>\n<h3>Zam\u00f3w Gushers Konopie Online Ju\u017c Teraz!<\/h3>\n<p>Szukasz zr\u00f3wnowa\u017conej, smakowitej odmiany, kt\u00f3ra pomo\u017ce w relaksie fizycznym i umys\u0142owym? <strong>Zam\u00f3w Gushers Konopie online<\/strong> ju\u017c dzi\u015b w <a href=\"https:\/\/hitexoticsdistro.eu\/de\/\" target=\"_new\" rel=\"noopener\">HitExoticsDistro<\/a> i do\u015bwiadcz pot\u0119\u017cnej kombinacji relaksu cia\u0142a i euforii umys\u0142u, jak\u0105 ta odmiana ma do zaoferowania. Dzi\u0119ki terapeutycznym korzy\u015bciom i pysznym tropikalnym smakom, Gushers to idealna odmiana do dodania do twojej kolekcji.<\/p>\n<h3>Najcz\u0119\u015bciej zadawane pytania o Gushers Konopie<\/h3>\n<p><strong>1. Jakie s\u0105 efekty Gushers?<\/strong><br \/>\nGushers zapewnia po\u0142\u0105czenie euforii umys\u0142owej i relaksu fizycznego, nie powoduj\u0105c senno\u015bci. Jest idealna dla os\u00f3b szukaj\u0105cych odpr\u0119\u017cenia bez nadmiernego uspokojenia.<\/p>\n<p><strong>2. Czy Gushers pomaga w stresie i l\u0119ku?<\/strong><br \/>\nTak, <a href=\"https:\/\/biohemp.pl\/pl\/olejki-ekstrakty-cbd-cbg\/\" rel=\"nofollow noopener\" target=\"_blank\">Gushers<\/a> jest znana ze swoich relaksuj\u0105cych i uspokajaj\u0105cych efekt\u00f3w, co czyni j\u0105 doskona\u0142ym wyborem do radzenia sobie z przewlek\u0142ym stresem i l\u0119kiem.<\/p>\n<p><strong>3. Jak d\u0142ugo trwaj\u0105 efekty Gushers?<\/strong><br \/>\nEfekty Gushers zazwyczaj trwaj\u0105 od 2 do 3 godzin, zaczynaj\u0105c si\u0119 stopniowo i zapewniaj\u0105c p\u0142ynne przej\u015bcie w relaks.<\/p>\n<p><strong>4. Czy Gushers jest dobra na b\u00f3l?<\/strong><br \/>\nTak, fizyczne rozlu\u017anienie, kt\u00f3re zapewnia Gushers, mo\u017ce pom\u00f3c z\u0142agodzi\u0107 przewlek\u0142y b\u00f3l, w tym napi\u0119cia mi\u0119\u015bniowe i b\u00f3le staw\u00f3w.<\/p>\n<h3>Podsumowanie<\/h3>\n<p>Gushers to wszechstronna odmiana, oferuj\u0105ca idealne po\u0142\u0105czenie euforii, relaksu i korzy\u015bci terapeutycznych. Jej owocowe smaki i kusz\u0105cy aromat tylko wzbogacaj\u0105 do\u015bwiadczenie. Niezale\u017cnie od tego, czy szukasz ulgi w stresie, l\u0119ku lub b\u00f3lu, czy po prostu chcesz cieszy\u0107 si\u0119 smakowit\u0105 odmian\u0105, Gushers jest odpowiedzi\u0105. <strong>Zam\u00f3w Gushers Konopie online<\/strong> ju\u017c teraz i przekonaj si\u0119, dlaczego ta odmiana sta\u0142a si\u0119 ulubie\u0144cem mi\u0142o\u015bnik\u00f3w marihuany.<\/p>\n<p>&nbsp;<\/p>\n<p><img loading=\"lazy\" decoding=\"async\" class=\"alignnone size-medium wp-image-1149\" src=\"https:\/\/hitexoticsdistro.eu\/wp-content\/uploads\/2024\/10\/WhatsApp-Image-2024-10-02-at-3.50.03-PM-2-300x300.jpeg\" alt=\"Gdzie bezpiecznie kupi\u0107 marihuan\u0119 online?\" width=\"300\" height=\"300\" srcset=\"https:\/\/hitexoticsdistro.eu\/wp-content\/uploads\/2024\/10\/WhatsApp-Image-2024-10-02-at-3.50.03-PM-2-300x300.jpeg 300w, https:\/\/hitexoticsdistro.eu\/wp-content\/uploads\/2024\/10\/WhatsApp-Image-2024-10-02-at-3.50.03-PM-2-150x150.jpeg 150w, https:\/\/hitexoticsdistro.eu\/wp-content\/uploads\/2024\/10\/WhatsApp-Image-2024-10-02-at-3.50.03-PM-2-600x600.jpeg 600w, https:\/\/hitexoticsdistro.eu\/wp-content\/uploads\/2024\/10\/WhatsApp-Image-2024-10-02-at-3.50.03-PM-2-100x100.jpeg 100w, https:\/\/hitexoticsdistro.eu\/wp-content\/uploads\/2024\/10\/WhatsApp-Image-2024-10-02-at-3.50.03-PM-2.jpeg 640w\" sizes=\"auto, (max-width: 300px) 100vw, 300px\" \/><\/p>","protected":false},"excerpt":{"rendered":"<p>Zam\u00f3w Gushers Konopie Online Gushers to wyj\u0105tkowa hybryda z dominacj\u0105 indici, b\u0119d\u0105ca wynikiem skrzy\u017cowania dw\u00f3ch ikonicznych odmian, Gelato #41 i [&hellip;]<\/p>\n","protected":false},"featured_media":440,"comment_status":"closed","ping_status":"closed","template":"","meta":{"_surecart_dashboard_logo_width":"180px","_surecart_dashboard_show_logo":true,"_surecart_dashboard_navigation_orders":true,"_surecart_dashboard_navigation_invoices":true,"_surecart_dashboard_navigation_subscriptions":true,"_surecart_dashboard_navigation_downloads":true,"_surecart_dashboard_navigation_billing":true,"_surecart_dashboard_navigation_account":true,"_uag_custom_page_level_css":"","site-sidebar-layout":"default","site-content-layout":"","ast-site-content-layout":"default","site-content-style":"default","site-sidebar-style":"default","ast-global-header-display":"","ast-banner-title-visibility":"","ast-main-header-display":"","ast-hfb-above-header-display":"","ast-hfb-below-header-display":"","ast-hfb-mobile-header-display":"","site-post-title":"","ast-breadcrumbs-content":"","ast-featured-img":"","footer-sml-layout":"","ast-disable-related-posts":"","theme-transparent-header-meta":"default","adv-header-id-meta":"","stick-header-meta":"","header-above-stick-meta":"","header-main-stick-meta":"","header-below-stick-meta":"","astra-migrate-meta-layouts":"set","ast-page-background-enabled":"default","ast-page-background-meta":{"desktop":{"background-color":"var(--ast-global-color-5)","background-image":"","background-repeat":"repeat","background-position":"center center","background-size":"auto","background-attachment":"scroll","background-type":"","background-media":"","overlay-type":"","overlay-color":"","overlay-opacity":"","overlay-gradient":""},"tablet":{"background-color":"","background-image":"","background-repeat":"repeat","background-position":"center center","background-size":"auto","background-attachment":"scroll","background-type":"","background-media":"","overlay-type":"","overlay-color":"","overlay-opacity":"","overlay-gradient":""},"mobile":{"background-color":"","background-image":"","background-repeat":"repeat","background-position":"center center","background-size":"auto","background-attachment":"scroll","background-type":"","background-media":"","overlay-type":"","overlay-color":"","overlay-opacity":"","overlay-gradient":""}},"ast-content-background-meta":{"desktop":{"background-color":"var(--ast-global-color-4)","background-image":"","background-repeat":"repeat","background-position":"center center","background-size":"auto","background-attachment":"scroll","background-type":"","background-media":"","overlay-type":"","overlay-color":"","overlay-opacity":"","overlay-gradient":""},"tablet":{"background-color":"var(--ast-global-color-4)","background-image":"","background-repeat":"repeat","background-position":"center center","background-size":"auto","background-attachment":"scroll","background-type":"","background-media":"","overlay-type":"","overlay-color":"","overlay-opacity":"","overlay-gradient":""},"mobile":{"background-color":"var(--ast-global-color-4)","background-image":"","background-repeat":"repeat","background-position":"center center","background-size":"auto","background-attachment":"scroll","background-type":"","background-media":"","overlay-type":"","overlay-color":"","overlay-opacity":"","overlay-gradient":""}}},"product_brand":[],"product_cat":[56,62],"product_tag":[99],"class_list":{"0":"post-380","1":"product","2":"type-product","3":"status-publish","4":"has-post-thumbnail","6":"product_cat-gdzie-moge-kupic-marihuane","7":"product_cat-kup-konopie-indyjskie-indica-online","8":"product_tag-order-gushers-indica-dominant-hybrid-strain-europe","9":"desktop-align-left","10":"tablet-align-left","11":"mobile-align-left","13":"first","14":"instock","15":"shipping-taxable","16":"purchasable","17":"product-type-variable"},"uagb_featured_image_src":{"full":["https:\/\/hitexoticsdistro.eu\/wp-content\/uploads\/2024\/10\/Gushers-Indica-Dominant-Hybrid-Strain.webp",570,464,false],"thumbnail":["https:\/\/hitexoticsdistro.eu\/wp-content\/uploads\/2024\/10\/Gushers-Indica-Dominant-Hybrid-Strain-150x150.webp",150,150,true],"medium":["https:\/\/hitexoticsdistro.eu\/wp-content\/uploads\/2024\/10\/Gushers-Indica-Dominant-Hybrid-Strain-300x244.webp",300,244,true],"medium_large":["https:\/\/hitexoticsdistro.eu\/wp-content\/uploads\/2024\/10\/Gushers-Indica-Dominant-Hybrid-Strain.webp",570,464,false],"large":["https:\/\/hitexoticsdistro.eu\/wp-content\/uploads\/2024\/10\/Gushers-Indica-Dominant-Hybrid-Strain.webp",570,464,false],"1536x1536":["https:\/\/hitexoticsdistro.eu\/wp-content\/uploads\/2024\/10\/Gushers-Indica-Dominant-Hybrid-Strain.webp",570,464,false],"2048x2048":["https:\/\/hitexoticsdistro.eu\/wp-content\/uploads\/2024\/10\/Gushers-Indica-Dominant-Hybrid-Strain.webp",570,464,false],"trp-custom-language-flag":["https:\/\/hitexoticsdistro.eu\/wp-content\/uploads\/2024\/10\/Gushers-Indica-Dominant-Hybrid-Strain.webp",15,12,false],"woocommerce_thumbnail":["https:\/\/hitexoticsdistro.eu\/wp-content\/uploads\/2024\/10\/Gushers-Indica-Dominant-Hybrid-Strain-300x300.webp",300,300,true],"woocommerce_single":["https:\/\/hitexoticsdistro.eu\/wp-content\/uploads\/2024\/10\/Gushers-Indica-Dominant-Hybrid-Strain.webp",570,464,false],"woocommerce_gallery_thumbnail":["https:\/\/hitexoticsdistro.eu\/wp-content\/uploads\/2024\/10\/Gushers-Indica-Dominant-Hybrid-Strain-100x100.webp",100,100,true]},"uagb_author_info":{"display_name":"","author_link":"https:\/\/hitexoticsdistro.eu\/de\/author\/"},"uagb_comment_info":0,"uagb_excerpt":"Zam\u00f3w Gushers Konopie Online Gushers to wyj\u0105tkowa hybryda z dominacj\u0105 indici, b\u0119d\u0105ca wynikiem skrzy\u017cowania dw\u00f3ch ikonicznych odmian, Gelato #41 i [&hellip;]","_links":{"self":[{"href":"https:\/\/hitexoticsdistro.eu\/de\/wp-json\/wp\/v2\/product\/380","targetHints":{"allow":["GET"]}}],"collection":[{"href":"https:\/\/hitexoticsdistro.eu\/de\/wp-json\/wp\/v2\/product"}],"about":[{"href":"https:\/\/hitexoticsdistro.eu\/de\/wp-json\/wp\/v2\/types\/product"}],"replies":[{"embeddable":true,"href":"https:\/\/hitexoticsdistro.eu\/de\/wp-json\/wp\/v2\/comments?post=380"}],"wp:featuredmedia":[{"embeddable":true,"href":"https:\/\/hitexoticsdistro.eu\/de\/wp-json\/wp\/v2\/media\/440"}],"wp:attachment":[{"href":"https:\/\/hitexoticsdistro.eu\/de\/wp-json\/wp\/v2\/media?parent=380"}],"wp:term":[{"taxonomy":"product_brand","embeddable":true,"href":"https:\/\/hitexoticsdistro.eu\/de\/wp-json\/wp\/v2\/product_brand?post=380"},{"taxonomy":"product_cat","embeddable":true,"href":"https:\/\/hitexoticsdistro.eu\/de\/wp-json\/wp\/v2\/product_cat?post=380"},{"taxonomy":"product_tag","embeddable":true,"href":"https:\/\/hitexoticsdistro.eu\/de\/wp-json\/wp\/v2\/product_tag?post=380"}],"curies":[{"name":"wp","href":"https:\/\/api.w.org\/{rel}","templated":true}]}}