{"id":318,"date":"2024-10-10T22:47:53","date_gmt":"2024-10-10T22:47:53","guid":{"rendered":"https:\/\/hitexoticsdistro.com\/?post_type=product&#038;p=318"},"modified":"2024-10-26T23:58:39","modified_gmt":"2024-10-26T23:58:39","slug":"kup-durban-poison-konopie-online","status":"publish","type":"product","link":"https:\/\/hitexoticsdistro.eu\/de\/product\/kup-durban-poison-konopie-online\/","title":{"rendered":"Durban Poison"},"content":{"rendered":"<h2>Kup Durban Poison Konopie Online<\/h2>\n<p>Je\u015bli szukasz odmiany <a href=\"https:\/\/hitexoticsdistro.eu\/de\/product-category\/gdzie-moge-kupic-marihuane\/\">marihuany<\/a>, kt\u00f3ra zapewnia intensywny, skoncentrowany na g\u0142owie haj i sprzyja kreatywno\u015bci oraz produktywno\u015bci, <strong>Durban Poison<\/strong> jest dla Ciebie. Jako <strong>czysta sativa<\/strong>, ta legendarna odmiana s\u0142ynie z wysokiego poziomu THC i energetyzuj\u0105cych efekt\u00f3w, co czyni j\u0105 idealnym wyborem na aktywne dni. Niezale\u017cnie od tego, czy masz do wykonania obowi\u0105zki, zakupy, czy szukasz inspiracji do kreatywnych projekt\u00f3w, Durban Poison to strza\u0142 w dziesi\u0105tk\u0119.<\/p>\n<h3>Dlaczego warto kupi\u0107 Durban Poison Konopie Online?<\/h3>\n<p>Kiedy <strong>kupujesz Durban Poison konopie online<\/strong> w zaufanych sklepach, takich jak <em>Hit Exotics Distro<\/em>, zyskujesz dost\u0119p do produktu najwy\u017cszej jako\u015bci, kt\u00f3ry jest mocny, \u015bwie\u017cy i starannie uprawiany. Zakupy online pozwalaj\u0105 na dyskretne przegl\u0105danie, wyb\u00f3r spo\u015br\u00f3d szerokiej gamy odmian i szybkie oraz bezpieczne dostarczenie bezpo\u015brednio do twojego domu. Durban Poison jest szczeg\u00f3lnie ceniona przez koneser\u00f3w konopi za swoje silne, szybko dzia\u0142aj\u0105ce efekty, co czyni j\u0105 doskona\u0142ym wyborem na dzie\u0144.<\/p>\n<h3>Kluczowe Cechy Durban Poison<\/h3>\n<ul>\n<li><strong>Poziom THC<\/strong>: Durban Poison charakteryzuje si\u0119 poziomem THC na poziomie 28% i wi\u0119cej, co czyni j\u0105 jedn\u0105 z najpot\u0119\u017cniejszych odmian sativy dost\u0119pnych na rynku.<\/li>\n<li><strong>Czysta Sativa<\/strong>: Dzi\u0119ki swojej czystej genetyce sativa, Durban Poison oferuje pobudzaj\u0105cy haj, kt\u00f3ry poprawia koncentracj\u0119, energi\u0119 i kreatywno\u015b\u0107.<\/li>\n<li><strong>Idealna do Koncentrat\u00f3w<\/strong>: Dzi\u0119ki swoim du\u017cym trichomom, Durban Poison jest doskona\u0142a do tworzenia mocnych koncentrat\u00f3w z konopi.<\/li>\n<\/ul>\n<h3>Aromat i Smak<\/h3>\n<p>Durban Poison ma <strong>s\u0142odki, ziemisty aromat<\/strong>, z nutami <strong>sosny<\/strong>, kt\u00f3re dodaj\u0105 orze\u017awiaj\u0105cego akcentu do og\u00f3lnego zapachu. Jej smak to odzwierciedlenie aromatu \u2013 subtelna s\u0142odycz po\u0142\u0105czona z zio\u0142owymi i drzewnymi tonami. Je\u015bli lubisz odmiany o naturalnych, ziemistych smakach, na pewno docenisz bogaty smak Durban Poison. Ten profil smakowy sprawia, \u017ce jest to przyjemno\u015b\u0107 zar\u00f3wno przy paleniu, jak i waporyzacji, oferuj\u0105c g\u0142adkie, przyjemne doznania za ka\u017cdym razem.<\/p>\n<h3>Efekty Durban Poison<\/h3>\n<p>Durban Poison s\u0142ynie z dostarczania <strong>pot\u0119\u017cnego haju umys\u0142owego<\/strong>, kt\u00f3ry pojawia si\u0119 niemal natychmiast. Mo\u017cesz spodziewa\u0107 si\u0119 silnego przyp\u0142ywu energii oraz <strong>radosnego, podnosz\u0105cego na duchu haju<\/strong>, kt\u00f3ry poprawia koncentracj\u0119, motywacj\u0119 i kreatywno\u015b\u0107. Ta odmiana jest idealna dla u\u017cytkownik\u00f3w szukaj\u0105cych umys\u0142owego bod\u017aca w ci\u0105gu dnia. Ze wzgl\u0119du na swoj\u0105 moc, Durban Poison mo\u017ce jednak u niekt\u00f3rych os\u00f3b wywo\u0142ywa\u0107 <strong>paranoj\u0119<\/strong>.<\/p>\n<h4>Korzy\u015bci z Durban Poison:<\/h4>\n<ul>\n<li><strong>Kreatywno\u015b\u0107<\/strong>: Doskona\u0142a do artystycznych dzia\u0142a\u0144 i tw\u00f3rczego rozwi\u0105zywania problem\u00f3w.<\/li>\n<li><strong>Aktywno\u015bci w Ci\u0105gu Dnia<\/strong>: Jej energetyzuj\u0105ce efekty sprawiaj\u0105, \u017ce nadaje si\u0119 do zada\u0144, obowi\u0105zk\u00f3w i spotka\u0144 towarzyskich.<\/li>\n<li><strong>Zastosowanie Medyczne<\/strong>: Durban Poison jest skuteczna w leczeniu takich schorze\u0144, jak <strong>depresja<\/strong>, <strong>l\u0119k<\/strong>, <strong>przewlek\u0142y b\u00f3l<\/strong> i <strong>nudno\u015bci<\/strong>.<\/li>\n<\/ul>\n<h3>Kup Durban Poison Konopie Online: Ulepsz Sw\u00f3j Dzie\u0144<\/h3>\n<p>Je\u015bli chcesz <strong>kupi\u0107 Durban Poison konopie online<\/strong>, teraz jest idealny moment, aby wzbogaci\u0107 swoje do\u015bwiadczenia z marihuan\u0105 dzi\u0119ki tej pot\u0119\u017cnej i energetyzuj\u0105cej odmianie. <em>Hit Exotics Distro<\/em> zapewnia, \u017ce otrzymasz naj\u015bwie\u017csze i najbardziej skuteczne Durban Poison, pomagaj\u0105c Ci stawi\u0107 czo\u0142a dniu z energi\u0105 i kreatywno\u015bci\u0105. Zam\u00f3w ju\u017c dzi\u015b i poczuj r\u00f3\u017cnic\u0119!<\/p>\n<h3>Najcz\u0119\u015bciej Zadawane Pytania o Durban Poison<\/h3>\n<h4><strong>Jaki jest poziom THC w Durban Poison?<\/strong><\/h4>\n<p>Durban Poison jest znana z wysokiej zawarto\u015bci THC, cz\u0119sto osi\u0105gaj\u0105cej <strong>28% lub wi\u0119cej<\/strong>, co czyni j\u0105 jedn\u0105 z najmocniejszych odmian sativy.<\/p>\n<h4><strong>Jakie efekty mog\u0119 si\u0119 spodziewa\u0107 po Durban Poison?<\/strong><\/h4>\n<p>Mo\u017cesz spodziewa\u0107 si\u0119 szybko dzia\u0142aj\u0105cego <strong>haju umys\u0142owego<\/strong>, kt\u00f3ry poprawia koncentracj\u0119, kreatywno\u015b\u0107 i motywacj\u0119. To idealna odmiana na aktywne dni.<\/p>\n<h4><strong>Czy Durban Poison jest dobra do cel\u00f3w medycznych?<\/strong><\/h4>\n<p>Tak, Durban Poison jest cz\u0119sto stosowana w leczeniu takich schorze\u0144, jak <strong>depresja<\/strong>, <strong>l\u0119k<\/strong>, <strong>przewlek\u0142y b\u00f3l<\/strong> i <strong>nudno\u015bci<\/strong>, dzi\u0119ki swoim podnosz\u0105cym na duchu i energetyzuj\u0105cym efektom.<\/p>\n<h4><strong>Czy Durban Poison mo\u017ce powodowa\u0107 paranoj\u0119?<\/strong><\/h4>\n<p>Ze wzgl\u0119du na wysoki poziom THC, Durban <a href=\"https:\/\/greenmedseu.com\/\" rel=\"nofollow noopener\" target=\"_blank\">Poison<\/a> mo\u017ce wywo\u0142a\u0107 <strong>paranoj\u0119<\/strong> u niekt\u00f3rych u\u017cytkownik\u00f3w, zw\u0142aszcza tych wra\u017cliwych na silne odmiany sativy. Wa\u017cne jest, aby zacz\u0105\u0107 od ma\u0142ej dawki, aby oceni\u0107 swoj\u0105 tolerancj\u0119.<\/p>\n<h4><strong>Dlaczego Durban Poison jest idealna do koncentrat\u00f3w?<\/strong><\/h4>\n<p>Durban Poison jest pokryta du\u017cymi <strong>trichomami<\/strong>, co sprawia, \u017ce jest idealna do tworzenia koncentrat\u00f3w i ekstrakt\u00f3w o du\u017cej mocy.<\/p>\n<h3>Jak Kupi\u0107 Durban Poison Konopie Online?<\/h3>\n<p>Zakup Durban Poison online jest prosty i wygodny. Odwied\u017a <strong>Hit Exotics Distro<\/strong> i przegl\u0105daj dost\u0119pne odmiany. Nasze najwy\u017cszej jako\u015bci odmiany konopi, w tym legendarna Durban Poison, s\u0105 dost\u0119pne z szybk\u0105 i dyskretn\u0105 wysy\u0142k\u0105. Dzi\u0119ki <strong>bezpiecznemu zamawianiu online<\/strong> i zaanga\u017cowaniu w satysfakcj\u0119 klienta, <em>Hit Exotics Distro<\/em> to twoje \u017ar\u00f3d\u0142o najlepszych produkt\u00f3w z konopi.<\/p>\n<p>Zam\u00f3w teraz i odkryj pot\u0119\u017cn\u0105 moc jednej z najpot\u0119\u017cniejszych sativ na \u015bwiecie!<\/p>\n<p>&nbsp;<\/p>\n<p><img loading=\"lazy\" decoding=\"async\" class=\"alignnone size-medium wp-image-1149\" src=\"https:\/\/hitexoticsdistro.eu\/wp-content\/uploads\/2024\/10\/WhatsApp-Image-2024-10-02-at-3.50.03-PM-2-300x300.jpeg\" alt=\"Gdzie bezpiecznie kupi\u0107 marihuan\u0119 online?\" width=\"300\" height=\"300\" srcset=\"https:\/\/hitexoticsdistro.eu\/wp-content\/uploads\/2024\/10\/WhatsApp-Image-2024-10-02-at-3.50.03-PM-2-300x300.jpeg 300w, https:\/\/hitexoticsdistro.eu\/wp-content\/uploads\/2024\/10\/WhatsApp-Image-2024-10-02-at-3.50.03-PM-2-150x150.jpeg 150w, https:\/\/hitexoticsdistro.eu\/wp-content\/uploads\/2024\/10\/WhatsApp-Image-2024-10-02-at-3.50.03-PM-2-600x600.jpeg 600w, https:\/\/hitexoticsdistro.eu\/wp-content\/uploads\/2024\/10\/WhatsApp-Image-2024-10-02-at-3.50.03-PM-2-100x100.jpeg 100w, https:\/\/hitexoticsdistro.eu\/wp-content\/uploads\/2024\/10\/WhatsApp-Image-2024-10-02-at-3.50.03-PM-2.jpeg 640w\" sizes=\"auto, (max-width: 300px) 100vw, 300px\" \/><\/p>","protected":false},"excerpt":{"rendered":"<p><strong>Smak:<\/strong>\u00a0ziemisty | sosnowy | s\u0142odki<br \/>\n<strong>Zastosowanie medyczne:<\/strong>\u00a0przewlek\u0142y b\u00f3l | depresja | l\u0119k | stres<br \/>\n<strong>Zawarto\u015b\u0107 THC:<\/strong>\u00a028%+ najwy\u017csza<\/p>","protected":false},"featured_media":348,"comment_status":"closed","ping_status":"closed","template":"","meta":{"_surecart_dashboard_logo_width":"180px","_surecart_dashboard_show_logo":true,"_surecart_dashboard_navigation_orders":true,"_surecart_dashboard_navigation_invoices":true,"_surecart_dashboard_navigation_subscriptions":true,"_surecart_dashboard_navigation_downloads":true,"_surecart_dashboard_navigation_billing":true,"_surecart_dashboard_navigation_account":true,"_uag_custom_page_level_css":"","site-sidebar-layout":"default","site-content-layout":"","ast-site-content-layout":"default","site-content-style":"default","site-sidebar-style":"default","ast-global-header-display":"","ast-banner-title-visibility":"","ast-main-header-display":"","ast-hfb-above-header-display":"","ast-hfb-below-header-display":"","ast-hfb-mobile-header-display":"","site-post-title":"","ast-breadcrumbs-content":"","ast-featured-img":"","footer-sml-layout":"","theme-transparent-header-meta":"default","adv-header-id-meta":"","stick-header-meta":"","header-above-stick-meta":"","header-main-stick-meta":"","header-below-stick-meta":"","astra-migrate-meta-layouts":"set","ast-page-background-enabled":"default","ast-page-background-meta":{"desktop":{"background-color":"var(--ast-global-color-4)","background-image":"","background-repeat":"repeat","background-position":"center center","background-size":"auto","background-attachment":"scroll","background-type":"","background-media":"","overlay-type":"","overlay-color":"","overlay-opacity":"","overlay-gradient":""},"tablet":{"background-color":"","background-image":"","background-repeat":"repeat","background-position":"center center","background-size":"auto","background-attachment":"scroll","background-type":"","background-media":"","overlay-type":"","overlay-color":"","overlay-opacity":"","overlay-gradient":""},"mobile":{"background-color":"","background-image":"","background-repeat":"repeat","background-position":"center center","background-size":"auto","background-attachment":"scroll","background-type":"","background-media":"","overlay-type":"","overlay-color":"","overlay-opacity":"","overlay-gradient":""}},"ast-content-background-meta":{"desktop":{"background-color":"var(--ast-global-color-5)","background-image":"","background-repeat":"repeat","background-position":"center center","background-size":"auto","background-attachment":"scroll","background-type":"","background-media":"","overlay-type":"","overlay-color":"","overlay-opacity":"","overlay-gradient":""},"tablet":{"background-color":"var(--ast-global-color-5)","background-image":"","background-repeat":"repeat","background-position":"center center","background-size":"auto","background-attachment":"scroll","background-type":"","background-media":"","overlay-type":"","overlay-color":"","overlay-opacity":"","overlay-gradient":""},"mobile":{"background-color":"var(--ast-global-color-5)","background-image":"","background-repeat":"repeat","background-position":"center center","background-size":"auto","background-attachment":"scroll","background-type":"","background-media":"","overlay-type":"","overlay-color":"","overlay-opacity":"","overlay-gradient":""}}},"product_brand":[],"product_cat":[56,57],"product_tag":[674,672,669,551,673,670,668,560,671,579],"class_list":{"0":"post-318","1":"product","2":"type-product","3":"status-publish","4":"has-post-thumbnail","6":"product_cat-gdzie-moge-kupic-marihuane","7":"product_cat-kup-marihuane-sativa-online-polska","8":"product_tag-cannabisnadzien","9":"product_tag-czystasativa","10":"product_tag-durbanpoisonsativa","11":"product_tag-hitexoticsdistro","12":"product_tag-konopiekoncentraty","13":"product_tag-kreatywnamarihuana","14":"product_tag-kupdurbanpoison","15":"product_tag-mocnaodmianathc","16":"product_tag-sativahaj","17":"product_tag-ulgaodbolu","18":"desktop-align-left","19":"tablet-align-left","20":"mobile-align-left","22":"first","23":"instock","24":"shipping-taxable","25":"purchasable","26":"product-type-variable"},"uagb_featured_image_src":{"full":["https:\/\/hitexoticsdistro.eu\/wp-content\/uploads\/2024\/10\/Buy-Durban-Poison-Cannabis.png",906,955,false],"thumbnail":["https:\/\/hitexoticsdistro.eu\/wp-content\/uploads\/2024\/10\/Buy-Durban-Poison-Cannabis-150x150.png",150,150,true],"medium":["https:\/\/hitexoticsdistro.eu\/wp-content\/uploads\/2024\/10\/Buy-Durban-Poison-Cannabis-285x300.png",285,300,true],"medium_large":["https:\/\/hitexoticsdistro.eu\/wp-content\/uploads\/2024\/10\/Buy-Durban-Poison-Cannabis-768x810.png",768,810,true],"large":["https:\/\/hitexoticsdistro.eu\/wp-content\/uploads\/2024\/10\/Buy-Durban-Poison-Cannabis.png",906,955,false],"1536x1536":["https:\/\/hitexoticsdistro.eu\/wp-content\/uploads\/2024\/10\/Buy-Durban-Poison-Cannabis.png",906,955,false],"2048x2048":["https:\/\/hitexoticsdistro.eu\/wp-content\/uploads\/2024\/10\/Buy-Durban-Poison-Cannabis.png",906,955,false],"trp-custom-language-flag":["https:\/\/hitexoticsdistro.eu\/wp-content\/uploads\/2024\/10\/Buy-Durban-Poison-Cannabis.png",11,12,false],"woocommerce_thumbnail":["https:\/\/hitexoticsdistro.eu\/wp-content\/uploads\/2024\/10\/Buy-Durban-Poison-Cannabis-300x300.png",300,300,true],"woocommerce_single":["https:\/\/hitexoticsdistro.eu\/wp-content\/uploads\/2024\/10\/Buy-Durban-Poison-Cannabis-600x632.png",600,632,true],"woocommerce_gallery_thumbnail":["https:\/\/hitexoticsdistro.eu\/wp-content\/uploads\/2024\/10\/Buy-Durban-Poison-Cannabis-100x100.png",100,100,true]},"uagb_author_info":{"display_name":"","author_link":"https:\/\/hitexoticsdistro.eu\/de\/author\/"},"uagb_comment_info":0,"uagb_excerpt":"Smak:\u00a0ziemisty | sosnowy | s\u0142odki Zastosowanie medyczne:\u00a0przewlek\u0142y b\u00f3l | depresja | l\u0119k | stres Zawarto\u015b\u0107 THC:\u00a028%+ najwy\u017csza","_links":{"self":[{"href":"https:\/\/hitexoticsdistro.eu\/de\/wp-json\/wp\/v2\/product\/318","targetHints":{"allow":["GET"]}}],"collection":[{"href":"https:\/\/hitexoticsdistro.eu\/de\/wp-json\/wp\/v2\/product"}],"about":[{"href":"https:\/\/hitexoticsdistro.eu\/de\/wp-json\/wp\/v2\/types\/product"}],"replies":[{"embeddable":true,"href":"https:\/\/hitexoticsdistro.eu\/de\/wp-json\/wp\/v2\/comments?post=318"}],"wp:featuredmedia":[{"embeddable":true,"href":"https:\/\/hitexoticsdistro.eu\/de\/wp-json\/wp\/v2\/media\/348"}],"wp:attachment":[{"href":"https:\/\/hitexoticsdistro.eu\/de\/wp-json\/wp\/v2\/media?parent=318"}],"wp:term":[{"taxonomy":"product_brand","embeddable":true,"href":"https:\/\/hitexoticsdistro.eu\/de\/wp-json\/wp\/v2\/product_brand?post=318"},{"taxonomy":"product_cat","embeddable":true,"href":"https:\/\/hitexoticsdistro.eu\/de\/wp-json\/wp\/v2\/product_cat?post=318"},{"taxonomy":"product_tag","embeddable":true,"href":"https:\/\/hitexoticsdistro.eu\/de\/wp-json\/wp\/v2\/product_tag?post=318"}],"curies":[{"name":"wp","href":"https:\/\/api.w.org\/{rel}","templated":true}]}}