{"id":316,"date":"2024-10-10T22:47:53","date_gmt":"2024-10-10T22:47:53","guid":{"rendered":"https:\/\/hitexoticsdistro.com\/?post_type=product&#038;p=316"},"modified":"2024-10-26T23:56:21","modified_gmt":"2024-10-26T23:56:21","slug":"sklep-z-marihuana-dla-amnesia-haze","status":"publish","type":"product","link":"https:\/\/hitexoticsdistro.eu\/de\/product\/sklep-z-marihuana-dla-amnesia-haze\/","title":{"rendered":"Amnesia Haze AAA"},"content":{"rendered":"<h2>Sklep z Marihuan\u0105 dla Amnesia Haze<\/h2>\n<p>Amnesia Haze AAA to wyj\u0105tkowa <strong>sativa-dominuj\u0105ca hybryda<\/strong>, kt\u00f3ra zyska\u0142a popularno\u015b\u0107 dzi\u0119ki swoim silnym i d\u0142ugotrwa\u0142ym efektom. Pochodz\u0105ca od legendarnych odmian <strong>Jamaican <a href=\"https:\/\/hitexoticsdistro.eu\/de\/product-category\/kup-marihuane-sativa-online-polska\/\">sativa<\/a><\/strong>, <strong>Laotian sativa<\/strong> i <strong>Afghan Hawaiian <a href=\"https:\/\/hitexoticsdistro.eu\/de\/product-category\/kup-konopie-indyjskie-indica-online\/\">indica<\/a><\/strong>, ta odmiana oferuje unikalne do\u015bwiadczenia dla mi\u0142o\u015bnik\u00f3w marihuany, kt\u00f3rzy poszukuj\u0105 jasnego umys\u0142u i pobudzaj\u0105cego haju. Dzi\u0119ki proporcji sativa do indica wynosz\u0105cej 80:20, Amnesia Haze AAA to idealna odmiana na dzie\u0144, doskona\u0142a do kreatywnych i produktywnych dzia\u0142a\u0144.<\/p>\n<h3>Dlaczego warto wybra\u0107 Amnesia Haze AAA?<\/h3>\n<p>Dzi\u0119ki poziomowi THC przekraczaj\u0105cemu 22%, Amnesia Haze AAA zapewnia silne efekty m\u00f3zgowe, kt\u00f3re u\u017cytkownicy ceni\u0105 za <strong>popraw\u0119 nastroju<\/strong> i wywo\u0142ywanie poczucia euforii. Jednak\u017ce, zawarto\u015b\u0107 <strong>CBD<\/strong> jest stosunkowo niska (mniej ni\u017c 1%), co sprawia, \u017ce jest mniej odpowiednia dla os\u00f3b, kt\u00f3re szukaj\u0105 odmiany do leczenia schorze\u0144 wymagaj\u0105cych wysokiego poziomu <a href=\"https:\/\/biohemp.pl\/pl\/olejki-ekstrakty-cbd-cbg\/\" rel=\"nofollow noopener\" target=\"_blank\">CBD<\/a>, takich jak padaczka.<\/p>\n<p>Ta odmiana jest idealna dla os\u00f3b szukaj\u0105cych ulgi od <strong>l\u0119ku<\/strong>, <strong>depresji<\/strong>, <strong>zm\u0119czenia<\/strong>, <strong>objaw\u00f3w ADHD<\/strong>, <strong>migren<\/strong>, <strong>hu\u015btawek nastroju<\/strong> i <strong>b\u00f3lu fizycznego<\/strong>. U\u017cytkownicy Amnesia Haze AAA cz\u0119sto zg\u0142aszaj\u0105 podnosz\u0105cy na duchu, euforyczny haj, kt\u00f3ry zwi\u0119ksza kreatywno\u015b\u0107 i energi\u0119, idealny do dzia\u0142a\u0144 towarzyskich, projekt\u00f3w artystycznych lub po prostu sprostania zapracowanemu dniu z now\u0105 dawk\u0105 koncentracji.<\/p>\n<h2>Efekty Amnesia Haze AAA<\/h2>\n<p>Jednym z g\u0142\u00f3wnych powod\u00f3w, aby <strong>kupi\u0107 Amnesia Haze AAA<\/strong>, s\u0105 jej d\u0142ugotrwa\u0142e i wszechstronne efekty. <strong>Psychoaktywny haj<\/strong> pojawia si\u0119 szybko, przynosz\u0105c popraw\u0119 nastroju i eufori\u0119, cz\u0119sto z towarzysz\u0105cymi jej <strong>\u015bmiechami<\/strong> i poczuciem <strong>kreatywno\u015bci<\/strong>. Nast\u0119pnie pojawia si\u0119 pobudzaj\u0105cy zastrzyk energii, kt\u00f3ry mo\u017ce pom\u00f3c u\u017cytkownikom poczu\u0107 si\u0119 bardziej zmotywowanymi i produktywnymi bez uczucia przyt\u0142oczenia.<\/p>\n<p>Jednak ze wzgl\u0119du na silny profil sativa, Amnesia Haze AAA mo\u017ce by\u0107 <strong>zbyt intensywna dla pocz\u0105tkuj\u0105cych u\u017cytkownik\u00f3w<\/strong> lub os\u00f3b wra\u017cliwych na wysokie poziomy THC. Zawsze zaleca si\u0119 zaczynanie od ma\u0142ych dawek i sprawdzanie swojej tolerancji.<\/p>\n<h3>Korzy\u015bci terapeutyczne Amnesia Haze AAA<\/h3>\n<p>Amnesia Haze AAA jest znana nie tylko ze swoich rekreacyjnych efekt\u00f3w \u2013 ma tak\u017ce szeroki zakres <strong>korzy\u015bci terapeutycznych<\/strong>:<\/p>\n<ul>\n<li><strong>Ulga od l\u0119ku i depresji<\/strong>: Podnosz\u0105ce na duchu efekty pomagaj\u0105 z\u0142agodzi\u0107 objawy l\u0119ku i depresji, co czyni j\u0105 doskona\u0142ym poprawiaczem nastroju.<\/li>\n<li><strong>Zm\u0119czenie<\/strong>: Je\u015bli masz problemy z niskim poziomem energii, ta odmiana mo\u017ce zapewni\u0107 potrzebny zastrzyk energii bez p\u00f3\u017aniejszego spadku.<\/li>\n<li><strong>Objawy ADHD<\/strong>: Dla os\u00f3b z ADHD Amnesia Haze AAA promuje koncentracj\u0119 i jasne my\u015blenie, pomagaj\u0105c zachowa\u0107 skupienie na zadaniach.<\/li>\n<li><strong>Ulga od migren<\/strong>: Wysoka zawarto\u015b\u0107 THC jest skuteczna w \u0142agodzeniu b\u00f3lu migren i b\u00f3l\u00f3w g\u0142owy.<\/li>\n<li><strong>Hu\u015btawki nastroju<\/strong>: Efekty euforyczne pomagaj\u0105 stabilizowa\u0107 emocje, co jest przydatne dla os\u00f3b do\u015bwiadczaj\u0105cych zaburze\u0144 nastroju.<\/li>\n<li><strong>B\u00f3l fizyczny<\/strong>: Amnesia Haze AAA oferuje ulg\u0119 w b\u00f3lu, zw\u0142aszcza w przypadku \u0142agodnego do umiarkowanego b\u00f3lu fizycznego, bez wywo\u0142ywania senno\u015bci.<\/li>\n<\/ul>\n<h2>Jak kupi\u0107 Amnesia Haze AAA Online<\/h2>\n<p>Szukasz najlepszego miejsca, aby <strong>kupi\u0107 Amnesia Haze AAA online<\/strong>? W <strong>Hit Exotics Distro<\/strong> oferujemy najwy\u017cszej jako\u015bci odmiany marihuany, starannie wyselekcjonowane dla maksymalnej mocy i \u015bwie\u017co\u015bci. Kupuj\u0105c w zaufanym sklepie internetowym, masz pewno\u015b\u0107, \u017ce otrzymasz <strong>produkt premium<\/strong> z dyskretn\u0105 i niezawodn\u0105 dostaw\u0105 prosto do twojego domu.<\/p>\n<p>Kilka klikni\u0119\u0107 wystarczy, aby doda\u0107 t\u0119 pobudzaj\u0105c\u0105 odmian\u0119 do swojej kolekcji, niezale\u017cnie od tego, czy u\u017cywasz jej rekreacyjnie, czy terapeutycznie. <strong>Zam\u00f3w ju\u017c teraz<\/strong>, aby do\u015bwiadczy\u0107 pot\u0119\u017cnych, podnosz\u0105cych na duchu efekt\u00f3w Amnesia Haze AAA.<\/p>\n<h3>Frequently Asked Questions<\/h3>\n<h4>Jaki jest poziom THC w Amnesia Haze AAA?<\/h4>\n<p>Amnesia Haze AAA zazwyczaj zawiera poziom THC wynosz\u0105cy oko\u0142o <strong>22%<\/strong>, co czyni j\u0105 wysoce potentn\u0105 odmian\u0105 idealn\u0105 dla u\u017cytkownik\u00f3w szukaj\u0105cych silnych efekt\u00f3w m\u00f3zgowych.<\/p>\n<h4>Czy Amnesia Haze AAA jest dobra dla pocz\u0105tkuj\u0105cych?<\/h4>\n<p>Ze wzgl\u0119du na wysoki poziom THC, Amnesia Haze AAA najlepiej nadaje si\u0119 dla <strong>do\u015bwiadczonych u\u017cytkownik\u00f3w<\/strong> lub os\u00f3b z wy\u017csz\u0105 tolerancj\u0105 na THC. Pocz\u0105tkuj\u0105cy powinni zaczyna\u0107 od ma\u0142ej dawki.<\/p>\n<h4>Czy Amnesia Haze AAA pomaga w leczeniu l\u0119ku?<\/h4>\n<p>Tak, Amnesia Haze AAA jest znana z <strong>w\u0142a\u015bciwo\u015bci \u0142agodz\u0105cych l\u0119k<\/strong>, poniewa\u017c efekty sativa zapewniaj\u0105 podnosz\u0105cy na duchu i euforyczny haj, kt\u00f3ry mo\u017ce z\u0142agodzi\u0107 stres psychiczny.<\/p>\n<h4>Czy Amnesia Haze AAA jest dobr\u0105 odmian\u0105 na dzie\u0144?<\/h4>\n<p>Zdecydowanie. Dzi\u0119ki stosunkowi sativa do indica wynosz\u0105cemu 80:20, Amnesia Haze AAA doskonale nadaje si\u0119 do <strong>u\u017cytku w ci\u0105gu dnia<\/strong>, poprawiaj\u0105c koncentracj\u0119, kreatywno\u015b\u0107 i energi\u0119.<\/p>\n<h4>Jak smakuje Amnesia Haze AAA?<\/h4>\n<p>Amnesia Haze AAA ma <strong>cytrusowy smak<\/strong> z <strong>ziemistymi i zio\u0142owymi podtonami<\/strong>, oferuj\u0105c od\u015bwie\u017caj\u0105cy smak, kt\u00f3ry doskonale pasuje do jej podnosz\u0105cych na duchu efekt\u00f3w.<\/p>\n<h3>Podsumowanie<\/h3>\n<p>Amnesia Haze AAA to hybryda sativa najwy\u017cszej klasy, oferuj\u0105ca pot\u0119\u017cn\u0105 mieszank\u0119 <strong>kreatywno\u015bci<\/strong>, <strong>energii<\/strong> i <strong>euforii<\/strong>. Niezale\u017cnie od tego, czy szukasz sposobu na popraw\u0119 codziennych aktywno\u015bci, czy ulgi w dolegliwo\u015bciach psychicznych i fizycznych, Amnesia Haze AAA to doskona\u0142a opcja do rozwa\u017cenia.<\/p>\n<p><strong>Marijuana Shop for Amnesia Haze<\/strong> online na <strong>Hit Exotics Distro<\/strong> i odkryj korzy\u015bci p\u0142yn\u0105ce z tej pot\u0119\u017cnej odmiany ju\u017c dzi\u015b. Nie czekaj \u2013 do\u015bwiadcz r\u00f3\u017cnicy, jak\u0105 mo\u017ce da\u0107 premium marihuana.<\/p>\n<p>&nbsp;<\/p>\n<p><img loading=\"lazy\" decoding=\"async\" class=\"alignnone size-medium wp-image-1149\" src=\"https:\/\/hitexoticsdistro.eu\/wp-content\/uploads\/2024\/10\/WhatsApp-Image-2024-10-02-at-3.50.03-PM-2-300x300.jpeg\" alt=\"Gdzie bezpiecznie kupi\u0107 marihuan\u0119 online?\" width=\"300\" height=\"300\" srcset=\"https:\/\/hitexoticsdistro.eu\/wp-content\/uploads\/2024\/10\/WhatsApp-Image-2024-10-02-at-3.50.03-PM-2-300x300.jpeg 300w, https:\/\/hitexoticsdistro.eu\/wp-content\/uploads\/2024\/10\/WhatsApp-Image-2024-10-02-at-3.50.03-PM-2-150x150.jpeg 150w, https:\/\/hitexoticsdistro.eu\/wp-content\/uploads\/2024\/10\/WhatsApp-Image-2024-10-02-at-3.50.03-PM-2-600x600.jpeg 600w, https:\/\/hitexoticsdistro.eu\/wp-content\/uploads\/2024\/10\/WhatsApp-Image-2024-10-02-at-3.50.03-PM-2-100x100.jpeg 100w, https:\/\/hitexoticsdistro.eu\/wp-content\/uploads\/2024\/10\/WhatsApp-Image-2024-10-02-at-3.50.03-PM-2.jpeg 640w\" sizes=\"auto, (max-width: 300px) 100vw, 300px\" \/><\/p>","protected":false},"excerpt":{"rendered":"<p>Sklep z Marihuan\u0105 dla Amnesia Haze Amnesia Haze AAA to wyj\u0105tkowa sativa-dominuj\u0105ca hybryda, kt\u00f3ra zyska\u0142a popularno\u015b\u0107 dzi\u0119ki swoim silnym i [&hellip;]<\/p>\n","protected":false},"featured_media":346,"comment_status":"closed","ping_status":"closed","template":"","meta":{"_surecart_dashboard_logo_width":"180px","_surecart_dashboard_show_logo":true,"_surecart_dashboard_navigation_orders":true,"_surecart_dashboard_navigation_invoices":true,"_surecart_dashboard_navigation_subscriptions":true,"_surecart_dashboard_navigation_downloads":true,"_surecart_dashboard_navigation_billing":true,"_surecart_dashboard_navigation_account":true,"_uag_custom_page_level_css":"","site-sidebar-layout":"default","site-content-layout":"","ast-site-content-layout":"default","site-content-style":"default","site-sidebar-style":"default","ast-global-header-display":"","ast-banner-title-visibility":"","ast-main-header-display":"","ast-hfb-above-header-display":"","ast-hfb-below-header-display":"","ast-hfb-mobile-header-display":"","site-post-title":"","ast-breadcrumbs-content":"","ast-featured-img":"","footer-sml-layout":"","theme-transparent-header-meta":"default","adv-header-id-meta":"","stick-header-meta":"","header-above-stick-meta":"","header-main-stick-meta":"","header-below-stick-meta":"","astra-migrate-meta-layouts":"set","ast-page-background-enabled":"default","ast-page-background-meta":{"desktop":{"background-color":"var(--ast-global-color-4)","background-image":"","background-repeat":"repeat","background-position":"center center","background-size":"auto","background-attachment":"scroll","background-type":"","background-media":"","overlay-type":"","overlay-color":"","overlay-opacity":"","overlay-gradient":""},"tablet":{"background-color":"","background-image":"","background-repeat":"repeat","background-position":"center center","background-size":"auto","background-attachment":"scroll","background-type":"","background-media":"","overlay-type":"","overlay-color":"","overlay-opacity":"","overlay-gradient":""},"mobile":{"background-color":"","background-image":"","background-repeat":"repeat","background-position":"center center","background-size":"auto","background-attachment":"scroll","background-type":"","background-media":"","overlay-type":"","overlay-color":"","overlay-opacity":"","overlay-gradient":""}},"ast-content-background-meta":{"desktop":{"background-color":"var(--ast-global-color-5)","background-image":"","background-repeat":"repeat","background-position":"center center","background-size":"auto","background-attachment":"scroll","background-type":"","background-media":"","overlay-type":"","overlay-color":"","overlay-opacity":"","overlay-gradient":""},"tablet":{"background-color":"var(--ast-global-color-5)","background-image":"","background-repeat":"repeat","background-position":"center center","background-size":"auto","background-attachment":"scroll","background-type":"","background-media":"","overlay-type":"","overlay-color":"","overlay-opacity":"","overlay-gradient":""},"mobile":{"background-color":"var(--ast-global-color-5)","background-image":"","background-repeat":"repeat","background-position":"center center","background-size":"auto","background-attachment":"scroll","background-type":"","background-media":"","overlay-type":"","overlay-color":"","overlay-opacity":"","overlay-gradient":""}}},"product_brand":[],"product_cat":[56,57],"product_tag":[58,656,551,657,659,660,663,662,658,661],"class_list":{"0":"post-316","1":"product","2":"type-product","3":"status-publish","4":"has-post-thumbnail","6":"product_cat-gdzie-moge-kupic-marihuane","7":"product_cat-kup-marihuane-sativa-online-polska","8":"product_tag-amnesia-haze-aaa-weed-strain-for-sale-poland","9":"product_tag-amnesiahazeaaa","10":"product_tag-hitexoticsdistro","11":"product_tag-kupamnesiahaze","12":"product_tag-marihuananakreatywnosc","13":"product_tag-marihuananalek","14":"product_tag-marihuanaonline","15":"product_tag-marijuanashopforamnesiahaze","16":"product_tag-sativahybryda","17":"product_tag-zastrzykenergii","18":"desktop-align-left","19":"tablet-align-left","20":"mobile-align-left","22":"first","23":"instock","24":"shipping-taxable","25":"purchasable","26":"product-type-variable"},"uagb_featured_image_src":{"full":["https:\/\/hitexoticsdistro.eu\/wp-content\/uploads\/2024\/10\/Amnesia-Haze-AAA-Weed-Strain.jpg",1000,1000,false],"thumbnail":["https:\/\/hitexoticsdistro.eu\/wp-content\/uploads\/2024\/10\/Amnesia-Haze-AAA-Weed-Strain-150x150.jpg",150,150,true],"medium":["https:\/\/hitexoticsdistro.eu\/wp-content\/uploads\/2024\/10\/Amnesia-Haze-AAA-Weed-Strain-300x300.jpg",300,300,true],"medium_large":["https:\/\/hitexoticsdistro.eu\/wp-content\/uploads\/2024\/10\/Amnesia-Haze-AAA-Weed-Strain-768x768.jpg",768,768,true],"large":["https:\/\/hitexoticsdistro.eu\/wp-content\/uploads\/2024\/10\/Amnesia-Haze-AAA-Weed-Strain.jpg",1000,1000,false],"1536x1536":["https:\/\/hitexoticsdistro.eu\/wp-content\/uploads\/2024\/10\/Amnesia-Haze-AAA-Weed-Strain.jpg",1000,1000,false],"2048x2048":["https:\/\/hitexoticsdistro.eu\/wp-content\/uploads\/2024\/10\/Amnesia-Haze-AAA-Weed-Strain.jpg",1000,1000,false],"trp-custom-language-flag":["https:\/\/hitexoticsdistro.eu\/wp-content\/uploads\/2024\/10\/Amnesia-Haze-AAA-Weed-Strain.jpg",12,12,false],"woocommerce_thumbnail":["https:\/\/hitexoticsdistro.eu\/wp-content\/uploads\/2024\/10\/Amnesia-Haze-AAA-Weed-Strain-300x300.jpg",300,300,true],"woocommerce_single":["https:\/\/hitexoticsdistro.eu\/wp-content\/uploads\/2024\/10\/Amnesia-Haze-AAA-Weed-Strain-600x600.jpg",600,600,true],"woocommerce_gallery_thumbnail":["https:\/\/hitexoticsdistro.eu\/wp-content\/uploads\/2024\/10\/Amnesia-Haze-AAA-Weed-Strain-100x100.jpg",100,100,true]},"uagb_author_info":{"display_name":"","author_link":"https:\/\/hitexoticsdistro.eu\/de\/author\/"},"uagb_comment_info":0,"uagb_excerpt":"Sklep z Marihuan\u0105 dla Amnesia Haze Amnesia Haze AAA to wyj\u0105tkowa sativa-dominuj\u0105ca hybryda, kt\u00f3ra zyska\u0142a popularno\u015b\u0107 dzi\u0119ki swoim silnym i [&hellip;]","_links":{"self":[{"href":"https:\/\/hitexoticsdistro.eu\/de\/wp-json\/wp\/v2\/product\/316","targetHints":{"allow":["GET"]}}],"collection":[{"href":"https:\/\/hitexoticsdistro.eu\/de\/wp-json\/wp\/v2\/product"}],"about":[{"href":"https:\/\/hitexoticsdistro.eu\/de\/wp-json\/wp\/v2\/types\/product"}],"replies":[{"embeddable":true,"href":"https:\/\/hitexoticsdistro.eu\/de\/wp-json\/wp\/v2\/comments?post=316"}],"wp:featuredmedia":[{"embeddable":true,"href":"https:\/\/hitexoticsdistro.eu\/de\/wp-json\/wp\/v2\/media\/346"}],"wp:attachment":[{"href":"https:\/\/hitexoticsdistro.eu\/de\/wp-json\/wp\/v2\/media?parent=316"}],"wp:term":[{"taxonomy":"product_brand","embeddable":true,"href":"https:\/\/hitexoticsdistro.eu\/de\/wp-json\/wp\/v2\/product_brand?post=316"},{"taxonomy":"product_cat","embeddable":true,"href":"https:\/\/hitexoticsdistro.eu\/de\/wp-json\/wp\/v2\/product_cat?post=316"},{"taxonomy":"product_tag","embeddable":true,"href":"https:\/\/hitexoticsdistro.eu\/de\/wp-json\/wp\/v2\/product_tag?post=316"}],"curies":[{"name":"wp","href":"https:\/\/api.w.org\/{rel}","templated":true}]}}