{"id":1069,"date":"2024-10-10T23:07:31","date_gmt":"2024-10-10T23:07:31","guid":{"rendered":"https:\/\/hitexoticsdistro.com\/?post_type=product&#038;p=1069"},"modified":"2024-10-28T16:29:04","modified_gmt":"2024-10-28T16:29:04","slug":"blue-moon-hemp-delta-8-space-candy","status":"publish","type":"product","link":"https:\/\/hitexoticsdistro.eu\/de\/product\/blue-moon-hemp-delta-8-space-candy\/","title":{"rendered":"Blue Moon Hemp Delta-8 Space Candy"},"content":{"rendered":"<h2>Blue Moon Hemp Delta-8 Space Candy Online w Europie<\/h2>\n<p><strong>Blue Moon Hemp Delta-8 Space Candy<\/strong> to jedna z najbardziej wyj\u0105tkowych odmian kwiat\u00f3w konopi dost\u0119pnych na rynku. Z charakterystycznym, gazowym i intensywnym aromatem z nutami pomara\u0144czy, jest idealnym wyborem na dzie\u0144, szczeg\u00f3lnie dla mi\u0142o\u015bnik\u00f3w aktywno\u015bci na \u015bwie\u017cym powietrzu. Dzi\u0119ki swojej linii genetycznej <a href=\"https:\/\/hitexoticsdistro.eu\/de\/product-category\/kup-marihuane-sativa-online-polska\/\"><em>Sativa<\/em><\/a>, odmiana ta zapewnia przyp\u0142yw energii, kt\u00f3ry sprzyja produktywno\u015bci i podnoszeniu nastroju.<\/p>\n<p>Sativa, w przeciwie\u0144stwie do <a href=\"https:\/\/hitexoticsdistro.eu\/de\/product-category\/kup-konopie-indyjskie-indica-online\/\">Indica<\/a>, znana jest ze swoich pobudzaj\u0105cych w\u0142a\u015bciwo\u015bci, dlatego Blue Moon Hemp Delta-8 Space Candy idealnie nadaje si\u0119 do aktywnego sp\u0119dzania dnia, bez uczucia przyt\u0142oczenia.<\/p>\n<h3>Co wyr\u00f3\u017cnia Blue Moon Hemp Delta-8 Space Candy?<\/h3>\n<p>Blue Moon Hemp Delta 8 Space Candy to kwiat konopi, kt\u00f3ry nie tylko posiada jedn\u0105 z najbardziej atrakcyjnych nazw w \u015bwiecie <a href=\"https:\/\/sklepsativa.pl\/siewne\" rel=\"nofollow noopener\" target=\"_blank\">CBD<\/a>, ale tak\u017ce cieszy si\u0119 renom\u0105 jako odmiana przynosz\u0105ca zr\u00f3wnowa\u017cony relaks. Nie jest to zwyk\u0142a przyjemno\u015b\u0107 \u2013 Space Candy gwarantuje jasno\u015b\u0107 umys\u0142u oraz spok\u00f3j, jednocze\u015bnie podnosz\u0105c nastr\u00f3j. Dzi\u0119ki tym w\u0142a\u015bciwo\u015bciom, Space Candy idealnie nadaje si\u0119 na dzie\u0144, pomagaj\u0105c osi\u0105gn\u0105\u0107 r\u00f3wnowag\u0119 mi\u0119dzy wznoszeniem si\u0119 w g\u00f3r\u0119 a trzymaniem st\u00f3p na ziemi.<\/p>\n<h3>Korzy\u015bci i Cechy Blue Moon Hemp Delta-8 Space Candy<\/h3>\n<ul>\n<li><strong>Najwy\u017cszej jako\u015bci kwiat CBD<\/strong><\/li>\n<li><strong>100% r\u0119cznie przycinane p\u0105ki<\/strong><\/li>\n<li><strong>100% organiczny, bez pestycyd\u00f3w, dodatk\u00f3w i syntetyk\u00f3w<\/strong><\/li>\n<li><strong>Laboratoryjnie testowany pod k\u0105tem czysto\u015bci i zgodno\u015bci<\/strong><\/li>\n<li><strong>Zgodny z Federalnym Farm Bill \u2013 mniej ni\u017c 0.3% Delta-8 THC<\/strong><\/li>\n<\/ul>\n<h3>Jak dzia\u0142a Blue Moon Hemp Delta-8 Space Candy?<\/h3>\n<p>Delta-8 THC, b\u0119d\u0105cy g\u0142\u00f3wnym sk\u0142adnikiem psychoaktywnym tej odmiany, dostarcza u\u017cytkownikom delikatniejsze efekty ni\u017c tradycyjne Delta-9 THC. U\u017cytkownicy zg\u0142aszaj\u0105 uczucie euforii, kt\u00f3re jest bardziej zr\u00f3wnowa\u017cone i nie tak intensywne, co sprawia, \u017ce Blue Moon Hemp Delta 8 Space Candy idealnie nadaje si\u0119 do codziennego stosowania. W po\u0142\u0105czeniu z genami Sativa, odmiana ta wspiera kreatywno\u015b\u0107, podnosi nastr\u00f3j i dostarcza energii, bez uczucia przyt\u0142oczenia czy zamulenia.<\/p>\n<h3>Dlaczego warto kupi\u0107 Blue Moon Hemp Delta-8 Space Candy Online?<\/h3>\n<p>Kupuj\u0105c <strong>Blue Moon Hemp Delta 8 Space Candy online<\/strong>, masz pewno\u015b\u0107, \u017ce dostajesz produkt najwy\u017cszej jako\u015bci, wolny od syntetyk\u00f3w i pestycyd\u00f3w. Nasz sklep oferuje dyskretn\u0105 wysy\u0142k\u0119 na terenie Europy, a wszystkie nasze kwiaty konopi s\u0105 r\u0119cznie przycinane, aby zapewni\u0107 najlepsze doznania. Zam\u00f3w teraz i ciesz si\u0119 korzy\u015bciami tej wyj\u0105tkowej odmiany w zaciszu w\u0142asnego domu!<\/p>\n<h3>Najcz\u0119\u015bciej Zadawane Pytania<\/h3>\n<h4>Co to jest Delta-8 THC?<\/h4>\n<p>Delta-8 THC to zwi\u0105zek psychoaktywny wyst\u0119puj\u0105cy w ro\u015blinach konopi, kt\u00f3ry dostarcza \u0142agodniejszych efekt\u00f3w ni\u017c Delta-9 THC. Jest legalny na poziomie federalnym, pod warunkiem, \u017ce zawarto\u015b\u0107 THC nie przekracza 0,3%.<\/p>\n<h4>Jakie s\u0105 efekty Blue Moon Hemp Delta-8 Space Candy?<\/h4>\n<p>Efekty tej odmiany s\u0105 zr\u00f3wnowa\u017cone \u2013 pocz\u0105tkowo u\u017cytkownicy odczuwaj\u0105 podniesienie nastroju, przyp\u0142yw energii oraz klarowno\u015b\u0107 umys\u0142u, a po pewnym czasie nast\u0119puje delikatne odpr\u0119\u017cenie.<\/p>\n<h4>Czy Blue Moon Hemp Delta-8 Space Candy nadaje si\u0119 do u\u017cytku dziennego?<\/h4>\n<p>Tak, dzi\u0119ki swojej genetyce <em>Sativa<\/em>, odmiana ta jest doskona\u0142a na dzie\u0144. Nie powoduje uczucia przyt\u0142oczenia, co sprawia, \u017ce idealnie nadaje si\u0119 do codziennych aktywno\u015bci.<\/p>\n<h4>Gdzie mog\u0119 kupi\u0107 Blue Moon Hemp Delta-8 Space Candy?<\/h4>\n<p>Mo\u017cesz kupi\u0107 <strong>Blue Moon Hemp Delta-8 Space Candy online<\/strong> w naszym sklepie internetowym <em>Hit Exotics Distro<\/em>. Oferujemy szybk\u0105 i bezpieczn\u0105 wysy\u0142k\u0119 na terenie Europy.<\/p>\n<h3>Podsumowanie<\/h3>\n<p>Blue Moon Hemp Delta 8 Space Candy to wyj\u0105tkowa odmiana kwiat\u00f3w konopi, kt\u00f3ra \u0142\u0105czy w sobie gazowy, owocowy smak z energizuj\u0105cymi efektami gen\u00f3w <em>Sativa<\/em>. Dzi\u0119ki zawarto\u015bci Delta-8 THC, jest idealna na dzie\u0144, zapewniaj\u0105c przyp\u0142yw energii i popraw\u0119 nastroju bez uczucia przyt\u0142oczenia. <strong>Kup Blue Moon Hemp Delta-8 Space Candy online<\/strong> ju\u017c teraz, aby odkry\u0107 korzy\u015bci tej wyj\u0105tkowej odmiany!<\/p>\n<p>&nbsp;<\/p>\n<p><img loading=\"lazy\" decoding=\"async\" class=\"alignnone size-medium wp-image-1330\" src=\"https:\/\/hitexoticsdistro.eu\/wp-content\/uploads\/2024\/10\/cropped-WhatsApp-Image-2024-10-02-at-3.50.03-PM-2-1-300x300.jpeg\" alt=\"Gdzie bezpiecznie kupi\u0107 marihuan\u0119 online?\" width=\"300\" height=\"300\" srcset=\"https:\/\/hitexoticsdistro.eu\/wp-content\/uploads\/2024\/10\/cropped-WhatsApp-Image-2024-10-02-at-3.50.03-PM-2-1-300x300.jpeg 300w, https:\/\/hitexoticsdistro.eu\/wp-content\/uploads\/2024\/10\/cropped-WhatsApp-Image-2024-10-02-at-3.50.03-PM-2-1-150x150.jpeg 150w, https:\/\/hitexoticsdistro.eu\/wp-content\/uploads\/2024\/10\/cropped-WhatsApp-Image-2024-10-02-at-3.50.03-PM-2-1-100x100.jpeg 100w, https:\/\/hitexoticsdistro.eu\/wp-content\/uploads\/2024\/10\/cropped-WhatsApp-Image-2024-10-02-at-3.50.03-PM-2-1-270x270.jpeg 270w, https:\/\/hitexoticsdistro.eu\/wp-content\/uploads\/2024\/10\/cropped-WhatsApp-Image-2024-10-02-at-3.50.03-PM-2-1-192x192.jpeg 192w, https:\/\/hitexoticsdistro.eu\/wp-content\/uploads\/2024\/10\/cropped-WhatsApp-Image-2024-10-02-at-3.50.03-PM-2-1-180x180.jpeg 180w, https:\/\/hitexoticsdistro.eu\/wp-content\/uploads\/2024\/10\/cropped-WhatsApp-Image-2024-10-02-at-3.50.03-PM-2-1-32x32.jpeg 32w, https:\/\/hitexoticsdistro.eu\/wp-content\/uploads\/2024\/10\/cropped-WhatsApp-Image-2024-10-02-at-3.50.03-PM-2-1.jpeg 512w\" sizes=\"auto, (max-width: 300px) 100vw, 300px\" \/><\/p>","protected":false},"excerpt":{"rendered":"<p>Blue Moon Hemp Delta-8 Space Candy Online w Europie Blue Moon Hemp Delta-8 Space Candy to jedna z najbardziej wyj\u0105tkowych [&hellip;]<\/p>\n","protected":false},"featured_media":1097,"comment_status":"closed","ping_status":"closed","template":"","meta":{"_surecart_dashboard_logo_width":"180px","_surecart_dashboard_show_logo":true,"_surecart_dashboard_navigation_orders":true,"_surecart_dashboard_navigation_invoices":true,"_surecart_dashboard_navigation_subscriptions":true,"_surecart_dashboard_navigation_downloads":true,"_surecart_dashboard_navigation_billing":true,"_surecart_dashboard_navigation_account":true,"_uag_custom_page_level_css":"","site-sidebar-layout":"default","site-content-layout":"","ast-site-content-layout":"default","site-content-style":"default","site-sidebar-style":"default","ast-global-header-display":"","ast-banner-title-visibility":"","ast-main-header-display":"","ast-hfb-above-header-display":"","ast-hfb-below-header-display":"","ast-hfb-mobile-header-display":"","site-post-title":"","ast-breadcrumbs-content":"","ast-featured-img":"","footer-sml-layout":"","ast-disable-related-posts":"","theme-transparent-header-meta":"default","adv-header-id-meta":"","stick-header-meta":"","header-above-stick-meta":"","header-main-stick-meta":"","header-below-stick-meta":"","astra-migrate-meta-layouts":"set","ast-page-background-enabled":"default","ast-page-background-meta":{"desktop":{"background-color":"var(--ast-global-color-5)","background-image":"","background-repeat":"repeat","background-position":"center center","background-size":"auto","background-attachment":"scroll","background-type":"","background-media":"","overlay-type":"","overlay-color":"","overlay-opacity":"","overlay-gradient":""},"tablet":{"background-color":"","background-image":"","background-repeat":"repeat","background-position":"center center","background-size":"auto","background-attachment":"scroll","background-type":"","background-media":"","overlay-type":"","overlay-color":"","overlay-opacity":"","overlay-gradient":""},"mobile":{"background-color":"","background-image":"","background-repeat":"repeat","background-position":"center center","background-size":"auto","background-attachment":"scroll","background-type":"","background-media":"","overlay-type":"","overlay-color":"","overlay-opacity":"","overlay-gradient":""}},"ast-content-background-meta":{"desktop":{"background-color":"var(--ast-global-color-4)","background-image":"","background-repeat":"repeat","background-position":"center center","background-size":"auto","background-attachment":"scroll","background-type":"","background-media":"","overlay-type":"","overlay-color":"","overlay-opacity":"","overlay-gradient":""},"tablet":{"background-color":"var(--ast-global-color-4)","background-image":"","background-repeat":"repeat","background-position":"center center","background-size":"auto","background-attachment":"scroll","background-type":"","background-media":"","overlay-type":"","overlay-color":"","overlay-opacity":"","overlay-gradient":""},"mobile":{"background-color":"var(--ast-global-color-4)","background-image":"","background-repeat":"repeat","background-position":"center center","background-size":"auto","background-attachment":"scroll","background-type":"","background-media":"","overlay-type":"","overlay-color":"","overlay-opacity":"","overlay-gradient":""}}},"product_brand":[],"product_cat":[257,514],"product_tag":[539],"class_list":{"0":"post-1069","1":"product","2":"type-product","3":"status-publish","4":"has-post-thumbnail","6":"product_cat-gdzie-znalezc-najlepsze-produkty-delta-8","7":"product_cat-sklep-internetowy-z-odmiana-konopi-delta-8","8":"product_tag-order-blue-moon-hemp-delta-8-flower-space-candy-europe","9":"desktop-align-left","10":"tablet-align-left","11":"mobile-align-left","13":"first","14":"instock","15":"shipping-taxable","16":"purchasable","17":"product-type-simple"},"uagb_featured_image_src":{"full":["https:\/\/hitexoticsdistro.eu\/wp-content\/uploads\/2024\/10\/Blue-Moon-Hemp-Delta-8-Flower-Space-Candy.jpg",768,768,false],"thumbnail":["https:\/\/hitexoticsdistro.eu\/wp-content\/uploads\/2024\/10\/Blue-Moon-Hemp-Delta-8-Flower-Space-Candy-150x150.jpg",150,150,true],"medium":["https:\/\/hitexoticsdistro.eu\/wp-content\/uploads\/2024\/10\/Blue-Moon-Hemp-Delta-8-Flower-Space-Candy-300x300.jpg",300,300,true],"medium_large":["https:\/\/hitexoticsdistro.eu\/wp-content\/uploads\/2024\/10\/Blue-Moon-Hemp-Delta-8-Flower-Space-Candy.jpg",768,768,false],"large":["https:\/\/hitexoticsdistro.eu\/wp-content\/uploads\/2024\/10\/Blue-Moon-Hemp-Delta-8-Flower-Space-Candy.jpg",768,768,false],"1536x1536":["https:\/\/hitexoticsdistro.eu\/wp-content\/uploads\/2024\/10\/Blue-Moon-Hemp-Delta-8-Flower-Space-Candy.jpg",768,768,false],"2048x2048":["https:\/\/hitexoticsdistro.eu\/wp-content\/uploads\/2024\/10\/Blue-Moon-Hemp-Delta-8-Flower-Space-Candy.jpg",768,768,false],"trp-custom-language-flag":["https:\/\/hitexoticsdistro.eu\/wp-content\/uploads\/2024\/10\/Blue-Moon-Hemp-Delta-8-Flower-Space-Candy.jpg",12,12,false],"woocommerce_thumbnail":["https:\/\/hitexoticsdistro.eu\/wp-content\/uploads\/2024\/10\/Blue-Moon-Hemp-Delta-8-Flower-Space-Candy-300x300.jpg",300,300,true],"woocommerce_single":["https:\/\/hitexoticsdistro.eu\/wp-content\/uploads\/2024\/10\/Blue-Moon-Hemp-Delta-8-Flower-Space-Candy-600x600.jpg",600,600,true],"woocommerce_gallery_thumbnail":["https:\/\/hitexoticsdistro.eu\/wp-content\/uploads\/2024\/10\/Blue-Moon-Hemp-Delta-8-Flower-Space-Candy-100x100.jpg",100,100,true]},"uagb_author_info":{"display_name":"","author_link":"https:\/\/hitexoticsdistro.eu\/de\/author\/"},"uagb_comment_info":0,"uagb_excerpt":"Blue Moon Hemp Delta-8 Space Candy Online w Europie Blue Moon Hemp Delta-8 Space Candy to jedna z najbardziej wyj\u0105tkowych [&hellip;]","_links":{"self":[{"href":"https:\/\/hitexoticsdistro.eu\/de\/wp-json\/wp\/v2\/product\/1069","targetHints":{"allow":["GET"]}}],"collection":[{"href":"https:\/\/hitexoticsdistro.eu\/de\/wp-json\/wp\/v2\/product"}],"about":[{"href":"https:\/\/hitexoticsdistro.eu\/de\/wp-json\/wp\/v2\/types\/product"}],"replies":[{"embeddable":true,"href":"https:\/\/hitexoticsdistro.eu\/de\/wp-json\/wp\/v2\/comments?post=1069"}],"wp:featuredmedia":[{"embeddable":true,"href":"https:\/\/hitexoticsdistro.eu\/de\/wp-json\/wp\/v2\/media\/1097"}],"wp:attachment":[{"href":"https:\/\/hitexoticsdistro.eu\/de\/wp-json\/wp\/v2\/media?parent=1069"}],"wp:term":[{"taxonomy":"product_brand","embeddable":true,"href":"https:\/\/hitexoticsdistro.eu\/de\/wp-json\/wp\/v2\/product_brand?post=1069"},{"taxonomy":"product_cat","embeddable":true,"href":"https:\/\/hitexoticsdistro.eu\/de\/wp-json\/wp\/v2\/product_cat?post=1069"},{"taxonomy":"product_tag","embeddable":true,"href":"https:\/\/hitexoticsdistro.eu\/de\/wp-json\/wp\/v2\/product_tag?post=1069"}],"curies":[{"name":"wp","href":"https:\/\/api.w.org\/{rel}","templated":true}]}}