{"id":770,"date":"2024-10-10T23:02:08","date_gmt":"2024-10-10T23:02:08","guid":{"rendered":"https:\/\/hitexoticsdistro.com\/?post_type=product&#038;p=770"},"modified":"2024-10-26T02:32:43","modified_gmt":"2024-10-26T02:32:43","slug":"zamow-cookie-glue-thc-online","status":"publish","type":"product","link":"https:\/\/hitexoticsdistro.eu\/cs\/product\/zamow-cookie-glue-thc-online\/","title":{"rendered":"Cookie Glue"},"content":{"rendered":"<h2>Zam\u00f3w Cookie Glue THC Online \u2013 Najlepszy Wyb\u00f3r dla Mi\u0142o\u015bnik\u00f3w Konopi<\/h2>\n<p>Cookie Glue to niezwykle popularna, zr\u00f3wnowa\u017cona hybryda (50% indica \/ 50% sativa), kt\u00f3ra powsta\u0142a dzi\u0119ki po\u0142\u0105czeniu dw\u00f3ch legendarnych odmian \u2013 <em>Girl Scout Cookies<\/em> oraz <em>Gorilla Glue #4<\/em>. Ta unikalna mieszanka \u0142\u0105czy w sobie euforyczne i relaksuj\u0105ce efekty, oferuj\u0105c jednocze\u015bnie silne w\u0142a\u015bciwo\u015bci terapeutyczne. Je\u015bli szukasz wyj\u0105tkowego do\u015bwiadczenia z THC, <strong>zam\u00f3w Cookie Glue THC online<\/strong> i przekonaj si\u0119, dlaczego ta odmiana cieszy si\u0119 tak du\u017c\u0105 popularno\u015bci\u0105.<\/p>\n<h2>Dlaczego warto zam\u00f3wi\u0107 Cookie Glue THC online?<\/h2>\n<p>Zastanawiasz si\u0119, gdzie zam\u00f3wi\u0107 Cookie Glue THC online? Zakupy online to najwygodniejszy spos\u00f3b, aby zdoby\u0107 swoje ulubione produkty konopne z dyskrecj\u0105 i wygod\u0105. Cookie Glue to odmiana znana ze swojego zr\u00f3wnowa\u017conego profilu \u2013 jest idealna zar\u00f3wno dla mi\u0142o\u015bnik\u00f3w indica, jak i sativa. <strong>Cookie Glue THC<\/strong> oferuje wyj\u0105tkowe efekty, kt\u00f3re zaczynaj\u0105 si\u0119 od b\u0142ogiego uniesienia umys\u0142u, by nast\u0119pnie rozprzestrzeni\u0107 si\u0119 po ca\u0142ym ciele, daj\u0105c uczucie g\u0142\u0119bokiego relaksu i ukojenia.<\/p>\n<h3>Indica, Sativa, i Koncentracja THC<\/h3>\n<p>Cookie Glue wyr\u00f3\u017cnia si\u0119 unikalnym po\u0142\u0105czeniem genetyki <a href=\"https:\/\/hitexoticsdistro.eu\/cs\/product-category\/kup-konopie-indyjskie-indica-online\/\">indica<\/a> i <a href=\"https:\/\/hitexoticsdistro.eu\/cs\/product-category\/kup-marihuane-sativa-online-polska\/\">sativa<\/a>, co sprawia, \u017ce jej dzia\u0142anie jest doskonale zr\u00f3wnowa\u017cone. Zawarto\u015b\u0107 THC na poziomie 18% sprawia, \u017ce ta odmiana jest wystarczaj\u0105co mocna, aby dostarczy\u0107 g\u0142\u0119bokiej relaksacji fizycznej, ale jednocze\u015bnie oferuje tak\u017ce euforyczne uniesienia umys\u0142owe, typowe dla sativy.<\/p>\n<ul>\n<li><strong>Indica<\/strong>: Odpowiedzialna za relaksacyjne, fizyczne efekty, kt\u00f3re pomagaj\u0105 w rozlu\u017anieniu mi\u0119\u015bni i redukcji b\u00f3lu.<\/li>\n<li><strong>Sativa<\/strong>: Oferuje bardziej energetyczne, podnosz\u0105ce na duchu efekty, idealne do kreatywnych zada\u0144 i poprawy nastroju.<\/li>\n<li><strong>THC<\/strong>: Cookie Glue ma \u015bredni\u0105 zawarto\u015b\u0107 THC na poziomie 18%, co sprawia, \u017ce dzia\u0142a zar\u00f3wno na cia\u0142o, jak i umys\u0142, zapewniaj\u0105c d\u0142ugotrwa\u0142e efekty.<\/li>\n<\/ul>\n<h2>Jak dzia\u0142a Cookie Glue THC?<\/h2>\n<p><strong>Cookie Glue<\/strong> to odmiana, kt\u00f3ra dzia\u0142a zar\u00f3wno na cia\u0142o, jak i umys\u0142. Jej dzia\u0142anie zaczyna si\u0119 od lekkiej euforii, kt\u00f3ra rozja\u015bnia umys\u0142, a nast\u0119pnie przenosi si\u0119 na ca\u0142e cia\u0142o, wywo\u0142uj\u0105c uczucie g\u0142\u0119bokiego relaksu. To sprawia, \u017ce Cookie Glue jest idealnym wyborem dla os\u00f3b szukaj\u0105cych ulgi w b\u00f3lu, ale r\u00f3wnie\u017c pragn\u0105cych zachowa\u0107 jasno\u015b\u0107 umys\u0142u i dobry nastr\u00f3j. Dzi\u0119ki swojemu zr\u00f3wnowa\u017conemu profilowi hybrydowemu, Cookie Glue jest wszechstronn\u0105 odmian\u0105 na ka\u017cd\u0105 por\u0119 dnia.<\/p>\n<h2>Jakie s\u0105 terapeutyczne korzy\u015bci Cookie Glue?<\/h2>\n<p>Cookie Glue to odmiana, kt\u00f3ra nie tylko dostarcza przyjemno\u015bci z u\u017cytkowania, ale r\u00f3wnie\u017c posiada szereg korzy\u015bci zdrowotnych. Dzi\u0119ki wysokiej zawarto\u015bci THC oraz zr\u00f3wnowa\u017conemu dzia\u0142aniu, <a href=\"https:\/\/www.cristalcbd.pl\/kategoria-produktu\/zywnosc-konopna\/\" rel=\"nofollow noopener\" target=\"_blank\">Cookie<\/a> Glue jest idealna w leczeniu:<\/p>\n<ul>\n<li><strong>Przewlek\u0142ego b\u00f3lu<\/strong>: Zmniejsza napi\u0119cie mi\u0119\u015bni i pomaga w leczeniu b\u00f3lu chronicznego.<\/li>\n<li><strong>Skurcz\u00f3w mi\u0119\u015bni<\/strong>: Dzi\u0119ki dzia\u0142aniu relaksacyjnemu pomaga w \u0142agodzeniu napi\u0119cia mi\u0119\u015bni.<\/li>\n<li><strong>Padaczki<\/strong>: Pomaga w redukcji napad\u00f3w dzi\u0119ki swojemu dzia\u0142aniu uspokajaj\u0105cemu.<\/li>\n<li><strong>Artretyzmu<\/strong>: Dzia\u0142a przeciwzapalnie, co pomaga w \u0142agodzeniu objaw\u00f3w zapalenia staw\u00f3w.<\/li>\n<li><strong>Fibromialgii<\/strong>: Pomaga zmniejszy\u0107 przewlek\u0142y b\u00f3l zwi\u0105zany z t\u0105 chorob\u0105.<\/li>\n<\/ul>\n<h3>Zam\u00f3w Cookie Glue THC online \u2013 Dyskretnie i Wygodnie<\/h3>\n<p>Je\u015bli szukasz najlepszej jako\u015bci marihuany, to czas, aby zam\u00f3wi\u0107 <strong>Cookie Glue THC online<\/strong>. Zakupy online to naj\u0142atwiejszy i najwygodniejszy spos\u00f3b, aby zdoby\u0107 t\u0119 wyj\u0105tkow\u0105 odmian\u0119. Zaufaj profesjonalnym dostawcom, kt\u00f3rzy oferuj\u0105 produkty najwy\u017cszej jako\u015bci. Dyskretna dostawa i wygodne metody p\u0142atno\u015bci sprawiaj\u0105, \u017ce zakupy w naszym sklepie s\u0105 bezpieczne i komfortowe.<\/p>\n<h2>Najcz\u0119\u015bciej zadawane pytania o Cookie Glue<\/h2>\n<h3>Czy Cookie Glue to mocna odmiana?<\/h3>\n<p><strong>Cookie Glue<\/strong> ma \u015brednie st\u0119\u017cenie THC na poziomie oko\u0142o 18%, co sprawia, \u017ce jest to odmiana o umiarkowanej mocy. Dzia\u0142a zar\u00f3wno na cia\u0142o, jak i na umys\u0142, oferuj\u0105c jednocze\u015bnie relaks i eufori\u0119.<\/p>\n<h3>Gdzie mog\u0119 zam\u00f3wi\u0107 Cookie Glue THC online?<\/h3>\n<p>Najlepszym miejscem do zam\u00f3wienia <strong>Cookie Glue THC online<\/strong> jest nasz sklep internetowy. Oferujemy szybk\u0105, dyskretn\u0105 dostaw\u0119 i szeroki wyb\u00f3r produkt\u00f3w konopnych najwy\u017cszej jako\u015bci.<\/p>\n<h3>Jakie s\u0105 efekty Cookie Glue?<\/h3>\n<p>Cookie Glue oferuje zr\u00f3wnowa\u017cone efekty, kt\u00f3re \u0142\u0105cz\u0105 eufori\u0119 umys\u0142ow\u0105 z g\u0142\u0119bokim relaksem fizycznym. To idealny wyb\u00f3r na wiecz\u00f3r, kiedy potrzebujesz rozlu\u017anienia po ci\u0119\u017ckim dniu, ale jednocze\u015bnie chcesz zachowa\u0107 jasno\u015b\u0107 umys\u0142u.<\/p>\n<h3>Na co pomaga Cookie Glue?<\/h3>\n<p>Cookie Glue jest idealna w leczeniu przewlek\u0142ego b\u00f3lu, skurcz\u00f3w mi\u0119\u015bni, epilepsji, artretyzmu i fibromialgii. Jej silne w\u0142a\u015bciwo\u015bci relaksacyjne sprawiaj\u0105, \u017ce jest doskona\u0142a do walki z napi\u0119ciem mi\u0119\u015bni i przewlek\u0142ymi dolegliwo\u015bciami.<\/p>\n<h3>Jakie s\u0105 smaki i aromaty Cookie Glue?<\/h3>\n<p>Cookie Glue charakteryzuje si\u0119 intensywnym, s\u0142odkim aromatem z nutami ziemi i ciasteczek, co jest wynikiem po\u0142\u0105czenia jej gen\u00f3w <em>Girl Scout Cookies<\/em> oraz <em>Gorilla Glue #4<\/em>. Smak jest podobnie intensywny, z lekkim posmakiem sosny i przypraw.<\/p>\n<p><strong>Zam\u00f3w Cookie Glue THC online<\/strong> ju\u017c dzi\u015b i przekonaj si\u0119, dlaczego ta hybryda cieszy si\u0119 ogromnym uznaniem w\u015br\u00f3d mi\u0142o\u015bnik\u00f3w marihuany. Idealne po\u0142\u0105czenie euforii, relaksu oraz korzy\u015bci terapeutycznych sprawia, \u017ce jest to doskona\u0142y wyb\u00f3r na ka\u017cd\u0105 okazj\u0119.<\/p>\n<p>&nbsp;<\/p>\n<p><img loading=\"lazy\" decoding=\"async\" class=\"alignnone size-medium wp-image-1330\" src=\"https:\/\/hitexoticsdistro.eu\/wp-content\/uploads\/2024\/10\/cropped-WhatsApp-Image-2024-10-02-at-3.50.03-PM-2-1-300x300.jpeg\" alt=\"Gdzie bezpiecznie kupi\u0107 marihuan\u0119 online?\" width=\"300\" height=\"300\" srcset=\"https:\/\/hitexoticsdistro.eu\/wp-content\/uploads\/2024\/10\/cropped-WhatsApp-Image-2024-10-02-at-3.50.03-PM-2-1-300x300.jpeg 300w, https:\/\/hitexoticsdistro.eu\/wp-content\/uploads\/2024\/10\/cropped-WhatsApp-Image-2024-10-02-at-3.50.03-PM-2-1-150x150.jpeg 150w, https:\/\/hitexoticsdistro.eu\/wp-content\/uploads\/2024\/10\/cropped-WhatsApp-Image-2024-10-02-at-3.50.03-PM-2-1-100x100.jpeg 100w, https:\/\/hitexoticsdistro.eu\/wp-content\/uploads\/2024\/10\/cropped-WhatsApp-Image-2024-10-02-at-3.50.03-PM-2-1-270x270.jpeg 270w, https:\/\/hitexoticsdistro.eu\/wp-content\/uploads\/2024\/10\/cropped-WhatsApp-Image-2024-10-02-at-3.50.03-PM-2-1-192x192.jpeg 192w, https:\/\/hitexoticsdistro.eu\/wp-content\/uploads\/2024\/10\/cropped-WhatsApp-Image-2024-10-02-at-3.50.03-PM-2-1-180x180.jpeg 180w, https:\/\/hitexoticsdistro.eu\/wp-content\/uploads\/2024\/10\/cropped-WhatsApp-Image-2024-10-02-at-3.50.03-PM-2-1-32x32.jpeg 32w, https:\/\/hitexoticsdistro.eu\/wp-content\/uploads\/2024\/10\/cropped-WhatsApp-Image-2024-10-02-at-3.50.03-PM-2-1.jpeg 512w\" sizes=\"auto, (max-width: 300px) 100vw, 300px\" \/><\/p>","protected":false},"excerpt":{"rendered":"<p>Zam\u00f3w Cookie Glue THC Online \u2013 Najlepszy Wyb\u00f3r dla Mi\u0142o\u015bnik\u00f3w Konopi Cookie Glue to niezwykle popularna, zr\u00f3wnowa\u017cona hybryda (50% indica [&hellip;]<\/p>\n","protected":false},"featured_media":824,"comment_status":"closed","ping_status":"closed","template":"","meta":{"_surecart_dashboard_logo_width":"180px","_surecart_dashboard_show_logo":true,"_surecart_dashboard_navigation_orders":true,"_surecart_dashboard_navigation_invoices":true,"_surecart_dashboard_navigation_subscriptions":true,"_surecart_dashboard_navigation_downloads":true,"_surecart_dashboard_navigation_billing":true,"_surecart_dashboard_navigation_account":true,"_uag_custom_page_level_css":"","site-sidebar-layout":"default","site-content-layout":"","ast-site-content-layout":"default","site-content-style":"default","site-sidebar-style":"default","ast-global-header-display":"","ast-banner-title-visibility":"","ast-main-header-display":"","ast-hfb-above-header-display":"","ast-hfb-below-header-display":"","ast-hfb-mobile-header-display":"","site-post-title":"","ast-breadcrumbs-content":"","ast-featured-img":"","footer-sml-layout":"","theme-transparent-header-meta":"default","adv-header-id-meta":"","stick-header-meta":"","header-above-stick-meta":"","header-main-stick-meta":"","header-below-stick-meta":"","astra-migrate-meta-layouts":"set","ast-page-background-enabled":"default","ast-page-background-meta":{"desktop":{"background-color":"var(--ast-global-color-4)","background-image":"","background-repeat":"repeat","background-position":"center center","background-size":"auto","background-attachment":"scroll","background-type":"","background-media":"","overlay-type":"","overlay-color":"","overlay-opacity":"","overlay-gradient":""},"tablet":{"background-color":"","background-image":"","background-repeat":"repeat","background-position":"center center","background-size":"auto","background-attachment":"scroll","background-type":"","background-media":"","overlay-type":"","overlay-color":"","overlay-opacity":"","overlay-gradient":""},"mobile":{"background-color":"","background-image":"","background-repeat":"repeat","background-position":"center center","background-size":"auto","background-attachment":"scroll","background-type":"","background-media":"","overlay-type":"","overlay-color":"","overlay-opacity":"","overlay-gradient":""}},"ast-content-background-meta":{"desktop":{"background-color":"var(--ast-global-color-5)","background-image":"","background-repeat":"repeat","background-position":"center center","background-size":"auto","background-attachment":"scroll","background-type":"","background-media":"","overlay-type":"","overlay-color":"","overlay-opacity":"","overlay-gradient":""},"tablet":{"background-color":"var(--ast-global-color-5)","background-image":"","background-repeat":"repeat","background-position":"center center","background-size":"auto","background-attachment":"scroll","background-type":"","background-media":"","overlay-type":"","overlay-color":"","overlay-opacity":"","overlay-gradient":""},"mobile":{"background-color":"var(--ast-global-color-5)","background-image":"","background-repeat":"repeat","background-position":"center center","background-size":"auto","background-attachment":"scroll","background-type":"","background-media":"","overlay-type":"","overlay-color":"","overlay-opacity":"","overlay-gradient":""}}},"product_brand":[],"product_cat":[348,53],"product_tag":[996,998,369,370,212,353,371,997],"class_list":{"0":"post-770","1":"product","2":"type-product","3":"status-publish","4":"has-post-thumbnail","6":"product_cat-gdzie-kupic-thca-diamonds-online","7":"product_cat-kup-koncentraty-konopi-indyjskich-online","8":"product_tag-cookieglue","9":"product_tag-konopieindyjska","10":"product_tag-order-cookie-glue-thc-diamonds-europe","11":"product_tag-order-thc-diamonds-europe","12":"product_tag-thc","13":"product_tag-thca-diamond-concentrates-for-sale-europe","14":"product_tag-thca-diamond-dust-bulk","15":"product_tag-zamowcookiegluethconline","16":"desktop-align-left","17":"tablet-align-left","18":"mobile-align-left","20":"first","21":"instock","22":"shipping-taxable","23":"purchasable","24":"product-type-simple"},"uagb_featured_image_src":{"full":["https:\/\/hitexoticsdistro.eu\/wp-content\/uploads\/2024\/10\/Cookie-Glue-THC-Diamonds.jpg",1000,1000,false],"thumbnail":["https:\/\/hitexoticsdistro.eu\/wp-content\/uploads\/2024\/10\/Cookie-Glue-THC-Diamonds-150x150.jpg",150,150,true],"medium":["https:\/\/hitexoticsdistro.eu\/wp-content\/uploads\/2024\/10\/Cookie-Glue-THC-Diamonds-300x300.jpg",300,300,true],"medium_large":["https:\/\/hitexoticsdistro.eu\/wp-content\/uploads\/2024\/10\/Cookie-Glue-THC-Diamonds-768x768.jpg",768,768,true],"large":["https:\/\/hitexoticsdistro.eu\/wp-content\/uploads\/2024\/10\/Cookie-Glue-THC-Diamonds.jpg",1000,1000,false],"1536x1536":["https:\/\/hitexoticsdistro.eu\/wp-content\/uploads\/2024\/10\/Cookie-Glue-THC-Diamonds.jpg",1000,1000,false],"2048x2048":["https:\/\/hitexoticsdistro.eu\/wp-content\/uploads\/2024\/10\/Cookie-Glue-THC-Diamonds.jpg",1000,1000,false],"trp-custom-language-flag":["https:\/\/hitexoticsdistro.eu\/wp-content\/uploads\/2024\/10\/Cookie-Glue-THC-Diamonds.jpg",12,12,false],"woocommerce_thumbnail":["https:\/\/hitexoticsdistro.eu\/wp-content\/uploads\/2024\/10\/Cookie-Glue-THC-Diamonds-300x300.jpg",300,300,true],"woocommerce_single":["https:\/\/hitexoticsdistro.eu\/wp-content\/uploads\/2024\/10\/Cookie-Glue-THC-Diamonds-600x600.jpg",600,600,true],"woocommerce_gallery_thumbnail":["https:\/\/hitexoticsdistro.eu\/wp-content\/uploads\/2024\/10\/Cookie-Glue-THC-Diamonds-100x100.jpg",100,100,true]},"uagb_author_info":{"display_name":"","author_link":"https:\/\/hitexoticsdistro.eu\/cs\/author\/"},"uagb_comment_info":0,"uagb_excerpt":"Zam\u00f3w Cookie Glue THC Online \u2013 Najlepszy Wyb\u00f3r dla Mi\u0142o\u015bnik\u00f3w Konopi Cookie Glue to niezwykle popularna, zr\u00f3wnowa\u017cona hybryda (50% indica [&hellip;]","_links":{"self":[{"href":"https:\/\/hitexoticsdistro.eu\/cs\/wp-json\/wp\/v2\/product\/770","targetHints":{"allow":["GET"]}}],"collection":[{"href":"https:\/\/hitexoticsdistro.eu\/cs\/wp-json\/wp\/v2\/product"}],"about":[{"href":"https:\/\/hitexoticsdistro.eu\/cs\/wp-json\/wp\/v2\/types\/product"}],"replies":[{"embeddable":true,"href":"https:\/\/hitexoticsdistro.eu\/cs\/wp-json\/wp\/v2\/comments?post=770"}],"wp:featuredmedia":[{"embeddable":true,"href":"https:\/\/hitexoticsdistro.eu\/cs\/wp-json\/wp\/v2\/media\/824"}],"wp:attachment":[{"href":"https:\/\/hitexoticsdistro.eu\/cs\/wp-json\/wp\/v2\/media?parent=770"}],"wp:term":[{"taxonomy":"product_brand","embeddable":true,"href":"https:\/\/hitexoticsdistro.eu\/cs\/wp-json\/wp\/v2\/product_brand?post=770"},{"taxonomy":"product_cat","embeddable":true,"href":"https:\/\/hitexoticsdistro.eu\/cs\/wp-json\/wp\/v2\/product_cat?post=770"},{"taxonomy":"product_tag","embeddable":true,"href":"https:\/\/hitexoticsdistro.eu\/cs\/wp-json\/wp\/v2\/product_tag?post=770"}],"curies":[{"name":"wp","href":"https:\/\/api.w.org\/{rel}","templated":true}]}}