{"id":487,"date":"2024-10-10T22:53:14","date_gmt":"2024-10-10T22:53:14","guid":{"rendered":"https:\/\/hitexoticsdistro.com\/?post_type=product&#038;p=487"},"modified":"2024-10-27T00:44:58","modified_gmt":"2024-10-27T00:44:58","slug":"kup-marihuane-godzilla-cookie","status":"publish","type":"product","link":"https:\/\/hitexoticsdistro.eu\/cs\/product\/kup-marihuane-godzilla-cookie\/","title":{"rendered":"Godzilla Cookie Shake"},"content":{"rendered":"<h2><strong>Kup Marihuan\u0119 Godzilla Cookie: Najlepszy Wyb\u00f3r na Shake!<\/strong><\/h2>\n<p>Godzilla Cookie Shake to wyj\u0105tkowa <a href=\"https:\/\/hitexoticsdistro.eu\/cs\/product-category\/gdzie-moge-kupic-marihuane\/\">odmiana marihuany<\/a>, kt\u00f3ra, jak sama nazwa sugeruje, ma pot\u0119\u017cne dzia\u0142anie. Shake w przypadku marihuany odnosi si\u0119 do resztek, kt\u00f3re pozostaj\u0105 po zbiorze wi\u0119kszych p\u0105k\u00f3w. Te &#8222;resztki&#8221; mog\u0105 by\u0107 wykorzystywane na wiele r\u00f3\u017cnych sposob\u00f3w, co czyni je atrakcyjnym wyborem dla os\u00f3b, kt\u00f3re chc\u0105 maksymalnie wykorzysta\u0107 swoje zapasy.<\/p>\n<p>Zamiast marnowa\u0107 pozosta\u0142o\u015bci po kwiatach, shake marihuany, taki jak Godzilla Cookie Shake, mo\u017cna u\u017cywa\u0107 do tworzenia jedzenia, ekstrakt\u00f3w, czy nawet kosmetyk\u00f3w CBD. Czy to w formie joint\u00f3w, edibles, czy kosmetyk\u00f3w do piel\u0119gnacji sk\u00f3ry, shake oferuje mn\u00f3stwo mo\u017cliwo\u015bci konsumpcji. To doskona\u0142y spos\u00f3b na uzyskanie wi\u0119cej za mniej.<\/p>\n<h2>Kup Marihuan\u0119 Godzilla Cookie &#8211; Czym jest Shake i Jak Dzia\u0142a?<\/h2>\n<p>Shake to resztki p\u0105k\u00f3w, li\u015bci i kryszta\u0142k\u00f3w trichom\u00f3w, kt\u00f3re pozosta\u0142y po ci\u0119ciu du\u017cych p\u0105k\u00f3w marihuany. W przypadku Godzilla Cookie Shake, te pozosta\u0142o\u015bci zawieraj\u0105 znaczne ilo\u015bci THC, co czyni je idealnymi do przygotowywania edibles, ekstrakt\u00f3w lub nawet kosmetyk\u00f3w z CBD. Dzi\u0119ki wysokiej zawarto\u015bci THC, shake z Godzilla Cookie oferuje pe\u0142ni\u0119 mocy marihuany, bez potrzeby inwestowania w ca\u0142e p\u0105ki.<\/p>\n<h3><strong>Jakie s\u0105 zalety shake\u2019a?<\/strong><\/h3>\n<ul>\n<li><strong>Ekonomiczny wyb\u00f3r<\/strong>: Shake jest ta\u0144szy ni\u017c pe\u0142ne p\u0105ki, a jednocze\u015bnie zachowuje wi\u0119kszo\u015b\u0107 swoich warto\u015bci psychoaktywnych i leczniczych.<\/li>\n<li><strong>Wszechstronno\u015b\u0107<\/strong>: Shake Godzilla Cookie mo\u017cna u\u017cywa\u0107 do tworzenia edibles, joint\u00f3w czy ekstrakt\u00f3w.<\/li>\n<li><strong>Maksymalizacja wykorzystania marihuany<\/strong>: Zamiast marnowa\u0107 resztki, shake mo\u017cna wykorzysta\u0107 do przygotowywania wyrob\u00f3w o wysokiej zawarto\u015bci THC lub CBD.<\/li>\n<\/ul>\n<h2>Godzilla Cookie Shake \u2013 Jak Wykorzysta\u0107 Najlepiej?<\/h2>\n<h3><strong>Jak go u\u017cywa\u0107?<\/strong><\/h3>\n<p>Jednym z najlepszych sposob\u00f3w wykorzystania shake\u2019a jest tworzenie edibles \u2013 wypiek\u00f3w, ciastek lub olejk\u00f3w. Dzi\u0119ki wysokiej zawarto\u015bci THC w shake\u2019u Godzilla Cookie, mo\u017cesz stworzy\u0107 wysoce efektywne produkty spo\u017cywcze, kt\u00f3re zapewni\u0105 d\u0142ugotrwa\u0142e efekty.<\/p>\n<p><strong>Kosmetyki CBD:<\/strong> Shake mo\u017cna tak\u017ce wykorzysta\u0107 do tworzenia kosmetyk\u00f3w z <a href=\"https:\/\/pl.wikipedia.org\/wiki\/Konopie_indyjskie\" rel=\"nofollow noopener\" target=\"_blank\">CBD<\/a>, kt\u00f3re dzia\u0142aj\u0105 \u0142agodz\u0105co na sk\u00f3r\u0119. To doskona\u0142a opcja dla os\u00f3b preferuj\u0105cych naturalne metody piel\u0119gnacji.<\/p>\n<h3><strong>Co sprawia, \u017ce Godzilla Cookie Shake wyr\u00f3\u017cnia si\u0119?<\/strong><\/h3>\n<p>Godzilla Cookie Shake pochodzi z pot\u0119\u017cnej indica-dominuj\u0105cej hybrydy, co oznacza, \u017ce jego dzia\u0142anie jest g\u0142\u00f3wnie relaksuj\u0105ce i uspokajaj\u0105ce. Jest idealny na wiecz\u00f3r, gdy chcesz si\u0119 zrelaksowa\u0107 i odstresowa\u0107.<\/p>\n<h3><strong>Gdzie go kupi\u0107?<\/strong><\/h3>\n<p>Najlepszym miejscem na zakup shake\u2019a marihuany Godzilla Cookie jest nasz sklep online. <strong>Kup marihuan\u0119 Godzilla Cookie<\/strong> online na <em>Hit Exotics Distro<\/em> i ciesz si\u0119 szybkim, dyskretnym zam\u00f3wieniem z gwarancj\u0105 najwy\u017cszej jako\u015bci produktu.<\/p>\n<h2>Indica, Sativa i Koncentracja THC w Godzilla Cookie Shake<\/h2>\n<p>Godzilla Cookie Shake pochodzi z hybrydy <a href=\"https:\/\/hitexoticsdistro.eu\/cs\/product-category\/kup-konopie-indyjskie-indica-online\/\">indica<\/a>-dominuj\u0105cej, co oznacza, \u017ce oferuje intensywny, relaksuj\u0105cy efekt fizyczny. Jest idealny do wieczornego relaksu lub radzenia sobie z bezsenno\u015bci\u0105. Zawarto\u015b\u0107 THC w shake\u2019u wynosi oko\u0142o 18-22%, co czyni go wysoce efektywnym w \u0142agodzeniu b\u00f3lu i stresu.<\/p>\n<h2>Najcz\u0119\u015bciej Zadawane Pytania<\/h2>\n<h3><strong>1. Co to jest shake marihuany?<\/strong><\/h3>\n<p>Shake to resztki marihuany, kt\u00f3re pozostaj\u0105 po ci\u0119ciu wi\u0119kszych p\u0105k\u00f3w. Mo\u017ce by\u0107 u\u017cywany do joint\u00f3w, edibles, a nawet kosmetyk\u00f3w.<\/p>\n<h3><strong>2. Czy shake Godzilla Cookie ma takie same efekty jak pe\u0142ne p\u0105ki?<\/strong><\/h3>\n<p>Tak, shake zawiera wiele tych samych sk\u0142adnik\u00f3w aktywnych, takich jak THC, wi\u0119c efekty mog\u0105 by\u0107 podobne, chocia\u017c intensywno\u015b\u0107 mo\u017ce by\u0107 nieco mniejsza.<\/p>\n<h3><strong>3. Jak najlepiej u\u017cywa\u0107 shake Godzilla Cookie?<\/strong><\/h3>\n<p>Shake najlepiej sprawdza si\u0119 w edibles, ekstraktach lub jako sk\u0142adnik kosmetyk\u00f3w CBD. Mo\u017cesz go tak\u017ce u\u017cywa\u0107 do skr\u0119t\u00f3w, je\u015bli preferujesz klasyczne palenie.<\/p>\n<h3><strong>4. Jakie efekty daje Godzilla Cookie Shake?<\/strong><\/h3>\n<p>Godzilla Cookie Shake oferuje relaksuj\u0105cy, uspokajaj\u0105cy haj, idealny do wieczornego u\u017cytku. Dzia\u0142a r\u00f3wnie\u017c koj\u0105co na b\u00f3l i stres.<\/p>\n<h2>Podsumowanie<\/h2>\n<p>Godzilla Cookie Shake to doskona\u0142a opcja dla tych, kt\u00f3rzy chc\u0105 maksymalnie wykorzysta\u0107 swoje zasoby marihuany. Jest to ekonomiczna, wszechstronna opcja, kt\u00f3ra mo\u017ce by\u0107 u\u017cywana w r\u00f3\u017cnych formach, od <a href=\"https:\/\/hitexoticsdistro.eu\/cs\/product-category\/delta-9-thc-edibles-polska\/\">edibles<\/a> po kosmetyki CBD. <strong>Kup marihuan\u0119 Godzilla Cookie<\/strong> online i odkryj, jak ten shake mo\u017ce podnie\u015b\u0107 jako\u015b\u0107 twoich produkt\u00f3w na bazie marihuany!<\/p>\n<p>&nbsp;<\/p>\n<p><img loading=\"lazy\" decoding=\"async\" class=\"alignnone size-medium wp-image-1330\" src=\"https:\/\/hitexoticsdistro.eu\/wp-content\/uploads\/2024\/10\/cropped-WhatsApp-Image-2024-10-02-at-3.50.03-PM-2-1-300x300.jpeg\" alt=\"Gdzie bezpiecznie kupi\u0107 marihuan\u0119 online?\" width=\"300\" height=\"300\" srcset=\"https:\/\/hitexoticsdistro.eu\/wp-content\/uploads\/2024\/10\/cropped-WhatsApp-Image-2024-10-02-at-3.50.03-PM-2-1-300x300.jpeg 300w, https:\/\/hitexoticsdistro.eu\/wp-content\/uploads\/2024\/10\/cropped-WhatsApp-Image-2024-10-02-at-3.50.03-PM-2-1-150x150.jpeg 150w, https:\/\/hitexoticsdistro.eu\/wp-content\/uploads\/2024\/10\/cropped-WhatsApp-Image-2024-10-02-at-3.50.03-PM-2-1-100x100.jpeg 100w, https:\/\/hitexoticsdistro.eu\/wp-content\/uploads\/2024\/10\/cropped-WhatsApp-Image-2024-10-02-at-3.50.03-PM-2-1-270x270.jpeg 270w, https:\/\/hitexoticsdistro.eu\/wp-content\/uploads\/2024\/10\/cropped-WhatsApp-Image-2024-10-02-at-3.50.03-PM-2-1-192x192.jpeg 192w, https:\/\/hitexoticsdistro.eu\/wp-content\/uploads\/2024\/10\/cropped-WhatsApp-Image-2024-10-02-at-3.50.03-PM-2-1-180x180.jpeg 180w, https:\/\/hitexoticsdistro.eu\/wp-content\/uploads\/2024\/10\/cropped-WhatsApp-Image-2024-10-02-at-3.50.03-PM-2-1-32x32.jpeg 32w, https:\/\/hitexoticsdistro.eu\/wp-content\/uploads\/2024\/10\/cropped-WhatsApp-Image-2024-10-02-at-3.50.03-PM-2-1.jpeg 512w\" sizes=\"auto, (max-width: 300px) 100vw, 300px\" \/><\/p>","protected":false},"excerpt":{"rendered":"<p>Kup Marihuan\u0119 Godzilla Cookie: Najlepszy Wyb\u00f3r na Shake! Godzilla Cookie Shake to wyj\u0105tkowa odmiana marihuany, kt\u00f3ra, jak sama nazwa sugeruje, [&hellip;]<\/p>\n","protected":false},"featured_media":542,"comment_status":"closed","ping_status":"closed","template":"","meta":{"_surecart_dashboard_logo_width":"180px","_surecart_dashboard_show_logo":true,"_surecart_dashboard_navigation_orders":true,"_surecart_dashboard_navigation_invoices":true,"_surecart_dashboard_navigation_subscriptions":true,"_surecart_dashboard_navigation_downloads":true,"_surecart_dashboard_navigation_billing":true,"_surecart_dashboard_navigation_account":true,"_uag_custom_page_level_css":"","site-sidebar-layout":"default","site-content-layout":"","ast-site-content-layout":"default","site-content-style":"default","site-sidebar-style":"default","ast-global-header-display":"","ast-banner-title-visibility":"","ast-main-header-display":"","ast-hfb-above-header-display":"","ast-hfb-below-header-display":"","ast-hfb-mobile-header-display":"","site-post-title":"","ast-breadcrumbs-content":"","ast-featured-img":"","footer-sml-layout":"","theme-transparent-header-meta":"default","adv-header-id-meta":"","stick-header-meta":"","header-above-stick-meta":"","header-main-stick-meta":"","header-below-stick-meta":"","astra-migrate-meta-layouts":"set","ast-page-background-enabled":"default","ast-page-background-meta":{"desktop":{"background-color":"var(--ast-global-color-4)","background-image":"","background-repeat":"repeat","background-position":"center center","background-size":"auto","background-attachment":"scroll","background-type":"","background-media":"","overlay-type":"","overlay-color":"","overlay-opacity":"","overlay-gradient":""},"tablet":{"background-color":"","background-image":"","background-repeat":"repeat","background-position":"center center","background-size":"auto","background-attachment":"scroll","background-type":"","background-media":"","overlay-type":"","overlay-color":"","overlay-opacity":"","overlay-gradient":""},"mobile":{"background-color":"","background-image":"","background-repeat":"repeat","background-position":"center center","background-size":"auto","background-attachment":"scroll","background-type":"","background-media":"","overlay-type":"","overlay-color":"","overlay-opacity":"","overlay-gradient":""}},"ast-content-background-meta":{"desktop":{"background-color":"var(--ast-global-color-5)","background-image":"","background-repeat":"repeat","background-position":"center center","background-size":"auto","background-attachment":"scroll","background-type":"","background-media":"","overlay-type":"","overlay-color":"","overlay-opacity":"","overlay-gradient":""},"tablet":{"background-color":"var(--ast-global-color-5)","background-image":"","background-repeat":"repeat","background-position":"center center","background-size":"auto","background-attachment":"scroll","background-type":"","background-media":"","overlay-type":"","overlay-color":"","overlay-opacity":"","overlay-gradient":""},"mobile":{"background-color":"var(--ast-global-color-5)","background-image":"","background-repeat":"repeat","background-position":"center center","background-size":"auto","background-attachment":"scroll","background-type":"","background-media":"","overlay-type":"","overlay-color":"","overlay-opacity":"","overlay-gradient":""}}},"product_brand":[],"product_cat":[162,56],"product_tag":[164,834,836,835,833,796,212],"class_list":{"0":"post-487","1":"product","2":"type-product","3":"status-publish","4":"has-post-thumbnail","6":"product_cat-co-to-jest-koktajl-z-marihuany","7":"product_cat-gdzie-moge-kupic-marihuane","8":"product_tag-buy-godzilla-cookie-weed-shake-europe","9":"product_tag-cannabisshake","10":"product_tag-cbdkosmetyki","11":"product_tag-edibles","12":"product_tag-godzillacookie","13":"product_tag-kupmarihuane","14":"product_tag-thc","15":"desktop-align-left","16":"tablet-align-left","17":"mobile-align-left","19":"first","20":"instock","21":"shipping-taxable","22":"purchasable","23":"product-type-variable"},"uagb_featured_image_src":{"full":["https:\/\/hitexoticsdistro.eu\/wp-content\/uploads\/2024\/10\/Buy-Godzilla-Cookie-Weed-Shake.jpeg",600,799,false],"thumbnail":["https:\/\/hitexoticsdistro.eu\/wp-content\/uploads\/2024\/10\/Buy-Godzilla-Cookie-Weed-Shake-150x150.jpeg",150,150,true],"medium":["https:\/\/hitexoticsdistro.eu\/wp-content\/uploads\/2024\/10\/Buy-Godzilla-Cookie-Weed-Shake-225x300.jpeg",225,300,true],"medium_large":["https:\/\/hitexoticsdistro.eu\/wp-content\/uploads\/2024\/10\/Buy-Godzilla-Cookie-Weed-Shake.jpeg",600,799,false],"large":["https:\/\/hitexoticsdistro.eu\/wp-content\/uploads\/2024\/10\/Buy-Godzilla-Cookie-Weed-Shake.jpeg",600,799,false],"1536x1536":["https:\/\/hitexoticsdistro.eu\/wp-content\/uploads\/2024\/10\/Buy-Godzilla-Cookie-Weed-Shake.jpeg",600,799,false],"2048x2048":["https:\/\/hitexoticsdistro.eu\/wp-content\/uploads\/2024\/10\/Buy-Godzilla-Cookie-Weed-Shake.jpeg",600,799,false],"trp-custom-language-flag":["https:\/\/hitexoticsdistro.eu\/wp-content\/uploads\/2024\/10\/Buy-Godzilla-Cookie-Weed-Shake.jpeg",9,12,false],"woocommerce_thumbnail":["https:\/\/hitexoticsdistro.eu\/wp-content\/uploads\/2024\/10\/Buy-Godzilla-Cookie-Weed-Shake-300x300.jpeg",300,300,true],"woocommerce_single":["https:\/\/hitexoticsdistro.eu\/wp-content\/uploads\/2024\/10\/Buy-Godzilla-Cookie-Weed-Shake.jpeg",600,799,false],"woocommerce_gallery_thumbnail":["https:\/\/hitexoticsdistro.eu\/wp-content\/uploads\/2024\/10\/Buy-Godzilla-Cookie-Weed-Shake-100x100.jpeg",100,100,true]},"uagb_author_info":{"display_name":"","author_link":"https:\/\/hitexoticsdistro.eu\/cs\/author\/"},"uagb_comment_info":0,"uagb_excerpt":"Kup Marihuan\u0119 Godzilla Cookie: Najlepszy Wyb\u00f3r na Shake! Godzilla Cookie Shake to wyj\u0105tkowa odmiana marihuany, kt\u00f3ra, jak sama nazwa sugeruje, [&hellip;]","_links":{"self":[{"href":"https:\/\/hitexoticsdistro.eu\/cs\/wp-json\/wp\/v2\/product\/487","targetHints":{"allow":["GET"]}}],"collection":[{"href":"https:\/\/hitexoticsdistro.eu\/cs\/wp-json\/wp\/v2\/product"}],"about":[{"href":"https:\/\/hitexoticsdistro.eu\/cs\/wp-json\/wp\/v2\/types\/product"}],"replies":[{"embeddable":true,"href":"https:\/\/hitexoticsdistro.eu\/cs\/wp-json\/wp\/v2\/comments?post=487"}],"wp:featuredmedia":[{"embeddable":true,"href":"https:\/\/hitexoticsdistro.eu\/cs\/wp-json\/wp\/v2\/media\/542"}],"wp:attachment":[{"href":"https:\/\/hitexoticsdistro.eu\/cs\/wp-json\/wp\/v2\/media?parent=487"}],"wp:term":[{"taxonomy":"product_brand","embeddable":true,"href":"https:\/\/hitexoticsdistro.eu\/cs\/wp-json\/wp\/v2\/product_brand?post=487"},{"taxonomy":"product_cat","embeddable":true,"href":"https:\/\/hitexoticsdistro.eu\/cs\/wp-json\/wp\/v2\/product_cat?post=487"},{"taxonomy":"product_tag","embeddable":true,"href":"https:\/\/hitexoticsdistro.eu\/cs\/wp-json\/wp\/v2\/product_tag?post=487"}],"curies":[{"name":"wp","href":"https:\/\/api.w.org\/{rel}","templated":true}]}}