{"id":399,"date":"2024-10-10T22:49:33","date_gmt":"2024-10-10T22:49:33","guid":{"rendered":"https:\/\/hitexoticsdistro.com\/?post_type=product&#038;p=399"},"modified":"2024-10-26T23:43:14","modified_gmt":"2024-10-26T23:43:14","slug":"kup-allen-wrench-ziolo-online","status":"publish","type":"product","link":"https:\/\/hitexoticsdistro.eu\/cs\/product\/kup-allen-wrench-ziolo-online\/","title":{"rendered":"Allen Wrench"},"content":{"rendered":"<h2>Kup Allen Wrench Zio\u0142o Online<\/h2>\n<p>Allen Wrench to pot\u0119\u017cna <a href=\"https:\/\/hitexoticsdistro.eu\/cs\/product-category\/hybrydowe-odmiany-marihuany-online\/\">hybrydowa odmiana<\/a>, b\u0119d\u0105ca krzy\u017c\u00f3wk\u0105 <em>NYC Diesel<\/em> i <em>Trainwreck<\/em>, dw\u00f3ch dobrze znanych szczep\u00f3w konopi cenionych za swoje wysokiej jako\u015bci efekty. Dzi\u0119ki Allen Wrench mo\u017cesz cieszy\u0107 si\u0119 najlepszymi cechami obu \u015bwiat\u00f3w, oferuj\u0105cymi silne i unikalne doznania. Niezale\u017cnie od tego, czy szukasz odmiany, kt\u00f3ra pobudzi Twoj\u0105 kreatywno\u015b\u0107, zwi\u0119kszy poziom energii, czy pomo\u017ce zredukowa\u0107 stres, Allen Wrench dostarcza intensywnego, d\u0142ugotrwa\u0142ego haju, kt\u00f3ry zadowoli ka\u017cdego u\u017cytkownika.<\/p>\n<h3>Dlaczego warto kupi\u0107 Allen Wrench Zio\u0142o Online?<\/h3>\n<p>Kupuj\u0105c <strong>Allen Wrench Zio\u0142o Online<\/strong> od zaufanego dostawcy, takiego jak <em>Hit Exotics Distro<\/em>, masz gwarancj\u0119 otrzymania najwy\u017cszej jako\u015bci produktu, kt\u00f3ry zostanie dyskretnie dostarczony pod Twoje drzwi. Zakup Allen Wrench online to pewno\u015b\u0107 \u015bwie\u017co\u015bci i mocy produktu, kt\u00f3ry wzbogaci Twoje do\u015bwiadczenia z <a href=\"https:\/\/hitexoticsdistro.eu\/cs\/product-category\/gdzie-moge-kupic-marihuane\/\">konopiami<\/a>, a przy tym cieszenie si\u0119 wygod\u0105 bezpiecznej dostawy.<\/p>\n<h3>Wyj\u0105tkowy Aromat i Smak Allen Wrench<\/h3>\n<p>Charakterystyczny aromat Allen Wrench sprawia, \u017ce ta odmiana wyr\u00f3\u017cnia si\u0119 na tle innych. Jej <strong>kwa\u015bny, skunkowy zapach<\/strong> miesza si\u0119 z <strong>grejpfrutem<\/strong> i subtelnymi kwiatowymi nutami, wype\u0142niaj\u0105c pomieszczenie siln\u0105 woni\u0105, kt\u00f3ra d\u0142ugo pozostaje w powietrzu po u\u017cyciu.<\/p>\n<p>Je\u015bli chodzi o smak, Allen Wrench oferuje \u015bwie\u017cy, <strong>cytrusowy smak<\/strong> z nutami <strong>pomara\u0144czy, sosny i s\u0142odkiego drewna<\/strong>. Z\u0142o\u017cono\u015b\u0107 profilu smakowego sprawia, \u017ce ka\u017cda inhalacja to czysta przyjemno\u015b\u0107, a cytrusy i s\u0142odycz pozostaj\u0105 na podniebieniu przez d\u0142ugi czas.<\/p>\n<h3>Zr\u00f3wnowa\u017cone Efekty: Energia, Kreatywno\u015b\u0107 i Euforia<\/h3>\n<p>Allen Wrench to odmiana zaprojektowana, aby dostarcza\u0107 <strong>wysok\u0105 dawk\u0119 energii<\/strong> w po\u0142\u0105czeniu z fal\u0105 <strong>euforii<\/strong> i <strong>kreatywno\u015bci<\/strong>. U\u017cytkownicy cz\u0119sto odczuwaj\u0105 podnosz\u0105ce na duchu efekty tu\u017c po konsumpcji, co sprawia, \u017ce jest to idealny wyb\u00f3r dla os\u00f3b chc\u0105cych anga\u017cowa\u0107 si\u0119 w zadania kreatywne lub zwi\u0119kszy\u0107 skupienie. Niezale\u017cnie od tego, czy jeste\u015b artyst\u0105, pisarzem, czy po prostu potrzebujesz mentalnej iskry, Allen Wrench pomo\u017ce Ci si\u0119gn\u0105\u0107 po dodatkowy poziom produktywno\u015bci i jasno\u015bci umys\u0142u.<\/p>\n<p>Jednocze\u015bnie ta odmiana dostarcza <strong>szcz\u0119\u015bliwego, euforycznego haju<\/strong>, kt\u00f3ry doskonale nadaje si\u0119 do walki ze stresem, l\u0119kiem i wahaniami nastroju. Jako hybryda, Allen Wrench oferuje energetyzuj\u0105ce efekty sativa, jednocze\u015bnie utrzymuj\u0105c Ci\u0119 na ziemi dzi\u0119ki odrobinie relaksu indica.<\/p>\n<h3>Korzy\u015bci Terapeutyczne Allen Wrench<\/h3>\n<p>Dzi\u0119ki zawarto\u015bci <strong>21% THC<\/strong>, Allen Wrench jest nie tylko ulubion\u0105 odmian\u0105 rekreacyjn\u0105, ale r\u00f3wnie\u017c ma szerokie zastosowanie terapeutyczne. Niezale\u017cnie od tego, czy szukasz ulgi w b\u00f3lu fizycznym, czy poprawy stanu psychicznego, ta odmiana oferuje szerok\u0105 gam\u0119 korzy\u015bci:<\/p>\n<ul>\n<li><strong>Redukcja stresu i l\u0119ku<\/strong>: Euforyczne i uspokajaj\u0105ce efekty Allen Wrench sprawiaj\u0105, \u017ce jest idealna do \u0142agodzenia stresu i l\u0119ku, daj\u0105c poczucie ulgi i dobrego samopoczucia.<\/li>\n<li><strong>Zwi\u0119kszenie apetytu<\/strong>: Je\u015bli borykasz si\u0119 z brakiem apetytu, ta odmiana jest znana z tego, \u017ce <strong>wzmacnia uczucie g\u0142odu<\/strong>, co jest przydatne dla os\u00f3b poddawanych terapiom medycznym lub cierpi\u0105cych na zaburzenia od\u017cywiania.<\/li>\n<li><strong>Kreatywno\u015b\u0107 i skupienie<\/strong>: Dzi\u0119ki podnosz\u0105cym na duchu i kreatywnym efektom, Allen Wrench jest idealny dla os\u00f3b szukaj\u0105cych mentalnej stymulacji bez uczucia przyt\u0142oczenia.<\/li>\n<li><strong>Poprawa nastroju<\/strong>: Euforyczny haj doskonale nadaje si\u0119 do zarz\u0105dzania depresj\u0105, wahaniami nastroju i innymi problemami psychicznymi, zapewniaj\u0105c zastrzyk pozytywnej energii i dobrego samopoczucia.<\/li>\n<li><strong>Przewlek\u0142y b\u00f3l<\/strong>: Allen Wrench oferuje r\u00f3wnie\u017c ulg\u0119 w przypadku <strong>przewlek\u0142ego b\u00f3lu<\/strong>, <strong>migren<\/strong> oraz <strong>zm\u0119czenia<\/strong>, co czyni j\u0105 doskona\u0142ym wyborem dla os\u00f3b poszukuj\u0105cych ulgi fizycznej.<\/li>\n<\/ul>\n<h3>Wizualny Apel Allen Wrench<\/h3>\n<p>Allen Wrench wyr\u00f3\u017cnia si\u0119 r\u00f3wnie\u017c swoim wygl\u0105dem. Li\u015bcie s\u0105 ciemnozielone, a w miar\u0119 zbli\u017cania si\u0119 czasu zbioru pojawiaj\u0105 si\u0119 <strong>pomara\u0144czowe w\u0142oski<\/strong> na p\u0105kach. Pokryte grub\u0105 warstw\u0105 \u017cywicznych trichom\u00f3w, Allen Wrench ma oszroniony, iskrz\u0105cy wygl\u0105d, kt\u00f3ry ceni\u0105 mi\u0142o\u015bnicy konopi. Kupuj\u0105c <strong>Allen Wrench Zio\u0142o Online<\/strong>, mo\u017cesz spodziewa\u0107 si\u0119 wysokiej jako\u015bci kwiat\u00f3w, kt\u00f3re s\u0105 zar\u00f3wno atrakcyjne wizualnie, jak i mocne.<\/p>\n<h3>Smaki i Aromaty: Uczta dla Zmys\u0142\u00f3w<\/h3>\n<ul>\n<li><strong>Smaki<\/strong>: Cytrusowy, Pomara\u0144czowy, Sosnowy, S\u0142odki, Drzewny<\/li>\n<li><strong>Aromaty<\/strong>: Ziemisty, Kwiatowy, Owocowy, Kwa\u015bny, S\u0142odki<\/li>\n<\/ul>\n<p>Profil smakowy i aromatyczny Allen Wrench to du\u017ca cz\u0119\u015b\u0107 tego, dlaczego ta <a href=\"https:\/\/biohemp.pl\/pl\/olejki-ekstrakty-cbd-cbg\/\" rel=\"nofollow noopener\" target=\"_blank\">odmiana<\/a> cieszy si\u0119 tak\u0105 popularno\u015bci\u0105. Cytrusowe i owocowe nuty \u0142\u0105cz\u0105 si\u0119 z ziemistymi, kwiatowymi zapachami, tworz\u0105c przyjemne doznania dla wszystkich zmys\u0142\u00f3w. Niezale\u017cnie od tego, czy palisz, czy waporyzujesz, po\u0142\u0105czenie <strong>s\u0142odkich cytrus\u00f3w<\/strong> z <strong>drzewnymi nutami<\/strong> sprawia, \u017ce ka\u017cda sesja jest smaczna i satysfakcjonuj\u0105ca.<\/p>\n<h3>Dlaczego warto wybra\u0107 Allen Wrench?<\/h3>\n<ul>\n<li><strong>Zastrzyk Kreatywno\u015bci<\/strong>: Idealna do pobudzania kreatywno\u015bci i jasno\u015bci umys\u0142u, doskona\u0142a dla artyst\u00f3w, profesjonalist\u00f3w i ka\u017cdego, kto szuka skupienia.<\/li>\n<li><strong>Energetyzuj\u0105ce Efekty<\/strong>: Dzia\u0142anie sativa dostarcza energetyzuj\u0105cego haju bez uczucia niepokoju, co czyni j\u0105 idealn\u0105 do u\u017cycia w ci\u0105gu dnia lub wtedy, gdy potrzebujesz mentalnego bod\u017aca.<\/li>\n<li><strong>Korzy\u015bci Terapeutyczne<\/strong>: Allen Wrench pomaga w zarz\u0105dzaniu stresem, l\u0119kiem, przewlek\u0142ym b\u00f3lem i brakiem apetytu, oferuj\u0105c wszechstronne korzy\u015bci dla zdrowia fizycznego i psychicznego.<\/li>\n<li><strong>Pot\u0119\u017cny Aromat i Smak<\/strong>: Unikalne po\u0142\u0105czenie smak\u00f3w cytrusowych, skunkowych i grejpfrutowych zapewnia przyjemne do\u015bwiadczenia zar\u00f3wno dla pocz\u0105tkuj\u0105cych, jak i do\u015bwiadczonych u\u017cytkownik\u00f3w.<\/li>\n<\/ul>\n<h3>Kup Allen Wrench Zio\u0142o Online Ju\u017c Teraz!<\/h3>\n<p>Je\u015bli jeste\u015b gotowy, aby do\u015bwiadczy\u0107 pot\u0119\u017cnych, energetyzuj\u0105cych efekt\u00f3w Allen Wrench, czas <strong>kupi\u0107 Allen Wrench Zio\u0142o Online<\/strong> w <a href=\"https:\/\/hitexoticsdistro.eu\/cs\/\"><em>Hit Exotics Distro<\/em><\/a>. Dzi\u0119ki szybkiej, bezpiecznej i dyskretnej dostawie, mo\u017cesz cieszy\u0107 si\u0119 wysokiej jako\u015bci konopiami bez wychodzenia z domu. Niezale\u017cnie od tego, czy szukasz sposobu na popraw\u0119 kreatywno\u015bci, zarz\u0105dzanie stresem, czy po prostu na rozkoszowanie si\u0119 smakiem tej odmiany, Allen Wrench to doskona\u0142y wyb\u00f3r.<\/p>\n<p>Nie czekaj \u2014 <strong>kup Allen Wrench Zio\u0142o Online<\/strong> ju\u017c dzi\u015b i odkryj pe\u0142en potencja\u0142 tej energetyzuj\u0105cej hybrydy!<\/p>\n<h3>Najcz\u0119\u015bciej Zadawane Pytania o Allen Wrench Zio\u0142o<\/h3>\n<p><strong>Jaka jest zawarto\u015b\u0107 THC w Allen Wrench?<\/strong><br \/>\nAllen Wrench ma zawarto\u015b\u0107 THC na poziomie 21%, co czyni j\u0105 mocn\u0105 i skuteczn\u0105 odmian\u0105 zar\u00f3wno do u\u017cytku rekreacyjnego, jak i medycznego.<\/p>\n<p><strong>Jakie s\u0105 g\u0142\u00f3wne efekty Allen Wrench?<\/strong><br \/>\nAllen Wrench dostarcza energetyzuj\u0105cego, euforycznego i kreatywnego haju, idealnego do poprawy nastroju, skupienia i produktywno\u015bci.<\/p>\n<p><strong>Czy Allen Wrench mo\u017ce pom\u00f3c w stresie i l\u0119ku?<\/strong><br \/>\nTak, podnosz\u0105ce na duchu efekty Allen Wrench sprawiaj\u0105, \u017ce jest popularnym wyborem do zarz\u0105dzania stresem, l\u0119kiem i wahaniami nastroju.<\/p>\n<p><strong>Czy Allen Wrench nadaje si\u0119 do u\u017cytku w ci\u0105gu dnia?<\/strong><br \/>\nAbsolutnie. Energetyzuj\u0105ce efekty sprawiaj\u0105, \u017ce Allen Wrench to doskona\u0142a opcja na dzie\u0144, pomagaj\u0105ca u\u017cytkownikom zachowa\u0107 czujno\u015b\u0107, skupienie i kreatywno\u015b\u0107 bez nadmiernego uspokojenia.<\/p>\n<p>&nbsp;<\/p>\n<p><img loading=\"lazy\" decoding=\"async\" class=\"alignnone size-medium wp-image-1149\" src=\"https:\/\/hitexoticsdistro.eu\/wp-content\/uploads\/2024\/10\/WhatsApp-Image-2024-10-02-at-3.50.03-PM-2-300x300.jpeg\" alt=\"Gdzie bezpiecznie kupi\u0107 marihuan\u0119 online?\" width=\"300\" height=\"300\" srcset=\"https:\/\/hitexoticsdistro.eu\/wp-content\/uploads\/2024\/10\/WhatsApp-Image-2024-10-02-at-3.50.03-PM-2-300x300.jpeg 300w, https:\/\/hitexoticsdistro.eu\/wp-content\/uploads\/2024\/10\/WhatsApp-Image-2024-10-02-at-3.50.03-PM-2-150x150.jpeg 150w, https:\/\/hitexoticsdistro.eu\/wp-content\/uploads\/2024\/10\/WhatsApp-Image-2024-10-02-at-3.50.03-PM-2-600x600.jpeg 600w, https:\/\/hitexoticsdistro.eu\/wp-content\/uploads\/2024\/10\/WhatsApp-Image-2024-10-02-at-3.50.03-PM-2-100x100.jpeg 100w, https:\/\/hitexoticsdistro.eu\/wp-content\/uploads\/2024\/10\/WhatsApp-Image-2024-10-02-at-3.50.03-PM-2.jpeg 640w\" sizes=\"auto, (max-width: 300px) 100vw, 300px\" \/><\/p>","protected":false},"excerpt":{"rendered":"<p>THC: 19-22%<\/p>","protected":false},"featured_media":456,"comment_status":"closed","ping_status":"closed","template":"","meta":{"_surecart_dashboard_logo_width":"180px","_surecart_dashboard_show_logo":true,"_surecart_dashboard_navigation_orders":true,"_surecart_dashboard_navigation_invoices":true,"_surecart_dashboard_navigation_subscriptions":true,"_surecart_dashboard_navigation_downloads":true,"_surecart_dashboard_navigation_billing":true,"_surecart_dashboard_navigation_account":true,"_uag_custom_page_level_css":"","site-sidebar-layout":"default","site-content-layout":"","ast-site-content-layout":"default","site-content-style":"default","site-sidebar-style":"default","ast-global-header-display":"","ast-banner-title-visibility":"","ast-main-header-display":"","ast-hfb-above-header-display":"","ast-hfb-below-header-display":"","ast-hfb-mobile-header-display":"","site-post-title":"","ast-breadcrumbs-content":"","ast-featured-img":"","footer-sml-layout":"","ast-disable-related-posts":"","theme-transparent-header-meta":"default","adv-header-id-meta":"","stick-header-meta":"","header-above-stick-meta":"","header-main-stick-meta":"","header-below-stick-meta":"","astra-migrate-meta-layouts":"set","ast-page-background-enabled":"default","ast-page-background-meta":{"desktop":{"background-color":"var(--ast-global-color-5)","background-image":"","background-repeat":"repeat","background-position":"center center","background-size":"auto","background-attachment":"scroll","background-type":"","background-media":"","overlay-type":"","overlay-color":"","overlay-opacity":"","overlay-gradient":""},"tablet":{"background-color":"","background-image":"","background-repeat":"repeat","background-position":"center center","background-size":"auto","background-attachment":"scroll","background-type":"","background-media":"","overlay-type":"","overlay-color":"","overlay-opacity":"","overlay-gradient":""},"mobile":{"background-color":"","background-image":"","background-repeat":"repeat","background-position":"center center","background-size":"auto","background-attachment":"scroll","background-type":"","background-media":"","overlay-type":"","overlay-color":"","overlay-opacity":"","overlay-gradient":""}},"ast-content-background-meta":{"desktop":{"background-color":"var(--ast-global-color-4)","background-image":"","background-repeat":"repeat","background-position":"center center","background-size":"auto","background-attachment":"scroll","background-type":"","background-media":"","overlay-type":"","overlay-color":"","overlay-opacity":"","overlay-gradient":""},"tablet":{"background-color":"var(--ast-global-color-4)","background-image":"","background-repeat":"repeat","background-position":"center center","background-size":"auto","background-attachment":"scroll","background-type":"","background-media":"","overlay-type":"","overlay-color":"","overlay-opacity":"","overlay-gradient":""},"mobile":{"background-color":"var(--ast-global-color-4)","background-image":"","background-repeat":"repeat","background-position":"center center","background-size":"auto","background-attachment":"scroll","background-type":"","background-media":"","overlay-type":"","overlay-color":"","overlay-opacity":"","overlay-gradient":""}}},"product_brand":[],"product_cat":[56,57],"product_tag":[547,107,548,551,552,553,546,555,554,550,549],"class_list":{"0":"post-399","1":"product","2":"type-product","3":"status-publish","4":"has-post-thumbnail","6":"product_cat-gdzie-moge-kupic-marihuane","7":"product_cat-kup-marihuane-sativa-online-polska","8":"product_tag-allenwrenchstrain","9":"product_tag-buy-allen-wrench-sativa-strain-online-europ","10":"product_tag-energetyzujacekonopie","11":"product_tag-hitexoticsdistro","12":"product_tag-hybrydowaodmiana","13":"product_tag-konopiedoskupienia","14":"product_tag-kupallenwrenchzioloonline","15":"product_tag-legalnekonopie","16":"product_tag-odmianakonopi","17":"product_tag-ulgadlastresu","18":"product_tag-zastrzykkreatywnosci","19":"desktop-align-left","20":"tablet-align-left","21":"mobile-align-left","23":"first","24":"instock","25":"shipping-taxable","26":"purchasable","27":"product-type-variable"},"uagb_featured_image_src":{"full":["https:\/\/hitexoticsdistro.eu\/wp-content\/uploads\/2024\/10\/Allen-Wrench-Sativa-Strain.webp",2560,1707,false],"thumbnail":["https:\/\/hitexoticsdistro.eu\/wp-content\/uploads\/2024\/10\/Allen-Wrench-Sativa-Strain-150x150.webp",150,150,true],"medium":["https:\/\/hitexoticsdistro.eu\/wp-content\/uploads\/2024\/10\/Allen-Wrench-Sativa-Strain-300x200.webp",300,200,true],"medium_large":["https:\/\/hitexoticsdistro.eu\/wp-content\/uploads\/2024\/10\/Allen-Wrench-Sativa-Strain-768x512.webp",768,512,true],"large":["https:\/\/hitexoticsdistro.eu\/wp-content\/uploads\/2024\/10\/Allen-Wrench-Sativa-Strain-1024x683.webp",1024,683,true],"1536x1536":["https:\/\/hitexoticsdistro.eu\/wp-content\/uploads\/2024\/10\/Allen-Wrench-Sativa-Strain-1536x1024.webp",1536,1024,true],"2048x2048":["https:\/\/hitexoticsdistro.eu\/wp-content\/uploads\/2024\/10\/Allen-Wrench-Sativa-Strain-2048x1366.webp",2048,1366,true],"trp-custom-language-flag":["https:\/\/hitexoticsdistro.eu\/wp-content\/uploads\/2024\/10\/Allen-Wrench-Sativa-Strain.webp",18,12,false],"woocommerce_thumbnail":["https:\/\/hitexoticsdistro.eu\/wp-content\/uploads\/2024\/10\/Allen-Wrench-Sativa-Strain-300x300.webp",300,300,true],"woocommerce_single":["https:\/\/hitexoticsdistro.eu\/wp-content\/uploads\/2024\/10\/Allen-Wrench-Sativa-Strain-600x400.webp",600,400,true],"woocommerce_gallery_thumbnail":["https:\/\/hitexoticsdistro.eu\/wp-content\/uploads\/2024\/10\/Allen-Wrench-Sativa-Strain-100x100.webp",100,100,true]},"uagb_author_info":{"display_name":"","author_link":"https:\/\/hitexoticsdistro.eu\/cs\/author\/"},"uagb_comment_info":0,"uagb_excerpt":"THC: 19-22%","_links":{"self":[{"href":"https:\/\/hitexoticsdistro.eu\/cs\/wp-json\/wp\/v2\/product\/399","targetHints":{"allow":["GET"]}}],"collection":[{"href":"https:\/\/hitexoticsdistro.eu\/cs\/wp-json\/wp\/v2\/product"}],"about":[{"href":"https:\/\/hitexoticsdistro.eu\/cs\/wp-json\/wp\/v2\/types\/product"}],"replies":[{"embeddable":true,"href":"https:\/\/hitexoticsdistro.eu\/cs\/wp-json\/wp\/v2\/comments?post=399"}],"wp:featuredmedia":[{"embeddable":true,"href":"https:\/\/hitexoticsdistro.eu\/cs\/wp-json\/wp\/v2\/media\/456"}],"wp:attachment":[{"href":"https:\/\/hitexoticsdistro.eu\/cs\/wp-json\/wp\/v2\/media?parent=399"}],"wp:term":[{"taxonomy":"product_brand","embeddable":true,"href":"https:\/\/hitexoticsdistro.eu\/cs\/wp-json\/wp\/v2\/product_brand?post=399"},{"taxonomy":"product_cat","embeddable":true,"href":"https:\/\/hitexoticsdistro.eu\/cs\/wp-json\/wp\/v2\/product_cat?post=399"},{"taxonomy":"product_tag","embeddable":true,"href":"https:\/\/hitexoticsdistro.eu\/cs\/wp-json\/wp\/v2\/product_tag?post=399"}],"curies":[{"name":"wp","href":"https:\/\/api.w.org\/{rel}","templated":true}]}}