{"id":379,"date":"2024-10-10T22:48:45","date_gmt":"2024-10-10T22:48:45","guid":{"rendered":"https:\/\/hitexoticsdistro.com\/?post_type=product&#038;p=379"},"modified":"2024-10-27T00:13:38","modified_gmt":"2024-10-27T00:13:38","slug":"kup-gary-payton-marihuana-online","status":"publish","type":"product","link":"https:\/\/hitexoticsdistro.eu\/cs\/product\/kup-gary-payton-marihuana-online\/","title":{"rendered":"Gary Payton"},"content":{"rendered":"<h2>Kup Gary Payton Marihuana Online Europa<\/h2>\n<p>Je\u015bli chodzi o najlepsze <a href=\"https:\/\/hitexoticsdistro.eu\/cs\/product-category\/gdzie-moge-kupic-marihuane\/\">odmiany konopi<\/a>, <strong>Gary Payton<\/strong> wyr\u00f3\u017cnia si\u0119 jako jedna z najbardziej po\u017c\u0105danych hybryd w Europie. Efekt wsp\u00f3\u0142pracy mi\u0119dzy <strong>Cookies<\/strong> a <strong>Powerzzz Genetics<\/strong>, ta odmiana zyska\u0142a legendarny status w\u015br\u00f3d koneser\u00f3w marihuany. Nazwana na cze\u015b\u0107 cz\u0142onka NBA Hall of Fame, marihuana Gary Payton oferuje unikalne po\u0142\u0105czenie mocy, smaku i efekt\u00f3w, co sprawia, \u017ce jest idealnym wyborem zar\u00f3wno dla u\u017cytkownik\u00f3w rekreacyjnych, jak i medycznych. Ta <a href=\"https:\/\/hitexoticsdistro.eu\/cs\/product-category\/hybrydowe-odmiany-marihuany-online\/\">hybryda<\/a> powsta\u0142a z po\u0142\u0105czenia odmian <strong>The Y<\/strong> i <strong>Snowman<\/strong>, co prowadzi do silnych i zr\u00f3wnowa\u017conych efekt\u00f3w, kt\u00f3re s\u0105 idealne na ka\u017cd\u0105 por\u0119 dnia.<\/p>\n<h3>Dlaczego Warto Wybra\u0107 Gary Payton Marihuana Online Europa?<\/h3>\n<p>Kiedy szukasz mo\u017cliwo\u015bci zakupu <strong>Gary Payton marihuany online<\/strong> w Europie, zale\u017cy Ci na produkcie najwy\u017cszej jako\u015bci. W <em>Hit Exotics Distro<\/em> oferujemy tylko najlepsze odmiany, gwarantuj\u0105c, \u017ce ka\u017cde zam\u00f3wienie Gary Payton spe\u0142nia najwy\u017csze standardy uprawy i mocy. Ta hybryda cechuje si\u0119 wysokim poziomem <strong>THC<\/strong> i prawie zerow\u0105 zawarto\u015bci\u0105 <a href=\"https:\/\/biohemp.pl\/pl\/olejki-ekstrakty-cbd-cbg\/\" rel=\"nofollow noopener\" target=\"_blank\"><strong>CBD<\/strong><\/a>, co czyni j\u0105 idealn\u0105 dla os\u00f3b szukaj\u0105cych silnego efektu psychoaktywnego bez przesadnego ot\u0119pienia. Efekty s\u0105 idealnie zbalansowane, oferuj\u0105c zar\u00f3wno stymulacj\u0119 umys\u0142ow\u0105, jak i fizyczne odpr\u0119\u017cenie, co czyni Gary Payton doskona\u0142ym wyborem na ka\u017cd\u0105 por\u0119 dnia.<\/p>\n<h3>Profil Smakowy i Aromatyczny: Uczta dla Zmys\u0142\u00f3w<\/h3>\n<p>Jednym z wyr\u00f3\u017cniaj\u0105cych si\u0119 aspekt\u00f3w Gary Payton jest jego <strong>wyj\u0105tkowy smak i aromat<\/strong>. Odmiana oferuje z\u0142o\u017con\u0105 mieszank\u0119 <strong>diesla<\/strong>, <strong>zio\u0142owych<\/strong>, <strong>pikantnych<\/strong> i <strong>s\u0142odkich<\/strong> nut, kt\u00f3re wzbudzaj\u0105 zainteresowanie. Niezale\u017cnie od tego, czy palisz jointa, u\u017cywasz waporyzatora, czy fajki, Gary Payton zapewnia intensywny smak diesla z delikatnymi nutami przypraw i s\u0142odyczy, kt\u00f3re pozostaj\u0105 na podniebieniu na d\u0142ugo po ka\u017cdym buchu.<\/p>\n<p>Aromat jest r\u00f3wnie atrakcyjny, z <strong>ziemistymi<\/strong>, <strong>zio\u0142owymi<\/strong> i <strong>kwa\u015bnymi nutami diesla<\/strong>, kt\u00f3re od razu przyci\u0105gaj\u0105 uwag\u0119. Ten bogaty profil sensoryczny sprawia, \u017ce Gary Payton to nie tylko przyjemna odmiana do u\u017cywania, ale r\u00f3wnie\u017c taka, kt\u00f3r\u0105 trudno zapomnie\u0107.<\/p>\n<h3>Efekty Marihuany Gary Payton<\/h3>\n<p>Efekty marihuany Gary Payton s\u0105 doskonale zr\u00f3wnowa\u017cone, oferuj\u0105c <strong>kreatywny<\/strong> i <strong>energetyzuj\u0105cy<\/strong> haj bez przyt\u0142aczaj\u0105cego dzia\u0142ania. U\u017cytkownicy cz\u0119sto odczuwaj\u0105 <strong>eufori\u0119<\/strong> i <strong>skupienie<\/strong>, co czyni j\u0105 doskona\u0142ym wyborem na dzie\u0144 lub do tw\u00f3rczych projekt\u00f3w. Dodatkowo odmiana ta wywo\u0142uje uczucie <strong>rado\u015bci<\/strong> i <strong>\u015bmiechu<\/strong>, idealne na spotkania towarzyskie lub gdy chcesz poprawi\u0107 sobie nastr\u00f3j.<\/p>\n<p>W miar\u0119 rozwoju haju, efekty Gary Payton delikatnie rozlu\u017aniaj\u0105 cia\u0142o bez wywo\u0142ywania ci\u0119\u017ckiej sedacji, co sprawia, \u017ce jest ona idealna zar\u00f3wno dla pocz\u0105tkuj\u0105cych, jak i do\u015bwiadczonych u\u017cytkownik\u00f3w.<\/p>\n<h3>Korzy\u015bci Terapeutyczne Marihuany Gary Payton<\/h3>\n<p>Opr\u00f3cz swojego rekreacyjnego charakteru, Gary Payton jest znana z licznych <strong>korzy\u015bci terapeutycznych<\/strong>. Jest doskona\u0142ym wyborem dla os\u00f3b szukaj\u0105cych ulgi w problemach zdrowia psychicznego, takich jak <strong>l\u0119k<\/strong> i <strong>depresja<\/strong>, poniewa\u017c pomaga podnie\u015b\u0107 nastr\u00f3j i zmniejszy\u0107 stres. Wiele os\u00f3b znajduje r\u00f3wnie\u017c ulg\u0119 w <strong>b\u00f3lach g\u0142owy<\/strong>, <strong>migrenach<\/strong> oraz objawach <strong>ADD\/ADHD<\/strong>. Niezale\u017cnie od tego, czy zmagasz si\u0119 z chronicznym stresem, czy szukasz sposobu na popraw\u0119 koncentracji i kreatywno\u015bci, Gary Payton to wszechstronne rozwi\u0105zanie.<\/p>\n<h3>Kup Gary Payton Marihuana Online Europa Ju\u017c Dzi\u015b!<\/h3>\n<p>Je\u015bli jeste\u015b gotowy, aby do\u015bwiadczy\u0107 jednej z najpopularniejszych odmian dost\u0119pnych w Europie, nadszed\u0142 czas, aby <strong>kupi\u0107 Gary Payton marihuan\u0119 online<\/strong> w <em>Hit Exotics Distro<\/em>. Nasza premium selekcja zapewnia, \u017ce otrzymasz produkt najwy\u017cszej jako\u015bci z szybk\u0105 i dyskretn\u0105 dostaw\u0105 na terenie ca\u0142ej Europy. Nie przegap tej legendarnej odmiany\u2014zam\u00f3w ju\u017c dzi\u015b i ciesz si\u0119 podnosz\u0105cymi na duchu, kreatywnymi efektami Gary Payton!<\/p>\n<h3>Cz\u0119sto Zadawane Pytania o Gary Payton Marihuana<\/h3>\n<h4>Jaki jest poziom THC w marihuanie Gary Payton?<\/h4>\n<p>Marihuana Gary Payton ma wysoki poziom THC, zazwyczaj wynosz\u0105cy <strong>20-25%<\/strong>, co czyni j\u0105 idealn\u0105 dla u\u017cytkownik\u00f3w szukaj\u0105cych silnego haju.<\/p>\n<h4>Czy Gary Payton jest odpowiednia dla pocz\u0105tkuj\u0105cych u\u017cytkownik\u00f3w?<\/h4>\n<p>Tak, mimo \u017ce Gary Payton jest mocna, jej zr\u00f3wnowa\u017cone efekty sprawiaj\u0105, \u017ce nadaje si\u0119 dla pocz\u0105tkuj\u0105cych, kt\u00f3rzy chc\u0105 spr\u00f3bowa\u0107 silnego, ale \u0142atwego do kontrolowania haju.<\/p>\n<h4>Jakie s\u0105 g\u0142\u00f3wne efekty marihuany Gary Payton?<\/h4>\n<p>Odmiana ta oferuje <strong>kreatywny<\/strong>, <strong>energetyzuj\u0105cy<\/strong> i <strong>euforyczny<\/strong> haj z lekkim odpr\u0119\u017ceniem, idealnym na dzie\u0144 lub na spotkania towarzyskie.<\/p>\n<h4>Czy Gary Payton mo\u017ce pom\u00f3c w leczeniu schorze\u0144 medycznych?<\/h4>\n<p>Tak, Gary Payton jest znana z \u0142agodzenia objaw\u00f3w <strong>stresu<\/strong>, <strong>l\u0119ku<\/strong>, <strong>depresji<\/strong>, <strong>ADD\/ADHD<\/strong>, <strong>b\u00f3l\u00f3w g\u0142owy<\/strong> i <strong>migren<\/strong>.<\/p>\n<h4>Jak smakuje marihuana Gary Payton?<\/h4>\n<p>Odmiana ta ma <strong>dieslowy<\/strong> i <strong>zio\u0142owy<\/strong> smak z nutami <strong>przypraw<\/strong> i <strong>s\u0142odyczy<\/strong>, co zapewnia bogate i przyjemne do\u015bwiadczenie palenia.<\/p>\n<h3>Podsumowanie<\/h3>\n<p>Gary Payton marihuana to hybrydowa odmiana, kt\u00f3ra zyska\u0142a swoje miejsce w kanonie marihuany. Niezale\u017cnie od tego, czy jeste\u015b do\u015bwiadczonym u\u017cytkownikiem, czy dopiero zaczynasz swoj\u0105 przygod\u0119 z konopiami, ta odmiana oferuje wszechstronne do\u015bwiadczenie, kt\u00f3re jest idealne dla kreatywno\u015bci, skupienia i relaksu. Nie czekaj\u2014<strong>kup Gary Payton marihuan\u0119 online Europa<\/strong> ju\u017c dzi\u015b i odkryj, dlaczego ta odmiana jest jednym z najpopularniejszych wybor\u00f3w w ca\u0142ej Europie.<\/p>\n<p>&nbsp;<\/p>\n<p><img loading=\"lazy\" decoding=\"async\" class=\"alignnone size-medium wp-image-1149\" src=\"https:\/\/hitexoticsdistro.eu\/wp-content\/uploads\/2024\/10\/WhatsApp-Image-2024-10-02-at-3.50.03-PM-2-300x300.jpeg\" alt=\"Gdzie bezpiecznie kupi\u0107 marihuan\u0119 online?\" width=\"300\" height=\"300\" srcset=\"https:\/\/hitexoticsdistro.eu\/wp-content\/uploads\/2024\/10\/WhatsApp-Image-2024-10-02-at-3.50.03-PM-2-300x300.jpeg 300w, https:\/\/hitexoticsdistro.eu\/wp-content\/uploads\/2024\/10\/WhatsApp-Image-2024-10-02-at-3.50.03-PM-2-150x150.jpeg 150w, https:\/\/hitexoticsdistro.eu\/wp-content\/uploads\/2024\/10\/WhatsApp-Image-2024-10-02-at-3.50.03-PM-2-600x600.jpeg 600w, https:\/\/hitexoticsdistro.eu\/wp-content\/uploads\/2024\/10\/WhatsApp-Image-2024-10-02-at-3.50.03-PM-2-100x100.jpeg 100w, https:\/\/hitexoticsdistro.eu\/wp-content\/uploads\/2024\/10\/WhatsApp-Image-2024-10-02-at-3.50.03-PM-2.jpeg 640w\" sizes=\"auto, (max-width: 300px) 100vw, 300px\" \/><\/p>","protected":false},"excerpt":{"rendered":"<p>Kup Gary Payton Marihuana Online Europa Je\u015bli chodzi o najlepsze odmiany konopi, Gary Payton wyr\u00f3\u017cnia si\u0119 jako jedna z najbardziej [&hellip;]<\/p>\n","protected":false},"featured_media":439,"comment_status":"closed","ping_status":"closed","template":"","meta":{"_surecart_dashboard_logo_width":"180px","_surecart_dashboard_show_logo":true,"_surecart_dashboard_navigation_orders":true,"_surecart_dashboard_navigation_invoices":true,"_surecart_dashboard_navigation_subscriptions":true,"_surecart_dashboard_navigation_downloads":true,"_surecart_dashboard_navigation_billing":true,"_surecart_dashboard_navigation_account":true,"_uag_custom_page_level_css":"","site-sidebar-layout":"default","site-content-layout":"","ast-site-content-layout":"default","site-content-style":"default","site-sidebar-style":"default","ast-global-header-display":"","ast-banner-title-visibility":"","ast-main-header-display":"","ast-hfb-above-header-display":"","ast-hfb-below-header-display":"","ast-hfb-mobile-header-display":"","site-post-title":"","ast-breadcrumbs-content":"","ast-featured-img":"","footer-sml-layout":"","theme-transparent-header-meta":"default","adv-header-id-meta":"","stick-header-meta":"","header-above-stick-meta":"","header-main-stick-meta":"","header-below-stick-meta":"","astra-migrate-meta-layouts":"set","ast-page-background-enabled":"default","ast-page-background-meta":{"desktop":{"background-color":"var(--ast-global-color-4)","background-image":"","background-repeat":"repeat","background-position":"center center","background-size":"auto","background-attachment":"scroll","background-type":"","background-media":"","overlay-type":"","overlay-color":"","overlay-opacity":"","overlay-gradient":""},"tablet":{"background-color":"","background-image":"","background-repeat":"repeat","background-position":"center center","background-size":"auto","background-attachment":"scroll","background-type":"","background-media":"","overlay-type":"","overlay-color":"","overlay-opacity":"","overlay-gradient":""},"mobile":{"background-color":"","background-image":"","background-repeat":"repeat","background-position":"center center","background-size":"auto","background-attachment":"scroll","background-type":"","background-media":"","overlay-type":"","overlay-color":"","overlay-opacity":"","overlay-gradient":""}},"ast-content-background-meta":{"desktop":{"background-color":"var(--ast-global-color-5)","background-image":"","background-repeat":"repeat","background-position":"center center","background-size":"auto","background-attachment":"scroll","background-type":"","background-media":"","overlay-type":"","overlay-color":"","overlay-opacity":"","overlay-gradient":""},"tablet":{"background-color":"var(--ast-global-color-5)","background-image":"","background-repeat":"repeat","background-position":"center center","background-size":"auto","background-attachment":"scroll","background-type":"","background-media":"","overlay-type":"","overlay-color":"","overlay-opacity":"","overlay-gradient":""},"mobile":{"background-color":"var(--ast-global-color-5)","background-image":"","background-repeat":"repeat","background-position":"center center","background-size":"auto","background-attachment":"scroll","background-type":"","background-media":"","overlay-type":"","overlay-color":"","overlay-opacity":"","overlay-gradient":""}}},"product_brand":[],"product_cat":[61,56],"product_tag":[98,681,684,682,680,678,551,670,679,573,683,569,655],"class_list":{"0":"post-379","1":"product","2":"type-product","3":"status-publish","4":"has-post-thumbnail","6":"product_cat-hybrydowe-odmiany-marihuany-online","7":"product_cat-gdzie-moge-kupic-marihuane","8":"product_tag-buy-gary-payton-hybrid-strain-europe","9":"product_tag-cookiesodmiana","10":"product_tag-euforycznyhaj","11":"product_tag-garypaytoneuropa","12":"product_tag-garypaytonhybryda","13":"product_tag-garypaytonmarihuana","14":"product_tag-hitexoticsdistro","15":"product_tag-kreatywnamarihuana","16":"product_tag-kupgarypaytononline","17":"product_tag-kupkonopieonline","18":"product_tag-marihuanaeuropa","19":"product_tag-medycznamarihuana","20":"product_tag-thcodmiany","21":"desktop-align-left","22":"tablet-align-left","23":"mobile-align-left","25":"first","26":"instock","27":"shipping-taxable","28":"purchasable","29":"product-type-variable"},"uagb_featured_image_src":{"full":["https:\/\/hitexoticsdistro.eu\/wp-content\/uploads\/2024\/10\/Gary-Payton-Hybrid-Strain.webp",2560,1707,false],"thumbnail":["https:\/\/hitexoticsdistro.eu\/wp-content\/uploads\/2024\/10\/Gary-Payton-Hybrid-Strain-150x150.webp",150,150,true],"medium":["https:\/\/hitexoticsdistro.eu\/wp-content\/uploads\/2024\/10\/Gary-Payton-Hybrid-Strain-300x200.webp",300,200,true],"medium_large":["https:\/\/hitexoticsdistro.eu\/wp-content\/uploads\/2024\/10\/Gary-Payton-Hybrid-Strain-768x512.webp",768,512,true],"large":["https:\/\/hitexoticsdistro.eu\/wp-content\/uploads\/2024\/10\/Gary-Payton-Hybrid-Strain-1024x683.webp",1024,683,true],"1536x1536":["https:\/\/hitexoticsdistro.eu\/wp-content\/uploads\/2024\/10\/Gary-Payton-Hybrid-Strain-1536x1024.webp",1536,1024,true],"2048x2048":["https:\/\/hitexoticsdistro.eu\/wp-content\/uploads\/2024\/10\/Gary-Payton-Hybrid-Strain-2048x1366.webp",2048,1366,true],"trp-custom-language-flag":["https:\/\/hitexoticsdistro.eu\/wp-content\/uploads\/2024\/10\/Gary-Payton-Hybrid-Strain.webp",18,12,false],"woocommerce_thumbnail":["https:\/\/hitexoticsdistro.eu\/wp-content\/uploads\/2024\/10\/Gary-Payton-Hybrid-Strain-300x300.webp",300,300,true],"woocommerce_single":["https:\/\/hitexoticsdistro.eu\/wp-content\/uploads\/2024\/10\/Gary-Payton-Hybrid-Strain-600x400.webp",600,400,true],"woocommerce_gallery_thumbnail":["https:\/\/hitexoticsdistro.eu\/wp-content\/uploads\/2024\/10\/Gary-Payton-Hybrid-Strain-100x100.webp",100,100,true]},"uagb_author_info":{"display_name":"","author_link":"https:\/\/hitexoticsdistro.eu\/cs\/author\/"},"uagb_comment_info":0,"uagb_excerpt":"Kup Gary Payton Marihuana Online Europa Je\u015bli chodzi o najlepsze odmiany konopi, Gary Payton wyr\u00f3\u017cnia si\u0119 jako jedna z najbardziej [&hellip;]","_links":{"self":[{"href":"https:\/\/hitexoticsdistro.eu\/cs\/wp-json\/wp\/v2\/product\/379","targetHints":{"allow":["GET"]}}],"collection":[{"href":"https:\/\/hitexoticsdistro.eu\/cs\/wp-json\/wp\/v2\/product"}],"about":[{"href":"https:\/\/hitexoticsdistro.eu\/cs\/wp-json\/wp\/v2\/types\/product"}],"replies":[{"embeddable":true,"href":"https:\/\/hitexoticsdistro.eu\/cs\/wp-json\/wp\/v2\/comments?post=379"}],"wp:featuredmedia":[{"embeddable":true,"href":"https:\/\/hitexoticsdistro.eu\/cs\/wp-json\/wp\/v2\/media\/439"}],"wp:attachment":[{"href":"https:\/\/hitexoticsdistro.eu\/cs\/wp-json\/wp\/v2\/media?parent=379"}],"wp:term":[{"taxonomy":"product_brand","embeddable":true,"href":"https:\/\/hitexoticsdistro.eu\/cs\/wp-json\/wp\/v2\/product_brand?post=379"},{"taxonomy":"product_cat","embeddable":true,"href":"https:\/\/hitexoticsdistro.eu\/cs\/wp-json\/wp\/v2\/product_cat?post=379"},{"taxonomy":"product_tag","embeddable":true,"href":"https:\/\/hitexoticsdistro.eu\/cs\/wp-json\/wp\/v2\/product_tag?post=379"}],"curies":[{"name":"wp","href":"https:\/\/api.w.org\/{rel}","templated":true}]}}