{"id":3522,"date":"2025-08-16T07:42:06","date_gmt":"2025-08-16T07:42:06","guid":{"rendered":"https:\/\/hitexoticsdistro.eu\/?post_type=product&#038;p=3522"},"modified":"2025-10-13T23:57:48","modified_gmt":"2025-10-13T23:57:48","slug":"rynek-haszyszu-cali-plates","status":"publish","type":"product","link":"https:\/\/hitexoticsdistro.eu\/cs\/product\/rynek-haszyszu-cali-plates\/","title":{"rendered":"Cali Plates Regular Hash"},"content":{"rendered":"<h2>Cali Plates Regular Hash<\/h2>\n<p>Rynek haszyszu Cali Plates. Ten hasz oferuje znajomy, intensywny smak i sta\u0142\u0105 moc, na kt\u00f3rej zawsze mo\u017cesz polega\u0107. To wszechstronny wyb\u00f3r, zapewniaj\u0105cy zr\u00f3wnowa\u017cone i satysfakcjonuj\u0105ce do\u015bwiadczenie zar\u00f3wno dla do\u015bwiadczonych koneser\u00f3w, jak i dla tych, kt\u00f3rzy dopiero zaczynaj\u0105 swoj\u0105 przygod\u0119 z haszem. Odkryj klasyczn\u0105 doskona\u0142o\u015b\u0107 naszego regularnego <a href=\"https:\/\/hitexoticsdistro.eu\/cs\/product-category\/jak-bezpiecznie-zamawiac-wysokiej-jakosci-haszysz-thc-online\/\">haszu<\/a>, dost\u0119pnego w wielu popularnych i niezawodnych odmianach.<\/p>\n<h3><b>Cali Plates Hash Alien OG<\/b><\/h3>\n<p>Odkryj kosmiczne do\u015bwiadczenie z naszym Cali Plates Regular Hash Alien OG. Ten klasyczny hasz oddaje wyrazisty, ziemisty, sosnowy i cytrynowy profil zapachowy odmiany Alien OG. Stworzony, aby zapewni\u0107 g\u0142adkie i mocne do\u015bwiadczenie, oferuje g\u0142\u0119boko relaksuj\u0105ce efekty, kt\u00f3re s\u0105 idealne do odpr\u0119\u017cenia po d\u0142ugim dniu. Ponadczasowy wyb\u00f3r na spokojn\u0105 i introspektywn\u0105 podr\u00f3\u017c.<\/p>\n<h3><b>Cali Plates Hash Gelato 41<\/b><\/h3>\n<p>Rozkoszuj si\u0119 s\u0142odk\u0105, kremow\u0105 perfekcj\u0105 z naszym Cali Plates Regular Hash Gelato 41. Ten hasz o\u017cywia bogaty, deserowy smak odmiany Gelato 41, z nutami s\u0142odkich owoc\u00f3w i odrobin\u0105 wanilii. Rezultatem jest euforyczne i relaksuj\u0105ce do\u015bwiadczenie, kt\u00f3re jest zar\u00f3wno g\u0142adkie dla podniebienia, jak i sp\u00f3jne w swoim dzia\u0142aniu.<\/p>\n<h3><b>Cali Plates Hash Gelonade<\/b><\/h3>\n<p>Aby prze\u017cy\u0107 pe\u0142ne \u017cycia i podnosz\u0105ce na duchu do\u015bwiadczenie, wypr\u00f3buj nasz Cali Plates Regular Hash Gelonade. Ten hasz to orze\u017awiaj\u0105ca mieszanka cierpkich nut cytryny i s\u0142odkich, kremowych nut Gelato. To energetyzuj\u0105cy i dodaj\u0105cy jasno\u015bci umys\u0142u wyb\u00f3r, kt\u00f3ry jest idealny do u\u017cytku w ci\u0105gu dnia lub na spotkania towarzyskie, oferuj\u0105c g\u0142adkie, aromatyczne do\u015bwiadczenie ze sp\u00f3jnym i przyjemnym hajem.<\/p>\n<h3><b>Cali Plates Hash Oreoz<\/b><\/h3>\n<p>Zafunduj sobie dekadenck\u0105 rozkosz z naszym Cali Plates Regular Hash Oreoz. Ten bogaty, ziemisty hasz oddaje unikalne, czekoladowe i dieslowe nuty popularnej odmiany Oreoz. Zapewnia g\u0142\u0119boko relaksuj\u0105cy haj cia\u0142a i euforyczny, psychiczny impuls, co czyni go doskona\u0142ym wyborem na uspokajaj\u0105ce, satysfakcjonuj\u0105ce zako\u0144czenie dnia.<\/p>\n<h3><b>Cali Plates Hash RS11<\/b><\/h3>\n<p>Do\u015bwiadcz nowego poziomu mocy z naszym Cali Plates Regular Hash RS11. Ten hasz zosta\u0142 stworzony z cenionej odmiany RS11, znanej z wyrazistego profilu z nutami paliwa, cytrus\u00f3w i s\u0142odyczy. Zapewnia silny i d\u0142ugotrwa\u0142y efekt, co czyni go faworytem w\u015br\u00f3d tych, kt\u00f3rzy szukaj\u0105 naprawd\u0119 mocnego i niezawodnego do\u015bwiadczenia z haszem.<\/p>\n<h3><b>Cali Plates Hash Wedding Cake<\/b><\/h3>\n<p>Delektuj si\u0119 \u015bwi\u0105tecznymi smakami naszego Cali Plates Regular Hash Wedding Cake. Ten hasz uciele\u015bnia s\u0142odki, cierpki i ziemisty profil s\u0142ynnej <a href=\"https:\/\/realpoundsclub.com\/\" target=\"_blank\" rel=\"noopener\">odmiany<\/a> Wedding Cake, z jej niepowtarzalnym waniliowym aromatem. To idealny wyb\u00f3r do relaksu, oferuj\u0105cy mocne, euforyczne i g\u0142\u0119boko odpr\u0119\u017caj\u0105ce do\u015bwiadczenie, kt\u00f3re za ka\u017cdym razem przypomina wyj\u0105tkow\u0105 okazj\u0119.<\/p>\n<p>&nbsp;<\/p>\n<h2>Rynek haszyszu Cali Plates<\/h2>\n<p>Gotowy na haszysz, kt\u00f3ry sprawdzi si\u0119 pod ka\u017cdym wzgl\u0119dem? Kup Cali Plates Regular Hash ju\u017c teraz na naszym <a href=\"https:\/\/hitexoticsdistro.eu\/cs\/product-category\/jak-bezpiecznie-zamawiac-wysokiej-jakosci-haszysz-thc-online\/\">rynku haszyszu konopnego<\/a>. Ciesz si\u0119 wyrazistym smakiem i niezmienn\u0105 moc\u0105 produktu stworzonego z my\u015bl\u0105 o tradycji.<\/p>\n<p>Gwarantujemy szybk\u0105, wysokiej jako\u015bci i dyskretn\u0105 dostaw\u0119 prosto pod Twoje drzwi. Zam\u00f3w sw\u00f3j ulubiony Cali Plates Hash ju\u017c dzi\u015b.<\/p>\n<p>&nbsp;<\/p>\n<p><img loading=\"lazy\" decoding=\"async\" class=\"alignnone size-medium wp-image-3541\" src=\"https:\/\/hitexoticsdistro.eu\/wp-content\/uploads\/2025\/08\/photo_2024-11-27_18-24-56-1-300x270.webp\" alt=\"Rynek haszyszu Cali Plates\" width=\"300\" height=\"270\" srcset=\"https:\/\/hitexoticsdistro.eu\/wp-content\/uploads\/2025\/08\/photo_2024-11-27_18-24-56-1-300x270.webp 300w, https:\/\/hitexoticsdistro.eu\/wp-content\/uploads\/2025\/08\/photo_2024-11-27_18-24-56-1-1024x921.webp 1024w, https:\/\/hitexoticsdistro.eu\/wp-content\/uploads\/2025\/08\/photo_2024-11-27_18-24-56-1-768x691.webp 768w, https:\/\/hitexoticsdistro.eu\/wp-content\/uploads\/2025\/08\/photo_2024-11-27_18-24-56-1-600x540.webp 600w, https:\/\/hitexoticsdistro.eu\/wp-content\/uploads\/2025\/08\/photo_2024-11-27_18-24-56-1.webp 1280w\" sizes=\"auto, (max-width: 300px) 100vw, 300px\" \/> <img loading=\"lazy\" decoding=\"async\" class=\"alignnone size-medium wp-image-3484\" src=\"https:\/\/hitexoticsdistro.eu\/wp-content\/uploads\/2025\/08\/photo_2024-11-25_11-58-53-1-265x300.webp\" alt=\"Gdzie mog\u0119 kupi\u0107 Cali Plates Hash\" width=\"265\" height=\"300\" srcset=\"https:\/\/hitexoticsdistro.eu\/wp-content\/uploads\/2025\/08\/photo_2024-11-25_11-58-53-1-265x300.webp 265w, https:\/\/hitexoticsdistro.eu\/wp-content\/uploads\/2025\/08\/photo_2024-11-25_11-58-53-1-904x1024.webp 904w, https:\/\/hitexoticsdistro.eu\/wp-content\/uploads\/2025\/08\/photo_2024-11-25_11-58-53-1-768x870.webp 768w, https:\/\/hitexoticsdistro.eu\/wp-content\/uploads\/2025\/08\/photo_2024-11-25_11-58-53-1-600x680.webp 600w, https:\/\/hitexoticsdistro.eu\/wp-content\/uploads\/2025\/08\/photo_2024-11-25_11-58-53-1.webp 1130w\" sizes=\"auto, (max-width: 265px) 100vw, 265px\" \/> <img loading=\"lazy\" decoding=\"async\" class=\"alignnone size-medium wp-image-3442\" src=\"https:\/\/hitexoticsdistro.eu\/wp-content\/uploads\/2025\/08\/photo_2024-11-27_08-05-15-296x300.webp\" alt=\"Zam\u00f3w Cali Plates Frozen Hash Online\" width=\"296\" height=\"300\" srcset=\"https:\/\/hitexoticsdistro.eu\/wp-content\/uploads\/2025\/08\/photo_2024-11-27_08-05-15-296x300.webp 296w, https:\/\/hitexoticsdistro.eu\/wp-content\/uploads\/2025\/08\/photo_2024-11-27_08-05-15-1012x1024.webp 1012w, https:\/\/hitexoticsdistro.eu\/wp-content\/uploads\/2025\/08\/photo_2024-11-27_08-05-15-768x777.webp 768w, https:\/\/hitexoticsdistro.eu\/wp-content\/uploads\/2025\/08\/photo_2024-11-27_08-05-15-600x607.webp 600w, https:\/\/hitexoticsdistro.eu\/wp-content\/uploads\/2025\/08\/photo_2024-11-27_08-05-15-100x100.webp 100w, https:\/\/hitexoticsdistro.eu\/wp-content\/uploads\/2025\/08\/photo_2024-11-27_08-05-15.webp 1265w\" sizes=\"auto, (max-width: 296px) 100vw, 296px\" \/><\/p>","protected":false},"excerpt":{"rendered":"<p>Cali Plates Regular Hash Rynek haszyszu Cali Plates. Ten hasz oferuje znajomy, intensywny smak i sta\u0142\u0105 moc, na kt\u00f3rej zawsze [&hellip;]<\/p>\n","protected":false},"featured_media":3541,"comment_status":"open","ping_status":"closed","template":"","meta":{"_surecart_dashboard_logo_width":"180px","_surecart_dashboard_show_logo":true,"_surecart_dashboard_navigation_orders":true,"_surecart_dashboard_navigation_invoices":true,"_surecart_dashboard_navigation_subscriptions":true,"_surecart_dashboard_navigation_downloads":true,"_surecart_dashboard_navigation_billing":true,"_surecart_dashboard_navigation_account":true,"_uag_custom_page_level_css":"","site-sidebar-layout":"default","site-content-layout":"","ast-site-content-layout":"default","site-content-style":"default","site-sidebar-style":"default","ast-global-header-display":"","ast-banner-title-visibility":"","ast-main-header-display":"","ast-hfb-above-header-display":"","ast-hfb-below-header-display":"","ast-hfb-mobile-header-display":"","site-post-title":"","ast-breadcrumbs-content":"","ast-featured-img":"","footer-sml-layout":"","ast-disable-related-posts":"","theme-transparent-header-meta":"default","adv-header-id-meta":"","stick-header-meta":"","header-above-stick-meta":"","header-main-stick-meta":"","header-below-stick-meta":"","astra-migrate-meta-layouts":"set","ast-page-background-enabled":"default","ast-page-background-meta":{"desktop":{"background-color":"var(--ast-global-color-5)","background-image":"","background-repeat":"repeat","background-position":"center center","background-size":"auto","background-attachment":"scroll","background-type":"","background-media":"","overlay-type":"","overlay-color":"","overlay-opacity":"","overlay-gradient":""},"tablet":{"background-color":"","background-image":"","background-repeat":"repeat","background-position":"center center","background-size":"auto","background-attachment":"scroll","background-type":"","background-media":"","overlay-type":"","overlay-color":"","overlay-opacity":"","overlay-gradient":""},"mobile":{"background-color":"","background-image":"","background-repeat":"repeat","background-position":"center center","background-size":"auto","background-attachment":"scroll","background-type":"","background-media":"","overlay-type":"","overlay-color":"","overlay-opacity":"","overlay-gradient":""}},"ast-content-background-meta":{"desktop":{"background-color":"var(--ast-global-color-4)","background-image":"","background-repeat":"repeat","background-position":"center center","background-size":"auto","background-attachment":"scroll","background-type":"","background-media":"","overlay-type":"","overlay-color":"","overlay-opacity":"","overlay-gradient":""},"tablet":{"background-color":"var(--ast-global-color-4)","background-image":"","background-repeat":"repeat","background-position":"center center","background-size":"auto","background-attachment":"scroll","background-type":"","background-media":"","overlay-type":"","overlay-color":"","overlay-opacity":"","overlay-gradient":""},"mobile":{"background-color":"var(--ast-global-color-4)","background-image":"","background-repeat":"repeat","background-position":"center center","background-size":"auto","background-attachment":"scroll","background-type":"","background-media":"","overlay-type":"","overlay-color":"","overlay-opacity":"","overlay-gradient":""}}},"product_brand":[],"product_cat":[1760,400,53],"product_tag":[],"class_list":{"0":"post-3522","1":"product","2":"type-product","3":"status-publish","4":"has-post-thumbnail","6":"product_cat-cali-plates-regular","7":"product_cat-jak-bezpiecznie-zamawiac-wysokiej-jakosci-haszysz-thc-online","8":"product_cat-kup-koncentraty-konopi-indyjskich-online","9":"desktop-align-left","10":"tablet-align-left","11":"mobile-align-left","13":"first","14":"instock","15":"shipping-taxable","16":"purchasable","17":"product-type-variable"},"uagb_featured_image_src":{"full":["https:\/\/hitexoticsdistro.eu\/wp-content\/uploads\/2025\/08\/photo_2024-11-27_18-24-56-1.webp",1280,1151,false],"thumbnail":["https:\/\/hitexoticsdistro.eu\/wp-content\/uploads\/2025\/08\/photo_2024-11-27_18-24-56-1-150x150.webp",150,150,true],"medium":["https:\/\/hitexoticsdistro.eu\/wp-content\/uploads\/2025\/08\/photo_2024-11-27_18-24-56-1-300x270.webp",300,270,true],"medium_large":["https:\/\/hitexoticsdistro.eu\/wp-content\/uploads\/2025\/08\/photo_2024-11-27_18-24-56-1-768x691.webp",768,691,true],"large":["https:\/\/hitexoticsdistro.eu\/wp-content\/uploads\/2025\/08\/photo_2024-11-27_18-24-56-1-1024x921.webp",1024,921,true],"1536x1536":["https:\/\/hitexoticsdistro.eu\/wp-content\/uploads\/2025\/08\/photo_2024-11-27_18-24-56-1.webp",1280,1151,false],"2048x2048":["https:\/\/hitexoticsdistro.eu\/wp-content\/uploads\/2025\/08\/photo_2024-11-27_18-24-56-1.webp",1280,1151,false],"trp-custom-language-flag":["https:\/\/hitexoticsdistro.eu\/wp-content\/uploads\/2025\/08\/photo_2024-11-27_18-24-56-1.webp",13,12,false],"woocommerce_thumbnail":["https:\/\/hitexoticsdistro.eu\/wp-content\/uploads\/2025\/08\/photo_2024-11-27_18-24-56-1-300x300.webp",300,300,true],"woocommerce_single":["https:\/\/hitexoticsdistro.eu\/wp-content\/uploads\/2025\/08\/photo_2024-11-27_18-24-56-1-600x540.webp",600,540,true],"woocommerce_gallery_thumbnail":["https:\/\/hitexoticsdistro.eu\/wp-content\/uploads\/2025\/08\/photo_2024-11-27_18-24-56-1-100x100.webp",100,100,true]},"uagb_author_info":{"display_name":"","author_link":"https:\/\/hitexoticsdistro.eu\/cs\/author\/"},"uagb_comment_info":6,"uagb_excerpt":"Cali Plates Regular Hash Rynek haszyszu Cali Plates. Ten hasz oferuje znajomy, intensywny smak i sta\u0142\u0105 moc, na kt\u00f3rej zawsze [&hellip;]","_links":{"self":[{"href":"https:\/\/hitexoticsdistro.eu\/cs\/wp-json\/wp\/v2\/product\/3522","targetHints":{"allow":["GET"]}}],"collection":[{"href":"https:\/\/hitexoticsdistro.eu\/cs\/wp-json\/wp\/v2\/product"}],"about":[{"href":"https:\/\/hitexoticsdistro.eu\/cs\/wp-json\/wp\/v2\/types\/product"}],"replies":[{"embeddable":true,"href":"https:\/\/hitexoticsdistro.eu\/cs\/wp-json\/wp\/v2\/comments?post=3522"}],"wp:featuredmedia":[{"embeddable":true,"href":"https:\/\/hitexoticsdistro.eu\/cs\/wp-json\/wp\/v2\/media\/3541"}],"wp:attachment":[{"href":"https:\/\/hitexoticsdistro.eu\/cs\/wp-json\/wp\/v2\/media?parent=3522"}],"wp:term":[{"taxonomy":"product_brand","embeddable":true,"href":"https:\/\/hitexoticsdistro.eu\/cs\/wp-json\/wp\/v2\/product_brand?post=3522"},{"taxonomy":"product_cat","embeddable":true,"href":"https:\/\/hitexoticsdistro.eu\/cs\/wp-json\/wp\/v2\/product_cat?post=3522"},{"taxonomy":"product_tag","embeddable":true,"href":"https:\/\/hitexoticsdistro.eu\/cs\/wp-json\/wp\/v2\/product_tag?post=3522"}],"curies":[{"name":"wp","href":"https:\/\/api.w.org\/{rel}","templated":true}]}}