{"id":329,"date":"2024-10-10T22:47:54","date_gmt":"2024-10-10T22:47:54","guid":{"rendered":"https:\/\/hitexoticsdistro.com\/?post_type=product&#038;p=329"},"modified":"2024-10-27T00:23:36","modified_gmt":"2024-10-27T00:23:36","slug":"sklep-z-marihuana-grape-gasoline","status":"publish","type":"product","link":"https:\/\/hitexoticsdistro.eu\/cs\/product\/sklep-z-marihuana-grape-gasoline\/","title":{"rendered":"Grape Gasoline"},"content":{"rendered":"<h2>Sklep z marihuan\u0105 Grape Gasoline \u2013 Doskona\u0142a Hybryda dla Ka\u017cdego U\u017cytkownika<\/h2>\n<p>Grape Gasoline to wyj\u0105tkowo zbalansowana <a href=\"https:\/\/hitexoticsdistro.eu\/cs\/product-category\/hybrydowe-odmiany-marihuany-online\/\">hybryda<\/a> (50% <a href=\"https:\/\/hitexoticsdistro.eu\/cs\/product-category\/kup-konopie-indyjskie-indica-online\/\">indica<\/a> \/ 50% <a href=\"https:\/\/hitexoticsdistro.eu\/cs\/product-category\/kup-marihuane-sativa-online-polska\/\">sativa<\/a>), powsta\u0142a w wyniku skrzy\u017cowania dw\u00f3ch pot\u0119\u017cnych odmian \u2013 <em>Jet Fuel Gelato<\/em> i <em>Grape Pie<\/em>. Ta hybryda \u0142\u0105czy w sobie najlepsze cechy obu \u015bwiat\u00f3w, oferuj\u0105c u\u017cytkownikom doskona\u0142e do\u015bwiadczenia, kt\u00f3re s\u0105 r\u00f3wnie relaksuj\u0105ce, co stymuluj\u0105ce. Jak sama nazwa sugeruje, odmiana ta ma s\u0142odki, owocowy smak z nut\u0105 winogron i jag\u00f3d, ale jednocze\u015bnie oferuje wyczuwalny akcent benzynowy i intensywny, dymny zapach diesla.<\/p>\n<h3>Sklep z marihuan\u0105 Grape Gasoline \u2013 Jakie Efekty Mo\u017cna Oczekiwa\u0107?<\/h3>\n<p>Grape Gasoline to prawdziwie zr\u00f3wnowa\u017cona hybryda, kt\u00f3ra idealnie \u0142\u0105czy relaksuj\u0105cy efekt fizyczny typowy dla odmian <em>indica<\/em> z podnosz\u0105cymi na duchu i stymuluj\u0105cymi efektami <em>sativa<\/em>. Dzi\u0119ki temu sprawdza si\u0119 \u015bwietnie zar\u00f3wno do dziennego u\u017cytku, jak i wieczornego relaksu. Pocz\u0105tkowo, u\u017cytkownicy odczuwaj\u0105 przyjemny przyp\u0142yw euforii, kt\u00f3ry wprowadza ich w stan jasno\u015bci umys\u0142u, kreatywno\u015bci i poprawy nastroju.<\/p>\n<p>Kiedy euforyczne uczucie powoli zanika, do g\u0142osu dochodzi rozlu\u017aniaj\u0105cy efekt, kt\u00f3ry dzia\u0142a na ca\u0142e cia\u0142o, \u0142agodz\u0105c napi\u0119cia, b\u00f3le mi\u0119\u015bni i staw\u00f3w. Grape Gasoline, dzi\u0119ki wysokiemu poziomowi THC (21-28%), doskonale radzi sobie z r\u00f3\u017cnymi dolegliwo\u015bciami, takimi jak depresja, przewlek\u0142e zm\u0119czenie, utrata apetytu, nudno\u015bci, wahania nastroju i chroniczne zm\u0119czenie.<\/p>\n<h3>Dlaczego Warto Kupi\u0107 Grape Gasoline w Sklepie z Marihuan\u0105?<\/h3>\n<p>Zakup Grape Gasoline w sklepie z marihuan\u0105 online to najlepszy spos\u00f3b, aby cieszy\u0107 si\u0119 t\u0105 odmian\u0105 z wygod\u0105 dostawy do domu. Dzi\u0119ki potwierdzonym \u017ar\u00f3d\u0142om i dyskretnym us\u0142ugom dostawy, mo\u017cesz mie\u0107 pewno\u015b\u0107, \u017ce otrzymujesz <a href=\"https:\/\/biohemp.pl\/pl\/olejki-ekstrakty-cbd-cbg\/\" rel=\"nofollow noopener\" target=\"_blank\">produkt<\/a> najwy\u017cszej jako\u015bci, kt\u00f3ry jest idealnie dopasowany do Twoich potrzeb.<\/p>\n<h3>Charakterystyka Odmiany Grape Gasoline<\/h3>\n<p>Grape Gasoline to nie tylko doskona\u0142e efekty, ale tak\u017ce wyj\u0105tkowy profil smakowy i aromatyczny. Wdychaj\u0105c t\u0119 odmian\u0119, poczujesz intensywn\u0105 s\u0142odycz winogron, przeplatan\u0105 nutami jag\u00f3d i benzyny. Smak ko\u0144czy si\u0119 delikatn\u0105 nut\u0105 cytrusow\u0105, pozostawiaj\u0105c wra\u017cenie \u015bwie\u017co\u015bci na j\u0119zyku. Dla mi\u0142o\u015bnik\u00f3w silnych i pe\u0142nych aromat\u00f3w, Grape Gasoline to prawdziwa uczta dla zmys\u0142\u00f3w.<\/p>\n<h3>Jakie s\u0105 Korzy\u015bci Medyczne Grape Gasoline?<\/h3>\n<p>Dzi\u0119ki wysokiej zawarto\u015bci THC (21-28%), Grape Gasoline jest cz\u0119sto wybierana przez osoby cierpi\u0105ce na r\u00f3\u017cne schorzenia fizyczne i psychiczne. Mo\u017ce przynie\u015b\u0107 ulg\u0119 w takich przypadkach jak:<\/p>\n<ul>\n<li><strong>Depresja<\/strong>: Podnosz\u0105ce na duchu efekty mog\u0105 poprawi\u0107 nastr\u00f3j i pom\u00f3c w radzeniu sobie z objawami depresji.<\/li>\n<li><strong>Przewlek\u0142e zm\u0119czenie<\/strong>: Stymuluj\u0105ce w\u0142a\u015bciwo\u015bci <em>sativa<\/em> dodaj\u0105 energii, pomagaj\u0105c walczy\u0107 z uczuciem chronicznego zm\u0119czenia.<\/li>\n<li><strong>Utrata apetytu i nudno\u015bci<\/strong>: Grape Gasoline pomaga w poprawie apetytu i \u0142agodzeniu nudno\u015bci.<\/li>\n<li><strong>Stres i wahania nastroju<\/strong>: Relaksuj\u0105cy efekt pomaga wyciszy\u0107 si\u0119 i zredukowa\u0107 stres.<\/li>\n<li><strong>B\u00f3l mi\u0119\u015bni i staw\u00f3w<\/strong>: Efekt relaksuj\u0105cy na cia\u0142o przynosi ulg\u0119 w b\u00f3lach mi\u0119\u015bniowych i stawowych.<\/li>\n<\/ul>\n<h3>Gdzie Kupi\u0107 Grape Gasoline?<\/h3>\n<p>Najlepszym miejscem do zakupu tej odmiany jest nasz <strong>sklep z marihuan\u0105 Grape Gasoline online<\/strong>. Oferujemy dyskretn\u0105 dostaw\u0119, gwarantuj\u0105c jako\u015b\u0107 produktu oraz zadowolenie naszych klient\u00f3w. Zyskaj dost\u0119p do najwy\u017cszej jako\u015bci produkt\u00f3w i ciesz si\u0119 Grape Gasoline w zaciszu swojego domu.<\/p>\n<h3>FAQ \u2013 Cz\u0119sto Zadawane Pytania o Grape Gasoline<\/h3>\n<h4>Co to jest Grape Gasoline?<\/h4>\n<p>Grape Gasoline to hybrydowa odmiana konopi (50% indica \/ 50% sativa), stworzona z po\u0142\u0105czenia <em>Jet Fuel Gelato<\/em> i <em>Grape Pie<\/em>, znana ze swojego s\u0142odko-benzynowego smaku i zbalansowanych efekt\u00f3w.<\/p>\n<h4>Jakie s\u0105 efekty Grape Gasoline?<\/h4>\n<p>Grape Gasoline oferuje pocz\u0105tkowy przyp\u0142yw euforii i jasno\u015bci umys\u0142u, a nast\u0119pnie relaksuj\u0105ce efekty, kt\u00f3re \u0142agodz\u0105 b\u00f3l i napi\u0119cie, pozostawiaj\u0105c uczucie pe\u0142nego relaksu.<\/p>\n<h4>Jak wysoki jest poziom THC w Grape Gasoline?<\/h4>\n<p>Poziom THC w tej odmianie wynosi od 21% do 28%, co czyni j\u0105 idealn\u0105 dla os\u00f3b szukaj\u0105cych mocniejszych efekt\u00f3w.<\/p>\n<h4>Na jakie schorzenia pomaga Grape Gasoline?<\/h4>\n<p>Odmiana ta jest cz\u0119sto stosowana w leczeniu depresji, przewlek\u0142ego zm\u0119czenia, utraty apetytu, nudno\u015bci, waha\u0144 nastroju oraz przewlek\u0142ych b\u00f3l\u00f3w mi\u0119\u015bniowych.<\/p>\n<h4>Gdzie mog\u0119 kupi\u0107 Grape Gasoline online?<\/h4>\n<p>Grape Gasoline jest dost\u0119pna w naszym <strong>sklepie z marihuan\u0105 Grape Gasoline online<\/strong>, gdzie oferujemy wysokiej jako\u015bci produkt z dyskretn\u0105 dostaw\u0105 prosto do Twojego domu.<\/p>\n<h3>Podsumowanie<\/h3>\n<p>Grape Gasoline to idealna opcja dla tych, kt\u00f3rzy szukaj\u0105 zr\u00f3wnowa\u017conej hybrydy z mocnym, ale nieprzyt\u0142aczaj\u0105cym dzia\u0142aniem. Dzi\u0119ki swojemu wyj\u0105tkowemu smakowi, zbalansowanym efektom i szerokim korzy\u015bciom medycznym, ta odmiana szybko staje si\u0119 ulubie\u0144cem wielu u\u017cytkownik\u00f3w konopi. <strong>Kup Grape Gasoline w naszym sklepie z marihuan\u0105 online<\/strong> ju\u017c dzi\u015b i do\u015bwiadcz tej wyj\u0105tkowej odmiany na w\u0142asnej sk\u00f3rze!<\/p>\n<p>&nbsp;<\/p>\n<p><img loading=\"lazy\" decoding=\"async\" class=\"alignnone size-medium wp-image-1149\" src=\"https:\/\/hitexoticsdistro.eu\/wp-content\/uploads\/2024\/10\/WhatsApp-Image-2024-10-02-at-3.50.03-PM-2-300x300.jpeg\" alt=\"Gdzie bezpiecznie kupi\u0107 marihuan\u0119 online?\" width=\"300\" height=\"300\" srcset=\"https:\/\/hitexoticsdistro.eu\/wp-content\/uploads\/2024\/10\/WhatsApp-Image-2024-10-02-at-3.50.03-PM-2-300x300.jpeg 300w, https:\/\/hitexoticsdistro.eu\/wp-content\/uploads\/2024\/10\/WhatsApp-Image-2024-10-02-at-3.50.03-PM-2-150x150.jpeg 150w, https:\/\/hitexoticsdistro.eu\/wp-content\/uploads\/2024\/10\/WhatsApp-Image-2024-10-02-at-3.50.03-PM-2-600x600.jpeg 600w, https:\/\/hitexoticsdistro.eu\/wp-content\/uploads\/2024\/10\/WhatsApp-Image-2024-10-02-at-3.50.03-PM-2-100x100.jpeg 100w, https:\/\/hitexoticsdistro.eu\/wp-content\/uploads\/2024\/10\/WhatsApp-Image-2024-10-02-at-3.50.03-PM-2.jpeg 640w\" sizes=\"auto, (max-width: 300px) 100vw, 300px\" \/><\/p>","protected":false},"excerpt":{"rendered":"<p><strong>Smak:<\/strong> Jagodowy | Wi\u015bniowy | Owocowy | Winogronowy | S\u0142odki<\/p>\n<p><strong>Zastosowanie medyczne:<\/strong> Depresja | Zm\u0119czenie | Nudno\u015bci | Stres<\/p>\n<p><strong>Zawarto\u015b\u0107 THC:<\/strong> 23% &#8211; 27% Najwy\u017csza<\/p>","protected":false},"featured_media":373,"comment_status":"closed","ping_status":"closed","template":"","meta":{"_surecart_dashboard_logo_width":"180px","_surecart_dashboard_show_logo":true,"_surecart_dashboard_navigation_orders":true,"_surecart_dashboard_navigation_invoices":true,"_surecart_dashboard_navigation_subscriptions":true,"_surecart_dashboard_navigation_downloads":true,"_surecart_dashboard_navigation_billing":true,"_surecart_dashboard_navigation_account":true,"_uag_custom_page_level_css":"","site-sidebar-layout":"default","site-content-layout":"","ast-site-content-layout":"default","site-content-style":"default","site-sidebar-style":"default","ast-global-header-display":"","ast-banner-title-visibility":"","ast-main-header-display":"","ast-hfb-above-header-display":"","ast-hfb-below-header-display":"","ast-hfb-mobile-header-display":"","site-post-title":"","ast-breadcrumbs-content":"","ast-featured-img":"","footer-sml-layout":"","theme-transparent-header-meta":"default","adv-header-id-meta":"","stick-header-meta":"","header-above-stick-meta":"","header-main-stick-meta":"","header-below-stick-meta":"","astra-migrate-meta-layouts":"set","ast-page-background-enabled":"default","ast-page-background-meta":{"desktop":{"background-color":"var(--ast-global-color-4)","background-image":"","background-repeat":"repeat","background-position":"center center","background-size":"auto","background-attachment":"scroll","background-type":"","background-media":"","overlay-type":"","overlay-color":"","overlay-opacity":"","overlay-gradient":""},"tablet":{"background-color":"","background-image":"","background-repeat":"repeat","background-position":"center center","background-size":"auto","background-attachment":"scroll","background-type":"","background-media":"","overlay-type":"","overlay-color":"","overlay-opacity":"","overlay-gradient":""},"mobile":{"background-color":"","background-image":"","background-repeat":"repeat","background-position":"center center","background-size":"auto","background-attachment":"scroll","background-type":"","background-media":"","overlay-type":"","overlay-color":"","overlay-opacity":"","overlay-gradient":""}},"ast-content-background-meta":{"desktop":{"background-color":"var(--ast-global-color-5)","background-image":"","background-repeat":"repeat","background-position":"center center","background-size":"auto","background-attachment":"scroll","background-type":"","background-media":"","overlay-type":"","overlay-color":"","overlay-opacity":"","overlay-gradient":""},"tablet":{"background-color":"var(--ast-global-color-5)","background-image":"","background-repeat":"repeat","background-position":"center center","background-size":"auto","background-attachment":"scroll","background-type":"","background-media":"","overlay-type":"","overlay-color":"","overlay-opacity":"","overlay-gradient":""},"mobile":{"background-color":"var(--ast-global-color-5)","background-image":"","background-repeat":"repeat","background-position":"center center","background-size":"auto","background-attachment":"scroll","background-type":"","background-media":"","overlay-type":"","overlay-color":"","overlay-opacity":"","overlay-gradient":""}}},"product_brand":[],"product_cat":[61,56],"product_tag":[72],"class_list":{"0":"post-329","1":"product","2":"type-product","3":"status-publish","4":"has-post-thumbnail","6":"product_cat-hybrydowe-odmiany-marihuany-online","7":"product_cat-gdzie-moge-kupic-marihuane","8":"product_tag-order-grape-gasoline-weed-strain-eu","9":"desktop-align-left","10":"tablet-align-left","11":"mobile-align-left","13":"first","14":"instock","15":"shipping-taxable","16":"purchasable","17":"product-type-variable"},"uagb_featured_image_src":{"full":["https:\/\/hitexoticsdistro.eu\/wp-content\/uploads\/2024\/10\/Grape-Gasoline-Weed-Strain.jpg",958,958,false],"thumbnail":["https:\/\/hitexoticsdistro.eu\/wp-content\/uploads\/2024\/10\/Grape-Gasoline-Weed-Strain-150x150.jpg",150,150,true],"medium":["https:\/\/hitexoticsdistro.eu\/wp-content\/uploads\/2024\/10\/Grape-Gasoline-Weed-Strain-300x300.jpg",300,300,true],"medium_large":["https:\/\/hitexoticsdistro.eu\/wp-content\/uploads\/2024\/10\/Grape-Gasoline-Weed-Strain-768x768.jpg",768,768,true],"large":["https:\/\/hitexoticsdistro.eu\/wp-content\/uploads\/2024\/10\/Grape-Gasoline-Weed-Strain.jpg",958,958,false],"1536x1536":["https:\/\/hitexoticsdistro.eu\/wp-content\/uploads\/2024\/10\/Grape-Gasoline-Weed-Strain.jpg",958,958,false],"2048x2048":["https:\/\/hitexoticsdistro.eu\/wp-content\/uploads\/2024\/10\/Grape-Gasoline-Weed-Strain.jpg",958,958,false],"trp-custom-language-flag":["https:\/\/hitexoticsdistro.eu\/wp-content\/uploads\/2024\/10\/Grape-Gasoline-Weed-Strain.jpg",12,12,false],"woocommerce_thumbnail":["https:\/\/hitexoticsdistro.eu\/wp-content\/uploads\/2024\/10\/Grape-Gasoline-Weed-Strain-300x300.jpg",300,300,true],"woocommerce_single":["https:\/\/hitexoticsdistro.eu\/wp-content\/uploads\/2024\/10\/Grape-Gasoline-Weed-Strain-600x600.jpg",600,600,true],"woocommerce_gallery_thumbnail":["https:\/\/hitexoticsdistro.eu\/wp-content\/uploads\/2024\/10\/Grape-Gasoline-Weed-Strain-100x100.jpg",100,100,true]},"uagb_author_info":{"display_name":"","author_link":"https:\/\/hitexoticsdistro.eu\/cs\/author\/"},"uagb_comment_info":0,"uagb_excerpt":"Smak: Jagodowy | Wi\u015bniowy | Owocowy | Winogronowy | S\u0142odki Zastosowanie medyczne: Depresja | Zm\u0119czenie | Nudno\u015bci | Stres Zawarto\u015b\u0107 THC: 23% - 27% Najwy\u017csza","_links":{"self":[{"href":"https:\/\/hitexoticsdistro.eu\/cs\/wp-json\/wp\/v2\/product\/329","targetHints":{"allow":["GET"]}}],"collection":[{"href":"https:\/\/hitexoticsdistro.eu\/cs\/wp-json\/wp\/v2\/product"}],"about":[{"href":"https:\/\/hitexoticsdistro.eu\/cs\/wp-json\/wp\/v2\/types\/product"}],"replies":[{"embeddable":true,"href":"https:\/\/hitexoticsdistro.eu\/cs\/wp-json\/wp\/v2\/comments?post=329"}],"wp:featuredmedia":[{"embeddable":true,"href":"https:\/\/hitexoticsdistro.eu\/cs\/wp-json\/wp\/v2\/media\/373"}],"wp:attachment":[{"href":"https:\/\/hitexoticsdistro.eu\/cs\/wp-json\/wp\/v2\/media?parent=329"}],"wp:term":[{"taxonomy":"product_brand","embeddable":true,"href":"https:\/\/hitexoticsdistro.eu\/cs\/wp-json\/wp\/v2\/product_brand?post=329"},{"taxonomy":"product_cat","embeddable":true,"href":"https:\/\/hitexoticsdistro.eu\/cs\/wp-json\/wp\/v2\/product_cat?post=329"},{"taxonomy":"product_tag","embeddable":true,"href":"https:\/\/hitexoticsdistro.eu\/cs\/wp-json\/wp\/v2\/product_tag?post=329"}],"curies":[{"name":"wp","href":"https:\/\/api.w.org\/{rel}","templated":true}]}}