{"id":1037,"date":"2024-10-10T23:06:46","date_gmt":"2024-10-10T23:06:46","guid":{"rendered":"https:\/\/hitexoticsdistro.com\/?post_type=product&#038;p=1037"},"modified":"2024-10-27T02:54:27","modified_gmt":"2024-10-27T02:54:27","slug":"kup-frosted-lime-delta-8-ziolo","status":"publish","type":"product","link":"https:\/\/hitexoticsdistro.eu\/cs\/product\/kup-frosted-lime-delta-8-ziolo\/","title":{"rendered":"Frosted Lime Delta 8"},"content":{"rendered":"<h2>Kup Frosted Lime Delta 8 Zio\u0142o<\/h2>\n<p>Je\u015bli szukasz zio\u0142a, kt\u00f3re zapewnia zr\u00f3wnowa\u017con\u0105 mieszank\u0119 relaksu i pobudzenia, <strong>Kup Frosted Lime Delta 8 Zio\u0142o<\/strong> to idealny wyb\u00f3r. Frosted Lime Delta 8, uprawiane w renomowanej farmie Oregon Hemp Flower, to produkt najwy\u017cszej jako\u015bci, kt\u00f3ry \u0142\u0105czy w sobie intensywne efekty i naturalny smak. Ta hybryda powsta\u0142a z po\u0142\u0105czenia odmian <em>Sour Diesel<\/em> oraz <em>Lifter<\/em>, co czyni j\u0105 wyj\u0105tkow\u0105 w \u015bwiecie konopi. Zawiera <a href=\"https:\/\/hitexoticsdistro.eu\/cs\/product-category\/sklep-internetowy-z-odmiana-konopi-delta-8\/\">Delta 8 THC<\/a>, co zapewnia unikalne doznania, od relaksu po lekk\u0105 eufori\u0119.<\/p>\n<h3>Dlaczego warto wybra\u0107 Frosted Lime Delta 8?<\/h3>\n<p>Frosted Lime Delta 8 to zio\u0142o, kt\u00f3re zyskuje coraz wi\u0119ksz\u0105 popularno\u015b\u0107 dzi\u0119ki swojej wyj\u0105tkowej jako\u015bci. Ten kwiat konopi jest r\u0119cznie przycinany, organiczny i ca\u0142kowicie wolny od pestycyd\u00f3w oraz syntetyk\u00f3w. Zawiera:<\/p>\n<ul>\n<li><strong>11.3% Cannabidiol (CBD)<\/strong>: Pomaga w relaksacji, redukcji stresu i napi\u0119cia.<\/li>\n<li><strong>3.9% Delta 8 THC<\/strong>: Zapewnia delikatne, euforyczne efekty, bez nadmiernej psychoaktywno\u015bci.<\/li>\n<\/ul>\n<p>Delta 8 THC to alternatywa dla klasycznego THC (Delta 9), oferuj\u0105ca bardziej subtelne, ale wci\u0105\u017c skuteczne efekty. Frosted Lime Delta 8 zapewnia balans mi\u0119dzy relaksem a aktywno\u015bci\u0105 umys\u0142ow\u0105, co czyni go idealnym wyborem zar\u00f3wno na dzie\u0144, jak i na wiecz\u00f3r.<\/p>\n<h3>Wygl\u0105d, Aromat i Smak Frosted Lime Delta 8<\/h3>\n<h4>Wygl\u0105d:<\/h4>\n<p>Kupuj\u0105c <strong>Frosted Lime Delta 8 zio\u0142o<\/strong>, otrzymujesz kwiaty, kt\u00f3re wyr\u00f3\u017cniaj\u0105 si\u0119 swoim wygl\u0105dem. Du\u017ce, g\u0119ste p\u0105ki s\u0105 pokryte grub\u0105 warstw\u0105 trichom\u00f3w, co nadaje im b\u0142yszcz\u0105cy, niemal szroniony wygl\u0105d. Jasnozielone kwiaty z odcieniami pomara\u0144czowych i fioletowych ton\u00f3w sprawiaj\u0105, \u017ce jest to estetycznie wyj\u0105tkowy produkt.<\/p>\n<h4>Aromat:<\/h4>\n<p>Aromat tego zio\u0142a to po\u0142\u0105czenie <strong>cytrusowej \u015bwie\u017co\u015bci<\/strong> i <strong>ziemistych nut<\/strong>. Intensywny zapach limonki z lekk\u0105 nut\u0105 diesla tworzy unikaln\u0105 i pe\u0142n\u0105 g\u0142\u0119bi wo\u0144, kt\u00f3ra natychmiast przyci\u0105ga uwag\u0119.<\/p>\n<h4>Smak:<\/h4>\n<p>Smak Frosted Lime Delta 8 jest r\u00f3wnie wyj\u0105tkowy jak jego aromat. Delikatna <strong>s\u0142odycz cytrus\u00f3w<\/strong> przeplata si\u0119 z ziemistymi akcentami, tworz\u0105c idealn\u0105 r\u00f3wnowag\u0119 smakow\u0105. Jest to produkt, kt\u00f3ry z pewno\u015bci\u0105 przypadnie do gustu nawet najbardziej wymagaj\u0105cym koneserom marihuany.<\/p>\n<h3>Jak dzia\u0142a Frosted Lime Delta 8?<\/h3>\n<p>Delta 8 THC zawarty w Frosted Lime dzia\u0142a inaczej ni\u017c tradycyjny THC. Jest to substancja, kt\u00f3ra wywo\u0142uje <strong>delikatne efekty psychoaktywne<\/strong>, takie jak euforia, ale bez silnego uczucia odurzenia. Dzi\u0119ki po\u0142\u0105czeniu z wysok\u0105 zawarto\u015bci\u0105 CBD, Frosted Lime Delta 8 jest idealne do relaksu po d\u0142ugim dniu, ale r\u00f3wnie\u017c mo\u017ce pom\u00f3c w utrzymaniu koncentracji i jasno\u015bci umys\u0142u.<\/p>\n<h4>Indica czy Sativa?<\/h4>\n<p>Frosted Lime to hybryda, kt\u00f3ra \u0142\u0105czy efekty zar\u00f3wno <a href=\"https:\/\/hitexoticsdistro.eu\/cs\/gdzie-bezpiecznie-kupic-marihuane-online\/\"><strong>Indica<\/strong><\/a>, jak i <a href=\"https:\/\/hitexoticsdistro.eu\/cs\/kup-chwast-online-polska\/\"><strong>Sativa<\/strong><\/a>. Z jednej strony oferuje <strong>relaks i rozlu\u017anienie<\/strong> charakterystyczne dla Indica, z drugiej za\u015b <strong>mentaln\u0105 stymulacj\u0119<\/strong> i eufori\u0119 znan\u0105 z Sativa. Taka kombinacja sprawia, \u017ce jest to wszechstronny produkt, kt\u00f3ry mo\u017cna stosowa\u0107 o ka\u017cdej porze dnia.<\/p>\n<h3>Kup Frosted Lime Delta 8 Zio\u0142o Teraz!<\/h3>\n<p>Je\u015bli szukasz wysokiej jako\u015bci produktu, kt\u00f3ry zapewnia naturalne efekty bez syntetycznych dodatk\u00f3w, <strong>Kup Frosted Lime Delta 8 Zio\u0142o<\/strong> ju\u017c teraz! Dzi\u0119ki r\u0119cznemu przycinaniu, organicznej uprawie i braku pestycyd\u00f3w, mo\u017cesz by\u0107 pewien, \u017ce dostajesz produkt najwy\u017cszej jako\u015bci. Zam\u00f3w online na <strong><a href=\"https:\/\/hitexoticsdistro.eu\/cs\/\" target=\"_new\" rel=\"noopener\">HitExoticsDistro<\/a><\/strong>\u00a0i ciesz si\u0119 szybkim, dyskretnym dostarczeniem prosto do twojego domu.<\/p>\n<h3>Cz\u0119sto Zadawane Pytania o Frosted Lime Delta 8<\/h3>\n<h4>Jakie s\u0105 g\u0142\u00f3wne efekty Frosted Lime Delta 8?<\/h4>\n<p>Frosted Lime Delta 8 zapewnia <strong>delikatne euforyczne<\/strong> efekty, relaksacj\u0119 mi\u0119\u015bni oraz umiarkowan\u0105 stymulacj\u0119 umys\u0142ow\u0105, co czyni go idealnym wyborem na codzienny u\u017cytek.<\/p>\n<h4>Jak smakuje Frosted Lime Delta 8?<\/h4>\n<p>Jego smak to po\u0142\u0105czenie <strong>s\u0142odkich cytrus\u00f3w<\/strong> z lekkimi, <strong>ziemistymi podtonami<\/strong>. Jest to produkt o bogatym profilu smakowym, kt\u00f3ry zadowoli ka\u017cdego mi\u0142o\u015bnika konopi.<\/p>\n<h4>Czy Frosted Lime Delta 8 to odmiana Indica czy Sativa?<\/h4>\n<p>Frosted Lime Delta 8 to <strong>hybryda<\/strong>, kt\u00f3ra \u0142\u0105czy efekty obu <a href=\"https:\/\/www.cristalcbd.pl\/kategoria-produktu\/zywnosc-konopna\/\" rel=\"nofollow noopener\" target=\"_blank\">odmian<\/a>. Dzi\u0119ki temu oferuje relaks typowy dla Indica, ale jednocze\u015bnie pobudza umys\u0142, jak w przypadku Sativa.<\/p>\n<h4>Czy Frosted Lime Delta 8 jest legalne?<\/h4>\n<p>Tak, Delta 8 THC pochodzi z konopi i jest legalny w wielu krajach, w tym w Polsce, zgodnie z obowi\u0105zuj\u0105cymi przepisami dotycz\u0105cymi zawarto\u015bci THC.<\/p>\n<h3>Gdzie mog\u0119 kupi\u0107 Frosted Lime Delta 8 Zio\u0142o?<\/h3>\n<p>Najlepszym miejscem, aby kupi\u0107 <strong>Frosted Lime Delta 8 zio\u0142o<\/strong>, jest sklep internetowy <strong><a href=\"https:\/\/hitexoticsdistro.eu\/cs\/\" target=\"_new\" rel=\"noopener\">HitExoticsDistro<\/a><\/strong>. Zapewniamy najwy\u017csz\u0105 jako\u015b\u0107 produkt\u00f3w, szybk\u0105 wysy\u0142k\u0119 i pe\u0142n\u0105 dyskrecj\u0119, dzi\u0119ki czemu mo\u017cesz cieszy\u0107 si\u0119 swoim zam\u00f3wieniem bez obaw. <strong>Kup teraz i odkryj, dlaczego Frosted Lime Delta 8 jest jednym z najpopularniejszych produkt\u00f3w w\u015br\u00f3d u\u017cytkownik\u00f3w marihuany!<\/strong><\/p>\n<p>&nbsp;<\/p>\n<p><img loading=\"lazy\" decoding=\"async\" class=\"alignnone size-medium wp-image-1330\" src=\"https:\/\/hitexoticsdistro.eu\/wp-content\/uploads\/2024\/10\/cropped-WhatsApp-Image-2024-10-02-at-3.50.03-PM-2-1-300x300.jpeg\" alt=\"Gdzie bezpiecznie kupi\u0107 marihuan\u0119 online?\" width=\"300\" height=\"300\" srcset=\"https:\/\/hitexoticsdistro.eu\/wp-content\/uploads\/2024\/10\/cropped-WhatsApp-Image-2024-10-02-at-3.50.03-PM-2-1-300x300.jpeg 300w, https:\/\/hitexoticsdistro.eu\/wp-content\/uploads\/2024\/10\/cropped-WhatsApp-Image-2024-10-02-at-3.50.03-PM-2-1-150x150.jpeg 150w, https:\/\/hitexoticsdistro.eu\/wp-content\/uploads\/2024\/10\/cropped-WhatsApp-Image-2024-10-02-at-3.50.03-PM-2-1-100x100.jpeg 100w, https:\/\/hitexoticsdistro.eu\/wp-content\/uploads\/2024\/10\/cropped-WhatsApp-Image-2024-10-02-at-3.50.03-PM-2-1-270x270.jpeg 270w, https:\/\/hitexoticsdistro.eu\/wp-content\/uploads\/2024\/10\/cropped-WhatsApp-Image-2024-10-02-at-3.50.03-PM-2-1-192x192.jpeg 192w, https:\/\/hitexoticsdistro.eu\/wp-content\/uploads\/2024\/10\/cropped-WhatsApp-Image-2024-10-02-at-3.50.03-PM-2-1-180x180.jpeg 180w, https:\/\/hitexoticsdistro.eu\/wp-content\/uploads\/2024\/10\/cropped-WhatsApp-Image-2024-10-02-at-3.50.03-PM-2-1-32x32.jpeg 32w, https:\/\/hitexoticsdistro.eu\/wp-content\/uploads\/2024\/10\/cropped-WhatsApp-Image-2024-10-02-at-3.50.03-PM-2-1.jpeg 512w\" sizes=\"auto, (max-width: 300px) 100vw, 300px\" \/><\/p>","protected":false},"excerpt":{"rendered":"<p>Kup Frosted Lime Delta 8 Zio\u0142o Je\u015bli szukasz zio\u0142a, kt\u00f3re zapewnia zr\u00f3wnowa\u017con\u0105 mieszank\u0119 relaksu i pobudzenia, Kup Frosted Lime Delta [&hellip;]<\/p>\n","protected":false},"featured_media":1080,"comment_status":"closed","ping_status":"closed","template":"","meta":{"_surecart_dashboard_logo_width":"180px","_surecart_dashboard_show_logo":true,"_surecart_dashboard_navigation_orders":true,"_surecart_dashboard_navigation_invoices":true,"_surecart_dashboard_navigation_subscriptions":true,"_surecart_dashboard_navigation_downloads":true,"_surecart_dashboard_navigation_billing":true,"_surecart_dashboard_navigation_account":true,"_uag_custom_page_level_css":"","site-sidebar-layout":"default","site-content-layout":"","ast-site-content-layout":"default","site-content-style":"default","site-sidebar-style":"default","ast-global-header-display":"","ast-banner-title-visibility":"","ast-main-header-display":"","ast-hfb-above-header-display":"","ast-hfb-below-header-display":"","ast-hfb-mobile-header-display":"","site-post-title":"","ast-breadcrumbs-content":"","ast-featured-img":"","footer-sml-layout":"","theme-transparent-header-meta":"default","adv-header-id-meta":"","stick-header-meta":"","header-above-stick-meta":"","header-main-stick-meta":"","header-below-stick-meta":"","astra-migrate-meta-layouts":"set","ast-page-background-enabled":"default","ast-page-background-meta":{"desktop":{"background-color":"var(--ast-global-color-4)","background-image":"","background-repeat":"repeat","background-position":"center center","background-size":"auto","background-attachment":"scroll","background-type":"","background-media":"","overlay-type":"","overlay-color":"","overlay-opacity":"","overlay-gradient":""},"tablet":{"background-color":"","background-image":"","background-repeat":"repeat","background-position":"center center","background-size":"auto","background-attachment":"scroll","background-type":"","background-media":"","overlay-type":"","overlay-color":"","overlay-opacity":"","overlay-gradient":""},"mobile":{"background-color":"","background-image":"","background-repeat":"repeat","background-position":"center center","background-size":"auto","background-attachment":"scroll","background-type":"","background-media":"","overlay-type":"","overlay-color":"","overlay-opacity":"","overlay-gradient":""}},"ast-content-background-meta":{"desktop":{"background-color":"var(--ast-global-color-5)","background-image":"","background-repeat":"repeat","background-position":"center center","background-size":"auto","background-attachment":"scroll","background-type":"","background-media":"","overlay-type":"","overlay-color":"","overlay-opacity":"","overlay-gradient":""},"tablet":{"background-color":"var(--ast-global-color-5)","background-image":"","background-repeat":"repeat","background-position":"center center","background-size":"auto","background-attachment":"scroll","background-type":"","background-media":"","overlay-type":"","overlay-color":"","overlay-opacity":"","overlay-gradient":""},"mobile":{"background-color":"var(--ast-global-color-5)","background-image":"","background-repeat":"repeat","background-position":"center center","background-size":"auto","background-attachment":"scroll","background-type":"","background-media":"","overlay-type":"","overlay-color":"","overlay-opacity":"","overlay-gradient":""}}},"product_brand":[],"product_cat":[257,514],"product_tag":[521,851,838,1062,551,1061,212,1063],"class_list":{"0":"post-1037","1":"product","2":"type-product","3":"status-publish","4":"has-post-thumbnail","6":"product_cat-gdzie-znalezc-najlepsze-produkty-delta-8","7":"product_cat-sklep-internetowy-z-odmiana-konopi-delta-8","8":"product_tag-buy-frosted-lime-delta-8-weed-flower-online-europe","9":"product_tag-cbd","10":"product_tag-delta8thc","11":"product_tag-frostedlimeziolo","12":"product_tag-hitexoticsdistro","13":"product_tag-kupfrostedlimedelta8","14":"product_tag-thc","15":"product_tag-zamowdelta8online","16":"desktop-align-left","17":"tablet-align-left","18":"mobile-align-left","20":"first","21":"instock","22":"shipping-taxable","23":"purchasable","24":"product-type-variable"},"uagb_featured_image_src":{"full":["https:\/\/hitexoticsdistro.eu\/wp-content\/uploads\/2024\/10\/Frosted-Lime-Delta-8-Weed-Flower.webp",729,729,false],"thumbnail":["https:\/\/hitexoticsdistro.eu\/wp-content\/uploads\/2024\/10\/Frosted-Lime-Delta-8-Weed-Flower-150x150.webp",150,150,true],"medium":["https:\/\/hitexoticsdistro.eu\/wp-content\/uploads\/2024\/10\/Frosted-Lime-Delta-8-Weed-Flower-300x300.webp",300,300,true],"medium_large":["https:\/\/hitexoticsdistro.eu\/wp-content\/uploads\/2024\/10\/Frosted-Lime-Delta-8-Weed-Flower.webp",729,729,false],"large":["https:\/\/hitexoticsdistro.eu\/wp-content\/uploads\/2024\/10\/Frosted-Lime-Delta-8-Weed-Flower.webp",729,729,false],"1536x1536":["https:\/\/hitexoticsdistro.eu\/wp-content\/uploads\/2024\/10\/Frosted-Lime-Delta-8-Weed-Flower.webp",729,729,false],"2048x2048":["https:\/\/hitexoticsdistro.eu\/wp-content\/uploads\/2024\/10\/Frosted-Lime-Delta-8-Weed-Flower.webp",729,729,false],"trp-custom-language-flag":["https:\/\/hitexoticsdistro.eu\/wp-content\/uploads\/2024\/10\/Frosted-Lime-Delta-8-Weed-Flower.webp",12,12,false],"woocommerce_thumbnail":["https:\/\/hitexoticsdistro.eu\/wp-content\/uploads\/2024\/10\/Frosted-Lime-Delta-8-Weed-Flower-300x300.webp",300,300,true],"woocommerce_single":["https:\/\/hitexoticsdistro.eu\/wp-content\/uploads\/2024\/10\/Frosted-Lime-Delta-8-Weed-Flower-600x600.webp",600,600,true],"woocommerce_gallery_thumbnail":["https:\/\/hitexoticsdistro.eu\/wp-content\/uploads\/2024\/10\/Frosted-Lime-Delta-8-Weed-Flower-100x100.webp",100,100,true]},"uagb_author_info":{"display_name":"","author_link":"https:\/\/hitexoticsdistro.eu\/cs\/author\/"},"uagb_comment_info":0,"uagb_excerpt":"Kup Frosted Lime Delta 8 Zio\u0142o Je\u015bli szukasz zio\u0142a, kt\u00f3re zapewnia zr\u00f3wnowa\u017con\u0105 mieszank\u0119 relaksu i pobudzenia, Kup Frosted Lime Delta [&hellip;]","_links":{"self":[{"href":"https:\/\/hitexoticsdistro.eu\/cs\/wp-json\/wp\/v2\/product\/1037","targetHints":{"allow":["GET"]}}],"collection":[{"href":"https:\/\/hitexoticsdistro.eu\/cs\/wp-json\/wp\/v2\/product"}],"about":[{"href":"https:\/\/hitexoticsdistro.eu\/cs\/wp-json\/wp\/v2\/types\/product"}],"replies":[{"embeddable":true,"href":"https:\/\/hitexoticsdistro.eu\/cs\/wp-json\/wp\/v2\/comments?post=1037"}],"wp:featuredmedia":[{"embeddable":true,"href":"https:\/\/hitexoticsdistro.eu\/cs\/wp-json\/wp\/v2\/media\/1080"}],"wp:attachment":[{"href":"https:\/\/hitexoticsdistro.eu\/cs\/wp-json\/wp\/v2\/media?parent=1037"}],"wp:term":[{"taxonomy":"product_brand","embeddable":true,"href":"https:\/\/hitexoticsdistro.eu\/cs\/wp-json\/wp\/v2\/product_brand?post=1037"},{"taxonomy":"product_cat","embeddable":true,"href":"https:\/\/hitexoticsdistro.eu\/cs\/wp-json\/wp\/v2\/product_cat?post=1037"},{"taxonomy":"product_tag","embeddable":true,"href":"https:\/\/hitexoticsdistro.eu\/cs\/wp-json\/wp\/v2\/product_tag?post=1037"}],"curies":[{"name":"wp","href":"https:\/\/api.w.org\/{rel}","templated":true}]}}